{"id":10,"date":"2024-09-10T14:19:49","date_gmt":"2024-09-10T17:19:49","guid":{"rendered":"https:\/\/wp.ufpel.edu.br\/gepesc\/?page_id=10"},"modified":"2024-10-20T17:05:43","modified_gmt":"2024-10-20T20:05:43","slug":"identidade-visual","status":"publish","type":"page","link":"https:\/\/wp.ufpel.edu.br\/gepesc\/institucional\/identidade-visual\/","title":{"rendered":"Identidade visual"},"content":{"rendered":"\n<p>A identidade visual do GEPESC \u00e9 o reflexo da nossa miss\u00e3o de promover ensino, pesquisa e extens\u00e3o em seguran\u00e7a cibern\u00e9tica. Ela representa os nossos valores de inova\u00e7\u00e3o, integridade e compromisso com a seguran\u00e7a no mundo digital. Nossa identidade visual foi criada para comunicar, de forma clara e moderna, a import\u00e2ncia da ciberseguran\u00e7a na sociedade contempor\u00e2nea. O design combina elementos tecnol\u00f3gicos e minimalistas para refletir o foco do grupo em solu\u00e7\u00f5es pr\u00e1ticas e eficazes.<\/p>\n\n\n\n<p>Para garantir o uso adequado da nossa identidade visual, disponibilizamos o <strong>Manual de Identidade Visual do GEPESC<\/strong>. Esse documento cont\u00e9m as diretrizes detalhadas sobre o uso do logotipo, paleta de cores, tipografia e demais elementos visuais.<\/p>\n\n\n\n<div class=\"image-container\">\n  <img class=\"custom-img\" src=\"https:\/\/wp.ufpel.edu.br\/gepesc\/files\/2024\/09\/GEPESC-LOGO-PNG-Copia-2-400x200.png\" alt=\"\" width=\"210\" height=\"105\" \/>\n  <img class=\"custom-img\" src=\"https:\/\/wp.ufpel.edu.br\/gepesc\/files\/2024\/09\/GEPESC-LOGO-PNG2-Copia-2-400x200.png\" alt=\"\" width=\"210\" height=\"105\" \/>\n  <img class=\"custom-img\" src=\"https:\/\/wp.ufpel.edu.br\/gepesc\/files\/2024\/09\/GEPESC-negtivpng-Copia-400x200.png\" alt=\"\" width=\"210\" height=\"105\" \/>\n<\/div>\n\n<style>\n  .image-container {\n    display: flex;\n    justify-content: space-between;\n    align-items: center;\n    flex-wrap: wrap; \n    padding: 20px;\n  }\n\n  .custom-img {\n    border-radius: 10px;\n    border: 2px solid #ccc; \n    padding: 5px;\n    box-shadow: 0px 4px 6px rgba(0, 0, 0, 0.1); \n  }\n<\/style>\n\n\n\n<h2 class=\"wp-block-heading\"><span style=\"color: #043499;\"><strong>Arquivos<\/strong><\/span><\/h2>\n\n\n\n<p class=\"download\">\n  <a href=\"https:\/\/wp.ufpel.edu.br\/gepesc\/files\/2024\/09\/GEPESC-LOGO-PNG-Copia-2-1.png\" download=\"GEPESC-LOGO-COLORIDA.png\">\n    <button style=\"background-color: #043499; border: none; color: white; padding: 10px 20px; text-align: center; text-decoration: none; display: inline-block; font-size: 16px; margin: 10px 20px 10px 2px; cursor: pointer; border-radius: 12px; height: 60px; line-height: 0px; box-shadow: 5px 5px 10px rgba(0, 0, 0, 0.5);\">\n      Logo GEPESC colorida\n    <\/button>\n  <\/a>\n\n  <a href=\"https:\/\/wp.ufpel.edu.br\/gepesc\/files\/2024\/09\/GEPESC-negtivpng-Copia-1.png\" download=\"GEPESC-LOGO-TRACO.png\">\n    <button style=\"background-color: #043499; border: none; color: white; padding: 10px 20px; text-align: center; text-decoration: none; display: inline-block; font-size: 16px; margin: 10px 2px; cursor: pointer; border-radius: 12px; height: 60px; line-height: 0px; box-shadow: 5px 5px 10px rgba(0, 0, 0, 0.5);\">\n      Logo GEPESC a tra\u00e7o\n    <\/button>\n  <\/a>\n<\/p>\n\n\n\n<h2 class=\"wp-block-heading\"><span style=\"color: #043499;\"><strong>Manual de Identidade Visual<\/strong><\/span><\/h2>\n\n\n\n<p><a href=\"https:\/\/wp.ufpel.edu.br\/gepesc\/files\/2024\/09\/Manual-de-identidade-visual-GEPESC.pdf\" target=\"_blank\" rel=\"noopener\"><button style=\"background-color: #043499; border: none; color: white; padding: 10px 20px; text-align: center; text-decoration: none; display: inline-block; font-size: 16px; margin: 10px 2px; cursor: pointer; border-radius: 12px; height: 60px; line-height: 0px; box-shadow: 5px 5px 10px rgba(0, 0, 0, 0.5);\"><br>Baixe aqui<br><\/button><\/a><\/p>\n","protected":false},"excerpt":{"rendered":"<p>A identidade visual do GEPESC \u00e9 o reflexo da nossa miss\u00e3o de promover ensino, pesquisa e extens\u00e3o em seguran\u00e7a cibern\u00e9tica. Ela representa os nossos valores de inova\u00e7\u00e3o, integridade e compromisso com a seguran\u00e7a no mundo digital. Nossa identidade visual foi criada para comunicar, de forma clara e moderna, a import\u00e2ncia da ciberseguran\u00e7a na sociedade contempor\u00e2nea. [&hellip;]<\/p>\n","protected":false},"author":1403,"featured_media":0,"parent":24,"menu_order":4,"comment_status":"closed","ping_status":"closed","template":"","meta":{"jetpack_post_was_ever_published":false,"footnotes":""},"class_list":["post-10","page","type-page","status-publish","hentry"],"jetpack_sharing_enabled":true,"jetpack_likes_enabled":false,"jetpack_shortlink":"https:\/\/wp.me\/Pg1U19-a","_links":{"self":[{"href":"https:\/\/wp.ufpel.edu.br\/gepesc\/wp-json\/wp\/v2\/pages\/10","targetHints":{"allow":["GET"]}}],"collection":[{"href":"https:\/\/wp.ufpel.edu.br\/gepesc\/wp-json\/wp\/v2\/pages"}],"about":[{"href":"https:\/\/wp.ufpel.edu.br\/gepesc\/wp-json\/wp\/v2\/types\/page"}],"author":[{"embeddable":true,"href":"https:\/\/wp.ufpel.edu.br\/gepesc\/wp-json\/wp\/v2\/users\/1403"}],"replies":[{"embeddable":true,"href":"https:\/\/wp.ufpel.edu.br\/gepesc\/wp-json\/wp\/v2\/comments?post=10"}],"version-history":[{"count":59,"href":"https:\/\/wp.ufpel.edu.br\/gepesc\/wp-json\/wp\/v2\/pages\/10\/revisions"}],"predecessor-version":[{"id":1705,"href":"https:\/\/wp.ufpel.edu.br\/gepesc\/wp-json\/wp\/v2\/pages\/10\/revisions\/1705"}],"up":[{"embeddable":true,"href":"https:\/\/wp.ufpel.edu.br\/gepesc\/wp-json\/wp\/v2\/pages\/24"}],"wp:attachment":[{"href":"https:\/\/wp.ufpel.edu.br\/gepesc\/wp-json\/wp\/v2\/media?parent=10"}],"curies":[{"name":"wp","href":"https:\/\/api.w.org\/{rel}","templated":true}]}}