{"id":2,"date":"2022-05-16T17:48:14","date_gmt":"2022-05-16T20:48:14","guid":{"rendered":"https:\/\/wp.ufpel.edu.br\/gepea\/?page_id=2"},"modified":"2022-06-08T14:01:27","modified_gmt":"2022-06-08T17:01:27","slug":"pagina-exemplo","status":"publish","type":"page","link":"https:\/\/wp.ufpel.edu.br\/gepea\/","title":{"rendered":"P\u00e1gina inicial"},"content":{"rendered":"\r\n<p style=\"text-align: justify;\">O Grupo de Estudo e Pesquisa em Acelerometria (GEPEA) vem realizando coletas de dados que envolvem a mensura\u00e7\u00e3o objetiva de atividade f\u00edsica nas coortes de nascimento de Pelotas-RS. Em 1982, 1993, 2004 e 2015 todos os nascidos na cidade de Pelotas foram entrevistados e est\u00e3o sendo acompanhados ao longo da vida. Desde de 2010 todos os acompanhamentos apresentam a coleta de dados de acelerometria em todos os participantes. O GEPEA vem acompanhando e orientando todas as coletas, bem como produzindo artigos cient\u00edficos que contribuem para literatura nacional e internacional. O GEPEA tem como caracter\u00edstica a criticidade junto ao m\u00e9todo implementado. Vantagens e desvantagens est\u00e3o sempre nas pautas das discuss\u00f5es do grupo e nas publica\u00e7\u00f5es, buscando uma ci\u00eancia bem feita e compartilhando as experi\u00eancias te\u00f3ricas e pr\u00e1ticas com os(as) pesquisadores(as) da \u00e1rea.<\/p>\r\n","protected":false},"excerpt":{"rendered":"<p>O Grupo de Estudo e Pesquisa em Acelerometria (GEPEA) vem realizando coletas de dados que envolvem a mensura\u00e7\u00e3o objetiva de atividade f\u00edsica nas coortes de nascimento de Pelotas-RS. Em 1982, 1993, 2004 e 2015 todos os nascidos na cidade de Pelotas foram entrevistados e est\u00e3o sendo acompanhados ao longo da vida. Desde de 2010 todos [&hellip;]<\/p>\n","protected":false},"author":1235,"featured_media":0,"parent":0,"menu_order":0,"comment_status":"closed","ping_status":"closed","template":"","meta":{"footnotes":""},"class_list":["post-2","page","type-page","status-publish","hentry"],"_links":{"self":[{"href":"https:\/\/wp.ufpel.edu.br\/gepea\/wp-json\/wp\/v2\/pages\/2","targetHints":{"allow":["GET"]}}],"collection":[{"href":"https:\/\/wp.ufpel.edu.br\/gepea\/wp-json\/wp\/v2\/pages"}],"about":[{"href":"https:\/\/wp.ufpel.edu.br\/gepea\/wp-json\/wp\/v2\/types\/page"}],"author":[{"embeddable":true,"href":"https:\/\/wp.ufpel.edu.br\/gepea\/wp-json\/wp\/v2\/users\/1235"}],"replies":[{"embeddable":true,"href":"https:\/\/wp.ufpel.edu.br\/gepea\/wp-json\/wp\/v2\/comments?post=2"}],"version-history":[{"count":3,"href":"https:\/\/wp.ufpel.edu.br\/gepea\/wp-json\/wp\/v2\/pages\/2\/revisions"}],"predecessor-version":[{"id":23,"href":"https:\/\/wp.ufpel.edu.br\/gepea\/wp-json\/wp\/v2\/pages\/2\/revisions\/23"}],"wp:attachment":[{"href":"https:\/\/wp.ufpel.edu.br\/gepea\/wp-json\/wp\/v2\/media?parent=2"}],"curies":[{"name":"wp","href":"https:\/\/api.w.org\/{rel}","templated":true}]}}