{"id":940,"date":"2023-04-25T16:44:05","date_gmt":"2023-04-25T19:44:05","guid":{"rendered":"https:\/\/wp.ufpel.edu.br\/geoter\/?page_id=940"},"modified":"2023-04-25T16:44:05","modified_gmt":"2023-04-25T19:44:05","slug":"artigos-em-periodicos","status":"publish","type":"page","link":"https:\/\/wp.ufpel.edu.br\/geoter\/?page_id=940","title":{"rendered":"Artigos em peri\u00f3dicos"},"content":{"rendered":"<header>\n<p class=\"page-header\"><strong>Artigo: Por uma cartografia do (r)existir cotidiano: o viver e as pr\u00e1ticas espaciais da comunidade LGBTQIA+ no munic\u00edpio de Pelotas. <\/strong><\/p>\n<p class=\"page-header\"><strong>Autores: Pedro de Moura Alves; Gabriela Pecantet Siqueira; Tiaraju Salini Duarte.\u00a0<\/strong><\/p>\n<p>Resumo: O presente trabalho discute a constru\u00e7\u00e3o de uma cartografia social da resist\u00eancia <em>LGBTQIA+<\/em> no espa\u00e7o urbano do munic\u00edpio de Pelotas. A an\u00e1lise \u00e9 fruto da aproxima\u00e7\u00e3o de duas pesquisas acad\u00eamicas, sendo a primeira um trabalho de conclus\u00e3o de curso de licenciatura em Geografia\u00a0 intitulado <em>\u201cAs m\u00faltiplas territorialidades do medo e viol\u00eancia LGBTQIA+ na cidade de Pelotas: Corpos em processo de exclus\u00e3o\u201d<\/em> e o segunda um projeto desenvolvido junto ao grupo de pesquisa \u201cMargens: grupos em processo de exclus\u00e3o e suas formas de habitar Pelotas\/RS\u201d que investiga como os atores pertencentes a comunidade <em>LGBTQIA+ fazem-cidade e exercem seu direito \u00e0 cidade. <\/em>Frente a esta apresenta\u00e7\u00e3o, o objetivo do presente artigo \u00e9 identificar e cartografar as viol\u00eancias vivenciadas e as estrat\u00e9gias de enfrentamento desenvolvidas por quem \u00e9 LGBTQIA+ na cidade de Pelotas, possibilitando neste sentido construir recursos did\u00e1ticos voltados a conscientiza\u00e7\u00e3o desta situa\u00e7\u00e3o. Em termos metodol\u00f3gicos, para elencar os pontos que seriam marcados em nossa cartografia recorremos, al\u00e9m das pesquisas mencionadas anteriormente, a revis\u00e3o bibliogr\u00e1fica de trabalhos que abordam quest\u00f5es relacionadas a pessoas LGBTQIA+ no contexto de Pelotas e que tratassem de lugares ou acontecimentos que envolvessem formas de resist\u00eancia na cidade. O caminho que seguimos para constru\u00e7\u00e3o da cartografia teve grande influ\u00eancia dos entendimentos, expostos no artigo <em>\u201cMapas, mapeamentos e a cartografia da realidade\u201d<\/em>, do ge\u00f3grafo Seemann (2003). Al\u00e9m disso, para a realiza\u00e7\u00e3o do artigo foram utilizados v\u00eddeos, colagens digitais, colagens digitais em v\u00eddeos, narrativas, imagens, como formas de representar um cen\u00e1rio urbano que est\u00e1 em constante movimento, constru\u00eddo e reconstru\u00eddo pela incessante rela\u00e7\u00e3o entre periferias e centro (AGIER, 2015). Como base conceitual, partimos de um entendimento de resist\u00eancia formulado por Michel Foucault (1988). Como resultados, podemos visualizar que a cartografia possibilitou identificar\u00a0locais considerados seguros ou representativos (MAGNANI, 1993) que puderam inclusive se apresentar como formas t\u00e1ticas (CERTEAU, 2008) para fazer-cidade e exercer o direito \u00e0 cidade (AGIER, 2015) &#8211; de pessoas LGBTQIA+. Estes elementos foram explorados por n\u00f3s como forma de apresentar com diferentes linguagens e possibilidades, por meio da elabora\u00e7\u00e3o dos recursos did\u00e1ticos, uma cidade de Pelotas que \u00e9 feita de resist\u00eancia, ainda que em suas din\u00e2micas existem in\u00fameras situa\u00e7\u00f5es de viol\u00eancia. Assim, utilizamos da cartografia como forma de contar, como coloca J\u00f6rn Seemann (2003), que a cidade \u00e9 feita por pessoas LGBTQIA+ atrav\u00e9s da articula\u00e7\u00e3o criativa de a\u00e7\u00f5es de lutas e t\u00e1ticas cotidianas para contornar estas viol\u00eancias.<\/p>\n<p>Link: <a href=\"https:\/\/publicacoes.ifc.edu.br\/index.php\/metapre\/article\/view\/3257\">https:\/\/publicacoes.ifc.edu.br\/index.php\/metapre\/article\/view\/3257<\/a><\/p>\n<\/header>\n<div class=\"row\"><\/div>\n","protected":false},"excerpt":{"rendered":"<p>Artigo: Por uma cartografia do (r)existir cotidiano: o viver e as pr\u00e1ticas espaciais da comunidade LGBTQIA+ no munic\u00edpio de Pelotas. Autores: Pedro de Moura Alves; Gabriela Pecantet Siqueira; Tiaraju Salini Duarte.\u00a0 Resumo: O presente trabalho discute a constru\u00e7\u00e3o de uma cartografia social da resist\u00eancia LGBTQIA+ no espa\u00e7o urbano do munic\u00edpio de Pelotas. A an\u00e1lise \u00e9 [&hellip;]<\/p>\n","protected":false},"author":895,"featured_media":0,"parent":0,"menu_order":0,"comment_status":"closed","ping_status":"closed","template":"","meta":{"jetpack_post_was_ever_published":false,"footnotes":""},"class_list":["post-940","page","type-page","status-publish","hentry"],"yoast_head":"<!-- This site is optimized with the Yoast SEO plugin v26.7 - https:\/\/yoast.com\/wordpress\/plugins\/seo\/ -->\n<title>Artigos em peri\u00f3dicos - GRUPO DE PESQUISA: GEOGRAFIA POL\u00cdTICA, GEOPOL\u00cdTICA E TERRITORIALIDADES<\/title>\n<meta name=\"robots\" content=\"index, follow, max-snippet:-1, max-image-preview:large, max-video-preview:-1\" \/>\n<link rel=\"canonical\" href=\"https:\/\/wp.ufpel.edu.br\/geoter\/?page_id=940\" \/>\n<meta property=\"og:locale\" content=\"pt_BR\" \/>\n<meta property=\"og:type\" content=\"article\" \/>\n<meta property=\"og:title\" content=\"Artigos em peri\u00f3dicos - GRUPO DE PESQUISA: GEOGRAFIA POL\u00cdTICA, GEOPOL\u00cdTICA E TERRITORIALIDADES\" \/>\n<meta property=\"og:description\" content=\"Artigo: Por uma cartografia do (r)existir cotidiano: o viver e as pr\u00e1ticas espaciais da comunidade LGBTQIA+ no munic\u00edpio de Pelotas. Autores: Pedro de Moura Alves; Gabriela Pecantet Siqueira; Tiaraju Salini Duarte.\u00a0 Resumo: O presente trabalho discute a constru\u00e7\u00e3o de uma cartografia social da resist\u00eancia LGBTQIA+ no espa\u00e7o urbano do munic\u00edpio de Pelotas. A an\u00e1lise \u00e9 [&hellip;]\" \/>\n<meta property=\"og:url\" content=\"https:\/\/wp.ufpel.edu.br\/geoter\/?page_id=940\" \/>\n<meta property=\"og:site_name\" content=\"GRUPO DE PESQUISA: GEOGRAFIA POL\u00cdTICA, GEOPOL\u00cdTICA E TERRITORIALIDADES\" \/>\n<meta property=\"article:publisher\" content=\"https:\/\/www.facebook.com\/GeoTerUFPEL\" \/>\n<meta name=\"twitter:card\" content=\"summary_large_image\" \/>\n<meta name=\"twitter:label1\" content=\"Est. tempo de leitura\" \/>\n\t<meta name=\"twitter:data1\" content=\"3 minutos\" \/>\n<script type=\"application\/ld+json\" class=\"yoast-schema-graph\">{\"@context\":\"https:\/\/schema.org\",\"@graph\":[{\"@type\":\"WebPage\",\"@id\":\"https:\/\/wp.ufpel.edu.br\/geoter\/?page_id=940\",\"url\":\"https:\/\/wp.ufpel.edu.br\/geoter\/?page_id=940\",\"name\":\"Artigos em peri\u00f3dicos - GRUPO DE PESQUISA: GEOGRAFIA POL\u00cdTICA, GEOPOL\u00cdTICA E TERRITORIALIDADES\",\"isPartOf\":{\"@id\":\"https:\/\/wp.ufpel.edu.br\/geoter\/#website\"},\"datePublished\":\"2023-04-25T19:44:05+00:00\",\"breadcrumb\":{\"@id\":\"https:\/\/wp.ufpel.edu.br\/geoter\/?page_id=940#breadcrumb\"},\"inLanguage\":\"pt-BR\",\"potentialAction\":[{\"@type\":\"ReadAction\",\"target\":[\"https:\/\/wp.ufpel.edu.br\/geoter\/?page_id=940\"]}]},{\"@type\":\"BreadcrumbList\",\"@id\":\"https:\/\/wp.ufpel.edu.br\/geoter\/?page_id=940#breadcrumb\",\"itemListElement\":[{\"@type\":\"ListItem\",\"position\":1,\"name\":\"In\u00edcio\",\"item\":\"https:\/\/wp.ufpel.edu.br\/geoter\"},{\"@type\":\"ListItem\",\"position\":2,\"name\":\"Artigos em peri\u00f3dicos\"}]},{\"@type\":\"WebSite\",\"@id\":\"https:\/\/wp.ufpel.edu.br\/geoter\/#website\",\"url\":\"https:\/\/wp.ufpel.edu.br\/geoter\/\",\"name\":\"GRUPO DE PESQUISA: GEOGRAFIA POL\u00cdTICA, GEOPOL\u00cdTICA E TERRITORIALIDADES\",\"description\":\"TESTE\",\"publisher\":{\"@id\":\"https:\/\/wp.ufpel.edu.br\/geoter\/#organization\"},\"potentialAction\":[{\"@type\":\"SearchAction\",\"target\":{\"@type\":\"EntryPoint\",\"urlTemplate\":\"https:\/\/wp.ufpel.edu.br\/geoter\/?s={search_term_string}\"},\"query-input\":{\"@type\":\"PropertyValueSpecification\",\"valueRequired\":true,\"valueName\":\"search_term_string\"}}],\"inLanguage\":\"pt-BR\"},{\"@type\":\"Organization\",\"@id\":\"https:\/\/wp.ufpel.edu.br\/geoter\/#organization\",\"name\":\"GRUPO DE PESQUISA: GEOGRAFIA POL\u00cdTICA, GEOPOL\u00cdTICA E TERRITORIALIDADES\",\"url\":\"https:\/\/wp.ufpel.edu.br\/geoter\/\",\"logo\":{\"@type\":\"ImageObject\",\"inLanguage\":\"pt-BR\",\"@id\":\"https:\/\/wp.ufpel.edu.br\/geoter\/#\/schema\/logo\/image\/\",\"url\":\"https:\/\/wp.ufpel.edu.br\/geoter\/files\/2021\/05\/imagem_2021-05-21_114443.png\",\"contentUrl\":\"https:\/\/wp.ufpel.edu.br\/geoter\/files\/2021\/05\/imagem_2021-05-21_114443.png\",\"width\":796,\"height\":758,\"caption\":\"GRUPO DE PESQUISA: GEOGRAFIA POL\u00cdTICA, GEOPOL\u00cdTICA E TERRITORIALIDADES\"},\"image\":{\"@id\":\"https:\/\/wp.ufpel.edu.br\/geoter\/#\/schema\/logo\/image\/\"},\"sameAs\":[\"https:\/\/www.facebook.com\/GeoTerUFPEL\"]}]}<\/script>\n<!-- \/ Yoast SEO plugin. -->","yoast_head_json":{"title":"Artigos em peri\u00f3dicos - GRUPO DE PESQUISA: GEOGRAFIA POL\u00cdTICA, GEOPOL\u00cdTICA E TERRITORIALIDADES","robots":{"index":"index","follow":"follow","max-snippet":"max-snippet:-1","max-image-preview":"max-image-preview:large","max-video-preview":"max-video-preview:-1"},"canonical":"https:\/\/wp.ufpel.edu.br\/geoter\/?page_id=940","og_locale":"pt_BR","og_type":"article","og_title":"Artigos em peri\u00f3dicos - GRUPO DE PESQUISA: GEOGRAFIA POL\u00cdTICA, GEOPOL\u00cdTICA E TERRITORIALIDADES","og_description":"Artigo: Por uma cartografia do (r)existir cotidiano: o viver e as pr\u00e1ticas espaciais da comunidade LGBTQIA+ no munic\u00edpio de Pelotas. Autores: Pedro de Moura Alves; Gabriela Pecantet Siqueira; Tiaraju Salini Duarte.\u00a0 Resumo: O presente trabalho discute a constru\u00e7\u00e3o de uma cartografia social da resist\u00eancia LGBTQIA+ no espa\u00e7o urbano do munic\u00edpio de Pelotas. A an\u00e1lise \u00e9 [&hellip;]","og_url":"https:\/\/wp.ufpel.edu.br\/geoter\/?page_id=940","og_site_name":"GRUPO DE PESQUISA: GEOGRAFIA POL\u00cdTICA, GEOPOL\u00cdTICA E TERRITORIALIDADES","article_publisher":"https:\/\/www.facebook.com\/GeoTerUFPEL","twitter_card":"summary_large_image","twitter_misc":{"Est. tempo de leitura":"3 minutos"},"schema":{"@context":"https:\/\/schema.org","@graph":[{"@type":"WebPage","@id":"https:\/\/wp.ufpel.edu.br\/geoter\/?page_id=940","url":"https:\/\/wp.ufpel.edu.br\/geoter\/?page_id=940","name":"Artigos em peri\u00f3dicos - GRUPO DE PESQUISA: GEOGRAFIA POL\u00cdTICA, GEOPOL\u00cdTICA E TERRITORIALIDADES","isPartOf":{"@id":"https:\/\/wp.ufpel.edu.br\/geoter\/#website"},"datePublished":"2023-04-25T19:44:05+00:00","breadcrumb":{"@id":"https:\/\/wp.ufpel.edu.br\/geoter\/?page_id=940#breadcrumb"},"inLanguage":"pt-BR","potentialAction":[{"@type":"ReadAction","target":["https:\/\/wp.ufpel.edu.br\/geoter\/?page_id=940"]}]},{"@type":"BreadcrumbList","@id":"https:\/\/wp.ufpel.edu.br\/geoter\/?page_id=940#breadcrumb","itemListElement":[{"@type":"ListItem","position":1,"name":"In\u00edcio","item":"https:\/\/wp.ufpel.edu.br\/geoter"},{"@type":"ListItem","position":2,"name":"Artigos em peri\u00f3dicos"}]},{"@type":"WebSite","@id":"https:\/\/wp.ufpel.edu.br\/geoter\/#website","url":"https:\/\/wp.ufpel.edu.br\/geoter\/","name":"GRUPO DE PESQUISA: GEOGRAFIA POL\u00cdTICA, GEOPOL\u00cdTICA E TERRITORIALIDADES","description":"TESTE","publisher":{"@id":"https:\/\/wp.ufpel.edu.br\/geoter\/#organization"},"potentialAction":[{"@type":"SearchAction","target":{"@type":"EntryPoint","urlTemplate":"https:\/\/wp.ufpel.edu.br\/geoter\/?s={search_term_string}"},"query-input":{"@type":"PropertyValueSpecification","valueRequired":true,"valueName":"search_term_string"}}],"inLanguage":"pt-BR"},{"@type":"Organization","@id":"https:\/\/wp.ufpel.edu.br\/geoter\/#organization","name":"GRUPO DE PESQUISA: GEOGRAFIA POL\u00cdTICA, GEOPOL\u00cdTICA E TERRITORIALIDADES","url":"https:\/\/wp.ufpel.edu.br\/geoter\/","logo":{"@type":"ImageObject","inLanguage":"pt-BR","@id":"https:\/\/wp.ufpel.edu.br\/geoter\/#\/schema\/logo\/image\/","url":"https:\/\/wp.ufpel.edu.br\/geoter\/files\/2021\/05\/imagem_2021-05-21_114443.png","contentUrl":"https:\/\/wp.ufpel.edu.br\/geoter\/files\/2021\/05\/imagem_2021-05-21_114443.png","width":796,"height":758,"caption":"GRUPO DE PESQUISA: GEOGRAFIA POL\u00cdTICA, GEOPOL\u00cdTICA E TERRITORIALIDADES"},"image":{"@id":"https:\/\/wp.ufpel.edu.br\/geoter\/#\/schema\/logo\/image\/"},"sameAs":["https:\/\/www.facebook.com\/GeoTerUFPEL"]}]}},"jetpack_sharing_enabled":true,"jetpack_shortlink":"https:\/\/wp.me\/PaQxRW-fa","_links":{"self":[{"href":"https:\/\/wp.ufpel.edu.br\/geoter\/index.php?rest_route=\/wp\/v2\/pages\/940","targetHints":{"allow":["GET"]}}],"collection":[{"href":"https:\/\/wp.ufpel.edu.br\/geoter\/index.php?rest_route=\/wp\/v2\/pages"}],"about":[{"href":"https:\/\/wp.ufpel.edu.br\/geoter\/index.php?rest_route=\/wp\/v2\/types\/page"}],"author":[{"embeddable":true,"href":"https:\/\/wp.ufpel.edu.br\/geoter\/index.php?rest_route=\/wp\/v2\/users\/895"}],"replies":[{"embeddable":true,"href":"https:\/\/wp.ufpel.edu.br\/geoter\/index.php?rest_route=%2Fwp%2Fv2%2Fcomments&post=940"}],"version-history":[{"count":1,"href":"https:\/\/wp.ufpel.edu.br\/geoter\/index.php?rest_route=\/wp\/v2\/pages\/940\/revisions"}],"predecessor-version":[{"id":941,"href":"https:\/\/wp.ufpel.edu.br\/geoter\/index.php?rest_route=\/wp\/v2\/pages\/940\/revisions\/941"}],"wp:attachment":[{"href":"https:\/\/wp.ufpel.edu.br\/geoter\/index.php?rest_route=%2Fwp%2Fv2%2Fmedia&parent=940"}],"curies":[{"name":"wp","href":"https:\/\/api.w.org\/{rel}","templated":true}]}}