{"id":86,"date":"2018-12-19T20:18:26","date_gmt":"2018-12-19T22:18:26","guid":{"rendered":"https:\/\/wp.ufpel.edu.br\/geoter\/?page_id=86"},"modified":"2021-07-26T20:40:20","modified_gmt":"2021-07-26T23:40:20","slug":"linhas-de-pesquisa","status":"publish","type":"page","link":"https:\/\/wp.ufpel.edu.br\/geoter\/?page_id=86","title":{"rendered":"Linhas de Pesquisa"},"content":{"rendered":"<p>As linhas de pesquisa que orientam o GEOTER s\u00e3o:<\/p>\n<p><img class=\"alignnone wp-image-769\" src=\"https:\/\/wp.ufpel.edu.br\/geoter\/files\/2021\/07\/logo-geografia-removebg-preview-200x200.png\" alt=\"\" width=\"39\" height=\"39\" \/>Geografia Pol\u00edtica;<\/p>\n<p><img class=\"alignnone wp-image-769\" src=\"https:\/\/wp.ufpel.edu.br\/geoter\/files\/2021\/07\/logo-geografia-removebg-preview-200x200.png\" alt=\"\" width=\"39\" height=\"39\" \/>Territ\u00f3rios e territorialidades;<\/p>\n<p><img class=\"alignnone wp-image-769\" src=\"https:\/\/wp.ufpel.edu.br\/geoter\/files\/2021\/07\/logo-geografia-removebg-preview-200x200.png\" alt=\"\" width=\"39\" height=\"39\" \/>Geopol\u00edtica e conflitos mundiais;<\/p>\n<p><img class=\"alignnone wp-image-769\" src=\"https:\/\/wp.ufpel.edu.br\/geoter\/files\/2021\/07\/logo-geografia-removebg-preview-200x200.png\" alt=\"\" width=\"39\" height=\"39\" \/>Identidades territoriais;<\/p>\n<p><img class=\"alignnone wp-image-769\" src=\"https:\/\/wp.ufpel.edu.br\/geoter\/files\/2021\/07\/logo-geografia-removebg-preview-200x200.png\" alt=\"\" width=\"39\" height=\"39\" \/>Fronteiras e (des)fronteiramentos;<\/p>\n<p><img class=\"alignnone wp-image-769\" src=\"https:\/\/wp.ufpel.edu.br\/geoter\/files\/2021\/07\/logo-geografia-removebg-preview-200x200.png\" alt=\"\" width=\"39\" height=\"39\" \/>Literatura e Geografia;<\/p>\n<p><img class=\"alignnone wp-image-769\" src=\"https:\/\/wp.ufpel.edu.br\/geoter\/files\/2021\/07\/logo-geografia-removebg-preview-200x200.png\" alt=\"\" width=\"39\" height=\"39\" \/>Localismos, Regionalismos e Globalismos;<\/p>\n<p><img class=\"alignnone wp-image-769\" src=\"https:\/\/wp.ufpel.edu.br\/geoter\/files\/2021\/07\/logo-geografia-removebg-preview-200x200.png\" alt=\"\" width=\"39\" height=\"39\" \/>Globaliza\u00e7\u00e3o, hegemonia e conflitos internacionais;<\/p>\n","protected":false},"excerpt":{"rendered":"<p>As linhas de pesquisa que orientam o GEOTER s\u00e3o: Geografia Pol\u00edtica; Territ\u00f3rios e territorialidades; Geopol\u00edtica e conflitos mundiais; Identidades territoriais; Fronteiras e (des)fronteiramentos; Literatura e Geografia; Localismos, Regionalismos e Globalismos; Globaliza\u00e7\u00e3o, hegemonia e conflitos internacionais;<\/p>\n","protected":false},"author":895,"featured_media":0,"parent":70,"menu_order":0,"comment_status":"closed","ping_status":"closed","template":"","meta":{"jetpack_post_was_ever_published":false,"footnotes":""},"class_list":["post-86","page","type-page","status-publish","hentry"],"yoast_head":"<!-- This site is optimized with the Yoast SEO plugin v26.7 - https:\/\/yoast.com\/wordpress\/plugins\/seo\/ -->\n<title>Linhas de Pesquisa - GRUPO DE PESQUISA: GEOGRAFIA POL\u00cdTICA, GEOPOL\u00cdTICA E TERRITORIALIDADES<\/title>\n<meta name=\"robots\" content=\"index, follow, max-snippet:-1, max-image-preview:large, max-video-preview:-1\" \/>\n<link rel=\"canonical\" href=\"https:\/\/wp.ufpel.edu.br\/geoter\/?page_id=86\" \/>\n<meta property=\"og:locale\" content=\"pt_BR\" \/>\n<meta property=\"og:type\" content=\"article\" \/>\n<meta property=\"og:title\" content=\"Linhas de Pesquisa - GRUPO DE PESQUISA: GEOGRAFIA POL\u00cdTICA, GEOPOL\u00cdTICA E TERRITORIALIDADES\" \/>\n<meta property=\"og:description\" content=\"As linhas de pesquisa que orientam o GEOTER s\u00e3o: Geografia Pol\u00edtica; Territ\u00f3rios e territorialidades; Geopol\u00edtica e conflitos mundiais; Identidades territoriais; Fronteiras e (des)fronteiramentos; Literatura e Geografia; Localismos, Regionalismos e Globalismos; Globaliza\u00e7\u00e3o, hegemonia e conflitos internacionais;\" \/>\n<meta property=\"og:url\" content=\"https:\/\/wp.ufpel.edu.br\/geoter\/?page_id=86\" \/>\n<meta property=\"og:site_name\" content=\"GRUPO DE PESQUISA: GEOGRAFIA POL\u00cdTICA, GEOPOL\u00cdTICA E TERRITORIALIDADES\" \/>\n<meta property=\"article:publisher\" content=\"https:\/\/www.facebook.com\/GeoTerUFPEL\" \/>\n<meta property=\"article:modified_time\" content=\"2021-07-26T23:40:20+00:00\" \/>\n<meta property=\"og:image\" content=\"https:\/\/wp.ufpel.edu.br\/geoter\/files\/2021\/07\/logo-geografia-removebg-preview-200x200.png\" \/>\n<meta name=\"twitter:card\" content=\"summary_large_image\" \/>\n<meta name=\"twitter:label1\" content=\"Est. tempo de leitura\" \/>\n\t<meta name=\"twitter:data1\" content=\"2 minutos\" \/>\n<script type=\"application\/ld+json\" class=\"yoast-schema-graph\">{\"@context\":\"https:\/\/schema.org\",\"@graph\":[{\"@type\":\"WebPage\",\"@id\":\"https:\/\/wp.ufpel.edu.br\/geoter\/?page_id=86\",\"url\":\"https:\/\/wp.ufpel.edu.br\/geoter\/?page_id=86\",\"name\":\"Linhas de Pesquisa - GRUPO DE PESQUISA: GEOGRAFIA POL\u00cdTICA, GEOPOL\u00cdTICA E TERRITORIALIDADES\",\"isPartOf\":{\"@id\":\"https:\/\/wp.ufpel.edu.br\/geoter\/#website\"},\"primaryImageOfPage\":{\"@id\":\"https:\/\/wp.ufpel.edu.br\/geoter\/?page_id=86#primaryimage\"},\"image\":{\"@id\":\"https:\/\/wp.ufpel.edu.br\/geoter\/?page_id=86#primaryimage\"},\"thumbnailUrl\":\"https:\/\/wp.ufpel.edu.br\/geoter\/files\/2021\/07\/logo-geografia-removebg-preview-200x200.png\",\"datePublished\":\"2018-12-19T22:18:26+00:00\",\"dateModified\":\"2021-07-26T23:40:20+00:00\",\"breadcrumb\":{\"@id\":\"https:\/\/wp.ufpel.edu.br\/geoter\/?page_id=86#breadcrumb\"},\"inLanguage\":\"pt-BR\",\"potentialAction\":[{\"@type\":\"ReadAction\",\"target\":[\"https:\/\/wp.ufpel.edu.br\/geoter\/?page_id=86\"]}]},{\"@type\":\"ImageObject\",\"inLanguage\":\"pt-BR\",\"@id\":\"https:\/\/wp.ufpel.edu.br\/geoter\/?page_id=86#primaryimage\",\"url\":\"https:\/\/wp.ufpel.edu.br\/geoter\/files\/2021\/07\/logo-geografia-removebg-preview-e1627342774919.png\",\"contentUrl\":\"https:\/\/wp.ufpel.edu.br\/geoter\/files\/2021\/07\/logo-geografia-removebg-preview-e1627342774919.png\",\"width\":333,\"height\":334},{\"@type\":\"BreadcrumbList\",\"@id\":\"https:\/\/wp.ufpel.edu.br\/geoter\/?page_id=86#breadcrumb\",\"itemListElement\":[{\"@type\":\"ListItem\",\"position\":1,\"name\":\"In\u00edcio\",\"item\":\"https:\/\/wp.ufpel.edu.br\/geoter\"},{\"@type\":\"ListItem\",\"position\":2,\"name\":\"O grupo de pesquisa\",\"item\":\"https:\/\/wp.ufpel.edu.br\/geoter\/?page_id=70\"},{\"@type\":\"ListItem\",\"position\":3,\"name\":\"Linhas de Pesquisa\"}]},{\"@type\":\"WebSite\",\"@id\":\"https:\/\/wp.ufpel.edu.br\/geoter\/#website\",\"url\":\"https:\/\/wp.ufpel.edu.br\/geoter\/\",\"name\":\"GRUPO DE PESQUISA: GEOGRAFIA POL\u00cdTICA, GEOPOL\u00cdTICA E TERRITORIALIDADES\",\"description\":\"TESTE\",\"publisher\":{\"@id\":\"https:\/\/wp.ufpel.edu.br\/geoter\/#organization\"},\"potentialAction\":[{\"@type\":\"SearchAction\",\"target\":{\"@type\":\"EntryPoint\",\"urlTemplate\":\"https:\/\/wp.ufpel.edu.br\/geoter\/?s={search_term_string}\"},\"query-input\":{\"@type\":\"PropertyValueSpecification\",\"valueRequired\":true,\"valueName\":\"search_term_string\"}}],\"inLanguage\":\"pt-BR\"},{\"@type\":\"Organization\",\"@id\":\"https:\/\/wp.ufpel.edu.br\/geoter\/#organization\",\"name\":\"GRUPO DE PESQUISA: GEOGRAFIA POL\u00cdTICA, GEOPOL\u00cdTICA E TERRITORIALIDADES\",\"url\":\"https:\/\/wp.ufpel.edu.br\/geoter\/\",\"logo\":{\"@type\":\"ImageObject\",\"inLanguage\":\"pt-BR\",\"@id\":\"https:\/\/wp.ufpel.edu.br\/geoter\/#\/schema\/logo\/image\/\",\"url\":\"https:\/\/wp.ufpel.edu.br\/geoter\/files\/2021\/05\/imagem_2021-05-21_114443.png\",\"contentUrl\":\"https:\/\/wp.ufpel.edu.br\/geoter\/files\/2021\/05\/imagem_2021-05-21_114443.png\",\"width\":796,\"height\":758,\"caption\":\"GRUPO DE PESQUISA: GEOGRAFIA POL\u00cdTICA, GEOPOL\u00cdTICA E TERRITORIALIDADES\"},\"image\":{\"@id\":\"https:\/\/wp.ufpel.edu.br\/geoter\/#\/schema\/logo\/image\/\"},\"sameAs\":[\"https:\/\/www.facebook.com\/GeoTerUFPEL\"]}]}<\/script>\n<!-- \/ Yoast SEO plugin. -->","yoast_head_json":{"title":"Linhas de Pesquisa - GRUPO DE PESQUISA: GEOGRAFIA POL\u00cdTICA, GEOPOL\u00cdTICA E TERRITORIALIDADES","robots":{"index":"index","follow":"follow","max-snippet":"max-snippet:-1","max-image-preview":"max-image-preview:large","max-video-preview":"max-video-preview:-1"},"canonical":"https:\/\/wp.ufpel.edu.br\/geoter\/?page_id=86","og_locale":"pt_BR","og_type":"article","og_title":"Linhas de Pesquisa - GRUPO DE PESQUISA: GEOGRAFIA POL\u00cdTICA, GEOPOL\u00cdTICA E TERRITORIALIDADES","og_description":"As linhas de pesquisa que orientam o GEOTER s\u00e3o: Geografia Pol\u00edtica; Territ\u00f3rios e territorialidades; Geopol\u00edtica e conflitos mundiais; Identidades territoriais; Fronteiras e (des)fronteiramentos; Literatura e Geografia; Localismos, Regionalismos e Globalismos; Globaliza\u00e7\u00e3o, hegemonia e conflitos internacionais;","og_url":"https:\/\/wp.ufpel.edu.br\/geoter\/?page_id=86","og_site_name":"GRUPO DE PESQUISA: GEOGRAFIA POL\u00cdTICA, GEOPOL\u00cdTICA E TERRITORIALIDADES","article_publisher":"https:\/\/www.facebook.com\/GeoTerUFPEL","article_modified_time":"2021-07-26T23:40:20+00:00","og_image":[{"url":"https:\/\/wp.ufpel.edu.br\/geoter\/files\/2021\/07\/logo-geografia-removebg-preview-200x200.png","type":"","width":"","height":""}],"twitter_card":"summary_large_image","twitter_misc":{"Est. tempo de leitura":"2 minutos"},"schema":{"@context":"https:\/\/schema.org","@graph":[{"@type":"WebPage","@id":"https:\/\/wp.ufpel.edu.br\/geoter\/?page_id=86","url":"https:\/\/wp.ufpel.edu.br\/geoter\/?page_id=86","name":"Linhas de Pesquisa - GRUPO DE PESQUISA: GEOGRAFIA POL\u00cdTICA, GEOPOL\u00cdTICA E TERRITORIALIDADES","isPartOf":{"@id":"https:\/\/wp.ufpel.edu.br\/geoter\/#website"},"primaryImageOfPage":{"@id":"https:\/\/wp.ufpel.edu.br\/geoter\/?page_id=86#primaryimage"},"image":{"@id":"https:\/\/wp.ufpel.edu.br\/geoter\/?page_id=86#primaryimage"},"thumbnailUrl":"https:\/\/wp.ufpel.edu.br\/geoter\/files\/2021\/07\/logo-geografia-removebg-preview-200x200.png","datePublished":"2018-12-19T22:18:26+00:00","dateModified":"2021-07-26T23:40:20+00:00","breadcrumb":{"@id":"https:\/\/wp.ufpel.edu.br\/geoter\/?page_id=86#breadcrumb"},"inLanguage":"pt-BR","potentialAction":[{"@type":"ReadAction","target":["https:\/\/wp.ufpel.edu.br\/geoter\/?page_id=86"]}]},{"@type":"ImageObject","inLanguage":"pt-BR","@id":"https:\/\/wp.ufpel.edu.br\/geoter\/?page_id=86#primaryimage","url":"https:\/\/wp.ufpel.edu.br\/geoter\/files\/2021\/07\/logo-geografia-removebg-preview-e1627342774919.png","contentUrl":"https:\/\/wp.ufpel.edu.br\/geoter\/files\/2021\/07\/logo-geografia-removebg-preview-e1627342774919.png","width":333,"height":334},{"@type":"BreadcrumbList","@id":"https:\/\/wp.ufpel.edu.br\/geoter\/?page_id=86#breadcrumb","itemListElement":[{"@type":"ListItem","position":1,"name":"In\u00edcio","item":"https:\/\/wp.ufpel.edu.br\/geoter"},{"@type":"ListItem","position":2,"name":"O grupo de pesquisa","item":"https:\/\/wp.ufpel.edu.br\/geoter\/?page_id=70"},{"@type":"ListItem","position":3,"name":"Linhas de Pesquisa"}]},{"@type":"WebSite","@id":"https:\/\/wp.ufpel.edu.br\/geoter\/#website","url":"https:\/\/wp.ufpel.edu.br\/geoter\/","name":"GRUPO DE PESQUISA: GEOGRAFIA POL\u00cdTICA, GEOPOL\u00cdTICA E TERRITORIALIDADES","description":"TESTE","publisher":{"@id":"https:\/\/wp.ufpel.edu.br\/geoter\/#organization"},"potentialAction":[{"@type":"SearchAction","target":{"@type":"EntryPoint","urlTemplate":"https:\/\/wp.ufpel.edu.br\/geoter\/?s={search_term_string}"},"query-input":{"@type":"PropertyValueSpecification","valueRequired":true,"valueName":"search_term_string"}}],"inLanguage":"pt-BR"},{"@type":"Organization","@id":"https:\/\/wp.ufpel.edu.br\/geoter\/#organization","name":"GRUPO DE PESQUISA: GEOGRAFIA POL\u00cdTICA, GEOPOL\u00cdTICA E TERRITORIALIDADES","url":"https:\/\/wp.ufpel.edu.br\/geoter\/","logo":{"@type":"ImageObject","inLanguage":"pt-BR","@id":"https:\/\/wp.ufpel.edu.br\/geoter\/#\/schema\/logo\/image\/","url":"https:\/\/wp.ufpel.edu.br\/geoter\/files\/2021\/05\/imagem_2021-05-21_114443.png","contentUrl":"https:\/\/wp.ufpel.edu.br\/geoter\/files\/2021\/05\/imagem_2021-05-21_114443.png","width":796,"height":758,"caption":"GRUPO DE PESQUISA: GEOGRAFIA POL\u00cdTICA, GEOPOL\u00cdTICA E TERRITORIALIDADES"},"image":{"@id":"https:\/\/wp.ufpel.edu.br\/geoter\/#\/schema\/logo\/image\/"},"sameAs":["https:\/\/www.facebook.com\/GeoTerUFPEL"]}]}},"jetpack_sharing_enabled":true,"jetpack_shortlink":"https:\/\/wp.me\/PaQxRW-1o","_links":{"self":[{"href":"https:\/\/wp.ufpel.edu.br\/geoter\/index.php?rest_route=\/wp\/v2\/pages\/86","targetHints":{"allow":["GET"]}}],"collection":[{"href":"https:\/\/wp.ufpel.edu.br\/geoter\/index.php?rest_route=\/wp\/v2\/pages"}],"about":[{"href":"https:\/\/wp.ufpel.edu.br\/geoter\/index.php?rest_route=\/wp\/v2\/types\/page"}],"author":[{"embeddable":true,"href":"https:\/\/wp.ufpel.edu.br\/geoter\/index.php?rest_route=\/wp\/v2\/users\/895"}],"replies":[{"embeddable":true,"href":"https:\/\/wp.ufpel.edu.br\/geoter\/index.php?rest_route=%2Fwp%2Fv2%2Fcomments&post=86"}],"version-history":[{"count":4,"href":"https:\/\/wp.ufpel.edu.br\/geoter\/index.php?rest_route=\/wp\/v2\/pages\/86\/revisions"}],"predecessor-version":[{"id":772,"href":"https:\/\/wp.ufpel.edu.br\/geoter\/index.php?rest_route=\/wp\/v2\/pages\/86\/revisions\/772"}],"up":[{"embeddable":true,"href":"https:\/\/wp.ufpel.edu.br\/geoter\/index.php?rest_route=\/wp\/v2\/pages\/70"}],"wp:attachment":[{"href":"https:\/\/wp.ufpel.edu.br\/geoter\/index.php?rest_route=%2Fwp%2Fv2%2Fmedia&parent=86"}],"curies":[{"name":"wp","href":"https:\/\/api.w.org\/{rel}","templated":true}]}}