{"id":80,"date":"2018-12-19T19:57:55","date_gmt":"2018-12-19T21:57:55","guid":{"rendered":"https:\/\/wp.ufpel.edu.br\/geoter\/?page_id=80"},"modified":"2021-07-26T20:42:33","modified_gmt":"2021-07-26T23:42:33","slug":"objetivos","status":"publish","type":"page","link":"https:\/\/wp.ufpel.edu.br\/geoter\/?page_id=80","title":{"rendered":"Objetivos"},"content":{"rendered":"<p style=\"text-align: justify\"><img class=\" wp-image-775 aligncenter\" src=\"https:\/\/wp.ufpel.edu.br\/geoter\/files\/2021\/07\/PARTICIPANTES-DO-GRUPO-DE-ESTUDOS-GEOTER-25.png\" alt=\"\" width=\"640\" height=\"128\" srcset=\"https:\/\/wp.ufpel.edu.br\/geoter\/files\/2021\/07\/PARTICIPANTES-DO-GRUPO-DE-ESTUDOS-GEOTER-25.png 500w, https:\/\/wp.ufpel.edu.br\/geoter\/files\/2021\/07\/PARTICIPANTES-DO-GRUPO-DE-ESTUDOS-GEOTER-25-400x80.png 400w\" sizes=\"(max-width: 640px) 100vw, 640px\" \/><\/p>\n<p style=\"text-align: center\">Como linhas gerais, o grupo GEOTER possui os seguintes objetivos:<\/p>\n<p><img class=\"alignnone wp-image-769\" src=\"https:\/\/wp.ufpel.edu.br\/geoter\/files\/2021\/07\/logo-geografia-removebg-preview-200x200.png\" alt=\"\" width=\"39\" height=\"39\" \/>Construir pesquisas que possibilitem an\u00e1lise das rela\u00e7\u00f5es entre a Pol\u00edtica e a Geografia, constituindo um campo te\u00f3rico-pr\u00e1tico de atua\u00e7\u00e3o do Ge\u00f3grafo;<\/p>\n<p><img class=\"alignnone wp-image-769\" src=\"https:\/\/wp.ufpel.edu.br\/geoter\/files\/2021\/07\/logo-geografia-removebg-preview-200x200.png\" alt=\"\" width=\"39\" height=\"39\" \/>Desenvolver estudos sobre tem\u00e1ticas que envolvam a constru\u00e7\u00e3o dos territ\u00f3rios (e das territorialidades) em diversas escalas geogr\u00e1ficas;<\/p>\n<p><img class=\"alignnone wp-image-769\" src=\"https:\/\/wp.ufpel.edu.br\/geoter\/files\/2021\/07\/logo-geografia-removebg-preview-200x200.png\" alt=\"\" width=\"39\" height=\"39\" \/>Compreender as din\u00e2micas da forma\u00e7\u00e3o\/conflitos entre Estados-na\u00e7\u00f5es;<\/p>\n<p><img class=\"alignnone wp-image-769\" src=\"https:\/\/wp.ufpel.edu.br\/geoter\/files\/2021\/07\/logo-geografia-removebg-preview-200x200.png\" alt=\"\" width=\"39\" height=\"39\" \/>Possibilitar estudos que versem sobre a diplomacia, paradiplomacia, integra\u00e7\u00f5es regionais e conflitos internacionais;<\/p>\n<p><img class=\"alignnone wp-image-769\" src=\"https:\/\/wp.ufpel.edu.br\/geoter\/files\/2021\/07\/logo-geografia-removebg-preview-200x200.png\" alt=\"\" width=\"39\" height=\"39\" \/>Analisar a forma\u00e7\u00e3o de discursos hegem\u00f4nicos e contra-hegem\u00f4nicos que buscam o estabelecimento da (des)ordem mundial;<\/p>\n<p><img class=\"alignnone wp-image-769\" src=\"https:\/\/wp.ufpel.edu.br\/geoter\/files\/2021\/07\/logo-geografia-removebg-preview-200x200.png\" alt=\"\" width=\"39\" height=\"39\" \/>Construir debates e pesquisas sobre localismos, nacionalismos, regionalismos e globalismos;<\/p>\n","protected":false},"excerpt":{"rendered":"<p>Como linhas gerais, o grupo GEOTER possui os seguintes objetivos: Construir pesquisas que possibilitem an\u00e1lise das rela\u00e7\u00f5es entre a Pol\u00edtica e a Geografia, constituindo um campo te\u00f3rico-pr\u00e1tico de atua\u00e7\u00e3o do Ge\u00f3grafo; Desenvolver estudos sobre tem\u00e1ticas que envolvam a constru\u00e7\u00e3o dos territ\u00f3rios (e das territorialidades) em diversas escalas geogr\u00e1ficas; Compreender as din\u00e2micas da forma\u00e7\u00e3o\/conflitos entre Estados-na\u00e7\u00f5es; [&hellip;]<\/p>\n","protected":false},"author":895,"featured_media":0,"parent":70,"menu_order":0,"comment_status":"closed","ping_status":"closed","template":"","meta":{"jetpack_post_was_ever_published":false,"footnotes":""},"class_list":["post-80","page","type-page","status-publish","hentry"],"yoast_head":"<!-- This site is optimized with the Yoast SEO plugin v26.7 - https:\/\/yoast.com\/wordpress\/plugins\/seo\/ -->\n<title>Objetivos - GRUPO DE PESQUISA: GEOGRAFIA POL\u00cdTICA, GEOPOL\u00cdTICA E TERRITORIALIDADES<\/title>\n<meta name=\"robots\" content=\"index, follow, max-snippet:-1, max-image-preview:large, max-video-preview:-1\" \/>\n<link rel=\"canonical\" href=\"https:\/\/wp.ufpel.edu.br\/geoter\/?page_id=80\" \/>\n<meta property=\"og:locale\" content=\"pt_BR\" \/>\n<meta property=\"og:type\" content=\"article\" \/>\n<meta property=\"og:title\" content=\"Objetivos - GRUPO DE PESQUISA: GEOGRAFIA POL\u00cdTICA, GEOPOL\u00cdTICA E TERRITORIALIDADES\" \/>\n<meta property=\"og:description\" content=\"Como linhas gerais, o grupo GEOTER possui os seguintes objetivos: Construir pesquisas que possibilitem an\u00e1lise das rela\u00e7\u00f5es entre a Pol\u00edtica e a Geografia, constituindo um campo te\u00f3rico-pr\u00e1tico de atua\u00e7\u00e3o do Ge\u00f3grafo; Desenvolver estudos sobre tem\u00e1ticas que envolvam a constru\u00e7\u00e3o dos territ\u00f3rios (e das territorialidades) em diversas escalas geogr\u00e1ficas; Compreender as din\u00e2micas da forma\u00e7\u00e3o\/conflitos entre Estados-na\u00e7\u00f5es; [&hellip;]\" \/>\n<meta property=\"og:url\" content=\"https:\/\/wp.ufpel.edu.br\/geoter\/?page_id=80\" \/>\n<meta property=\"og:site_name\" content=\"GRUPO DE PESQUISA: GEOGRAFIA POL\u00cdTICA, GEOPOL\u00cdTICA E TERRITORIALIDADES\" \/>\n<meta property=\"article:publisher\" content=\"https:\/\/www.facebook.com\/GeoTerUFPEL\" \/>\n<meta property=\"article:modified_time\" content=\"2021-07-26T23:42:33+00:00\" \/>\n<meta property=\"og:image\" content=\"https:\/\/wp.ufpel.edu.br\/geoter\/files\/2021\/07\/PARTICIPANTES-DO-GRUPO-DE-ESTUDOS-GEOTER-25.png\" \/>\n<meta name=\"twitter:card\" content=\"summary_large_image\" \/>\n<meta name=\"twitter:label1\" content=\"Est. tempo de leitura\" \/>\n\t<meta name=\"twitter:data1\" content=\"2 minutos\" \/>\n<script type=\"application\/ld+json\" class=\"yoast-schema-graph\">{\"@context\":\"https:\/\/schema.org\",\"@graph\":[{\"@type\":\"WebPage\",\"@id\":\"https:\/\/wp.ufpel.edu.br\/geoter\/?page_id=80\",\"url\":\"https:\/\/wp.ufpel.edu.br\/geoter\/?page_id=80\",\"name\":\"Objetivos - GRUPO DE PESQUISA: GEOGRAFIA POL\u00cdTICA, GEOPOL\u00cdTICA E TERRITORIALIDADES\",\"isPartOf\":{\"@id\":\"https:\/\/wp.ufpel.edu.br\/geoter\/#website\"},\"primaryImageOfPage\":{\"@id\":\"https:\/\/wp.ufpel.edu.br\/geoter\/?page_id=80#primaryimage\"},\"image\":{\"@id\":\"https:\/\/wp.ufpel.edu.br\/geoter\/?page_id=80#primaryimage\"},\"thumbnailUrl\":\"https:\/\/wp.ufpel.edu.br\/geoter\/files\/2021\/07\/PARTICIPANTES-DO-GRUPO-DE-ESTUDOS-GEOTER-25.png\",\"datePublished\":\"2018-12-19T21:57:55+00:00\",\"dateModified\":\"2021-07-26T23:42:33+00:00\",\"breadcrumb\":{\"@id\":\"https:\/\/wp.ufpel.edu.br\/geoter\/?page_id=80#breadcrumb\"},\"inLanguage\":\"pt-BR\",\"potentialAction\":[{\"@type\":\"ReadAction\",\"target\":[\"https:\/\/wp.ufpel.edu.br\/geoter\/?page_id=80\"]}]},{\"@type\":\"ImageObject\",\"inLanguage\":\"pt-BR\",\"@id\":\"https:\/\/wp.ufpel.edu.br\/geoter\/?page_id=80#primaryimage\",\"url\":\"https:\/\/wp.ufpel.edu.br\/geoter\/files\/2021\/07\/PARTICIPANTES-DO-GRUPO-DE-ESTUDOS-GEOTER-25.png\",\"contentUrl\":\"https:\/\/wp.ufpel.edu.br\/geoter\/files\/2021\/07\/PARTICIPANTES-DO-GRUPO-DE-ESTUDOS-GEOTER-25.png\",\"width\":500,\"height\":100},{\"@type\":\"BreadcrumbList\",\"@id\":\"https:\/\/wp.ufpel.edu.br\/geoter\/?page_id=80#breadcrumb\",\"itemListElement\":[{\"@type\":\"ListItem\",\"position\":1,\"name\":\"In\u00edcio\",\"item\":\"https:\/\/wp.ufpel.edu.br\/geoter\"},{\"@type\":\"ListItem\",\"position\":2,\"name\":\"O grupo de pesquisa\",\"item\":\"https:\/\/wp.ufpel.edu.br\/geoter\/?page_id=70\"},{\"@type\":\"ListItem\",\"position\":3,\"name\":\"Objetivos\"}]},{\"@type\":\"WebSite\",\"@id\":\"https:\/\/wp.ufpel.edu.br\/geoter\/#website\",\"url\":\"https:\/\/wp.ufpel.edu.br\/geoter\/\",\"name\":\"GRUPO DE PESQUISA: GEOGRAFIA POL\u00cdTICA, GEOPOL\u00cdTICA E TERRITORIALIDADES\",\"description\":\"TESTE\",\"publisher\":{\"@id\":\"https:\/\/wp.ufpel.edu.br\/geoter\/#organization\"},\"potentialAction\":[{\"@type\":\"SearchAction\",\"target\":{\"@type\":\"EntryPoint\",\"urlTemplate\":\"https:\/\/wp.ufpel.edu.br\/geoter\/?s={search_term_string}\"},\"query-input\":{\"@type\":\"PropertyValueSpecification\",\"valueRequired\":true,\"valueName\":\"search_term_string\"}}],\"inLanguage\":\"pt-BR\"},{\"@type\":\"Organization\",\"@id\":\"https:\/\/wp.ufpel.edu.br\/geoter\/#organization\",\"name\":\"GRUPO DE PESQUISA: GEOGRAFIA POL\u00cdTICA, GEOPOL\u00cdTICA E TERRITORIALIDADES\",\"url\":\"https:\/\/wp.ufpel.edu.br\/geoter\/\",\"logo\":{\"@type\":\"ImageObject\",\"inLanguage\":\"pt-BR\",\"@id\":\"https:\/\/wp.ufpel.edu.br\/geoter\/#\/schema\/logo\/image\/\",\"url\":\"https:\/\/wp.ufpel.edu.br\/geoter\/files\/2021\/05\/imagem_2021-05-21_114443.png\",\"contentUrl\":\"https:\/\/wp.ufpel.edu.br\/geoter\/files\/2021\/05\/imagem_2021-05-21_114443.png\",\"width\":796,\"height\":758,\"caption\":\"GRUPO DE PESQUISA: GEOGRAFIA POL\u00cdTICA, GEOPOL\u00cdTICA E TERRITORIALIDADES\"},\"image\":{\"@id\":\"https:\/\/wp.ufpel.edu.br\/geoter\/#\/schema\/logo\/image\/\"},\"sameAs\":[\"https:\/\/www.facebook.com\/GeoTerUFPEL\"]}]}<\/script>\n<!-- \/ Yoast SEO plugin. -->","yoast_head_json":{"title":"Objetivos - GRUPO DE PESQUISA: GEOGRAFIA POL\u00cdTICA, GEOPOL\u00cdTICA E TERRITORIALIDADES","robots":{"index":"index","follow":"follow","max-snippet":"max-snippet:-1","max-image-preview":"max-image-preview:large","max-video-preview":"max-video-preview:-1"},"canonical":"https:\/\/wp.ufpel.edu.br\/geoter\/?page_id=80","og_locale":"pt_BR","og_type":"article","og_title":"Objetivos - GRUPO DE PESQUISA: GEOGRAFIA POL\u00cdTICA, GEOPOL\u00cdTICA E TERRITORIALIDADES","og_description":"Como linhas gerais, o grupo GEOTER possui os seguintes objetivos: Construir pesquisas que possibilitem an\u00e1lise das rela\u00e7\u00f5es entre a Pol\u00edtica e a Geografia, constituindo um campo te\u00f3rico-pr\u00e1tico de atua\u00e7\u00e3o do Ge\u00f3grafo; Desenvolver estudos sobre tem\u00e1ticas que envolvam a constru\u00e7\u00e3o dos territ\u00f3rios (e das territorialidades) em diversas escalas geogr\u00e1ficas; Compreender as din\u00e2micas da forma\u00e7\u00e3o\/conflitos entre Estados-na\u00e7\u00f5es; [&hellip;]","og_url":"https:\/\/wp.ufpel.edu.br\/geoter\/?page_id=80","og_site_name":"GRUPO DE PESQUISA: GEOGRAFIA POL\u00cdTICA, GEOPOL\u00cdTICA E TERRITORIALIDADES","article_publisher":"https:\/\/www.facebook.com\/GeoTerUFPEL","article_modified_time":"2021-07-26T23:42:33+00:00","og_image":[{"url":"https:\/\/wp.ufpel.edu.br\/geoter\/files\/2021\/07\/PARTICIPANTES-DO-GRUPO-DE-ESTUDOS-GEOTER-25.png","type":"","width":"","height":""}],"twitter_card":"summary_large_image","twitter_misc":{"Est. tempo de leitura":"2 minutos"},"schema":{"@context":"https:\/\/schema.org","@graph":[{"@type":"WebPage","@id":"https:\/\/wp.ufpel.edu.br\/geoter\/?page_id=80","url":"https:\/\/wp.ufpel.edu.br\/geoter\/?page_id=80","name":"Objetivos - GRUPO DE PESQUISA: GEOGRAFIA POL\u00cdTICA, GEOPOL\u00cdTICA E TERRITORIALIDADES","isPartOf":{"@id":"https:\/\/wp.ufpel.edu.br\/geoter\/#website"},"primaryImageOfPage":{"@id":"https:\/\/wp.ufpel.edu.br\/geoter\/?page_id=80#primaryimage"},"image":{"@id":"https:\/\/wp.ufpel.edu.br\/geoter\/?page_id=80#primaryimage"},"thumbnailUrl":"https:\/\/wp.ufpel.edu.br\/geoter\/files\/2021\/07\/PARTICIPANTES-DO-GRUPO-DE-ESTUDOS-GEOTER-25.png","datePublished":"2018-12-19T21:57:55+00:00","dateModified":"2021-07-26T23:42:33+00:00","breadcrumb":{"@id":"https:\/\/wp.ufpel.edu.br\/geoter\/?page_id=80#breadcrumb"},"inLanguage":"pt-BR","potentialAction":[{"@type":"ReadAction","target":["https:\/\/wp.ufpel.edu.br\/geoter\/?page_id=80"]}]},{"@type":"ImageObject","inLanguage":"pt-BR","@id":"https:\/\/wp.ufpel.edu.br\/geoter\/?page_id=80#primaryimage","url":"https:\/\/wp.ufpel.edu.br\/geoter\/files\/2021\/07\/PARTICIPANTES-DO-GRUPO-DE-ESTUDOS-GEOTER-25.png","contentUrl":"https:\/\/wp.ufpel.edu.br\/geoter\/files\/2021\/07\/PARTICIPANTES-DO-GRUPO-DE-ESTUDOS-GEOTER-25.png","width":500,"height":100},{"@type":"BreadcrumbList","@id":"https:\/\/wp.ufpel.edu.br\/geoter\/?page_id=80#breadcrumb","itemListElement":[{"@type":"ListItem","position":1,"name":"In\u00edcio","item":"https:\/\/wp.ufpel.edu.br\/geoter"},{"@type":"ListItem","position":2,"name":"O grupo de pesquisa","item":"https:\/\/wp.ufpel.edu.br\/geoter\/?page_id=70"},{"@type":"ListItem","position":3,"name":"Objetivos"}]},{"@type":"WebSite","@id":"https:\/\/wp.ufpel.edu.br\/geoter\/#website","url":"https:\/\/wp.ufpel.edu.br\/geoter\/","name":"GRUPO DE PESQUISA: GEOGRAFIA POL\u00cdTICA, GEOPOL\u00cdTICA E TERRITORIALIDADES","description":"TESTE","publisher":{"@id":"https:\/\/wp.ufpel.edu.br\/geoter\/#organization"},"potentialAction":[{"@type":"SearchAction","target":{"@type":"EntryPoint","urlTemplate":"https:\/\/wp.ufpel.edu.br\/geoter\/?s={search_term_string}"},"query-input":{"@type":"PropertyValueSpecification","valueRequired":true,"valueName":"search_term_string"}}],"inLanguage":"pt-BR"},{"@type":"Organization","@id":"https:\/\/wp.ufpel.edu.br\/geoter\/#organization","name":"GRUPO DE PESQUISA: GEOGRAFIA POL\u00cdTICA, GEOPOL\u00cdTICA E TERRITORIALIDADES","url":"https:\/\/wp.ufpel.edu.br\/geoter\/","logo":{"@type":"ImageObject","inLanguage":"pt-BR","@id":"https:\/\/wp.ufpel.edu.br\/geoter\/#\/schema\/logo\/image\/","url":"https:\/\/wp.ufpel.edu.br\/geoter\/files\/2021\/05\/imagem_2021-05-21_114443.png","contentUrl":"https:\/\/wp.ufpel.edu.br\/geoter\/files\/2021\/05\/imagem_2021-05-21_114443.png","width":796,"height":758,"caption":"GRUPO DE PESQUISA: GEOGRAFIA POL\u00cdTICA, GEOPOL\u00cdTICA E TERRITORIALIDADES"},"image":{"@id":"https:\/\/wp.ufpel.edu.br\/geoter\/#\/schema\/logo\/image\/"},"sameAs":["https:\/\/www.facebook.com\/GeoTerUFPEL"]}]}},"jetpack_sharing_enabled":true,"jetpack_shortlink":"https:\/\/wp.me\/PaQxRW-1i","_links":{"self":[{"href":"https:\/\/wp.ufpel.edu.br\/geoter\/index.php?rest_route=\/wp\/v2\/pages\/80","targetHints":{"allow":["GET"]}}],"collection":[{"href":"https:\/\/wp.ufpel.edu.br\/geoter\/index.php?rest_route=\/wp\/v2\/pages"}],"about":[{"href":"https:\/\/wp.ufpel.edu.br\/geoter\/index.php?rest_route=\/wp\/v2\/types\/page"}],"author":[{"embeddable":true,"href":"https:\/\/wp.ufpel.edu.br\/geoter\/index.php?rest_route=\/wp\/v2\/users\/895"}],"replies":[{"embeddable":true,"href":"https:\/\/wp.ufpel.edu.br\/geoter\/index.php?rest_route=%2Fwp%2Fv2%2Fcomments&post=80"}],"version-history":[{"count":11,"href":"https:\/\/wp.ufpel.edu.br\/geoter\/index.php?rest_route=\/wp\/v2\/pages\/80\/revisions"}],"predecessor-version":[{"id":776,"href":"https:\/\/wp.ufpel.edu.br\/geoter\/index.php?rest_route=\/wp\/v2\/pages\/80\/revisions\/776"}],"up":[{"embeddable":true,"href":"https:\/\/wp.ufpel.edu.br\/geoter\/index.php?rest_route=\/wp\/v2\/pages\/70"}],"wp:attachment":[{"href":"https:\/\/wp.ufpel.edu.br\/geoter\/index.php?rest_route=%2Fwp%2Fv2%2Fmedia&parent=80"}],"curies":[{"name":"wp","href":"https:\/\/api.w.org\/{rel}","templated":true}]}}