{"id":70,"date":"2018-12-19T19:30:12","date_gmt":"2018-12-19T21:30:12","guid":{"rendered":"https:\/\/wp.ufpel.edu.br\/geoter\/?page_id=70"},"modified":"2021-05-24T23:32:03","modified_gmt":"2021-05-25T02:32:03","slug":"o-grupo-de-pesquisa","status":"publish","type":"page","link":"https:\/\/wp.ufpel.edu.br\/geoter\/?page_id=70","title":{"rendered":"O grupo de pesquisa"},"content":{"rendered":"<h4 style=\"text-align: center\"><strong><img class=\"alignnone wp-image-554\" src=\"https:\/\/wp.ufpel.edu.br\/geoter\/files\/2021\/05\/PARTICIPANTES-DO-GRUPO-DE-ESTUDOS-GEOTER-2.png\" alt=\"\" width=\"757\" height=\"151\" srcset=\"https:\/\/wp.ufpel.edu.br\/geoter\/files\/2021\/05\/PARTICIPANTES-DO-GRUPO-DE-ESTUDOS-GEOTER-2.png 500w, https:\/\/wp.ufpel.edu.br\/geoter\/files\/2021\/05\/PARTICIPANTES-DO-GRUPO-DE-ESTUDOS-GEOTER-2-400x80.png 400w\" sizes=\"(max-width: 757px) 100vw, 757px\" \/><\/strong><\/h4>\n<h4 style=\"text-align: center\"><strong>Bem-vindo(a)<\/strong><\/h4>\n<p style=\"text-align: justify\">\u00a0 \u00a0 \u00a0 \u00a0 \u00a0O grupo de pesquisa Geografia Pol\u00edtica, Geopol\u00edtica e Territorialidades,\u00a0\u00a0inscrito no Diret\u00f3rio dos Grupos de Pesquisa do CNPq, \u00e9 formado por uma rede de docentes e discentes pesquisadores que buscam construir di\u00e1logos com a Geografia Pol\u00edtica, a Geopol\u00edtica e as diversas territorialidades no mundo contempor\u00e2neo. Em torno deste ideal, o GeoTer possibilita o desenvolvimento de pesquisas tanto a n\u00edvel de Gradua\u00e7\u00e3o como P\u00f3s-Gradua\u00e7\u00e3o. Buscamos atrav\u00e9s da elabora\u00e7\u00e3o\/publica\u00e7\u00e3o de artigos, monografias e disserta\u00e7\u00f5es criar an\u00e1lises que dialoguem com as\u00a0 tem\u00e1ticas trazidas pelos docentes e discentes e que estejam no escopo te\u00f3rico que direciona o GeoTer.<\/p>\n","protected":false},"excerpt":{"rendered":"<p>Bem-vindo(a) \u00a0 \u00a0 \u00a0 \u00a0 \u00a0O grupo de pesquisa Geografia Pol\u00edtica, Geopol\u00edtica e Territorialidades,\u00a0\u00a0inscrito no Diret\u00f3rio dos Grupos de Pesquisa do CNPq, \u00e9 formado por uma rede de docentes e discentes pesquisadores que buscam construir di\u00e1logos com a Geografia Pol\u00edtica, a Geopol\u00edtica e as diversas territorialidades no mundo contempor\u00e2neo. Em torno deste ideal, o GeoTer [&hellip;]<\/p>\n","protected":false},"author":895,"featured_media":0,"parent":0,"menu_order":0,"comment_status":"closed","ping_status":"closed","template":"","meta":{"jetpack_post_was_ever_published":false,"footnotes":""},"class_list":["post-70","page","type-page","status-publish","hentry"],"yoast_head":"<!-- This site is optimized with the Yoast SEO plugin v26.7 - https:\/\/yoast.com\/wordpress\/plugins\/seo\/ -->\n<title>O grupo de pesquisa - GRUPO DE PESQUISA: GEOGRAFIA POL\u00cdTICA, GEOPOL\u00cdTICA E TERRITORIALIDADES<\/title>\n<meta name=\"robots\" content=\"index, follow, max-snippet:-1, max-image-preview:large, max-video-preview:-1\" \/>\n<link rel=\"canonical\" href=\"https:\/\/wp.ufpel.edu.br\/geoter\/?page_id=70\" \/>\n<meta property=\"og:locale\" content=\"pt_BR\" \/>\n<meta property=\"og:type\" content=\"article\" \/>\n<meta property=\"og:title\" content=\"O grupo de pesquisa - GRUPO DE PESQUISA: GEOGRAFIA POL\u00cdTICA, GEOPOL\u00cdTICA E TERRITORIALIDADES\" \/>\n<meta property=\"og:description\" content=\"Bem-vindo(a) \u00a0 \u00a0 \u00a0 \u00a0 \u00a0O grupo de pesquisa Geografia Pol\u00edtica, Geopol\u00edtica e Territorialidades,\u00a0\u00a0inscrito no Diret\u00f3rio dos Grupos de Pesquisa do CNPq, \u00e9 formado por uma rede de docentes e discentes pesquisadores que buscam construir di\u00e1logos com a Geografia Pol\u00edtica, a Geopol\u00edtica e as diversas territorialidades no mundo contempor\u00e2neo. Em torno deste ideal, o GeoTer [&hellip;]\" \/>\n<meta property=\"og:url\" content=\"https:\/\/wp.ufpel.edu.br\/geoter\/?page_id=70\" \/>\n<meta property=\"og:site_name\" content=\"GRUPO DE PESQUISA: GEOGRAFIA POL\u00cdTICA, GEOPOL\u00cdTICA E TERRITORIALIDADES\" \/>\n<meta property=\"article:publisher\" content=\"https:\/\/www.facebook.com\/GeoTerUFPEL\" \/>\n<meta property=\"article:modified_time\" content=\"2021-05-25T02:32:03+00:00\" \/>\n<meta property=\"og:image\" content=\"https:\/\/wp.ufpel.edu.br\/geoter\/files\/2021\/05\/PARTICIPANTES-DO-GRUPO-DE-ESTUDOS-GEOTER-2.png\" \/>\n<meta name=\"twitter:card\" content=\"summary_large_image\" \/>\n<meta name=\"twitter:label1\" content=\"Est. tempo de leitura\" \/>\n\t<meta name=\"twitter:data1\" content=\"1 minuto\" \/>\n<script type=\"application\/ld+json\" class=\"yoast-schema-graph\">{\"@context\":\"https:\/\/schema.org\",\"@graph\":[{\"@type\":\"WebPage\",\"@id\":\"https:\/\/wp.ufpel.edu.br\/geoter\/?page_id=70\",\"url\":\"https:\/\/wp.ufpel.edu.br\/geoter\/?page_id=70\",\"name\":\"O grupo de pesquisa - GRUPO DE PESQUISA: GEOGRAFIA POL\u00cdTICA, GEOPOL\u00cdTICA E TERRITORIALIDADES\",\"isPartOf\":{\"@id\":\"https:\/\/wp.ufpel.edu.br\/geoter\/#website\"},\"primaryImageOfPage\":{\"@id\":\"https:\/\/wp.ufpel.edu.br\/geoter\/?page_id=70#primaryimage\"},\"image\":{\"@id\":\"https:\/\/wp.ufpel.edu.br\/geoter\/?page_id=70#primaryimage\"},\"thumbnailUrl\":\"https:\/\/wp.ufpel.edu.br\/geoter\/files\/2021\/05\/PARTICIPANTES-DO-GRUPO-DE-ESTUDOS-GEOTER-2.png\",\"datePublished\":\"2018-12-19T21:30:12+00:00\",\"dateModified\":\"2021-05-25T02:32:03+00:00\",\"breadcrumb\":{\"@id\":\"https:\/\/wp.ufpel.edu.br\/geoter\/?page_id=70#breadcrumb\"},\"inLanguage\":\"pt-BR\",\"potentialAction\":[{\"@type\":\"ReadAction\",\"target\":[\"https:\/\/wp.ufpel.edu.br\/geoter\/?page_id=70\"]}]},{\"@type\":\"ImageObject\",\"inLanguage\":\"pt-BR\",\"@id\":\"https:\/\/wp.ufpel.edu.br\/geoter\/?page_id=70#primaryimage\",\"url\":\"https:\/\/wp.ufpel.edu.br\/geoter\/files\/2021\/05\/PARTICIPANTES-DO-GRUPO-DE-ESTUDOS-GEOTER-2.png\",\"contentUrl\":\"https:\/\/wp.ufpel.edu.br\/geoter\/files\/2021\/05\/PARTICIPANTES-DO-GRUPO-DE-ESTUDOS-GEOTER-2.png\",\"width\":500,\"height\":100},{\"@type\":\"BreadcrumbList\",\"@id\":\"https:\/\/wp.ufpel.edu.br\/geoter\/?page_id=70#breadcrumb\",\"itemListElement\":[{\"@type\":\"ListItem\",\"position\":1,\"name\":\"In\u00edcio\",\"item\":\"https:\/\/wp.ufpel.edu.br\/geoter\"},{\"@type\":\"ListItem\",\"position\":2,\"name\":\"O grupo de pesquisa\"}]},{\"@type\":\"WebSite\",\"@id\":\"https:\/\/wp.ufpel.edu.br\/geoter\/#website\",\"url\":\"https:\/\/wp.ufpel.edu.br\/geoter\/\",\"name\":\"GRUPO DE PESQUISA: GEOGRAFIA POL\u00cdTICA, GEOPOL\u00cdTICA E TERRITORIALIDADES\",\"description\":\"TESTE\",\"publisher\":{\"@id\":\"https:\/\/wp.ufpel.edu.br\/geoter\/#organization\"},\"potentialAction\":[{\"@type\":\"SearchAction\",\"target\":{\"@type\":\"EntryPoint\",\"urlTemplate\":\"https:\/\/wp.ufpel.edu.br\/geoter\/?s={search_term_string}\"},\"query-input\":{\"@type\":\"PropertyValueSpecification\",\"valueRequired\":true,\"valueName\":\"search_term_string\"}}],\"inLanguage\":\"pt-BR\"},{\"@type\":\"Organization\",\"@id\":\"https:\/\/wp.ufpel.edu.br\/geoter\/#organization\",\"name\":\"GRUPO DE PESQUISA: GEOGRAFIA POL\u00cdTICA, GEOPOL\u00cdTICA E TERRITORIALIDADES\",\"url\":\"https:\/\/wp.ufpel.edu.br\/geoter\/\",\"logo\":{\"@type\":\"ImageObject\",\"inLanguage\":\"pt-BR\",\"@id\":\"https:\/\/wp.ufpel.edu.br\/geoter\/#\/schema\/logo\/image\/\",\"url\":\"https:\/\/wp.ufpel.edu.br\/geoter\/files\/2021\/05\/imagem_2021-05-21_114443.png\",\"contentUrl\":\"https:\/\/wp.ufpel.edu.br\/geoter\/files\/2021\/05\/imagem_2021-05-21_114443.png\",\"width\":796,\"height\":758,\"caption\":\"GRUPO DE PESQUISA: GEOGRAFIA POL\u00cdTICA, GEOPOL\u00cdTICA E TERRITORIALIDADES\"},\"image\":{\"@id\":\"https:\/\/wp.ufpel.edu.br\/geoter\/#\/schema\/logo\/image\/\"},\"sameAs\":[\"https:\/\/www.facebook.com\/GeoTerUFPEL\"]}]}<\/script>\n<!-- \/ Yoast SEO plugin. -->","yoast_head_json":{"title":"O grupo de pesquisa - GRUPO DE PESQUISA: GEOGRAFIA POL\u00cdTICA, GEOPOL\u00cdTICA E TERRITORIALIDADES","robots":{"index":"index","follow":"follow","max-snippet":"max-snippet:-1","max-image-preview":"max-image-preview:large","max-video-preview":"max-video-preview:-1"},"canonical":"https:\/\/wp.ufpel.edu.br\/geoter\/?page_id=70","og_locale":"pt_BR","og_type":"article","og_title":"O grupo de pesquisa - GRUPO DE PESQUISA: GEOGRAFIA POL\u00cdTICA, GEOPOL\u00cdTICA E TERRITORIALIDADES","og_description":"Bem-vindo(a) \u00a0 \u00a0 \u00a0 \u00a0 \u00a0O grupo de pesquisa Geografia Pol\u00edtica, Geopol\u00edtica e Territorialidades,\u00a0\u00a0inscrito no Diret\u00f3rio dos Grupos de Pesquisa do CNPq, \u00e9 formado por uma rede de docentes e discentes pesquisadores que buscam construir di\u00e1logos com a Geografia Pol\u00edtica, a Geopol\u00edtica e as diversas territorialidades no mundo contempor\u00e2neo. Em torno deste ideal, o GeoTer [&hellip;]","og_url":"https:\/\/wp.ufpel.edu.br\/geoter\/?page_id=70","og_site_name":"GRUPO DE PESQUISA: GEOGRAFIA POL\u00cdTICA, GEOPOL\u00cdTICA E TERRITORIALIDADES","article_publisher":"https:\/\/www.facebook.com\/GeoTerUFPEL","article_modified_time":"2021-05-25T02:32:03+00:00","og_image":[{"url":"https:\/\/wp.ufpel.edu.br\/geoter\/files\/2021\/05\/PARTICIPANTES-DO-GRUPO-DE-ESTUDOS-GEOTER-2.png","type":"","width":"","height":""}],"twitter_card":"summary_large_image","twitter_misc":{"Est. tempo de leitura":"1 minuto"},"schema":{"@context":"https:\/\/schema.org","@graph":[{"@type":"WebPage","@id":"https:\/\/wp.ufpel.edu.br\/geoter\/?page_id=70","url":"https:\/\/wp.ufpel.edu.br\/geoter\/?page_id=70","name":"O grupo de pesquisa - GRUPO DE PESQUISA: GEOGRAFIA POL\u00cdTICA, GEOPOL\u00cdTICA E TERRITORIALIDADES","isPartOf":{"@id":"https:\/\/wp.ufpel.edu.br\/geoter\/#website"},"primaryImageOfPage":{"@id":"https:\/\/wp.ufpel.edu.br\/geoter\/?page_id=70#primaryimage"},"image":{"@id":"https:\/\/wp.ufpel.edu.br\/geoter\/?page_id=70#primaryimage"},"thumbnailUrl":"https:\/\/wp.ufpel.edu.br\/geoter\/files\/2021\/05\/PARTICIPANTES-DO-GRUPO-DE-ESTUDOS-GEOTER-2.png","datePublished":"2018-12-19T21:30:12+00:00","dateModified":"2021-05-25T02:32:03+00:00","breadcrumb":{"@id":"https:\/\/wp.ufpel.edu.br\/geoter\/?page_id=70#breadcrumb"},"inLanguage":"pt-BR","potentialAction":[{"@type":"ReadAction","target":["https:\/\/wp.ufpel.edu.br\/geoter\/?page_id=70"]}]},{"@type":"ImageObject","inLanguage":"pt-BR","@id":"https:\/\/wp.ufpel.edu.br\/geoter\/?page_id=70#primaryimage","url":"https:\/\/wp.ufpel.edu.br\/geoter\/files\/2021\/05\/PARTICIPANTES-DO-GRUPO-DE-ESTUDOS-GEOTER-2.png","contentUrl":"https:\/\/wp.ufpel.edu.br\/geoter\/files\/2021\/05\/PARTICIPANTES-DO-GRUPO-DE-ESTUDOS-GEOTER-2.png","width":500,"height":100},{"@type":"BreadcrumbList","@id":"https:\/\/wp.ufpel.edu.br\/geoter\/?page_id=70#breadcrumb","itemListElement":[{"@type":"ListItem","position":1,"name":"In\u00edcio","item":"https:\/\/wp.ufpel.edu.br\/geoter"},{"@type":"ListItem","position":2,"name":"O grupo de pesquisa"}]},{"@type":"WebSite","@id":"https:\/\/wp.ufpel.edu.br\/geoter\/#website","url":"https:\/\/wp.ufpel.edu.br\/geoter\/","name":"GRUPO DE PESQUISA: GEOGRAFIA POL\u00cdTICA, GEOPOL\u00cdTICA E TERRITORIALIDADES","description":"TESTE","publisher":{"@id":"https:\/\/wp.ufpel.edu.br\/geoter\/#organization"},"potentialAction":[{"@type":"SearchAction","target":{"@type":"EntryPoint","urlTemplate":"https:\/\/wp.ufpel.edu.br\/geoter\/?s={search_term_string}"},"query-input":{"@type":"PropertyValueSpecification","valueRequired":true,"valueName":"search_term_string"}}],"inLanguage":"pt-BR"},{"@type":"Organization","@id":"https:\/\/wp.ufpel.edu.br\/geoter\/#organization","name":"GRUPO DE PESQUISA: GEOGRAFIA POL\u00cdTICA, GEOPOL\u00cdTICA E TERRITORIALIDADES","url":"https:\/\/wp.ufpel.edu.br\/geoter\/","logo":{"@type":"ImageObject","inLanguage":"pt-BR","@id":"https:\/\/wp.ufpel.edu.br\/geoter\/#\/schema\/logo\/image\/","url":"https:\/\/wp.ufpel.edu.br\/geoter\/files\/2021\/05\/imagem_2021-05-21_114443.png","contentUrl":"https:\/\/wp.ufpel.edu.br\/geoter\/files\/2021\/05\/imagem_2021-05-21_114443.png","width":796,"height":758,"caption":"GRUPO DE PESQUISA: GEOGRAFIA POL\u00cdTICA, GEOPOL\u00cdTICA E TERRITORIALIDADES"},"image":{"@id":"https:\/\/wp.ufpel.edu.br\/geoter\/#\/schema\/logo\/image\/"},"sameAs":["https:\/\/www.facebook.com\/GeoTerUFPEL"]}]}},"jetpack_sharing_enabled":true,"jetpack_shortlink":"https:\/\/wp.me\/PaQxRW-18","_links":{"self":[{"href":"https:\/\/wp.ufpel.edu.br\/geoter\/index.php?rest_route=\/wp\/v2\/pages\/70","targetHints":{"allow":["GET"]}}],"collection":[{"href":"https:\/\/wp.ufpel.edu.br\/geoter\/index.php?rest_route=\/wp\/v2\/pages"}],"about":[{"href":"https:\/\/wp.ufpel.edu.br\/geoter\/index.php?rest_route=\/wp\/v2\/types\/page"}],"author":[{"embeddable":true,"href":"https:\/\/wp.ufpel.edu.br\/geoter\/index.php?rest_route=\/wp\/v2\/users\/895"}],"replies":[{"embeddable":true,"href":"https:\/\/wp.ufpel.edu.br\/geoter\/index.php?rest_route=%2Fwp%2Fv2%2Fcomments&post=70"}],"version-history":[{"count":7,"href":"https:\/\/wp.ufpel.edu.br\/geoter\/index.php?rest_route=\/wp\/v2\/pages\/70\/revisions"}],"predecessor-version":[{"id":560,"href":"https:\/\/wp.ufpel.edu.br\/geoter\/index.php?rest_route=\/wp\/v2\/pages\/70\/revisions\/560"}],"wp:attachment":[{"href":"https:\/\/wp.ufpel.edu.br\/geoter\/index.php?rest_route=%2Fwp%2Fv2%2Fmedia&parent=70"}],"curies":[{"name":"wp","href":"https:\/\/api.w.org\/{rel}","templated":true}]}}