{"id":105,"date":"2018-12-20T20:02:43","date_gmt":"2018-12-20T22:02:43","guid":{"rendered":"https:\/\/wp.ufpel.edu.br\/geoter\/?page_id=105"},"modified":"2021-08-23T09:36:55","modified_gmt":"2021-08-23T12:36:55","slug":"projetos-de-pesquisa","status":"publish","type":"page","link":"https:\/\/wp.ufpel.edu.br\/geoter\/?page_id=105","title":{"rendered":"Projetos de Pesquisa"},"content":{"rendered":"<p style=\"text-align: center\">\u00a0 \u00a0 \u00a0 \u00a0 \u00a0 <img class=\"alignnone wp-image-762\" src=\"https:\/\/wp.ufpel.edu.br\/geoter\/files\/2021\/07\/PARTICIPANTES-DO-GRUPO-DE-ESTUDOS-GEOTER-23.png\" alt=\"\" width=\"720\" height=\"144\" srcset=\"https:\/\/wp.ufpel.edu.br\/geoter\/files\/2021\/07\/PARTICIPANTES-DO-GRUPO-DE-ESTUDOS-GEOTER-23.png 500w, https:\/\/wp.ufpel.edu.br\/geoter\/files\/2021\/07\/PARTICIPANTES-DO-GRUPO-DE-ESTUDOS-GEOTER-23-400x80.png 400w\" sizes=\"(max-width: 720px) 100vw, 720px\" \/><\/p>\n<p style=\"text-align: justify\">\u00a0 \u00a0 \u00a0 \u00a0 \u00a0 A constitui\u00e7\u00e3o da geopol\u00edtica enquanto \u00e1rea do saber nos possibilita compreender as diversas formas de proje\u00e7\u00e3o das rela\u00e7\u00f5es de poder no espa\u00e7o. A geopol\u00edtica cl\u00e1ssica, neste sentido, constituiu-se como uma forma de pensar as rela\u00e7\u00f5es de poder tendo como princ\u00edpio basilar o Estado-Na\u00e7\u00e3o. Este pensamento possibilitou que o conhecimento geopol\u00edtico viesse a se tornar um receitu\u00e1rio para as rela\u00e7\u00f5es imperialistas no s\u00e9culo XIX. Na contracorrente a este racioc\u00ednio, surgem no s\u00e9culo XXI diversas formas de construir um saber geopol\u00edtico que convirja no sentido de estudos contra hegem\u00f4nicos desta abordagem.<\/p>\n<p style=\"text-align: justify\">\u00a0 \u00a0 \u00a0 \u00a0 \u00a0O objetivo geral do presente projeto de pesquisa \u00e9 analisar a constitui\u00e7\u00e3o da geopol\u00edtica na atualidade buscando compreender os diversos discursos que constituem a ordem hegem\u00f4nica e contra hegem\u00f4nica, bem como a incid\u00eancia dos mesmos para a forma\u00e7\u00e3o dos territ\u00f3rios. Partindo deste objetivo, metodologicamente dividimos a pesquisa em tr\u00eas eixos: No primeiro buscamos analisar a geopol\u00edtica cl\u00e1ssica, com o intuito de compreender, a partir de revis\u00e3o bibliogr\u00e1fica, as bases do pensamento desta \u00e1rea. No segundo momento ser\u00e1 realizado um levantamento acerca da produ\u00e7\u00e3o geopol\u00edtica contempor\u00e2nea em diversas plataformas de publica\u00e7\u00e3o com a inten\u00e7\u00e3o de entender as pesquisas que vem sendo realizadas bem como suas matrizes te\u00f3ricas. Por fim, a partir deste levantamento ser\u00e3o analisados os m\u00faltiplos olhares sobre esta \u00e1rea no s\u00e9culo XXI e, tendo como base estas discuss\u00f5es, construir um arcabou\u00e7o te\u00f3rico acerca de uma geopol\u00edtica contra hegem\u00f4nica.<\/p>\n<p style=\"text-align: justify\">\u00a0 \u00a0 <span style=\"font-family: arial, helvetica, sans-serif\"><img class=\"aligncenter wp-image-756\" src=\"https:\/\/wp.ufpel.edu.br\/geoter\/files\/2021\/07\/PARTICIPANTES-DO-GRUPO-DE-ESTUDOS-GEOTER-22.png\" alt=\"\" width=\"725\" height=\"145\" srcset=\"https:\/\/wp.ufpel.edu.br\/geoter\/files\/2021\/07\/PARTICIPANTES-DO-GRUPO-DE-ESTUDOS-GEOTER-22.png 500w, https:\/\/wp.ufpel.edu.br\/geoter\/files\/2021\/07\/PARTICIPANTES-DO-GRUPO-DE-ESTUDOS-GEOTER-22-400x80.png 400w\" sizes=\"(max-width: 725px) 100vw, 725px\" \/><br \/>\n<\/span><\/p>\n<p style=\"text-align: center\"><span style=\"font-family: arial, helvetica, sans-serif\">Territ\u00f3rios microcervejeiros no estado do Rio Grande do Sul: uma an\u00e1lise do Circuito Espacial de Produ\u00e7\u00e3o e do C\u00edrculo de Coopera\u00e7\u00e3o Econ\u00f4mica.<\/span><\/p>\n<p style=\"text-align: justify\"><span style=\"font-family: arial, helvetica, sans-serif\">\u00a0 \u00a0 \u00a0 \u00a0 \u00a0 \u00a0A produ\u00e7\u00e3o cervejeira no Brasil movimenta um significativo mercado, que permeia deste o setor prim\u00e1rio at\u00e9 o terci\u00e1rio. Nesta conjuntura o que estrutura-se \u00e9 a uma crescente dicotomia entre o oligop\u00f3lio produtivo de cerveja e as microcervejarias, constituindo na atualidade um campo de disputas de mercados e a tentativa de sobreviv\u00eancia destas ultimas frente a um poder econ\u00f4mico das grandes corpora\u00e7\u00f5es do setor. Esta problem\u00e1tica evidencia-se ao observarmos o crescente n\u00famero de empresas deste ramo que s\u00e3o criadas no final do s\u00e9culo XX e in\u00edcio do XXI. Constatou-se que existiam aproximadamente 100 cervejarias na d\u00e9cada de 1990, totalizando no ano de 2017, o equivalente a 675 estabelecimentos registrados no Minist\u00e9rio da Agricultura, Pecu\u00e1ria e Abastecimento (MAPA). No contexto de expans\u00e3o, o estado do Rio Grande do Sul\/BR desponta como o l\u00edder no setor, possuindo um total de 142 empresas. Nesse sentido, o presente projeto busca analisar os territ\u00f3rios microcervejeiros no estado do Rio Grande do Sul tendo como base as din\u00e2micas do Circuito Espacial de Produ\u00e7\u00e3o (CEP) e dos C\u00edrculos de Coopera\u00e7\u00e3o Econ\u00f4mica (CCE). Em termos metodol\u00f3gicos, dividimos a pesquisa em tr\u00eas etapas. A primeira consiste no levantamento te\u00f3rico e na constru\u00e7\u00e3o da pesquisa de campo, sendo est\u00e1 caracterizada por uma revis\u00e3o bibliogr\u00e1fica que visa analisar as din\u00e2micas econ\u00f4micas e sociais vinculadas a constru\u00e7\u00e3o dos territ\u00f3rios microcervejeiros, com o intuito de construir um roteiro de entrevistas com base no referencial te\u00f3rico\/metodol\u00f3gico dos Circuitos Espaciais de Produ\u00e7\u00e3o (CEP) e os C\u00edrculos de Coopera\u00e7\u00e3o no Espa\u00e7o (CCE). <\/span><\/p>\n<p style=\"text-align: justify\"><span style=\"font-family: arial, helvetica, sans-serif\">\u00a0 \u00a0 \u00a0 \u00a0 \u00a0A segunda etapa concentra-se na realiza\u00e7\u00e3o do campo emp\u00edrico, que ocorrer\u00e1 com base no mapeamento das empresas do estado do Rio Grande do Sul; em seguida ser\u00e3o elencados 20% do total por regi\u00e3o para a realiza\u00e7\u00e3o da pesquisa, objetivando a constru\u00e7\u00e3o de um diagn\u00f3stico do setor. A terceira e \u00faltima etapa metodol\u00f3gica centra-se na sistematiza\u00e7\u00e3o dos dados, tendo como referencial te\u00f3rico o CEP e CCE em conjunto com a ferramenta de an\u00e1lise textual discursiva. Ap\u00f3s a realiza\u00e7\u00e3o das tr\u00eas etapas, ser\u00e1 elaborado o relat\u00f3rio final do projeto em conjunto com a publica\u00e7\u00e3o dos dados em peri\u00f3dicos, livros e eventos da \u00e1rea. Tem-se como meta apresentar respostas para a estrutura\u00e7\u00e3o deste setor emergente no Brasil e no Rio Grande do Sul, possibilitando construir um planejamento territorial efetivo para a manuten\u00e7\u00e3o das microcervejarias.<\/span><\/p>\n","protected":false},"excerpt":{"rendered":"<p>\u00a0 \u00a0 \u00a0 \u00a0 \u00a0 \u00a0 \u00a0 \u00a0 \u00a0 \u00a0 A constitui\u00e7\u00e3o da geopol\u00edtica enquanto \u00e1rea do saber nos possibilita compreender as diversas formas de proje\u00e7\u00e3o das rela\u00e7\u00f5es de poder no espa\u00e7o. A geopol\u00edtica cl\u00e1ssica, neste sentido, constituiu-se como uma forma de pensar as rela\u00e7\u00f5es de poder tendo como princ\u00edpio basilar o Estado-Na\u00e7\u00e3o. Este pensamento [&hellip;]<\/p>\n","protected":false},"author":895,"featured_media":0,"parent":97,"menu_order":0,"comment_status":"closed","ping_status":"closed","template":"","meta":{"jetpack_post_was_ever_published":false,"footnotes":""},"class_list":["post-105","page","type-page","status-publish","hentry"],"yoast_head":"<!-- This site is optimized with the Yoast SEO plugin v26.7 - https:\/\/yoast.com\/wordpress\/plugins\/seo\/ -->\n<title>Projetos de Pesquisa - GRUPO DE PESQUISA: GEOGRAFIA POL\u00cdTICA, GEOPOL\u00cdTICA E TERRITORIALIDADES<\/title>\n<meta name=\"robots\" content=\"index, follow, max-snippet:-1, max-image-preview:large, max-video-preview:-1\" \/>\n<link rel=\"canonical\" href=\"https:\/\/wp.ufpel.edu.br\/geoter\/?page_id=105\" \/>\n<meta property=\"og:locale\" content=\"pt_BR\" \/>\n<meta property=\"og:type\" content=\"article\" \/>\n<meta property=\"og:title\" content=\"Projetos de Pesquisa - GRUPO DE PESQUISA: GEOGRAFIA POL\u00cdTICA, GEOPOL\u00cdTICA E TERRITORIALIDADES\" \/>\n<meta property=\"og:description\" content=\"\u00a0 \u00a0 \u00a0 \u00a0 \u00a0 \u00a0 \u00a0 \u00a0 \u00a0 \u00a0 A constitui\u00e7\u00e3o da geopol\u00edtica enquanto \u00e1rea do saber nos possibilita compreender as diversas formas de proje\u00e7\u00e3o das rela\u00e7\u00f5es de poder no espa\u00e7o. A geopol\u00edtica cl\u00e1ssica, neste sentido, constituiu-se como uma forma de pensar as rela\u00e7\u00f5es de poder tendo como princ\u00edpio basilar o Estado-Na\u00e7\u00e3o. Este pensamento [&hellip;]\" \/>\n<meta property=\"og:url\" content=\"https:\/\/wp.ufpel.edu.br\/geoter\/?page_id=105\" \/>\n<meta property=\"og:site_name\" content=\"GRUPO DE PESQUISA: GEOGRAFIA POL\u00cdTICA, GEOPOL\u00cdTICA E TERRITORIALIDADES\" \/>\n<meta property=\"article:publisher\" content=\"https:\/\/www.facebook.com\/GeoTerUFPEL\" \/>\n<meta property=\"article:modified_time\" content=\"2021-08-23T12:36:55+00:00\" \/>\n<meta property=\"og:image\" content=\"https:\/\/wp.ufpel.edu.br\/geoter\/files\/2021\/07\/PARTICIPANTES-DO-GRUPO-DE-ESTUDOS-GEOTER-23.png\" \/>\n<meta name=\"twitter:card\" content=\"summary_large_image\" \/>\n<meta name=\"twitter:label1\" content=\"Est. tempo de leitura\" \/>\n\t<meta name=\"twitter:data1\" content=\"4 minutos\" \/>\n<script type=\"application\/ld+json\" class=\"yoast-schema-graph\">{\"@context\":\"https:\/\/schema.org\",\"@graph\":[{\"@type\":\"WebPage\",\"@id\":\"https:\/\/wp.ufpel.edu.br\/geoter\/?page_id=105\",\"url\":\"https:\/\/wp.ufpel.edu.br\/geoter\/?page_id=105\",\"name\":\"Projetos de Pesquisa - GRUPO DE PESQUISA: GEOGRAFIA POL\u00cdTICA, GEOPOL\u00cdTICA E TERRITORIALIDADES\",\"isPartOf\":{\"@id\":\"https:\/\/wp.ufpel.edu.br\/geoter\/#website\"},\"primaryImageOfPage\":{\"@id\":\"https:\/\/wp.ufpel.edu.br\/geoter\/?page_id=105#primaryimage\"},\"image\":{\"@id\":\"https:\/\/wp.ufpel.edu.br\/geoter\/?page_id=105#primaryimage\"},\"thumbnailUrl\":\"https:\/\/wp.ufpel.edu.br\/geoter\/files\/2021\/07\/PARTICIPANTES-DO-GRUPO-DE-ESTUDOS-GEOTER-23.png\",\"datePublished\":\"2018-12-20T22:02:43+00:00\",\"dateModified\":\"2021-08-23T12:36:55+00:00\",\"breadcrumb\":{\"@id\":\"https:\/\/wp.ufpel.edu.br\/geoter\/?page_id=105#breadcrumb\"},\"inLanguage\":\"pt-BR\",\"potentialAction\":[{\"@type\":\"ReadAction\",\"target\":[\"https:\/\/wp.ufpel.edu.br\/geoter\/?page_id=105\"]}]},{\"@type\":\"ImageObject\",\"inLanguage\":\"pt-BR\",\"@id\":\"https:\/\/wp.ufpel.edu.br\/geoter\/?page_id=105#primaryimage\",\"url\":\"https:\/\/wp.ufpel.edu.br\/geoter\/files\/2021\/07\/PARTICIPANTES-DO-GRUPO-DE-ESTUDOS-GEOTER-23.png\",\"contentUrl\":\"https:\/\/wp.ufpel.edu.br\/geoter\/files\/2021\/07\/PARTICIPANTES-DO-GRUPO-DE-ESTUDOS-GEOTER-23.png\",\"width\":500,\"height\":100},{\"@type\":\"BreadcrumbList\",\"@id\":\"https:\/\/wp.ufpel.edu.br\/geoter\/?page_id=105#breadcrumb\",\"itemListElement\":[{\"@type\":\"ListItem\",\"position\":1,\"name\":\"In\u00edcio\",\"item\":\"https:\/\/wp.ufpel.edu.br\/geoter\"},{\"@type\":\"ListItem\",\"position\":2,\"name\":\"Projetos\",\"item\":\"https:\/\/wp.ufpel.edu.br\/geoter\/?page_id=97\"},{\"@type\":\"ListItem\",\"position\":3,\"name\":\"Projetos de Pesquisa\"}]},{\"@type\":\"WebSite\",\"@id\":\"https:\/\/wp.ufpel.edu.br\/geoter\/#website\",\"url\":\"https:\/\/wp.ufpel.edu.br\/geoter\/\",\"name\":\"GRUPO DE PESQUISA: GEOGRAFIA POL\u00cdTICA, GEOPOL\u00cdTICA E TERRITORIALIDADES\",\"description\":\"TESTE\",\"publisher\":{\"@id\":\"https:\/\/wp.ufpel.edu.br\/geoter\/#organization\"},\"potentialAction\":[{\"@type\":\"SearchAction\",\"target\":{\"@type\":\"EntryPoint\",\"urlTemplate\":\"https:\/\/wp.ufpel.edu.br\/geoter\/?s={search_term_string}\"},\"query-input\":{\"@type\":\"PropertyValueSpecification\",\"valueRequired\":true,\"valueName\":\"search_term_string\"}}],\"inLanguage\":\"pt-BR\"},{\"@type\":\"Organization\",\"@id\":\"https:\/\/wp.ufpel.edu.br\/geoter\/#organization\",\"name\":\"GRUPO DE PESQUISA: GEOGRAFIA POL\u00cdTICA, GEOPOL\u00cdTICA E TERRITORIALIDADES\",\"url\":\"https:\/\/wp.ufpel.edu.br\/geoter\/\",\"logo\":{\"@type\":\"ImageObject\",\"inLanguage\":\"pt-BR\",\"@id\":\"https:\/\/wp.ufpel.edu.br\/geoter\/#\/schema\/logo\/image\/\",\"url\":\"https:\/\/wp.ufpel.edu.br\/geoter\/files\/2021\/05\/imagem_2021-05-21_114443.png\",\"contentUrl\":\"https:\/\/wp.ufpel.edu.br\/geoter\/files\/2021\/05\/imagem_2021-05-21_114443.png\",\"width\":796,\"height\":758,\"caption\":\"GRUPO DE PESQUISA: GEOGRAFIA POL\u00cdTICA, GEOPOL\u00cdTICA E TERRITORIALIDADES\"},\"image\":{\"@id\":\"https:\/\/wp.ufpel.edu.br\/geoter\/#\/schema\/logo\/image\/\"},\"sameAs\":[\"https:\/\/www.facebook.com\/GeoTerUFPEL\"]}]}<\/script>\n<!-- \/ Yoast SEO plugin. -->","yoast_head_json":{"title":"Projetos de Pesquisa - GRUPO DE PESQUISA: GEOGRAFIA POL\u00cdTICA, GEOPOL\u00cdTICA E TERRITORIALIDADES","robots":{"index":"index","follow":"follow","max-snippet":"max-snippet:-1","max-image-preview":"max-image-preview:large","max-video-preview":"max-video-preview:-1"},"canonical":"https:\/\/wp.ufpel.edu.br\/geoter\/?page_id=105","og_locale":"pt_BR","og_type":"article","og_title":"Projetos de Pesquisa - GRUPO DE PESQUISA: GEOGRAFIA POL\u00cdTICA, GEOPOL\u00cdTICA E TERRITORIALIDADES","og_description":"\u00a0 \u00a0 \u00a0 \u00a0 \u00a0 \u00a0 \u00a0 \u00a0 \u00a0 \u00a0 A constitui\u00e7\u00e3o da geopol\u00edtica enquanto \u00e1rea do saber nos possibilita compreender as diversas formas de proje\u00e7\u00e3o das rela\u00e7\u00f5es de poder no espa\u00e7o. A geopol\u00edtica cl\u00e1ssica, neste sentido, constituiu-se como uma forma de pensar as rela\u00e7\u00f5es de poder tendo como princ\u00edpio basilar o Estado-Na\u00e7\u00e3o. Este pensamento [&hellip;]","og_url":"https:\/\/wp.ufpel.edu.br\/geoter\/?page_id=105","og_site_name":"GRUPO DE PESQUISA: GEOGRAFIA POL\u00cdTICA, GEOPOL\u00cdTICA E TERRITORIALIDADES","article_publisher":"https:\/\/www.facebook.com\/GeoTerUFPEL","article_modified_time":"2021-08-23T12:36:55+00:00","og_image":[{"url":"https:\/\/wp.ufpel.edu.br\/geoter\/files\/2021\/07\/PARTICIPANTES-DO-GRUPO-DE-ESTUDOS-GEOTER-23.png","type":"","width":"","height":""}],"twitter_card":"summary_large_image","twitter_misc":{"Est. tempo de leitura":"4 minutos"},"schema":{"@context":"https:\/\/schema.org","@graph":[{"@type":"WebPage","@id":"https:\/\/wp.ufpel.edu.br\/geoter\/?page_id=105","url":"https:\/\/wp.ufpel.edu.br\/geoter\/?page_id=105","name":"Projetos de Pesquisa - GRUPO DE PESQUISA: GEOGRAFIA POL\u00cdTICA, GEOPOL\u00cdTICA E TERRITORIALIDADES","isPartOf":{"@id":"https:\/\/wp.ufpel.edu.br\/geoter\/#website"},"primaryImageOfPage":{"@id":"https:\/\/wp.ufpel.edu.br\/geoter\/?page_id=105#primaryimage"},"image":{"@id":"https:\/\/wp.ufpel.edu.br\/geoter\/?page_id=105#primaryimage"},"thumbnailUrl":"https:\/\/wp.ufpel.edu.br\/geoter\/files\/2021\/07\/PARTICIPANTES-DO-GRUPO-DE-ESTUDOS-GEOTER-23.png","datePublished":"2018-12-20T22:02:43+00:00","dateModified":"2021-08-23T12:36:55+00:00","breadcrumb":{"@id":"https:\/\/wp.ufpel.edu.br\/geoter\/?page_id=105#breadcrumb"},"inLanguage":"pt-BR","potentialAction":[{"@type":"ReadAction","target":["https:\/\/wp.ufpel.edu.br\/geoter\/?page_id=105"]}]},{"@type":"ImageObject","inLanguage":"pt-BR","@id":"https:\/\/wp.ufpel.edu.br\/geoter\/?page_id=105#primaryimage","url":"https:\/\/wp.ufpel.edu.br\/geoter\/files\/2021\/07\/PARTICIPANTES-DO-GRUPO-DE-ESTUDOS-GEOTER-23.png","contentUrl":"https:\/\/wp.ufpel.edu.br\/geoter\/files\/2021\/07\/PARTICIPANTES-DO-GRUPO-DE-ESTUDOS-GEOTER-23.png","width":500,"height":100},{"@type":"BreadcrumbList","@id":"https:\/\/wp.ufpel.edu.br\/geoter\/?page_id=105#breadcrumb","itemListElement":[{"@type":"ListItem","position":1,"name":"In\u00edcio","item":"https:\/\/wp.ufpel.edu.br\/geoter"},{"@type":"ListItem","position":2,"name":"Projetos","item":"https:\/\/wp.ufpel.edu.br\/geoter\/?page_id=97"},{"@type":"ListItem","position":3,"name":"Projetos de Pesquisa"}]},{"@type":"WebSite","@id":"https:\/\/wp.ufpel.edu.br\/geoter\/#website","url":"https:\/\/wp.ufpel.edu.br\/geoter\/","name":"GRUPO DE PESQUISA: GEOGRAFIA POL\u00cdTICA, GEOPOL\u00cdTICA E TERRITORIALIDADES","description":"TESTE","publisher":{"@id":"https:\/\/wp.ufpel.edu.br\/geoter\/#organization"},"potentialAction":[{"@type":"SearchAction","target":{"@type":"EntryPoint","urlTemplate":"https:\/\/wp.ufpel.edu.br\/geoter\/?s={search_term_string}"},"query-input":{"@type":"PropertyValueSpecification","valueRequired":true,"valueName":"search_term_string"}}],"inLanguage":"pt-BR"},{"@type":"Organization","@id":"https:\/\/wp.ufpel.edu.br\/geoter\/#organization","name":"GRUPO DE PESQUISA: GEOGRAFIA POL\u00cdTICA, GEOPOL\u00cdTICA E TERRITORIALIDADES","url":"https:\/\/wp.ufpel.edu.br\/geoter\/","logo":{"@type":"ImageObject","inLanguage":"pt-BR","@id":"https:\/\/wp.ufpel.edu.br\/geoter\/#\/schema\/logo\/image\/","url":"https:\/\/wp.ufpel.edu.br\/geoter\/files\/2021\/05\/imagem_2021-05-21_114443.png","contentUrl":"https:\/\/wp.ufpel.edu.br\/geoter\/files\/2021\/05\/imagem_2021-05-21_114443.png","width":796,"height":758,"caption":"GRUPO DE PESQUISA: GEOGRAFIA POL\u00cdTICA, GEOPOL\u00cdTICA E TERRITORIALIDADES"},"image":{"@id":"https:\/\/wp.ufpel.edu.br\/geoter\/#\/schema\/logo\/image\/"},"sameAs":["https:\/\/www.facebook.com\/GeoTerUFPEL"]}]}},"jetpack_sharing_enabled":true,"jetpack_shortlink":"https:\/\/wp.me\/PaQxRW-1H","_links":{"self":[{"href":"https:\/\/wp.ufpel.edu.br\/geoter\/index.php?rest_route=\/wp\/v2\/pages\/105","targetHints":{"allow":["GET"]}}],"collection":[{"href":"https:\/\/wp.ufpel.edu.br\/geoter\/index.php?rest_route=\/wp\/v2\/pages"}],"about":[{"href":"https:\/\/wp.ufpel.edu.br\/geoter\/index.php?rest_route=\/wp\/v2\/types\/page"}],"author":[{"embeddable":true,"href":"https:\/\/wp.ufpel.edu.br\/geoter\/index.php?rest_route=\/wp\/v2\/users\/895"}],"replies":[{"embeddable":true,"href":"https:\/\/wp.ufpel.edu.br\/geoter\/index.php?rest_route=%2Fwp%2Fv2%2Fcomments&post=105"}],"version-history":[{"count":5,"href":"https:\/\/wp.ufpel.edu.br\/geoter\/index.php?rest_route=\/wp\/v2\/pages\/105\/revisions"}],"predecessor-version":[{"id":811,"href":"https:\/\/wp.ufpel.edu.br\/geoter\/index.php?rest_route=\/wp\/v2\/pages\/105\/revisions\/811"}],"up":[{"embeddable":true,"href":"https:\/\/wp.ufpel.edu.br\/geoter\/index.php?rest_route=\/wp\/v2\/pages\/97"}],"wp:attachment":[{"href":"https:\/\/wp.ufpel.edu.br\/geoter\/index.php?rest_route=%2Fwp%2Fv2%2Fmedia&parent=105"}],"curies":[{"name":"wp","href":"https:\/\/api.w.org\/{rel}","templated":true}]}}