{"id":103,"date":"2018-12-20T20:02:09","date_gmt":"2018-12-20T22:02:09","guid":{"rendered":"https:\/\/wp.ufpel.edu.br\/geoter\/?page_id=103"},"modified":"2021-08-23T09:36:40","modified_gmt":"2021-08-23T12:36:40","slug":"projetos-de-extensao","status":"publish","type":"page","link":"https:\/\/wp.ufpel.edu.br\/geoter\/?page_id=103","title":{"rendered":"Projetos de Extens\u00e3o"},"content":{"rendered":"<p style=\"text-align: justify\">\u00a0 \u00a0 <img class=\"wp-image-742 aligncenter\" src=\"https:\/\/wp.ufpel.edu.br\/geoter\/files\/2021\/07\/PARTICIPANTES-DO-GRUPO-DE-ESTUDOS-GEOTER-18.png\" alt=\"\" width=\"685\" height=\"137\" srcset=\"https:\/\/wp.ufpel.edu.br\/geoter\/files\/2021\/07\/PARTICIPANTES-DO-GRUPO-DE-ESTUDOS-GEOTER-18.png 500w, https:\/\/wp.ufpel.edu.br\/geoter\/files\/2021\/07\/PARTICIPANTES-DO-GRUPO-DE-ESTUDOS-GEOTER-18-400x80.png 400w\" sizes=\"(max-width: 685px) 100vw, 685px\" \/><\/p>\n<p style=\"text-align: justify\">\u00a0 \u00a0 \u00a0 O Projeto de Extens\u00e3o denominado &#8220;<strong>Geografias em movimento&#8221;<\/strong> tem como objetivo a congrega\u00e7\u00e3o de alunos, professores e comunidade geral atrav\u00e9s da constru\u00e7\u00e3o de ciclos de debates com temas relacionados a ci\u00eancia geogr\u00e1fica, como, por exemplo: a Geopol\u00edtica mundial, crise ambiental, planejamento urbano e rural no munic\u00edpio de Pelotas, direito a cidade, feminismo e geografia, entre outras tantas tem\u00e1ticas que poder\u00e3o surgir. A busca pela integra\u00e7\u00e3o entre universidade e comunidade ocorre atrav\u00e9s de palestras, construindo um espa\u00e7o amplo de di\u00e1logos, trazendo as mais diversas matrizes do saber geogr\u00e1fico. Al\u00e9m disso, as mesmas s\u00e3o abertas \u00e0 comunidade (inclusive em espa\u00e7os f\u00edsicos n\u00e3o pertencentes a UFPel), visando a participa\u00e7\u00e3o direta e indireta dos mais diversos atores sociais.<\/p>\n<p style=\"text-align: justify\">\u00a0 \u00a0 \u00a0 \u00a0 <img class=\" wp-image-750 aligncenter\" src=\"https:\/\/wp.ufpel.edu.br\/geoter\/files\/2021\/07\/PARTICIPANTES-DO-GRUPO-DE-ESTUDOS-GEOTER-20.png\" alt=\"\" width=\"695\" height=\"139\" srcset=\"https:\/\/wp.ufpel.edu.br\/geoter\/files\/2021\/07\/PARTICIPANTES-DO-GRUPO-DE-ESTUDOS-GEOTER-20.png 500w, https:\/\/wp.ufpel.edu.br\/geoter\/files\/2021\/07\/PARTICIPANTES-DO-GRUPO-DE-ESTUDOS-GEOTER-20-400x80.png 400w\" sizes=\"(max-width: 695px) 100vw, 695px\" \/><\/p>\n<p style=\"text-align: justify\">\u00a0 \u00a0 \u00a0 \u00a0 <span style=\"font-family: arial, helvetica, sans-serif\">\u00a0 \u00a0 O presente projeto tem como intuito divulgar a comunidade acad\u00eamica e n\u00e3o acad\u00eamica o acesso a informa\u00e7\u00f5es sobre atividades de pesquisa, ensino e extens\u00e3o desenvolvidas no Grupo de Pesquisa: Geografia Pol\u00edtica, Geopol\u00edtica e Territorialidades. Este grupo disponibiliza acesso a artigos publicados em eventos, projetos de pesquisa, ensino e extens\u00e3o em andamento, atividades relacionadas ao grupo abertas a comunidade, agenda de eventos cient\u00edficos, entre outros. O site esta hospedado no seguinte dom\u00ednio: https:\/\/wp.ufpel.edu.br\/geoter\/<\/span><\/p>\n","protected":false},"excerpt":{"rendered":"<p>\u00a0 \u00a0 \u00a0 \u00a0 \u00a0 O Projeto de Extens\u00e3o denominado &#8220;Geografias em movimento&#8221; tem como objetivo a congrega\u00e7\u00e3o de alunos, professores e comunidade geral atrav\u00e9s da constru\u00e7\u00e3o de ciclos de debates com temas relacionados a ci\u00eancia geogr\u00e1fica, como, por exemplo: a Geopol\u00edtica mundial, crise ambiental, planejamento urbano e rural no munic\u00edpio de Pelotas, direito a [&hellip;]<\/p>\n","protected":false},"author":895,"featured_media":0,"parent":97,"menu_order":0,"comment_status":"closed","ping_status":"closed","template":"","meta":{"jetpack_post_was_ever_published":false,"footnotes":""},"class_list":["post-103","page","type-page","status-publish","hentry"],"yoast_head":"<!-- This site is optimized with the Yoast SEO plugin v26.7 - https:\/\/yoast.com\/wordpress\/plugins\/seo\/ -->\n<title>Projetos de Extens\u00e3o - GRUPO DE PESQUISA: GEOGRAFIA POL\u00cdTICA, GEOPOL\u00cdTICA E TERRITORIALIDADES<\/title>\n<meta name=\"robots\" content=\"index, follow, max-snippet:-1, max-image-preview:large, max-video-preview:-1\" \/>\n<link rel=\"canonical\" href=\"https:\/\/wp.ufpel.edu.br\/geoter\/?page_id=103\" \/>\n<meta property=\"og:locale\" content=\"pt_BR\" \/>\n<meta property=\"og:type\" content=\"article\" \/>\n<meta property=\"og:title\" content=\"Projetos de Extens\u00e3o - GRUPO DE PESQUISA: GEOGRAFIA POL\u00cdTICA, GEOPOL\u00cdTICA E TERRITORIALIDADES\" \/>\n<meta property=\"og:description\" content=\"\u00a0 \u00a0 \u00a0 \u00a0 \u00a0 O Projeto de Extens\u00e3o denominado &#8220;Geografias em movimento&#8221; tem como objetivo a congrega\u00e7\u00e3o de alunos, professores e comunidade geral atrav\u00e9s da constru\u00e7\u00e3o de ciclos de debates com temas relacionados a ci\u00eancia geogr\u00e1fica, como, por exemplo: a Geopol\u00edtica mundial, crise ambiental, planejamento urbano e rural no munic\u00edpio de Pelotas, direito a [&hellip;]\" \/>\n<meta property=\"og:url\" content=\"https:\/\/wp.ufpel.edu.br\/geoter\/?page_id=103\" \/>\n<meta property=\"og:site_name\" content=\"GRUPO DE PESQUISA: GEOGRAFIA POL\u00cdTICA, GEOPOL\u00cdTICA E TERRITORIALIDADES\" \/>\n<meta property=\"article:publisher\" content=\"https:\/\/www.facebook.com\/GeoTerUFPEL\" \/>\n<meta property=\"article:modified_time\" content=\"2021-08-23T12:36:40+00:00\" \/>\n<meta property=\"og:image\" content=\"https:\/\/wp.ufpel.edu.br\/geoter\/files\/2021\/07\/PARTICIPANTES-DO-GRUPO-DE-ESTUDOS-GEOTER-18.png\" \/>\n<meta name=\"twitter:card\" content=\"summary_large_image\" \/>\n<meta name=\"twitter:label1\" content=\"Est. tempo de leitura\" \/>\n\t<meta name=\"twitter:data1\" content=\"2 minutos\" \/>\n<script type=\"application\/ld+json\" class=\"yoast-schema-graph\">{\"@context\":\"https:\/\/schema.org\",\"@graph\":[{\"@type\":\"WebPage\",\"@id\":\"https:\/\/wp.ufpel.edu.br\/geoter\/?page_id=103\",\"url\":\"https:\/\/wp.ufpel.edu.br\/geoter\/?page_id=103\",\"name\":\"Projetos de Extens\u00e3o - GRUPO DE PESQUISA: GEOGRAFIA POL\u00cdTICA, GEOPOL\u00cdTICA E TERRITORIALIDADES\",\"isPartOf\":{\"@id\":\"https:\/\/wp.ufpel.edu.br\/geoter\/#website\"},\"primaryImageOfPage\":{\"@id\":\"https:\/\/wp.ufpel.edu.br\/geoter\/?page_id=103#primaryimage\"},\"image\":{\"@id\":\"https:\/\/wp.ufpel.edu.br\/geoter\/?page_id=103#primaryimage\"},\"thumbnailUrl\":\"https:\/\/wp.ufpel.edu.br\/geoter\/files\/2021\/07\/PARTICIPANTES-DO-GRUPO-DE-ESTUDOS-GEOTER-18.png\",\"datePublished\":\"2018-12-20T22:02:09+00:00\",\"dateModified\":\"2021-08-23T12:36:40+00:00\",\"breadcrumb\":{\"@id\":\"https:\/\/wp.ufpel.edu.br\/geoter\/?page_id=103#breadcrumb\"},\"inLanguage\":\"pt-BR\",\"potentialAction\":[{\"@type\":\"ReadAction\",\"target\":[\"https:\/\/wp.ufpel.edu.br\/geoter\/?page_id=103\"]}]},{\"@type\":\"ImageObject\",\"inLanguage\":\"pt-BR\",\"@id\":\"https:\/\/wp.ufpel.edu.br\/geoter\/?page_id=103#primaryimage\",\"url\":\"https:\/\/wp.ufpel.edu.br\/geoter\/files\/2021\/07\/PARTICIPANTES-DO-GRUPO-DE-ESTUDOS-GEOTER-18.png\",\"contentUrl\":\"https:\/\/wp.ufpel.edu.br\/geoter\/files\/2021\/07\/PARTICIPANTES-DO-GRUPO-DE-ESTUDOS-GEOTER-18.png\",\"width\":500,\"height\":100},{\"@type\":\"BreadcrumbList\",\"@id\":\"https:\/\/wp.ufpel.edu.br\/geoter\/?page_id=103#breadcrumb\",\"itemListElement\":[{\"@type\":\"ListItem\",\"position\":1,\"name\":\"In\u00edcio\",\"item\":\"https:\/\/wp.ufpel.edu.br\/geoter\"},{\"@type\":\"ListItem\",\"position\":2,\"name\":\"Projetos\",\"item\":\"https:\/\/wp.ufpel.edu.br\/geoter\/?page_id=97\"},{\"@type\":\"ListItem\",\"position\":3,\"name\":\"Projetos de Extens\u00e3o\"}]},{\"@type\":\"WebSite\",\"@id\":\"https:\/\/wp.ufpel.edu.br\/geoter\/#website\",\"url\":\"https:\/\/wp.ufpel.edu.br\/geoter\/\",\"name\":\"GRUPO DE PESQUISA: GEOGRAFIA POL\u00cdTICA, GEOPOL\u00cdTICA E TERRITORIALIDADES\",\"description\":\"TESTE\",\"publisher\":{\"@id\":\"https:\/\/wp.ufpel.edu.br\/geoter\/#organization\"},\"potentialAction\":[{\"@type\":\"SearchAction\",\"target\":{\"@type\":\"EntryPoint\",\"urlTemplate\":\"https:\/\/wp.ufpel.edu.br\/geoter\/?s={search_term_string}\"},\"query-input\":{\"@type\":\"PropertyValueSpecification\",\"valueRequired\":true,\"valueName\":\"search_term_string\"}}],\"inLanguage\":\"pt-BR\"},{\"@type\":\"Organization\",\"@id\":\"https:\/\/wp.ufpel.edu.br\/geoter\/#organization\",\"name\":\"GRUPO DE PESQUISA: GEOGRAFIA POL\u00cdTICA, GEOPOL\u00cdTICA E TERRITORIALIDADES\",\"url\":\"https:\/\/wp.ufpel.edu.br\/geoter\/\",\"logo\":{\"@type\":\"ImageObject\",\"inLanguage\":\"pt-BR\",\"@id\":\"https:\/\/wp.ufpel.edu.br\/geoter\/#\/schema\/logo\/image\/\",\"url\":\"https:\/\/wp.ufpel.edu.br\/geoter\/files\/2021\/05\/imagem_2021-05-21_114443.png\",\"contentUrl\":\"https:\/\/wp.ufpel.edu.br\/geoter\/files\/2021\/05\/imagem_2021-05-21_114443.png\",\"width\":796,\"height\":758,\"caption\":\"GRUPO DE PESQUISA: GEOGRAFIA POL\u00cdTICA, GEOPOL\u00cdTICA E TERRITORIALIDADES\"},\"image\":{\"@id\":\"https:\/\/wp.ufpel.edu.br\/geoter\/#\/schema\/logo\/image\/\"},\"sameAs\":[\"https:\/\/www.facebook.com\/GeoTerUFPEL\"]}]}<\/script>\n<!-- \/ Yoast SEO plugin. -->","yoast_head_json":{"title":"Projetos de Extens\u00e3o - GRUPO DE PESQUISA: GEOGRAFIA POL\u00cdTICA, GEOPOL\u00cdTICA E TERRITORIALIDADES","robots":{"index":"index","follow":"follow","max-snippet":"max-snippet:-1","max-image-preview":"max-image-preview:large","max-video-preview":"max-video-preview:-1"},"canonical":"https:\/\/wp.ufpel.edu.br\/geoter\/?page_id=103","og_locale":"pt_BR","og_type":"article","og_title":"Projetos de Extens\u00e3o - GRUPO DE PESQUISA: GEOGRAFIA POL\u00cdTICA, GEOPOL\u00cdTICA E TERRITORIALIDADES","og_description":"\u00a0 \u00a0 \u00a0 \u00a0 \u00a0 O Projeto de Extens\u00e3o denominado &#8220;Geografias em movimento&#8221; tem como objetivo a congrega\u00e7\u00e3o de alunos, professores e comunidade geral atrav\u00e9s da constru\u00e7\u00e3o de ciclos de debates com temas relacionados a ci\u00eancia geogr\u00e1fica, como, por exemplo: a Geopol\u00edtica mundial, crise ambiental, planejamento urbano e rural no munic\u00edpio de Pelotas, direito a [&hellip;]","og_url":"https:\/\/wp.ufpel.edu.br\/geoter\/?page_id=103","og_site_name":"GRUPO DE PESQUISA: GEOGRAFIA POL\u00cdTICA, GEOPOL\u00cdTICA E TERRITORIALIDADES","article_publisher":"https:\/\/www.facebook.com\/GeoTerUFPEL","article_modified_time":"2021-08-23T12:36:40+00:00","og_image":[{"url":"https:\/\/wp.ufpel.edu.br\/geoter\/files\/2021\/07\/PARTICIPANTES-DO-GRUPO-DE-ESTUDOS-GEOTER-18.png","type":"","width":"","height":""}],"twitter_card":"summary_large_image","twitter_misc":{"Est. tempo de leitura":"2 minutos"},"schema":{"@context":"https:\/\/schema.org","@graph":[{"@type":"WebPage","@id":"https:\/\/wp.ufpel.edu.br\/geoter\/?page_id=103","url":"https:\/\/wp.ufpel.edu.br\/geoter\/?page_id=103","name":"Projetos de Extens\u00e3o - GRUPO DE PESQUISA: GEOGRAFIA POL\u00cdTICA, GEOPOL\u00cdTICA E TERRITORIALIDADES","isPartOf":{"@id":"https:\/\/wp.ufpel.edu.br\/geoter\/#website"},"primaryImageOfPage":{"@id":"https:\/\/wp.ufpel.edu.br\/geoter\/?page_id=103#primaryimage"},"image":{"@id":"https:\/\/wp.ufpel.edu.br\/geoter\/?page_id=103#primaryimage"},"thumbnailUrl":"https:\/\/wp.ufpel.edu.br\/geoter\/files\/2021\/07\/PARTICIPANTES-DO-GRUPO-DE-ESTUDOS-GEOTER-18.png","datePublished":"2018-12-20T22:02:09+00:00","dateModified":"2021-08-23T12:36:40+00:00","breadcrumb":{"@id":"https:\/\/wp.ufpel.edu.br\/geoter\/?page_id=103#breadcrumb"},"inLanguage":"pt-BR","potentialAction":[{"@type":"ReadAction","target":["https:\/\/wp.ufpel.edu.br\/geoter\/?page_id=103"]}]},{"@type":"ImageObject","inLanguage":"pt-BR","@id":"https:\/\/wp.ufpel.edu.br\/geoter\/?page_id=103#primaryimage","url":"https:\/\/wp.ufpel.edu.br\/geoter\/files\/2021\/07\/PARTICIPANTES-DO-GRUPO-DE-ESTUDOS-GEOTER-18.png","contentUrl":"https:\/\/wp.ufpel.edu.br\/geoter\/files\/2021\/07\/PARTICIPANTES-DO-GRUPO-DE-ESTUDOS-GEOTER-18.png","width":500,"height":100},{"@type":"BreadcrumbList","@id":"https:\/\/wp.ufpel.edu.br\/geoter\/?page_id=103#breadcrumb","itemListElement":[{"@type":"ListItem","position":1,"name":"In\u00edcio","item":"https:\/\/wp.ufpel.edu.br\/geoter"},{"@type":"ListItem","position":2,"name":"Projetos","item":"https:\/\/wp.ufpel.edu.br\/geoter\/?page_id=97"},{"@type":"ListItem","position":3,"name":"Projetos de Extens\u00e3o"}]},{"@type":"WebSite","@id":"https:\/\/wp.ufpel.edu.br\/geoter\/#website","url":"https:\/\/wp.ufpel.edu.br\/geoter\/","name":"GRUPO DE PESQUISA: GEOGRAFIA POL\u00cdTICA, GEOPOL\u00cdTICA E TERRITORIALIDADES","description":"TESTE","publisher":{"@id":"https:\/\/wp.ufpel.edu.br\/geoter\/#organization"},"potentialAction":[{"@type":"SearchAction","target":{"@type":"EntryPoint","urlTemplate":"https:\/\/wp.ufpel.edu.br\/geoter\/?s={search_term_string}"},"query-input":{"@type":"PropertyValueSpecification","valueRequired":true,"valueName":"search_term_string"}}],"inLanguage":"pt-BR"},{"@type":"Organization","@id":"https:\/\/wp.ufpel.edu.br\/geoter\/#organization","name":"GRUPO DE PESQUISA: GEOGRAFIA POL\u00cdTICA, GEOPOL\u00cdTICA E TERRITORIALIDADES","url":"https:\/\/wp.ufpel.edu.br\/geoter\/","logo":{"@type":"ImageObject","inLanguage":"pt-BR","@id":"https:\/\/wp.ufpel.edu.br\/geoter\/#\/schema\/logo\/image\/","url":"https:\/\/wp.ufpel.edu.br\/geoter\/files\/2021\/05\/imagem_2021-05-21_114443.png","contentUrl":"https:\/\/wp.ufpel.edu.br\/geoter\/files\/2021\/05\/imagem_2021-05-21_114443.png","width":796,"height":758,"caption":"GRUPO DE PESQUISA: GEOGRAFIA POL\u00cdTICA, GEOPOL\u00cdTICA E TERRITORIALIDADES"},"image":{"@id":"https:\/\/wp.ufpel.edu.br\/geoter\/#\/schema\/logo\/image\/"},"sameAs":["https:\/\/www.facebook.com\/GeoTerUFPEL"]}]}},"jetpack_sharing_enabled":true,"jetpack_shortlink":"https:\/\/wp.me\/PaQxRW-1F","_links":{"self":[{"href":"https:\/\/wp.ufpel.edu.br\/geoter\/index.php?rest_route=\/wp\/v2\/pages\/103","targetHints":{"allow":["GET"]}}],"collection":[{"href":"https:\/\/wp.ufpel.edu.br\/geoter\/index.php?rest_route=\/wp\/v2\/pages"}],"about":[{"href":"https:\/\/wp.ufpel.edu.br\/geoter\/index.php?rest_route=\/wp\/v2\/types\/page"}],"author":[{"embeddable":true,"href":"https:\/\/wp.ufpel.edu.br\/geoter\/index.php?rest_route=\/wp\/v2\/users\/895"}],"replies":[{"embeddable":true,"href":"https:\/\/wp.ufpel.edu.br\/geoter\/index.php?rest_route=%2Fwp%2Fv2%2Fcomments&post=103"}],"version-history":[{"count":4,"href":"https:\/\/wp.ufpel.edu.br\/geoter\/index.php?rest_route=\/wp\/v2\/pages\/103\/revisions"}],"predecessor-version":[{"id":810,"href":"https:\/\/wp.ufpel.edu.br\/geoter\/index.php?rest_route=\/wp\/v2\/pages\/103\/revisions\/810"}],"up":[{"embeddable":true,"href":"https:\/\/wp.ufpel.edu.br\/geoter\/index.php?rest_route=\/wp\/v2\/pages\/97"}],"wp:attachment":[{"href":"https:\/\/wp.ufpel.edu.br\/geoter\/index.php?rest_route=%2Fwp%2Fv2%2Fmedia&parent=103"}],"curies":[{"name":"wp","href":"https:\/\/api.w.org\/{rel}","templated":true}]}}