{"id":79,"date":"2020-08-26T23:29:43","date_gmt":"2020-08-27T02:29:43","guid":{"rendered":"https:\/\/wp.ufpel.edu.br\/geotechidrica\/?page_id=79"},"modified":"2021-04-09T10:35:51","modified_gmt":"2021-04-09T13:35:51","slug":"o-lab","status":"publish","type":"page","link":"https:\/\/wp.ufpel.edu.br\/geotechidrica\/o-lab\/","title":{"rendered":"O Laborat\u00f3rio de Geotecnologias"},"content":{"rendered":"<p>O Laborat\u00f3rio de Geotecnologias do Curso de Engenharia H\u00eddrica (Geotec H\u00eddrica) tem como meta a aplica\u00e7\u00e3o de sensoriamento remoto e geoprocessamento na investiga\u00e7\u00e3o dos recursos h\u00eddricos, em especial, da qualidade das \u00e1guas interiores.<\/p>\n<p><a href=\"https:\/\/wp.ufpel.edu.br\/cdtec\/\"><img loading=\"lazy\" decoding=\"async\" src=\"https:\/\/wp.ufpel.edu.br\/geotechidrica\/files\/2021\/04\/cdteclogo-400x129.png\" alt=\"\" width=\"300\" height=\"97\" class=\"alignnone size-medium wp-image-339\" srcset=\"https:\/\/wp.ufpel.edu.br\/geotechidrica\/files\/2021\/04\/cdteclogo-400x129.png 400w, https:\/\/wp.ufpel.edu.br\/geotechidrica\/files\/2021\/04\/cdteclogo-1024x330.png 1024w, https:\/\/wp.ufpel.edu.br\/geotechidrica\/files\/2021\/04\/cdteclogo-768x248.png 768w, https:\/\/wp.ufpel.edu.br\/geotechidrica\/files\/2021\/04\/cdteclogo-1536x495.png 1536w, https:\/\/wp.ufpel.edu.br\/geotechidrica\/files\/2021\/04\/cdteclogo-750x242.png 750w, https:\/\/wp.ufpel.edu.br\/geotechidrica\/files\/2021\/04\/cdteclogo.png 2013w\" sizes=\"auto, (max-width: 300px) 100vw, 300px\" \/><\/a><\/p>\n","protected":false},"excerpt":{"rendered":"<p>O Laborat\u00f3rio de Geotecnologias do Curso de Engenharia H\u00eddrica (Geotec H\u00eddrica) tem como meta a aplica\u00e7\u00e3o de sensoriamento remoto e geoprocessamento na investiga\u00e7\u00e3o dos recursos h\u00eddricos, em especial, da qualidade das \u00e1guas interiores.<\/p>\n","protected":false},"author":1066,"featured_media":0,"parent":0,"menu_order":0,"comment_status":"closed","ping_status":"closed","template":"","meta":{"footnotes":""},"class_list":["post-79","page","type-page","status-publish","hentry","nodate","item-wrap"],"_links":{"self":[{"href":"https:\/\/wp.ufpel.edu.br\/geotechidrica\/wp-json\/wp\/v2\/pages\/79","targetHints":{"allow":["GET"]}}],"collection":[{"href":"https:\/\/wp.ufpel.edu.br\/geotechidrica\/wp-json\/wp\/v2\/pages"}],"about":[{"href":"https:\/\/wp.ufpel.edu.br\/geotechidrica\/wp-json\/wp\/v2\/types\/page"}],"author":[{"embeddable":true,"href":"https:\/\/wp.ufpel.edu.br\/geotechidrica\/wp-json\/wp\/v2\/users\/1066"}],"replies":[{"embeddable":true,"href":"https:\/\/wp.ufpel.edu.br\/geotechidrica\/wp-json\/wp\/v2\/comments?post=79"}],"version-history":[{"count":5,"href":"https:\/\/wp.ufpel.edu.br\/geotechidrica\/wp-json\/wp\/v2\/pages\/79\/revisions"}],"predecessor-version":[{"id":340,"href":"https:\/\/wp.ufpel.edu.br\/geotechidrica\/wp-json\/wp\/v2\/pages\/79\/revisions\/340"}],"wp:attachment":[{"href":"https:\/\/wp.ufpel.edu.br\/geotechidrica\/wp-json\/wp\/v2\/media?parent=79"}],"curies":[{"name":"wp","href":"https:\/\/api.w.org\/{rel}","templated":true}]}}