{"id":76,"date":"2020-08-26T23:26:50","date_gmt":"2020-08-27T02:26:50","guid":{"rendered":"https:\/\/wp.ufpel.edu.br\/geotechidrica\/?page_id=76"},"modified":"2021-04-19T12:26:52","modified_gmt":"2021-04-19T15:26:52","slug":"ensino","status":"publish","type":"page","link":"https:\/\/wp.ufpel.edu.br\/geotechidrica\/ensino\/","title":{"rendered":"Ensino"},"content":{"rendered":"<p><strong>2020 &#8211; Elabora\u00e7\u00e3o de material pr\u00e1tico para o ensino de Geotecnologias<\/strong><\/p>\n<p>Descri\u00e7\u00e3o: Elabora\u00e7\u00e3o de material pr\u00e1tico na \u00e1rea de Geotecnologias aplicadas aos recursos h\u00eddricos de forma a atualizar o conte\u00fado program\u00e1tico e aumentar o interesse e o desempenho dos alunos nas disciplinas relacionadas \u00e0s Geotecnologias do curso de Engenharia H\u00eddrica.<\/p>\n<p>Felipe de Lucia Lobo &#8211; Coordenador<\/p>\n","protected":false},"excerpt":{"rendered":"<p>2020 &#8211; Elabora\u00e7\u00e3o de material pr\u00e1tico para o ensino de Geotecnologias Descri\u00e7\u00e3o: Elabora\u00e7\u00e3o de material pr\u00e1tico na \u00e1rea de Geotecnologias aplicadas aos recursos h\u00eddricos de forma a atualizar o conte\u00fado program\u00e1tico e aumentar o interesse e o desempenho dos alunos nas disciplinas relacionadas \u00e0s Geotecnologias do curso de Engenharia H\u00eddrica. Felipe de Lucia Lobo &#8211; &hellip; <\/p>\n<p><a class=\"more-link btn\" href=\"https:\/\/wp.ufpel.edu.br\/geotechidrica\/ensino\/\">Continue lendo<\/a><\/p>\n","protected":false},"author":1066,"featured_media":0,"parent":0,"menu_order":0,"comment_status":"closed","ping_status":"closed","template":"","meta":{"footnotes":""},"class_list":["post-76","page","type-page","status-publish","hentry","nodate","item-wrap"],"_links":{"self":[{"href":"https:\/\/wp.ufpel.edu.br\/geotechidrica\/wp-json\/wp\/v2\/pages\/76","targetHints":{"allow":["GET"]}}],"collection":[{"href":"https:\/\/wp.ufpel.edu.br\/geotechidrica\/wp-json\/wp\/v2\/pages"}],"about":[{"href":"https:\/\/wp.ufpel.edu.br\/geotechidrica\/wp-json\/wp\/v2\/types\/page"}],"author":[{"embeddable":true,"href":"https:\/\/wp.ufpel.edu.br\/geotechidrica\/wp-json\/wp\/v2\/users\/1066"}],"replies":[{"embeddable":true,"href":"https:\/\/wp.ufpel.edu.br\/geotechidrica\/wp-json\/wp\/v2\/comments?post=76"}],"version-history":[{"count":8,"href":"https:\/\/wp.ufpel.edu.br\/geotechidrica\/wp-json\/wp\/v2\/pages\/76\/revisions"}],"predecessor-version":[{"id":392,"href":"https:\/\/wp.ufpel.edu.br\/geotechidrica\/wp-json\/wp\/v2\/pages\/76\/revisions\/392"}],"wp:attachment":[{"href":"https:\/\/wp.ufpel.edu.br\/geotechidrica\/wp-json\/wp\/v2\/media?parent=76"}],"curies":[{"name":"wp","href":"https:\/\/api.w.org\/{rel}","templated":true}]}}