{"id":497,"date":"2021-05-17T04:06:12","date_gmt":"2021-05-17T07:06:12","guid":{"rendered":"https:\/\/wp.ufpel.edu.br\/geotechidrica\/?page_id=497"},"modified":"2021-08-21T18:46:12","modified_gmt":"2021-08-21T21:46:12","slug":"apostilas","status":"publish","type":"page","link":"https:\/\/wp.ufpel.edu.br\/geotechidrica\/apostilas\/","title":{"rendered":"Apostilas"},"content":{"rendered":"<p><strong>INTRODU\u00c7\u00c3O AO GOOGLE EARTH ENGINE<\/strong><\/p>\n<div id=\"attachment_579\" style=\"width: 400px\" class=\"wp-caption alignright\"><a href=\"https:\/\/wp.ufpel.edu.br\/geotechidrica\/files\/2021\/05\/ApostilaGEE2020.pdf\"><img loading=\"lazy\" decoding=\"async\" aria-describedby=\"caption-attachment-579\" class=\"wp-image-579 size-medium\" src=\"https:\/\/wp.ufpel.edu.br\/geotechidrica\/files\/2021\/08\/intro-400x159.png\" alt=\"\" width=\"400\" height=\"159\" srcset=\"https:\/\/wp.ufpel.edu.br\/geotechidrica\/files\/2021\/08\/intro-400x159.png 400w, https:\/\/wp.ufpel.edu.br\/geotechidrica\/files\/2021\/08\/intro.png 485w\" sizes=\"auto, (max-width: 400px) 100vw, 400px\" \/><\/a><p id=\"caption-attachment-579\" class=\"wp-caption-text\">Download PDF<\/p><\/div>\n<p><em>EMENTA<\/em><br \/>\nIntrodu\u00e7\u00e3o \u00e0 principal plataforma de processamento de dados geogr\u00e1ficos com computa\u00e7\u00e3o em nuvem: Google Earth Engine (GEE). Trata-se de uma plataforma que com alta capacidade de armazenamento e processamento de imagens de sat\u00e9lites permite ao usu\u00e1rio realizar diversas an\u00e1lises espa\u00e7o-temporais, a n\u00edvel regional e global, com velocidade muito maior do que com \u00e0s t\u00e9cnicas de SIG convencionais. Nesse curso ser\u00e3o introduzidas t\u00e9cnicas de programa\u00e7\u00e3o em JavaScript (linguagem do GEE) para o aluno desenvolver a capacidade de aplicar essa ferramenta em diversos projetos e trabalhos.<\/p>\n<p><em>OBJETIVOS<\/em><br \/>\n\u2022 Desenvolver aspectos conceituais e pr\u00e1ticos relacionados ao uso do GEE em geoprocessamento com \u00eanfase em recursos h\u00eddricos.<br \/>\n\u2022 Caracterizar a plataforma GEE e organiza\u00e7\u00e3o dos dados espaciais (imagens de sat\u00e9lites e dados vetoriais).<br \/>\n\u2022 Introduzir a estrutura da linguagem de programa\u00e7\u00e3o em JavaScript<br \/>\n\u2022 Apresentar diferentes possibilidades de aquisi\u00e7\u00e3o, manipula\u00e7\u00e3o, integra\u00e7\u00e3o de dados, e gera\u00e7\u00e3o de resultados\/informa\u00e7\u00f5es.<\/p>\n","protected":false},"excerpt":{"rendered":"<p>INTRODU\u00c7\u00c3O AO GOOGLE EARTH ENGINE EMENTA Introdu\u00e7\u00e3o \u00e0 principal plataforma de processamento de dados geogr\u00e1ficos com computa\u00e7\u00e3o em nuvem: Google Earth Engine (GEE). Trata-se de uma plataforma que com alta capacidade de armazenamento e processamento de imagens de sat\u00e9lites permite ao usu\u00e1rio realizar diversas an\u00e1lises espa\u00e7o-temporais, a n\u00edvel regional e global, com velocidade muito maior &hellip; <\/p>\n<p><a class=\"more-link btn\" href=\"https:\/\/wp.ufpel.edu.br\/geotechidrica\/apostilas\/\">Continue lendo<\/a><\/p>\n","protected":false},"author":1066,"featured_media":0,"parent":0,"menu_order":0,"comment_status":"closed","ping_status":"closed","template":"","meta":{"footnotes":""},"class_list":["post-497","page","type-page","status-publish","hentry","nodate","item-wrap"],"_links":{"self":[{"href":"https:\/\/wp.ufpel.edu.br\/geotechidrica\/wp-json\/wp\/v2\/pages\/497","targetHints":{"allow":["GET"]}}],"collection":[{"href":"https:\/\/wp.ufpel.edu.br\/geotechidrica\/wp-json\/wp\/v2\/pages"}],"about":[{"href":"https:\/\/wp.ufpel.edu.br\/geotechidrica\/wp-json\/wp\/v2\/types\/page"}],"author":[{"embeddable":true,"href":"https:\/\/wp.ufpel.edu.br\/geotechidrica\/wp-json\/wp\/v2\/users\/1066"}],"replies":[{"embeddable":true,"href":"https:\/\/wp.ufpel.edu.br\/geotechidrica\/wp-json\/wp\/v2\/comments?post=497"}],"version-history":[{"count":5,"href":"https:\/\/wp.ufpel.edu.br\/geotechidrica\/wp-json\/wp\/v2\/pages\/497\/revisions"}],"predecessor-version":[{"id":581,"href":"https:\/\/wp.ufpel.edu.br\/geotechidrica\/wp-json\/wp\/v2\/pages\/497\/revisions\/581"}],"wp:attachment":[{"href":"https:\/\/wp.ufpel.edu.br\/geotechidrica\/wp-json\/wp\/v2\/media?parent=497"}],"curies":[{"name":"wp","href":"https:\/\/api.w.org\/{rel}","templated":true}]}}