{"id":15,"date":"2020-08-26T15:23:31","date_gmt":"2020-08-26T18:23:31","guid":{"rendered":"https:\/\/wp.ufpel.edu.br\/geotechidrica\/?page_id=15"},"modified":"2021-04-25T23:10:04","modified_gmt":"2021-04-26T02:10:04","slug":"projetos-de-pesquisa","status":"publish","type":"page","link":"https:\/\/wp.ufpel.edu.br\/geotechidrica\/projetos-de-pesquisa\/","title":{"rendered":"Pesquisa"},"content":{"rendered":"<p><strong>2020 \u2013 Atual<\/strong> <strong>Alert system for Algal Bloom detection in inland waters of Latin America (<a href=\"https:\/\/earthobservations.org\/article.php?id=447\">GEOS-GEE<\/a>)<\/strong><\/p>\n<p>Descri\u00e7\u00e3o: GEOS-GEE: In a collaboration of several institutions and organizations, this project proposes the use of GEE to map AlgaeBloom over the main water bodies and reservoirs in Latin America. The proposed methodology has been developed over the last two years based on in situ measurements. First, we intend to apply the methodology to areas where in situ data is available for validation purposes, called pilot sites. Once the approach is developed and validated using pilot sites, the method will be transferred to stakeholders at several levels to provide AB information for main water bodies\/reservoirs in Latin America..<br \/>\nSitua\u00e7\u00e3o: Em andamento; Natureza: Pesquisa.<br \/>\nAlunos envolvidos: Gradua\u00e7\u00e3o: (2) \/ Mestrado acad\u00eamico: (1) \/ Doutorado: (1) .<\/p>\n<p>Felipe de Lucia Lobo &#8211; Coordenador<\/p>\n<p>&nbsp;<\/p>\n<p><strong>2019 \u2013 Atual<\/strong> <strong>Monitoramento da qualidade da \u00e1gua em Portos e Hidrovias utilizando imagens de Drones e sat\u00e9lites.<br \/>\n<\/strong><\/p>\n<p>Descri\u00e7\u00e3o: Os ve\u00edculos a\u00e9reos n\u00e3o tripulados (VANTs) fornecem um meio eficiente e econ\u00f4mico de monitorar a qualidade da \u00e1gua costeira, al\u00e9m de responder a pequenos e grandes eventos de perturba\u00e7\u00e3o. Avan\u00e7os recentes no processamento de imagens com o uso de c\u00e2meras multiespectrais ou hiperespectrais indicam o uso de VANTs para avaliar fen\u00f4menos espec\u00edficos, como efeitos de movimentos de navios ou re-suspens\u00e3o causadas por dragagens (Zeng, Richardson, and King 2017)..<br \/>\nSitua\u00e7\u00e3o: Em andamento; Natureza: Pesquisa.<br \/>\nAlunos envolvidos: Mestrado acad\u00eamico: (1) .<\/p>\n<p>Felipe de Lucia Lobo &#8211; Coordenador<br \/>\n&nbsp;<\/p>\n","protected":false},"excerpt":{"rendered":"<p>2020 \u2013 Atual Alert system for Algal Bloom detection in inland waters of Latin America (GEOS-GEE) Descri\u00e7\u00e3o: GEOS-GEE: In a collaboration of several institutions and organizations, this project proposes the use of GEE to map AlgaeBloom over the main water bodies and reservoirs in Latin America. The proposed methodology has been developed over the last &hellip; <\/p>\n<p><a class=\"more-link btn\" href=\"https:\/\/wp.ufpel.edu.br\/geotechidrica\/projetos-de-pesquisa\/\">Continue lendo<\/a><\/p>\n","protected":false},"author":1066,"featured_media":0,"parent":0,"menu_order":0,"comment_status":"closed","ping_status":"closed","template":"","meta":{"footnotes":""},"class_list":["post-15","page","type-page","status-publish","hentry","nodate","item-wrap"],"_links":{"self":[{"href":"https:\/\/wp.ufpel.edu.br\/geotechidrica\/wp-json\/wp\/v2\/pages\/15","targetHints":{"allow":["GET"]}}],"collection":[{"href":"https:\/\/wp.ufpel.edu.br\/geotechidrica\/wp-json\/wp\/v2\/pages"}],"about":[{"href":"https:\/\/wp.ufpel.edu.br\/geotechidrica\/wp-json\/wp\/v2\/types\/page"}],"author":[{"embeddable":true,"href":"https:\/\/wp.ufpel.edu.br\/geotechidrica\/wp-json\/wp\/v2\/users\/1066"}],"replies":[{"embeddable":true,"href":"https:\/\/wp.ufpel.edu.br\/geotechidrica\/wp-json\/wp\/v2\/comments?post=15"}],"version-history":[{"count":14,"href":"https:\/\/wp.ufpel.edu.br\/geotechidrica\/wp-json\/wp\/v2\/pages\/15\/revisions"}],"predecessor-version":[{"id":447,"href":"https:\/\/wp.ufpel.edu.br\/geotechidrica\/wp-json\/wp\/v2\/pages\/15\/revisions\/447"}],"wp:attachment":[{"href":"https:\/\/wp.ufpel.edu.br\/geotechidrica\/wp-json\/wp\/v2\/media?parent=15"}],"curies":[{"name":"wp","href":"https:\/\/api.w.org\/{rel}","templated":true}]}}