{"id":107,"date":"2020-08-27T00:38:30","date_gmt":"2020-08-27T03:38:30","guid":{"rendered":"https:\/\/wp.ufpel.edu.br\/geotechidrica\/?page_id=107"},"modified":"2022-10-03T15:07:46","modified_gmt":"2022-10-03T18:07:46","slug":"publicacoes-3","status":"publish","type":"page","link":"https:\/\/wp.ufpel.edu.br\/geotechidrica\/publicacoes-3\/","title":{"rendered":"Publica\u00e7\u00f5es"},"content":{"rendered":"<p><strong>2021<\/strong><\/p>\n<p>Lobo, F.d.L.; Nagel, G.W.; Maciel, D.A.; Carvalho, L.A.S.d.; Martins, V.S.; Barbosa, C.C.F.; Novo, E.M.L.d.M. AlgaeMAp: Algae Bloom Monitoring Application for Inland Waters in Latin America.\u00a0Remote Sens.\u00a02021,\u00a013, 2874. https:\/\/doi.org\/10.3390\/rs13152874 (<a href=\"https:\/\/wp.ufpel.edu.br\/geotechidrica\/files\/2021\/07\/remotesensing-13-02874.pdf\"><strong>PDF<\/strong><\/a>)<\/p>\n<p>Sinotti, J. Avalia\u00e7\u00e3o da qualidade ambiental e da expans\u00e3o de macr\u00f3fitas aqu\u00e1ticas em represas do munic\u00edpio de Caxias do Sul &#8211; RS. Trabalho de Conclus\u00e3o de Curso (TCC).\u00a0Centro de Desenvolvimento Tecnol\u00f3gico,\u00a0Engenharia H\u00eddrica. Julho, 2021. (<a href=\"https:\/\/wp.ufpel.edu.br\/geotechidrica\/files\/2021\/08\/TCC_JulianoSinotti_2021.pdf\">PDF<\/a>).<\/p>\n<p>Santos, E. R. Monitoramento da qualidade da \u00e1gua da Lagoa Mirim utilizando imagens de sat\u00e9lite para detec\u00e7\u00e3o do NDCI e estimativa de clorofila-a. Trabalho de Conclus\u00e3o de Curso (TCC). Centro de Desenvolvimento Tecnol\u00f3gico, Engenharia H\u00eddrica. Julho, 2021. (<a href=\"https:\/\/wp.ufpel.edu.br\/geotechidrica\/files\/2021\/08\/TCC-Edgar-Ramalho-Santos-1.pdf\">PDF<\/a>).<\/p>\n<p>Silva, E.F.F;\u00a0 Novo, E.M.L.d.M., Lobo, F.d.L.;\u00a0 Barbosa, C.C.F., Cairo, C. T.; Noernberg, M. A.; Rotta, L. H.\u00a0A machine learning approach for monitoring Brazilian optical water types using Sentinel-2 MSI, Remote\u00a0 Sensing Applications: Society and Environment, Volume 23, 2021, 100577, ISSN 2352-9385.\u00a0<strong><a href=\"https:\/\/www.sciencedirect.com\/science\/article\/abs\/pii\/S2352938521001130\">Link<\/a><\/strong><\/p>\n<p><strong>2020<\/strong><\/p>\n<p>Maciel, Daniel Andrade ; Novo, Evlyn M\u00e1rcia Le\u00e3o de Moraes ; Barbosa, Cl\u00e1udio Clemente Faria ; Martins, Vitor Souza ; Flores J\u00fanior, Rog\u00e9rio ; Oliveira, Afonso Henrique ; Sander De Carvalho, Lino Augusto ; Lobo, Felipe de Lucia . Evaluating the potential of CubeSats for remote sensing reflectance retrieval over inland waters. INTERNATIONAL JOURNAL OF REMOTE SENSING, v. 41, p. 2807-2817, 2020. <a href=\"http:\/\/dx.doi.org\/10.1080\/2150704x.2019.1697003\"><strong>Link<\/strong><\/a><\/p>\n<p>Cairo, Carolline ; Barbosa, Claudio ; Lobo, Felipe ; Novo, Evlyn ; Carlos, Felipe ; Maciel, Daniel ; Flores J\u00fanior, Rog\u00e9rio ; Silva, Edson ; Curtarelli, Victor . Hybrid Chlorophyll-a Algorithm for Assessing Trophic States of a Tropical Brazilian Reservoir Based on MSI\/Sentinel-2 Data. Remote Sensing, v. 12, p. 40, 2020. <a href=\"http:\/\/dx.doi.org\/10.3390\/rs12010040\"><strong>Link<\/strong><\/a><br \/>\nCita\u00e7\u00f5es:2<\/p>\n<p>Da Silva, Edson Filisbino Freire ; Novo, Evlyn M\u00e1rcia Le\u00e3o de Moraes ; Lobo, Felipe de Lucia ; Barbosa, Claudio Clemente Faria ; Noernberg, Mauricio Almeida ; Rotta, Luiz Henrique Da Silva ; Cairo, Carolline Tressmann ; Maciel, Daniel Andrade ; Flores J\u00fanior, Rog\u00e9rio . Optical water types found in Brazilian waters. LIMNOLOGY, v. 1, p. 1, 2020. <a href=\"http:\/\/dx.doi.org\/10.1007\/s10201-020-00633-z\">Link<\/a><\/p>\n<p><strong>2019<\/strong><\/p>\n<p>Martins, Vitor ; Barbosa, Blaudio ; novo, e. M. M. ; Lobo, F. L. . Remote sensing of large reservoir in the drought years: Implications on surface water change and turbidity variability of Sobradinho reservoir (Northeast Brazil). Remote Sensing Applications: Society and Environment, v. 13, p. 275-288, 2019. <a href=\"http:\/\/dx.doi.org\/10.1016\/j.rsase.2018.11.006\"><strong>Link<\/strong><\/a><\/p>\n<p>Andrade Abe, Camila ; de Lucia Lobo, Felipe ; Novo, Evlyn M\u00e1rcia Le\u00e3o de Moraes ; Costa, Maycira ; Dibike, Yonas . Modeling the effects of land cover change on sediment concentrations in a gold-mined Amazonian basin. Regional Environmental Change, v. 1, p. 1, 2019. <a href=\"http:\/\/dx.doi.org\/10.1007\/s10113-019-01513-8\"><strong>Link<\/strong><\/a><\/p>\n<p>Maciel, Daniel ; Novo, Evlyn ; Sander De Carvalho, Lino ; Barbosa, Cl\u00e1udio ; Flores J\u00fanior, Rog\u00e9rio ; de Lucia Lobo, Felipe . Retrieving Total and Inorganic Suspended Sediments in Amazon Floodplain Lakes: A Multisensor Approach. Remote Sensing, v. 11, p. 1744, 2019. <a href=\"http:\/\/dx.doi.org\/10.3390\/rs11151744\"><strong>Link<\/strong><\/a><\/p>\n<p><strong>Material auxiliar<\/strong><\/p>\n<p><a href=\"http:\/\/www.dpi.inpe.br\/labisa\/livro\/\"><img loading=\"lazy\" decoding=\"async\" class=\"http:\/\/www.dpi.inpe.br\/labisa\/livro\/ alignnone wp-image-57 size-full\" src=\"https:\/\/wp.ufpel.edu.br\/geotechidrica\/files\/2020\/08\/livro.jpg\" alt=\"http:\/\/www.dpi.inpe.br\/labisa\/livro\/\" width=\"189\" height=\"268\" \/> \u00a0 \u00a0<\/a><\/p>\n","protected":false},"excerpt":{"rendered":"<p>2021 Lobo, F.d.L.; Nagel, G.W.; Maciel, D.A.; Carvalho, L.A.S.d.; Martins, V.S.; Barbosa, C.C.F.; Novo, E.M.L.d.M. AlgaeMAp: Algae Bloom Monitoring Application for Inland Waters in Latin America.\u00a0Remote Sens.\u00a02021,\u00a013, 2874. https:\/\/doi.org\/10.3390\/rs13152874 (PDF) Sinotti, J. Avalia\u00e7\u00e3o da qualidade ambiental e da expans\u00e3o de macr\u00f3fitas aqu\u00e1ticas em represas do munic\u00edpio de Caxias do Sul &#8211; RS. Trabalho de Conclus\u00e3o &hellip; <\/p>\n<p><a class=\"more-link btn\" href=\"https:\/\/wp.ufpel.edu.br\/geotechidrica\/publicacoes-3\/\">Continue lendo<\/a><\/p>\n","protected":false},"author":1066,"featured_media":0,"parent":0,"menu_order":0,"comment_status":"closed","ping_status":"closed","template":"","meta":{"footnotes":""},"class_list":["post-107","page","type-page","status-publish","hentry","nodate","item-wrap"],"_links":{"self":[{"href":"https:\/\/wp.ufpel.edu.br\/geotechidrica\/wp-json\/wp\/v2\/pages\/107","targetHints":{"allow":["GET"]}}],"collection":[{"href":"https:\/\/wp.ufpel.edu.br\/geotechidrica\/wp-json\/wp\/v2\/pages"}],"about":[{"href":"https:\/\/wp.ufpel.edu.br\/geotechidrica\/wp-json\/wp\/v2\/types\/page"}],"author":[{"embeddable":true,"href":"https:\/\/wp.ufpel.edu.br\/geotechidrica\/wp-json\/wp\/v2\/users\/1066"}],"replies":[{"embeddable":true,"href":"https:\/\/wp.ufpel.edu.br\/geotechidrica\/wp-json\/wp\/v2\/comments?post=107"}],"version-history":[{"count":13,"href":"https:\/\/wp.ufpel.edu.br\/geotechidrica\/wp-json\/wp\/v2\/pages\/107\/revisions"}],"predecessor-version":[{"id":627,"href":"https:\/\/wp.ufpel.edu.br\/geotechidrica\/wp-json\/wp\/v2\/pages\/107\/revisions\/627"}],"wp:attachment":[{"href":"https:\/\/wp.ufpel.edu.br\/geotechidrica\/wp-json\/wp\/v2\/media?parent=107"}],"curies":[{"name":"wp","href":"https:\/\/api.w.org\/{rel}","templated":true}]}}