{"id":81,"date":"2020-10-12T19:25:07","date_gmt":"2020-10-12T22:25:07","guid":{"rendered":"https:\/\/wp.ufpel.edu.br\/geos\/?page_id=81"},"modified":"2020-10-12T22:16:06","modified_gmt":"2020-10-13T01:16:06","slug":"extensao-geolud","status":"publish","type":"page","link":"https:\/\/wp.ufpel.edu.br\/geos\/extensao-geolud\/","title":{"rendered":"Extens\u00e3o &#8211; GEOLUD"},"content":{"rendered":"<p><strong> A Utiliza\u00e7\u00e3o de metodologias l\u00fadicas no Processo de Ensino em Geologia<\/strong><\/p>\n<p style=\"text-align: justify\">O eixo de extens\u00e3o est\u00e1 baseado na realiza\u00e7\u00e3o de oficinas sobre geoci\u00eancias e a din\u00e2mica da Terra para alunos da rede p\u00fablica. Com o objetivo de desenvolver atividades did\u00e1ticas sobre geoci\u00eancias por meio da utiliza\u00e7\u00e3o<span style=\"text-align: justify\"> de metodologi<\/span><span style=\"text-align: justify\">as l\u00fadicas. Nas oficinas utiliza-se linguagem acess\u00edvel associa\u00e7\u00f5es entre o conceito te\u00f3rico e a pr\u00e1tica das geoci\u00eancias no cotidiano das crian\u00e7as. Propiciando um ambiente de aprendizagem din\u00e2mico, interessante e informal, no qual s\u00e3o abordados conceitos espec\u00edficos da geologia.<\/span><\/p>\n<div id=\"attachment_124\" style=\"width: 510px\" class=\"wp-caption aligncenter\"><img aria-describedby=\"caption-attachment-124\" class=\"wp-image-124\" src=\"https:\/\/wp.ufpel.edu.br\/geos\/files\/2020\/10\/associacoes-400x273.png\" alt=\"\" width=\"500\" height=\"341\" srcset=\"https:\/\/wp.ufpel.edu.br\/geos\/files\/2020\/10\/associacoes-400x273.png 400w, https:\/\/wp.ufpel.edu.br\/geos\/files\/2020\/10\/associacoes.png 654w\" sizes=\"(max-width: 500px) 100vw, 500px\" \/><p id=\"caption-attachment-124\" class=\"wp-caption-text\">Exemplos de associa\u00e7\u00f5es de materiais conhecidos com as caracter\u00edsticas das camadas da Terra utilizadas durante as oficinas.<\/p><\/div>\n<p style=\"text-align: justify\">No ano\u00a0de 2019 realizou-se oficinas na Escola Municipal de Ensino Fundamental Prof\u00aa. Neir Horner da Rosa, na cidad<span style=\"text-align: justify\">e de Arroio Grande- RS. Inicialmente as oficinas foram realizadas com os alunos do 3\u00ba ano do ensino f<\/span><span style=\"text-align: justify\">undamental, posteriormente expandiu-se a faixa et\u00e1ria abrangendo os alunos do 5\u00ba ano do ensino fundamental e na sequ\u00eancia o projeto foi exposto \u00e0 comunidade na 14\u00aa Feira do Livro de Arroio Grande, no Centro de Cultura Bas\u00edlio Concei\u00e7\u00e3o.<\/span><\/p>\n<div id=\"attachment_128\" style=\"width: 433px\" class=\"wp-caption aligncenter\"><img aria-describedby=\"caption-attachment-128\" class=\"wp-image-128\" style=\"text-align: justify\" src=\"https:\/\/wp.ufpel.edu.br\/geos\/files\/2020\/10\/matOfici-400x400.png\" alt=\"\" width=\"423\" height=\"423\" srcset=\"https:\/\/wp.ufpel.edu.br\/geos\/files\/2020\/10\/matOfici-400x400.png 400w, https:\/\/wp.ufpel.edu.br\/geos\/files\/2020\/10\/matOfici-200x200.png 200w, https:\/\/wp.ufpel.edu.br\/geos\/files\/2020\/10\/matOfici.png 538w\" sizes=\"(max-width: 423px) 100vw, 423px\" \/><p id=\"caption-attachment-128\" class=\"wp-caption-text\">Material utilizado durante as oficinas e exposi\u00e7\u00e3o realizadas em 2019.<\/p><\/div>\n<p style=\"text-align: justify\">\n","protected":false},"excerpt":{"rendered":"<p>A Utiliza\u00e7\u00e3o de metodologias l\u00fadicas no Processo de Ensino em Geologia O eixo de extens\u00e3o est\u00e1 baseado na realiza\u00e7\u00e3o de oficinas sobre geoci\u00eancias e a din\u00e2mica da Terra para alunos da rede p\u00fablica. Com o objetivo de desenvolver atividades did\u00e1ticas sobre geoci\u00eancias por meio da utiliza\u00e7\u00e3o de metodologias l\u00fadicas. Nas oficinas utiliza-se linguagem acess\u00edvel associa\u00e7\u00f5es [&hellip;]<\/p>\n","protected":false},"author":1086,"featured_media":0,"parent":0,"menu_order":0,"comment_status":"closed","ping_status":"closed","template":"","meta":{"footnotes":""},"class_list":["post-81","page","type-page","status-publish","hentry"],"_links":{"self":[{"href":"https:\/\/wp.ufpel.edu.br\/geos\/wp-json\/wp\/v2\/pages\/81","targetHints":{"allow":["GET"]}}],"collection":[{"href":"https:\/\/wp.ufpel.edu.br\/geos\/wp-json\/wp\/v2\/pages"}],"about":[{"href":"https:\/\/wp.ufpel.edu.br\/geos\/wp-json\/wp\/v2\/types\/page"}],"author":[{"embeddable":true,"href":"https:\/\/wp.ufpel.edu.br\/geos\/wp-json\/wp\/v2\/users\/1086"}],"replies":[{"embeddable":true,"href":"https:\/\/wp.ufpel.edu.br\/geos\/wp-json\/wp\/v2\/comments?post=81"}],"version-history":[{"count":6,"href":"https:\/\/wp.ufpel.edu.br\/geos\/wp-json\/wp\/v2\/pages\/81\/revisions"}],"predecessor-version":[{"id":123,"href":"https:\/\/wp.ufpel.edu.br\/geos\/wp-json\/wp\/v2\/pages\/81\/revisions\/123"}],"wp:attachment":[{"href":"https:\/\/wp.ufpel.edu.br\/geos\/wp-json\/wp\/v2\/media?parent=81"}],"curies":[{"name":"wp","href":"https:\/\/api.w.org\/{rel}","templated":true}]}}