{"id":147,"date":"2020-10-12T22:05:29","date_gmt":"2020-10-13T01:05:29","guid":{"rendered":"https:\/\/wp.ufpel.edu.br\/geos\/?page_id=147"},"modified":"2020-10-12T22:30:00","modified_gmt":"2020-10-13T01:30:00","slug":"extensao","status":"publish","type":"page","link":"https:\/\/wp.ufpel.edu.br\/geos\/extensao\/","title":{"rendered":"Extens\u00e3o"},"content":{"rendered":"<h3>Projetos de Extens\u00e3o<\/h3>\n<p><img class=\"wp-image-166 alignleft\" src=\"https:\/\/wp.ufpel.edu.br\/geos\/files\/2020\/10\/WhatsApp-Image-2020-08-31-at-6.53.03-PM-400x400.jpeg\" alt=\"\" width=\"169\" height=\"169\" srcset=\"https:\/\/wp.ufpel.edu.br\/geos\/files\/2020\/10\/WhatsApp-Image-2020-08-31-at-6.53.03-PM-400x400.jpeg 400w, https:\/\/wp.ufpel.edu.br\/geos\/files\/2020\/10\/WhatsApp-Image-2020-08-31-at-6.53.03-PM-1024x1024.jpeg 1024w, https:\/\/wp.ufpel.edu.br\/geos\/files\/2020\/10\/WhatsApp-Image-2020-08-31-at-6.53.03-PM-200x200.jpeg 200w, https:\/\/wp.ufpel.edu.br\/geos\/files\/2020\/10\/WhatsApp-Image-2020-08-31-at-6.53.03-PM-768x768.jpeg 768w, https:\/\/wp.ufpel.edu.br\/geos\/files\/2020\/10\/WhatsApp-Image-2020-08-31-at-6.53.03-PM-750x750.jpeg 750w, https:\/\/wp.ufpel.edu.br\/geos\/files\/2020\/10\/WhatsApp-Image-2020-08-31-at-6.53.03-PM.jpeg 1280w\" sizes=\"(max-width: 169px) 100vw, 169px\" \/><\/p>\n<p>&nbsp;<\/p>\n<p><a href=\"https:\/\/wp.ufpel.edu.br\/geos\/extensao-geolud\/\">Extens\u00e3o &#8211; GEOLUD<\/a><\/p>\n<p><a href=\"https:\/\/wp.ufpel.edu.br\/geos\/extensao-geos\/\">Extens\u00e3o &#8211; GEOS<\/a><\/p>\n<p>&nbsp;<\/p>\n","protected":false},"excerpt":{"rendered":"<p>Projetos de Extens\u00e3o &nbsp; Extens\u00e3o &#8211; GEOLUD Extens\u00e3o &#8211; GEOS &nbsp;<\/p>\n","protected":false},"author":1086,"featured_media":0,"parent":0,"menu_order":0,"comment_status":"closed","ping_status":"closed","template":"","meta":{"footnotes":""},"class_list":["post-147","page","type-page","status-publish","hentry"],"_links":{"self":[{"href":"https:\/\/wp.ufpel.edu.br\/geos\/wp-json\/wp\/v2\/pages\/147","targetHints":{"allow":["GET"]}}],"collection":[{"href":"https:\/\/wp.ufpel.edu.br\/geos\/wp-json\/wp\/v2\/pages"}],"about":[{"href":"https:\/\/wp.ufpel.edu.br\/geos\/wp-json\/wp\/v2\/types\/page"}],"author":[{"embeddable":true,"href":"https:\/\/wp.ufpel.edu.br\/geos\/wp-json\/wp\/v2\/users\/1086"}],"replies":[{"embeddable":true,"href":"https:\/\/wp.ufpel.edu.br\/geos\/wp-json\/wp\/v2\/comments?post=147"}],"version-history":[{"count":7,"href":"https:\/\/wp.ufpel.edu.br\/geos\/wp-json\/wp\/v2\/pages\/147\/revisions"}],"predecessor-version":[{"id":168,"href":"https:\/\/wp.ufpel.edu.br\/geos\/wp-json\/wp\/v2\/pages\/147\/revisions\/168"}],"wp:attachment":[{"href":"https:\/\/wp.ufpel.edu.br\/geos\/wp-json\/wp\/v2\/media?parent=147"}],"curies":[{"name":"wp","href":"https:\/\/api.w.org\/{rel}","templated":true}]}}