{"id":146,"date":"2020-10-12T22:05:29","date_gmt":"2020-10-13T01:05:29","guid":{"rendered":"https:\/\/wp.ufpel.edu.br\/geos\/?page_id=146"},"modified":"2020-10-12T22:06:13","modified_gmt":"2020-10-13T01:06:13","slug":"extensao-geos","status":"publish","type":"page","link":"https:\/\/wp.ufpel.edu.br\/geos\/extensao-geos\/","title":{"rendered":"Extens\u00e3o &#8211; GEOS"},"content":{"rendered":"<p><strong>O Grupo de Estudos em Geoci\u00eancias<\/strong><\/p>\n<p style=\"text-align: justify\">O grupo de estudos norteia seu trabalho na amplia\u00e7\u00e3o do conhecimento geocient\u00edfico tendo\u00a0como base o mapeamento geol\u00f3gico, fundamento para qualquer projeto de explora\u00e7\u00e3o mineral, controle de \u00e1reas de risco geol\u00f3gico, projetos de desenvolvimento urbano, base de aplica\u00e7\u00f5es geot\u00e9cnicas, \u00e1reas de explora\u00e7\u00e3o de recursos minerais para aplica\u00e7\u00e3o direta em constru\u00e7\u00e3o civil, como areia e brita, assim como para rochas ornamentais entre outras atividades de grande import\u00e2ncia e interesse da sociedade em geral. Este projeto engloba a Geologia em v\u00e1rios campos como Cartografia geol\u00f3gica; Geologia de Engenharia; as Petrologias; Mineralogia; Geoqu\u00edmica; Estratigrafia e Recursos Minerais, assim como as Ci\u00eancias Ambientais, visando aplic\u00e1-la e difundi-la na comunidade em geral, incluindo entidades p\u00fablicas e privadas, como escolas municipais e estaduais, e comunidade acad\u00eamica.<\/p>\n","protected":false},"excerpt":{"rendered":"<p>O Grupo de Estudos em Geoci\u00eancias O grupo de estudos norteia seu trabalho na amplia\u00e7\u00e3o do conhecimento geocient\u00edfico tendo\u00a0como base o mapeamento geol\u00f3gico, fundamento para qualquer projeto de explora\u00e7\u00e3o mineral, controle de \u00e1reas de risco geol\u00f3gico, projetos de desenvolvimento urbano, base de aplica\u00e7\u00f5es geot\u00e9cnicas, \u00e1reas de explora\u00e7\u00e3o de recursos minerais para aplica\u00e7\u00e3o direta em constru\u00e7\u00e3o [&hellip;]<\/p>\n","protected":false},"author":1086,"featured_media":0,"parent":0,"menu_order":0,"comment_status":"closed","ping_status":"closed","template":"","meta":{"footnotes":""},"class_list":["post-146","page","type-page","status-publish","hentry"],"_links":{"self":[{"href":"https:\/\/wp.ufpel.edu.br\/geos\/wp-json\/wp\/v2\/pages\/146","targetHints":{"allow":["GET"]}}],"collection":[{"href":"https:\/\/wp.ufpel.edu.br\/geos\/wp-json\/wp\/v2\/pages"}],"about":[{"href":"https:\/\/wp.ufpel.edu.br\/geos\/wp-json\/wp\/v2\/types\/page"}],"author":[{"embeddable":true,"href":"https:\/\/wp.ufpel.edu.br\/geos\/wp-json\/wp\/v2\/users\/1086"}],"replies":[{"embeddable":true,"href":"https:\/\/wp.ufpel.edu.br\/geos\/wp-json\/wp\/v2\/comments?post=146"}],"version-history":[{"count":3,"href":"https:\/\/wp.ufpel.edu.br\/geos\/wp-json\/wp\/v2\/pages\/146\/revisions"}],"predecessor-version":[{"id":155,"href":"https:\/\/wp.ufpel.edu.br\/geos\/wp-json\/wp\/v2\/pages\/146\/revisions\/155"}],"wp:attachment":[{"href":"https:\/\/wp.ufpel.edu.br\/geos\/wp-json\/wp\/v2\/media?parent=146"}],"curies":[{"name":"wp","href":"https:\/\/api.w.org\/{rel}","templated":true}]}}