{"id":2100,"date":"2018-05-02T15:35:49","date_gmt":"2018-05-02T18:35:49","guid":{"rendered":"https:\/\/wp.ufpel.edu.br\/geoprocessamento\/?page_id=2100"},"modified":"2022-01-17T18:54:09","modified_gmt":"2022-01-17T21:54:09","slug":"empresa-junior","status":"publish","type":"page","link":"https:\/\/wp.ufpel.edu.br\/geoprocessamento\/empresa-junior\/","title":{"rendered":"Empresa J\u00fanior"},"content":{"rendered":"<p style=\"text-align: justify\"><a href=\"https:\/\/wp.ufpel.edu.br\/engeosul\/\"><img class=\"size-medium wp-image-2102 alignleft\" src=\"https:\/\/wp.ufpel.edu.br\/geoprocessamento\/files\/2018\/05\/engeosul-221x300.png\" alt=\"\" width=\"221\" height=\"300\" srcset=\"https:\/\/wp.ufpel.edu.br\/geoprocessamento\/files\/2018\/05\/engeosul-221x300.png 221w, https:\/\/wp.ufpel.edu.br\/geoprocessamento\/files\/2018\/05\/engeosul.png 250w\" sizes=\"(max-width: 221px) 100vw, 221px\" \/><\/a>A empresa j\u00fanior EngeoSul \u00e9 uma empresa de consultoria em geoengenharia hospedada no Centro de Engenharias da UFPel. A empresa tem como miss\u00e3o <strong>promover o desenvolvimento de sistemas de engenharia para a solu\u00e7\u00e3o de problemas relacionados ao meio f\u00edsico e geol\u00f3gico. Analisar e administrar recursos naturais com planejamento sustent\u00e1vel atrav\u00e9s de conhecimentos adquiridos no meio acad\u00eamico<\/strong>. Todos os projetos s\u00e3o desenvolvidos por alunos dos cursos de Geoprocessamento, Engenharia Geol\u00f3gica e Engenharia do Petr\u00f3leo sob a supervis\u00e3o de professores.<\/p>\n<p>&nbsp;<\/p>\n<p>Mais informa\u00e7\u00f5es podem ser conferidas no site da empresa:<\/p>\n<p><a href=\"https:\/\/wp.ufpel.edu.br\/engeosul\/\">https:\/\/wp.ufpel.edu.br\/engeosul\/<\/a><\/p>\n<p>&nbsp;<\/p>\n<p>&nbsp;<\/p>\n","protected":false},"excerpt":{"rendered":"<p>A empresa j\u00fanior EngeoSul \u00e9 uma empresa de consultoria em geoengenharia hospedada no Centro de Engenharias da UFPel. A empresa tem como miss\u00e3o promover o desenvolvimento de sistemas de engenharia para a solu\u00e7\u00e3o de problemas relacionados ao meio f\u00edsico e geol\u00f3gico. Analisar e administrar recursos naturais com planejamento sustent\u00e1vel atrav\u00e9s de conhecimentos adquiridos no meio [&hellip;]<\/p>\n","protected":false},"author":169,"featured_media":0,"parent":0,"menu_order":0,"comment_status":"closed","ping_status":"closed","template":"","meta":{"jetpack_post_was_ever_published":false,"footnotes":""},"class_list":["post-2100","page","type-page","status-publish","hentry"],"jetpack_sharing_enabled":true,"jetpack_shortlink":"https:\/\/wp.me\/P6Slap-xS","_links":{"self":[{"href":"https:\/\/wp.ufpel.edu.br\/geoprocessamento\/wp-json\/wp\/v2\/pages\/2100","targetHints":{"allow":["GET"]}}],"collection":[{"href":"https:\/\/wp.ufpel.edu.br\/geoprocessamento\/wp-json\/wp\/v2\/pages"}],"about":[{"href":"https:\/\/wp.ufpel.edu.br\/geoprocessamento\/wp-json\/wp\/v2\/types\/page"}],"author":[{"embeddable":true,"href":"https:\/\/wp.ufpel.edu.br\/geoprocessamento\/wp-json\/wp\/v2\/users\/169"}],"replies":[{"embeddable":true,"href":"https:\/\/wp.ufpel.edu.br\/geoprocessamento\/wp-json\/wp\/v2\/comments?post=2100"}],"version-history":[{"count":5,"href":"https:\/\/wp.ufpel.edu.br\/geoprocessamento\/wp-json\/wp\/v2\/pages\/2100\/revisions"}],"predecessor-version":[{"id":2924,"href":"https:\/\/wp.ufpel.edu.br\/geoprocessamento\/wp-json\/wp\/v2\/pages\/2100\/revisions\/2924"}],"wp:attachment":[{"href":"https:\/\/wp.ufpel.edu.br\/geoprocessamento\/wp-json\/wp\/v2\/media?parent=2100"}],"curies":[{"name":"wp","href":"https:\/\/api.w.org\/{rel}","templated":true}]}}