{"id":1935,"date":"2017-11-07T11:31:49","date_gmt":"2017-11-07T13:31:49","guid":{"rendered":"https:\/\/wp.ufpel.edu.br\/geoprocessamento\/?page_id=1935"},"modified":"2023-08-25T09:54:42","modified_gmt":"2023-08-25T12:54:42","slug":"nucleo-docente-estruturante","status":"publish","type":"page","link":"https:\/\/wp.ufpel.edu.br\/geoprocessamento\/nucleo-docente-estruturante\/","title":{"rendered":"N\u00facleo Docente Estruturante"},"content":{"rendered":"<p style=\"text-align: justify;\"><strong>Titulares:<br \/>\n<\/strong>Prof. Alexandre Felipe Bruch (Presidente)<br \/>\nProf. Prof. Marciano Carneiro (Coordenador Adjunto)<br \/>\nProf. Daniel Munari Vilchez Palomino<br \/>\nProf\u00aa Daniela Arnold Tisot<br \/>\nProf. Tiago Thompsen Primo<br \/>\nProf. Felipe Martins Marques da Silva<\/p>\n<p style=\"text-align: justify;\">Composi\u00e7\u00e3o do N\u00facleo Docente Estruturante do curso de Geoprocessamento de acordo com a\u00a0<a href=\"https:\/\/wp.ufpel.edu.br\/geoprocessamento\/files\/2023\/08\/SEI_UFPel-2302849-Portaria-Interna-NDE-Geoprocessamento.pdf\">PORTARIA N\u00ba 42, DE 16 DE AGOSTO DE 2023<\/a>.<\/p>\n<p>RESOLU\u00c7\u00c3O N\u00ba 01, DE 17 DE JUNHO DE 2010, Normatiza o N\u00facleo Docente Estruturante e d\u00e1 outras provid\u00eancias. <a href=\"https:\/\/wp.ufpel.edu.br\/geoprocessamento\/files\/2019\/11\/Resolucao_1_2010.pdf\">Resolucao_1_2010<\/a><\/p>\n<p>&nbsp;<\/p>\n","protected":false},"excerpt":{"rendered":"<p>Titulares: Prof. Alexandre Felipe Bruch (Presidente) Prof. Prof. Marciano Carneiro (Coordenador Adjunto) Prof. Daniel Munari Vilchez Palomino Prof\u00aa Daniela Arnold Tisot Prof. Tiago Thompsen Primo Prof. Felipe Martins Marques da Silva Composi\u00e7\u00e3o do N\u00facleo Docente Estruturante do curso de Geoprocessamento de acordo com a\u00a0PORTARIA N\u00ba 42, DE 16 DE AGOSTO DE 2023. RESOLU\u00c7\u00c3O N\u00ba 01, [&hellip;]<\/p>\n","protected":false},"author":169,"featured_media":0,"parent":0,"menu_order":0,"comment_status":"closed","ping_status":"closed","template":"","meta":{"jetpack_post_was_ever_published":false,"footnotes":""},"class_list":["post-1935","page","type-page","status-publish","hentry"],"jetpack_sharing_enabled":true,"jetpack_shortlink":"https:\/\/wp.me\/P6Slap-vd","_links":{"self":[{"href":"https:\/\/wp.ufpel.edu.br\/geoprocessamento\/wp-json\/wp\/v2\/pages\/1935","targetHints":{"allow":["GET"]}}],"collection":[{"href":"https:\/\/wp.ufpel.edu.br\/geoprocessamento\/wp-json\/wp\/v2\/pages"}],"about":[{"href":"https:\/\/wp.ufpel.edu.br\/geoprocessamento\/wp-json\/wp\/v2\/types\/page"}],"author":[{"embeddable":true,"href":"https:\/\/wp.ufpel.edu.br\/geoprocessamento\/wp-json\/wp\/v2\/users\/169"}],"replies":[{"embeddable":true,"href":"https:\/\/wp.ufpel.edu.br\/geoprocessamento\/wp-json\/wp\/v2\/comments?post=1935"}],"version-history":[{"count":8,"href":"https:\/\/wp.ufpel.edu.br\/geoprocessamento\/wp-json\/wp\/v2\/pages\/1935\/revisions"}],"predecessor-version":[{"id":3127,"href":"https:\/\/wp.ufpel.edu.br\/geoprocessamento\/wp-json\/wp\/v2\/pages\/1935\/revisions\/3127"}],"wp:attachment":[{"href":"https:\/\/wp.ufpel.edu.br\/geoprocessamento\/wp-json\/wp\/v2\/media?parent=1935"}],"curies":[{"name":"wp","href":"https:\/\/api.w.org\/{rel}","templated":true}]}}