{"id":1882,"date":"2017-10-02T16:45:11","date_gmt":"2017-10-02T19:45:11","guid":{"rendered":"https:\/\/wp.ufpel.edu.br\/geoprocessamento\/?page_id=1882"},"modified":"2017-11-07T11:33:12","modified_gmt":"2017-11-07T13:33:12","slug":"atas-colegiado","status":"publish","type":"page","link":"https:\/\/wp.ufpel.edu.br\/geoprocessamento\/atas-colegiado\/","title":{"rendered":"Atas colegiado"},"content":{"rendered":"<p style=\"text-align: justify\">Atas de reuni\u00f5es do colegiado do curso de Geoprocessamento. As atas de presen\u00e7a assinadas est\u00e3o arquivadas na secretaria do colegiado do curso.<\/p>\n<p>2017:<br \/>\n<a href=\"https:\/\/wp.ufpel.edu.br\/geoprocessamento\/files\/2017\/10\/ATA-09-2017-COLEGIADO.pdf\">ATA 09 2017 COLEGIADO<\/a><br \/>\n<a href=\"https:\/\/wp.ufpel.edu.br\/geoprocessamento\/files\/2017\/10\/ATA-08-2017-COLEGIADO.pdf\">ATA 08 2017 COLEGIADO<\/a><br \/>\n<a href=\"https:\/\/wp.ufpel.edu.br\/geoprocessamento\/files\/2017\/10\/ATA-07-2017-COLEGIADO.pdf\">ATA 07 2017 COLEGIADO<\/a><br \/>\n<a href=\"https:\/\/wp.ufpel.edu.br\/geoprocessamento\/files\/2017\/10\/ATA-06-2017-COLEGIADO.pdf\">ATA 06 2017 COLEGIADO<\/a><br \/>\n<a href=\"https:\/\/wp.ufpel.edu.br\/geoprocessamento\/files\/2017\/10\/ATA-05-2017-COLEGIADO.pdf\">ATA 05 2017 COLEGIADO<\/a><br \/>\n<a href=\"https:\/\/wp.ufpel.edu.br\/geoprocessamento\/files\/2017\/10\/ATA-04-2017-COLEGIADO.pdf\">ATA 04 2017 COLEGIADO<\/a><br \/>\n<a href=\"https:\/\/wp.ufpel.edu.br\/geoprocessamento\/files\/2017\/10\/ATA-03-2017-COLEGIADO.pdf\">ATA 03 2017 COLEGIADO<\/a><br \/>\n<a href=\"https:\/\/wp.ufpel.edu.br\/geoprocessamento\/files\/2017\/10\/ATA-02-2017-COLEGIADO.pdf\">ATA 02 2017 COLEGIADO<\/a><br \/>\n<a href=\"https:\/\/wp.ufpel.edu.br\/geoprocessamento\/files\/2017\/10\/ATA-01-2017-COLEGIADO.pdf\">ATA 01 2017 COLEGIADO<\/a><\/p>\n","protected":false},"excerpt":{"rendered":"<p>Atas de reuni\u00f5es do colegiado do curso de Geoprocessamento. As atas de presen\u00e7a assinadas est\u00e3o arquivadas na secretaria do colegiado do curso. 2017: ATA 09 2017 COLEGIADO ATA 08 2017 COLEGIADO ATA 07 2017 COLEGIADO ATA 06 2017 COLEGIADO ATA 05 2017 COLEGIADO ATA 04 2017 COLEGIADO ATA 03 2017 COLEGIADO ATA 02 2017 COLEGIADO [&hellip;]<\/p>\n","protected":false},"author":169,"featured_media":0,"parent":0,"menu_order":0,"comment_status":"closed","ping_status":"closed","template":"","meta":{"jetpack_post_was_ever_published":false,"footnotes":""},"class_list":["post-1882","page","type-page","status-publish","hentry"],"jetpack_sharing_enabled":true,"jetpack_shortlink":"https:\/\/wp.me\/P6Slap-um","_links":{"self":[{"href":"https:\/\/wp.ufpel.edu.br\/geoprocessamento\/wp-json\/wp\/v2\/pages\/1882","targetHints":{"allow":["GET"]}}],"collection":[{"href":"https:\/\/wp.ufpel.edu.br\/geoprocessamento\/wp-json\/wp\/v2\/pages"}],"about":[{"href":"https:\/\/wp.ufpel.edu.br\/geoprocessamento\/wp-json\/wp\/v2\/types\/page"}],"author":[{"embeddable":true,"href":"https:\/\/wp.ufpel.edu.br\/geoprocessamento\/wp-json\/wp\/v2\/users\/169"}],"replies":[{"embeddable":true,"href":"https:\/\/wp.ufpel.edu.br\/geoprocessamento\/wp-json\/wp\/v2\/comments?post=1882"}],"version-history":[{"count":3,"href":"https:\/\/wp.ufpel.edu.br\/geoprocessamento\/wp-json\/wp\/v2\/pages\/1882\/revisions"}],"predecessor-version":[{"id":1896,"href":"https:\/\/wp.ufpel.edu.br\/geoprocessamento\/wp-json\/wp\/v2\/pages\/1882\/revisions\/1896"}],"wp:attachment":[{"href":"https:\/\/wp.ufpel.edu.br\/geoprocessamento\/wp-json\/wp\/v2\/media?parent=1882"}],"curies":[{"name":"wp","href":"https:\/\/api.w.org\/{rel}","templated":true}]}}