{"id":1704,"date":"2017-08-28T15:13:43","date_gmt":"2017-08-28T18:13:43","guid":{"rendered":"https:\/\/wp.ufpel.edu.br\/geoprocessamento\/?page_id=1704"},"modified":"2023-06-22T09:57:41","modified_gmt":"2023-06-22T12:57:41","slug":"normas","status":"publish","type":"page","link":"https:\/\/wp.ufpel.edu.br\/geoprocessamento\/normas\/","title":{"rendered":"Normas"},"content":{"rendered":"<p><strong>Regimentos<br \/>\n<\/strong><\/p>\n<p><a href=\"https:\/\/ccs2.ufpel.edu.br\/wp\/wp-content\/uploads\/2018\/09\/Regulamento-Ensino-de-Graduacao.pdf\">Regulamento do Ensino de Gradua\u00e7\u00e3o da UFPel<\/a><\/p>\n<p><a href=\"https:\/\/wp.ufpel.edu.br\/ceng\/ceng\/regimento\/\">Regimento do Centro de Engenharias (CENG)<\/a><\/p>\n<p><a href=\"https:\/\/wp.ufpel.edu.br\/geoprocessamento\/files\/2017\/08\/Regimento-Geoprocessamento-Final.pdf\">Regimento do curso de Geoprocessamento<\/a><\/p>\n<p><strong>Formul\u00e1rios<\/strong><\/p>\n<p><a href=\"https:\/\/wp.ufpel.edu.br\/geoprocessamento\/files\/2020\/11\/Termo-de-responsabilidade-por-informac\u0327o\u0303es-prestadas.pdf\">(Formul\u00e1rio)<\/a> Termo de Responsabilidade pelas Informa\u00e7\u00f5es Prestadas<\/p>\n<p>(<a href=\"https:\/\/wp.ufpel.edu.br\/geoprocessamento\/files\/2023\/06\/Requerimento-de-aproveitamento.pdf\">Formul\u00e1rio<\/a>)\u00a0(<a href=\"https:\/\/wp.ufpel.edu.br\/cra\/aproveitamento-de-disciplina\/\">Informa\u00e7\u00f5es<\/a>) Aproveitamento de disciplina<\/p>\n<p>(<a href=\"https:\/\/docs.google.com\/forms\/d\/e\/1FAIpQLSeI7or4BfMNHwgPFZbhvuyue78s_56HPnllbluuq5YPSCR7hQ\/viewform?sid=13ecf2a71e0e8f9c&amp;token=9P1LlzwBAAA.zyeBx39FNjYR4LV91TZ2_Q.nure2s4q_PTGowTalD0g9w\">Formul\u00e1rio<\/a>) (<a href=\"#atualiza\">Informa\u00e7\u00f5es<\/a>) Atualiza\u00e7\u00e3o de cadastro do aluno<\/p>\n<p>(<a href=\"https:\/\/wp.ufpel.edu.br\/geoprocessamento\/files\/2013\/02\/exercicio_domiciliar.pdf\">Formul\u00e1rio<\/a>) (<a href=\"https:\/\/wp.ufpel.edu.br\/cra\/exercicios-domiciliares\/\">Informa\u00e7\u00f5es<\/a>) Exerc\u00edcios domiciliar<\/p>\n<p>(<a href=\"https:\/\/wp.ufpel.edu.br\/geoprocessamento\/files\/2014\/10\/trancamento_geral1.pdf\">Formul\u00e1rio<\/a>) (<a href=\"https:\/\/wp.ufpel.edu.br\/cra\/trancamento-geral-de-matricula\/\">Informa\u00e7\u00f5es<\/a>) Trancamento geral de matr\u00edcula<\/p>\n<p>(<a href=\"https:\/\/wp.ufpel.edu.br\/geoprocessamento\/files\/2014\/10\/trancamento_disciplina1.pdf\">Formul\u00e1rio<\/a>) (<a href=\"https:\/\/wp.ufpel.edu.br\/cra\/trancamento-de-disciplina\/\">Informa\u00e7\u00f5es<\/a>) Trancamento de disciplina<\/p>\n<p>(<a href=\"https:\/\/wp.ufpel.edu.br\/geoprocessamento\/files\/2023\/03\/Termo-de-Compromisso-UFPel-como-INSTITUICAO-DE-ENSINO-5-2.doc\">Formul\u00e1rio<\/a>) Termo de Est\u00e1gio<strong><br \/>\n<\/strong><\/p>\n<p><strong>Servi\u00e7os dispon\u00edveis no <\/strong><a href=\"https:\/\/cobalto.ufpel.edu.br\/\"><strong>COBALTO<\/strong><\/a><\/p>\n<p>Emiss\u00e3o de atestado de matr\u00edcula<\/p>\n<p>Emiss\u00e3o do hist\u00f3rico de gradua\u00e7\u00e3o<\/p>\n<p>Matr\u00edcula em disciplinas (verificar per\u00edodo no calend\u00e1rio acad\u00eamico)<\/p>\n<p><strong>PPC 2016:<\/strong><\/p>\n<p>(<a href=\"https:\/\/wp.ufpel.edu.br\/geoprocessamento\/files\/2018\/05\/Formul\u00e1rio_horas_complementares_PPC_Novo_2018.pdf\">Formul\u00e1rio<\/a>) (<a href=\"https:\/\/wp.ufpel.edu.br\/geoprocessamento\/files\/2012\/04\/PPC_GEOPROCESSAMENTO_2017_FINAL.pdf\">Informa\u00e7\u00f5es<\/a>) Atividades Complementares<\/p>\n<p>(<a href=\"https:\/\/wp.ufpel.edu.br\/geoprocessamento\/files\/2018\/05\/Formul\u00e1rio_horas_livres_PPC_Novo_2018.pdf\">Formul\u00e1rio<\/a>) (<a href=\"https:\/\/wp.ufpel.edu.br\/geoprocessamento\/files\/2012\/04\/PPC_GEOPROCESSAMENTO_2017_FINAL.pdf\">Informa\u00e7\u00f5es<\/a>) Atividades Livres<\/p>\n<p><strong>PPC 2011:<\/strong><\/p>\n<p>(<a href=\"https:\/\/wp.ufpel.edu.br\/geoprocessamento\/files\/2017\/08\/form-atividade-complementar-2.pdf\">Formul\u00e1rio<\/a>) (<a href=\"https:\/\/wp.ufpel.edu.br\/geoprocessamento\/files\/2017\/08\/tabela-atividade-complementar-1.pdf\">Tabela base<\/a>) (<a href=\"https:\/\/wp.ufpel.edu.br\/geoprocessamento\/files\/2017\/03\/PP_TEC_GEOPROCESSAMENTO_2011.pdf\">Informa\u00e7\u00f5es<\/a>) Atividades Complementares<\/p>\n<p>(<a href=\"https:\/\/wp.ufpel.edu.br\/geoprocessamento\/files\/2017\/08\/form-atividade-livre.pdf\">Formul\u00e1rio<\/a>) (<a href=\"https:\/\/wp.ufpel.edu.br\/geoprocessamento\/files\/2017\/03\/PP_TEC_GEOPROCESSAMENTO_2011.pdf\">Informa\u00e7\u00f5es<\/a>) Atividades Livres<\/p>\n<p>(<a href=\"https:\/\/wp.ufpel.edu.br\/geoprocessamento\/files\/2013\/10\/Portaria-Est%C3%A1gio.pdf\">Informa\u00e7\u00f5es1<\/a>) (<a href=\"https:\/\/wp.ufpel.edu.br\/prg\/estagios\/\">Informa\u00e7\u00f5es2<\/a>) Est\u00e1gio Obrigat\u00f3rio<\/p>\n<p>(<a href=\"https:\/\/wp.ufpel.edu.br\/geoprocessamento\/files\/2018\/03\/formulario_TCC.pdf\">Formul\u00e1rio Orientador<\/a>) Trabalho de Conclus\u00e3o de Curso (TCC)<\/p>\n<p>Termo de Autoriza\u00e7\u00e3o do TCC: <a href=\"https:\/\/wp.ufpel.edu.br\/bibcp\/files\/2021\/03\/Termo-de-autorizacao-para-inserir-TCC-e-TCCP-nas-bases-de-dados-da-UFPel-Novo.pdf\">https:\/\/wp.ufpel.edu.br\/bibcp\/files\/2021\/03\/Termo-de-autorizacao-para-inserir-TCC-e-TCCP-nas-bases-de-dados-da-UFPel-Novo.pdf<\/a><\/p>\n","protected":false},"excerpt":{"rendered":"<p>Regimentos Regulamento do Ensino de Gradua\u00e7\u00e3o da UFPel Regimento do Centro de Engenharias (CENG) Regimento do curso de Geoprocessamento Formul\u00e1rios (Formul\u00e1rio) Termo de Responsabilidade pelas Informa\u00e7\u00f5es Prestadas (Formul\u00e1rio)\u00a0(Informa\u00e7\u00f5es) Aproveitamento de disciplina (Formul\u00e1rio) (Informa\u00e7\u00f5es) Atualiza\u00e7\u00e3o de cadastro do aluno (Formul\u00e1rio) (Informa\u00e7\u00f5es) Exerc\u00edcios domiciliar (Formul\u00e1rio) (Informa\u00e7\u00f5es) Trancamento geral de matr\u00edcula (Formul\u00e1rio) (Informa\u00e7\u00f5es) Trancamento de disciplina (Formul\u00e1rio) Termo [&hellip;]<\/p>\n","protected":false},"author":169,"featured_media":0,"parent":0,"menu_order":0,"comment_status":"closed","ping_status":"closed","template":"","meta":{"jetpack_post_was_ever_published":false,"footnotes":""},"class_list":["post-1704","page","type-page","status-publish","hentry"],"jetpack_sharing_enabled":true,"jetpack_shortlink":"https:\/\/wp.me\/P6Slap-ru","_links":{"self":[{"href":"https:\/\/wp.ufpel.edu.br\/geoprocessamento\/wp-json\/wp\/v2\/pages\/1704","targetHints":{"allow":["GET"]}}],"collection":[{"href":"https:\/\/wp.ufpel.edu.br\/geoprocessamento\/wp-json\/wp\/v2\/pages"}],"about":[{"href":"https:\/\/wp.ufpel.edu.br\/geoprocessamento\/wp-json\/wp\/v2\/types\/page"}],"author":[{"embeddable":true,"href":"https:\/\/wp.ufpel.edu.br\/geoprocessamento\/wp-json\/wp\/v2\/users\/169"}],"replies":[{"embeddable":true,"href":"https:\/\/wp.ufpel.edu.br\/geoprocessamento\/wp-json\/wp\/v2\/comments?post=1704"}],"version-history":[{"count":24,"href":"https:\/\/wp.ufpel.edu.br\/geoprocessamento\/wp-json\/wp\/v2\/pages\/1704\/revisions"}],"predecessor-version":[{"id":3101,"href":"https:\/\/wp.ufpel.edu.br\/geoprocessamento\/wp-json\/wp\/v2\/pages\/1704\/revisions\/3101"}],"wp:attachment":[{"href":"https:\/\/wp.ufpel.edu.br\/geoprocessamento\/wp-json\/wp\/v2\/media?parent=1704"}],"curies":[{"name":"wp","href":"https:\/\/api.w.org\/{rel}","templated":true}]}}