{"id":2,"date":"2022-05-09T11:22:05","date_gmt":"2022-05-09T14:22:05","guid":{"rendered":"https:\/\/wp.ufpel.edu.br\/geopetro\/?page_id=2"},"modified":"2023-10-06T05:49:52","modified_gmt":"2023-10-06T08:49:52","slug":"pagina-exemplo","status":"publish","type":"page","link":"https:\/\/wp.ufpel.edu.br\/geopetro\/pagina-exemplo\/","title":{"rendered":"Boas Vindas"},"content":{"rendered":"\r\n<p>Bem-vindo ao <em>website <\/em>do Grupo de Pesquisa em Geoqu\u00edmica e Petrologia Aplicada da Universidade Federal de Pelotas! Este grupo conta com professores, alunos e t\u00e9cnicos vinculados principalmente ao curso de Engenharia Geol\u00f3gica do Centro de Engenharias (CENg) e est\u00e1 cadastrado no diret\u00f3rio nacional dos grupos de pesquisa do Conselho Nacional de Desenvolvimento Cient\u00edfico e Tecnol\u00f3gico (dgp.cnpq.br\/dgp\/espelhogrupo\/5953282519907201).<\/p>\r\n<p>Aqui, voc\u00ea poder\u00e1 encontrar informa\u00e7\u00f5es a respeito dos projetos de pesquisa em desenvolvimento e ter\u00e1 um meio de divulga\u00e7\u00e3o dos resultados para a comunidade.<\/p>\r\n<p>Fique a vontade para entrar em contato caso esteja interessado em desenvolver projetos de inicia\u00e7\u00e3o cient\u00edfica nas \u00e1reas de mineralogia, petrologia e geoqu\u00edmica, ou apenas para conhecer o nosso trabalho.<\/p>\r\n","protected":false},"excerpt":{"rendered":"<p>Bem-vindo ao website do Grupo de Pesquisa em Geoqu\u00edmica e Petrologia Aplicada da Universidade Federal de Pelotas! Este grupo conta com professores, alunos e t\u00e9cnicos vinculados principalmente ao curso de Engenharia Geol\u00f3gica do Centro de Engenharias (CENg) e est\u00e1 cadastrado no diret\u00f3rio nacional dos grupos de pesquisa do Conselho Nacional de Desenvolvimento Cient\u00edfico e Tecnol\u00f3gico [&hellip;]<\/p>\n","protected":false},"author":1232,"featured_media":0,"parent":0,"menu_order":0,"comment_status":"closed","ping_status":"closed","template":"","meta":{"footnotes":""},"class_list":["post-2","page","type-page","status-publish","hentry"],"_links":{"self":[{"href":"https:\/\/wp.ufpel.edu.br\/geopetro\/wp-json\/wp\/v2\/pages\/2","targetHints":{"allow":["GET"]}}],"collection":[{"href":"https:\/\/wp.ufpel.edu.br\/geopetro\/wp-json\/wp\/v2\/pages"}],"about":[{"href":"https:\/\/wp.ufpel.edu.br\/geopetro\/wp-json\/wp\/v2\/types\/page"}],"author":[{"embeddable":true,"href":"https:\/\/wp.ufpel.edu.br\/geopetro\/wp-json\/wp\/v2\/users\/1232"}],"replies":[{"embeddable":true,"href":"https:\/\/wp.ufpel.edu.br\/geopetro\/wp-json\/wp\/v2\/comments?post=2"}],"version-history":[{"count":3,"href":"https:\/\/wp.ufpel.edu.br\/geopetro\/wp-json\/wp\/v2\/pages\/2\/revisions"}],"predecessor-version":[{"id":18,"href":"https:\/\/wp.ufpel.edu.br\/geopetro\/wp-json\/wp\/v2\/pages\/2\/revisions\/18"}],"wp:attachment":[{"href":"https:\/\/wp.ufpel.edu.br\/geopetro\/wp-json\/wp\/v2\/media?parent=2"}],"curies":[{"name":"wp","href":"https:\/\/api.w.org\/{rel}","templated":true}]}}