{"id":2,"date":"2019-03-29T11:25:27","date_gmt":"2019-03-29T14:25:27","guid":{"rendered":"https:\/\/wp.ufpel.edu.br\/geomercosul\/?page_id=2"},"modified":"2020-06-05T09:50:22","modified_gmt":"2020-06-05T12:50:22","slug":"objetivos","status":"publish","type":"page","link":"https:\/\/wp.ufpel.edu.br\/geomercosul\/objetivos\/","title":{"rendered":"Objectives"},"content":{"rendered":"<p>O grupo de pesquisa CNPq <em>Geopol\u00edtica e Mercosul<\/em>\u00a0tem como objetivo analisar a partir de uma perspectiva geopol\u00edtica, os principais avan\u00e7os e dilemas enfrentados pelo Mercado Comum do Sul (MERCOSUL) ao longo dos \u00faltimos 25 anos.\u00a0 Ao mesmo tempo, o grupo se dedica\u00a0 \u00e0 pesquisa de temas geopol\u00edticos e suas rela\u00e7\u00f5es com o Brasil e a Am\u00e9rica Latina, em especial os vinculados \u00e0 China, BRICS,\u00a0 R\u00fassia e Coopera\u00e7\u00e3o Sul-Sul.<\/p>\n<p>Durante a sua exist\u00eancia o processo de integra\u00e7\u00e3o da Am\u00e9rica do Sul vem se deparando com in\u00fameros desafios para a sua consolida\u00e7\u00e3o e o MERCOSUL n\u00e3o foge \u00e0 regra.\u00a0Desafios esses que est\u00e3o relacionados tanto \u00e0s idiossincrasias internas inerentes ao processo de integra\u00e7\u00e3o como aos esquemas das pot\u00eancias sist\u00eamicas em manter os privil\u00e9gios da din\u00e2mica comercial, econ\u00f4mica e pol\u00edtica que lhes seja favor\u00e1vel.<\/p>\n<p>The CNPq research group \u201cGeopolitics and Mercosur\u201d aims to analyse from a geopolitical scope the main advancements and dilemmas faced by MERCOSUR in the last twenty five years. At the same time, the group is dedicated to geopolitical themes and its relations with Brazil and Latin America, in special the ones linked to China, BRICS, Russia and the South-South Cooperation.<\/p>\n<p>During its existence, South America\u2019s integration Project is facing numerous challenges to consolidate itself, and MERCOSUR is no exception to the rule. These challenges are related to both internal struggles inherent to the process of integration, and the systemic great powers schemes to maintain their privileges related to trade dynamics, economics and politics favorable to their interests and objectives.<\/p>\n<p><img loading=\"lazy\" decoding=\"async\" class=\"aligncenter wp-image-354 size-medium\" src=\"https:\/\/wp.ufpel.edu.br\/geomercosul\/files\/2018\/10\/Oficial-Grande-small-400x205.jpeg\" alt=\"\" width=\"400\" height=\"205\" srcset=\"https:\/\/wp.ufpel.edu.br\/geomercosul\/files\/2018\/10\/Oficial-Grande-small-400x205.jpeg 400w, https:\/\/wp.ufpel.edu.br\/geomercosul\/files\/2018\/10\/Oficial-Grande-small-391x200.jpeg 391w, https:\/\/wp.ufpel.edu.br\/geomercosul\/files\/2018\/10\/Oficial-Grande-small.jpeg 700w\" sizes=\"auto, (max-width: 400px) 100vw, 400px\" \/><\/p>\n<p>&nbsp;<\/p>\n<p>A an\u00e1lise dos problemas enfrentados pelo MERCOSUL e da din\u00e2mica geopol\u00edtica envolvida, a elabora\u00e7\u00e3o de propostas e alternativas para a consolida\u00e7\u00e3o do processo de integra\u00e7\u00e3o sul-americana s\u00e3o as tarefas propostas pelo grupo de pesquisa.<\/p>\n<p>A difus\u00e3o das pesquisas ocorrer\u00e1 atrav\u00e9s da produ\u00e7\u00e3o de artigos, workshops, publica\u00e7\u00e3o de livros, organiza\u00e7\u00e3o e participa\u00e7\u00e3o em simp\u00f3sios e col\u00f3quios.<\/p>\n<p>Para visualiza\u00e7\u00e3o do Grupo de Pesquisa no Diret\u00f3rio de Grupos de Pequisas no Brasil Lattes, <a href=\"http:\/\/dgp.cnpq.br\/dgp\/espelhogrupo\/8808201573316219\" target=\"_blank\" rel=\"noopener noreferrer\">clique aqui<\/a>.<\/p>\n<p>&nbsp;<\/p>\n<p>The analysis of the problems faced by MERCOSUR and the geopolitical dynamics involved, the proposal elaboration and alternatives to consolidate the South American integration process are the tasks developed by the research group.<\/p>\n<p>The research diffusion will happen through the production of articles, workshops, book publication, organizing and participating of events such as symposiums and congresses.<\/p>\n<p><span class=\"Apple-style-span\">More information at\u00a0 Diret\u00f3rio de Grupos de Pequisas no Brasil Lattes, <a href=\"http:\/\/dgp.cnpq.br\/dgp\/espelhogrupo\/8808201573316219\">Click here<\/a>.<\/span><\/p>\n","protected":false},"excerpt":{"rendered":"<p>O grupo de pesquisa CNPq Geopol\u00edtica e Mercosul\u00a0tem como objetivo analisar a partir de uma perspectiva geopol\u00edtica, os principais avan\u00e7os e dilemas enfrentados pelo Mercado Comum do Sul (MERCOSUL) ao longo dos \u00faltimos 25 anos.\u00a0 Ao mesmo tempo, o grupo se dedica\u00a0 \u00e0 pesquisa de temas geopol\u00edticos e suas rela\u00e7\u00f5es com o Brasil e a &hellip; <\/p>\n<p><a class=\"more-link btn\" href=\"https:\/\/wp.ufpel.edu.br\/geomercosul\/objetivos\/\">Continue lendo<\/a><\/p>\n","protected":false},"author":636,"featured_media":0,"parent":0,"menu_order":0,"comment_status":"closed","ping_status":"closed","template":"","meta":{"footnotes":""},"class_list":["post-2","page","type-page","status-publish","hentry","nodate","item-wrap"],"jetpack_sharing_enabled":true,"_links":{"self":[{"href":"https:\/\/wp.ufpel.edu.br\/geomercosul\/wp-json\/wp\/v2\/pages\/2","targetHints":{"allow":["GET"]}}],"collection":[{"href":"https:\/\/wp.ufpel.edu.br\/geomercosul\/wp-json\/wp\/v2\/pages"}],"about":[{"href":"https:\/\/wp.ufpel.edu.br\/geomercosul\/wp-json\/wp\/v2\/types\/page"}],"author":[{"embeddable":true,"href":"https:\/\/wp.ufpel.edu.br\/geomercosul\/wp-json\/wp\/v2\/users\/636"}],"replies":[{"embeddable":true,"href":"https:\/\/wp.ufpel.edu.br\/geomercosul\/wp-json\/wp\/v2\/comments?post=2"}],"version-history":[{"count":24,"href":"https:\/\/wp.ufpel.edu.br\/geomercosul\/wp-json\/wp\/v2\/pages\/2\/revisions"}],"predecessor-version":[{"id":513,"href":"https:\/\/wp.ufpel.edu.br\/geomercosul\/wp-json\/wp\/v2\/pages\/2\/revisions\/513"}],"wp:attachment":[{"href":"https:\/\/wp.ufpel.edu.br\/geomercosul\/wp-json\/wp\/v2\/media?parent=2"}],"curies":[{"name":"wp","href":"https:\/\/api.w.org\/{rel}","templated":true}]}}