{"id":192,"date":"2016-11-23T20:38:48","date_gmt":"2016-11-23T22:38:48","guid":{"rendered":"https:\/\/wp.ufpel.edu.br\/geomercosul\/?page_id=192"},"modified":"2020-06-11T22:41:58","modified_gmt":"2020-06-12T01:41:58","slug":"linha-de-pesquisa","status":"publish","type":"page","link":"https:\/\/wp.ufpel.edu.br\/geomercosul\/linha-de-pesquisa\/","title":{"rendered":"Lines Research"},"content":{"rendered":"<p>DIN\u00c2MICAS E PROCESSOS ANTISSIST\u00caMICOS GEOPOL\u00cdTICOS NO SISTEMA-MUNDO ATUAL<\/p>\n<p>DYNAMICS AND ANTISYTEMICAL GEOPOLITICAL\u00a0PROCESSES IN THE CURRENT WORLD SYSTEM<\/p>\n<p>&nbsp;<\/p>\n<p>Objetivo: analisar\u00a0 os processos antissist\u00eamicos da atualidade em seus mais variados n\u00edveis sob prisma geopol\u00edtico.<\/p>\n<p>Objective: to analyse the antisystemic processes of the present time in their most varied level.<\/p>\n<pre id=\"tw-target-text\" class=\"tw-data-text tw-ta tw-text-small\" data-placeholder=\"Tradu\u00e7\u00e3o\"><\/pre>\n<p>&nbsp;<\/p>\n<p>CIBERSEGURAN\u00c7A E\u00a0 \u00a0GEOPOL\u00cdTICA<\/p>\n<p>CIBERSECURITY AND GEOPOLITICS<\/p>\n<p class=\"_04xlpA direction-ltr align-center para-style-body\"><span class=\"JsGRdQ\">Objetivo: Identificar e analisar a atual din\u00e2mica geopol\u00edtica no ciberespa\u00e7o e as\u00a0 disputas entre as grandes pot\u00eancias Ao mesmo tempo analisar o papel do Brasil frente \u00e0 essa nova din\u00e2mica;<\/span><\/p>\n<p>Objective : Identify and analyze the current geopolitical dynamics and the disputes between the great powers. At the same time, analyzing Brazil&#8217;s role vis-\u00e0-vis this new dynamic.<\/p>\n<p>&nbsp;<\/p>\n<p>&nbsp;<\/p>\n","protected":false},"excerpt":{"rendered":"<p>DIN\u00c2MICAS E PROCESSOS ANTISSIST\u00caMICOS GEOPOL\u00cdTICOS NO SISTEMA-MUNDO ATUAL DYNAMICS AND ANTISYTEMICAL GEOPOLITICAL\u00a0PROCESSES IN THE CURRENT WORLD SYSTEM &nbsp; Objetivo: analisar\u00a0 os processos antissist\u00eamicos da atualidade em seus mais variados n\u00edveis sob prisma geopol\u00edtico. Objective: to analyse the antisystemic processes of the present time in their most varied level. &nbsp; CIBERSEGURAN\u00c7A E\u00a0 \u00a0GEOPOL\u00cdTICA CIBERSECURITY AND GEOPOLITICS &hellip; <\/p>\n<p><a class=\"more-link btn\" href=\"https:\/\/wp.ufpel.edu.br\/geomercosul\/linha-de-pesquisa\/\">Continue lendo<\/a><\/p>\n","protected":false},"author":636,"featured_media":0,"parent":0,"menu_order":2,"comment_status":"closed","ping_status":"closed","template":"","meta":{"footnotes":""},"class_list":["post-192","page","type-page","status-publish","hentry","nodate","item-wrap"],"jetpack_sharing_enabled":true,"_links":{"self":[{"href":"https:\/\/wp.ufpel.edu.br\/geomercosul\/wp-json\/wp\/v2\/pages\/192","targetHints":{"allow":["GET"]}}],"collection":[{"href":"https:\/\/wp.ufpel.edu.br\/geomercosul\/wp-json\/wp\/v2\/pages"}],"about":[{"href":"https:\/\/wp.ufpel.edu.br\/geomercosul\/wp-json\/wp\/v2\/types\/page"}],"author":[{"embeddable":true,"href":"https:\/\/wp.ufpel.edu.br\/geomercosul\/wp-json\/wp\/v2\/users\/636"}],"replies":[{"embeddable":true,"href":"https:\/\/wp.ufpel.edu.br\/geomercosul\/wp-json\/wp\/v2\/comments?post=192"}],"version-history":[{"count":9,"href":"https:\/\/wp.ufpel.edu.br\/geomercosul\/wp-json\/wp\/v2\/pages\/192\/revisions"}],"predecessor-version":[{"id":550,"href":"https:\/\/wp.ufpel.edu.br\/geomercosul\/wp-json\/wp\/v2\/pages\/192\/revisions\/550"}],"wp:attachment":[{"href":"https:\/\/wp.ufpel.edu.br\/geomercosul\/wp-json\/wp\/v2\/media?parent=192"}],"curies":[{"name":"wp","href":"https:\/\/api.w.org\/{rel}","templated":true}]}}