{"id":86,"date":"2011-09-01T19:51:09","date_gmt":"2011-09-01T22:51:09","guid":{"rendered":"https:\/\/wp.ufpel.edu.br\/geografia\/"},"modified":"2017-12-15T00:37:49","modified_gmt":"2017-12-15T02:37:49","slug":"lees-geo","status":"publish","type":"page","link":"https:\/\/wp.ufpel.edu.br\/geografia\/laboratorios-de-pesquisa-e-extensao\/lees-geo\/","title":{"rendered":"Laborat\u00f3rio de Ensino e Est\u00e1gio Supervisionado em Geografia \u2013 LEES-Geo"},"content":{"rendered":"<p>O<strong> Laborat\u00f3rio de Ensino e Est\u00e1gio Supervisionado em Geografia &#8211; <\/strong><!-- [if gte mso 9]&gt; Normal 0 21 false false false PT-BR X-NONE X-NONE &lt;![endif]--><!-- [if gte mso 9]&gt; &lt;![endif]--><!-- [if gte mso 10]&gt;--><!-- [if gte mso 9]&gt; Normal 0 21 false false false PT-BR X-NONE X-NONE &lt;![endif]--><!-- [if gte mso 9]&gt; &lt;![endif]--><!-- [if gte mso 10]&gt;-->LEES-Geo &#8211; tem como objetivo viabilizar a integra\u00e7\u00e3o entre universidade e escola propiciando aos alunos do curso de licenciatura em Geografia um espa\u00e7o de discuss\u00e3o e planejamento das atividades desenvolvidas nas escolas durante o est\u00e1gio obrigat\u00f3rio, bem como o mapeamento de car\u00eancias existentes na estrutura das escolas e tamb\u00e9m nos conte\u00fados e metodologias utilizados nas disciplinas de Geografia, para que seja poss\u00edvel interven\u00e7\u00f5es de car\u00e1ter construtivo.<\/p>\n<p><!-- [if gte mso 9]&gt; Normal 0 21 false false false PT-BR X-NONE X-NONE &lt;![endif]--><!-- [if gte mso 9]&gt; &lt;![endif]--><!-- [if gte mso 10]&gt;--><\/p>\n<p><strong>Coordenadoras:<\/strong><\/p>\n<p><a title=\"Prof.\u00aa Dr.\u00aa Liz Cristiane Dias Sobarzo\" href=\"http:\/\/buscatextual.cnpq.br\/buscatextual\/visualizacv.do?id=K4777126A8\" target=\"_blank\" rel=\"noopener\">Prof.\u00aa Dr.\u00aa Liz Cristiane Dias <\/a><\/p>\n<div style=\"width: 1px;height: 1px;overflow: hidden\"><!-- [if gte mso 9]&gt; Normal 0 21 false false false PT-BR X-NONE X-NONE &lt;![endif]--><!-- [if gte mso 9]&gt; &lt;![endif]--><!-- [if gte mso 10]&gt; &lt;! \/* Style Definitions *\/ table.MsoNormalTable {mso-style-name:&quot;Tabela normal&quot;; mso-tstyle-rowband-size:0; mso-tstyle-colband-size:0; mso-style-noshow:yes; mso-style-priority:99; mso-style-qformat:yes; mso-style-parent:&quot;&quot;; mso-padding-alt:0cm 5.4pt 0cm 5.4pt; mso-para-margin:0cm; mso-para-margin-bottom:.0001pt; text-align:center; line-height:200%; mso-pagination:widow-orphan; font-size:11.0pt; font-family:&quot;Calibri&quot;,&quot;sans-serif&quot;; mso-ascii-font-family:Calibri; mso-ascii-theme-font:minor-latin; mso-fareast-font-family:&quot;Times New Roman&quot;; mso-fareast-theme-font:minor-fareast; mso-hansi-font-family:Calibri; mso-hansi-theme-font:minor-latin; mso-bidi-font-family:&quot;Times New Roman&quot;; mso-bidi-theme-font:minor-bidi;} --> <!--[endif] -->Laborat\u00f3rio de Ensino e Est\u00e1gio Supervisionado em Geografia<\/div>\n","protected":false},"excerpt":{"rendered":"<p>O Laborat\u00f3rio de Ensino e Est\u00e1gio Supervisionado em Geografia &#8211; LEES-Geo &#8211; tem como objetivo viabilizar a integra\u00e7\u00e3o entre universidade e escola propiciando aos alunos do curso de licenciatura em Geografia um espa\u00e7o de discuss\u00e3o e planejamento das atividades desenvolvidas &hellip; <a href=\"https:\/\/wp.ufpel.edu.br\/geografia\/laboratorios-de-pesquisa-e-extensao\/lees-geo\/\">Continue lendo <span class=\"meta-nav\">&rarr;<\/span><\/a><\/p>\n","protected":false},"author":120,"featured_media":0,"parent":257,"menu_order":0,"comment_status":"closed","ping_status":"closed","template":"","meta":{"footnotes":""},"class_list":["post-86","page","type-page","status-publish","hentry"],"jetpack_sharing_enabled":true,"_links":{"self":[{"href":"https:\/\/wp.ufpel.edu.br\/geografia\/wp-json\/wp\/v2\/pages\/86","targetHints":{"allow":["GET"]}}],"collection":[{"href":"https:\/\/wp.ufpel.edu.br\/geografia\/wp-json\/wp\/v2\/pages"}],"about":[{"href":"https:\/\/wp.ufpel.edu.br\/geografia\/wp-json\/wp\/v2\/types\/page"}],"author":[{"embeddable":true,"href":"https:\/\/wp.ufpel.edu.br\/geografia\/wp-json\/wp\/v2\/users\/120"}],"replies":[{"embeddable":true,"href":"https:\/\/wp.ufpel.edu.br\/geografia\/wp-json\/wp\/v2\/comments?post=86"}],"version-history":[{"count":8,"href":"https:\/\/wp.ufpel.edu.br\/geografia\/wp-json\/wp\/v2\/pages\/86\/revisions"}],"predecessor-version":[{"id":2534,"href":"https:\/\/wp.ufpel.edu.br\/geografia\/wp-json\/wp\/v2\/pages\/86\/revisions\/2534"}],"up":[{"embeddable":true,"href":"https:\/\/wp.ufpel.edu.br\/geografia\/wp-json\/wp\/v2\/pages\/257"}],"wp:attachment":[{"href":"https:\/\/wp.ufpel.edu.br\/geografia\/wp-json\/wp\/v2\/media?parent=86"}],"curies":[{"name":"wp","href":"https:\/\/api.w.org\/{rel}","templated":true}]}}