{"id":67,"date":"2011-09-01T15:55:31","date_gmt":"2011-09-01T18:55:31","guid":{"rendered":"https:\/\/wp.ufpel.edu.br\/geografia\/"},"modified":"2017-12-15T00:40:57","modified_gmt":"2017-12-15T02:40:57","slug":"ldgf","status":"publish","type":"page","link":"https:\/\/wp.ufpel.edu.br\/geografia\/laboratorios-de-pesquisa-e-extensao\/ldgf\/","title":{"rendered":"Laborat\u00f3rio Did\u00e1tico de Geografia F\u00edsica"},"content":{"rendered":"<address>O <strong>LABORAT\u00d3RIO DID\u00c1TICO DE GEOGRAFIA F\u00cdSICA &#8211; LDGF <\/strong>est\u00e1 vinculado ao Departamento de Geografia, no Instituto de Ci\u00eancias Humanas\/UFPel. Foi criado no ano de 2009, sob o c\u00f3digo de registro na PRG: 031.2009. Tem como objetivo principal: contribuir para o aprofundamento e melhoria na qualidade de ensino, pesquisa e extens\u00e3o dos Cursos de Gradua\u00e7\u00e3o e P\u00f3s-Gradua\u00e7\u00e3o em Geografia, estimulando a busca por novos conhecimentos referentes ao espa\u00e7o geogr\u00e1fico local, regional e global. Neste laborat\u00f3rio s\u00e3o desenvolvidas atividades te\u00f3rico-pr\u00e1ticas de disciplinas como, geomorfologia, geologia, topografia e hidrogeografia, planjamento rural.<\/address>\n<p><strong>Coordenador: Prof.\u00a0<\/strong><a href=\"mailto:adrianosimon@yahoo.com.br\"><strong>Adriano Lu\u00eds Heck Simon<\/strong><\/a><\/p>\n","protected":false},"excerpt":{"rendered":"<p>O LABORAT\u00d3RIO DID\u00c1TICO DE GEOGRAFIA F\u00cdSICA &#8211; LDGF est\u00e1 vinculado ao Departamento de Geografia, no Instituto de Ci\u00eancias Humanas\/UFPel. Foi criado no ano de 2009, sob o c\u00f3digo de registro na PRG: 031.2009. Tem como objetivo principal: contribuir para o &hellip; <a href=\"https:\/\/wp.ufpel.edu.br\/geografia\/laboratorios-de-pesquisa-e-extensao\/ldgf\/\">Continue lendo <span class=\"meta-nav\">&rarr;<\/span><\/a><\/p>\n","protected":false},"author":120,"featured_media":0,"parent":257,"menu_order":0,"comment_status":"closed","ping_status":"closed","template":"","meta":{"footnotes":""},"class_list":["post-67","page","type-page","status-publish","hentry"],"jetpack_sharing_enabled":true,"_links":{"self":[{"href":"https:\/\/wp.ufpel.edu.br\/geografia\/wp-json\/wp\/v2\/pages\/67","targetHints":{"allow":["GET"]}}],"collection":[{"href":"https:\/\/wp.ufpel.edu.br\/geografia\/wp-json\/wp\/v2\/pages"}],"about":[{"href":"https:\/\/wp.ufpel.edu.br\/geografia\/wp-json\/wp\/v2\/types\/page"}],"author":[{"embeddable":true,"href":"https:\/\/wp.ufpel.edu.br\/geografia\/wp-json\/wp\/v2\/users\/120"}],"replies":[{"embeddable":true,"href":"https:\/\/wp.ufpel.edu.br\/geografia\/wp-json\/wp\/v2\/comments?post=67"}],"version-history":[{"count":11,"href":"https:\/\/wp.ufpel.edu.br\/geografia\/wp-json\/wp\/v2\/pages\/67\/revisions"}],"predecessor-version":[{"id":2518,"href":"https:\/\/wp.ufpel.edu.br\/geografia\/wp-json\/wp\/v2\/pages\/67\/revisions\/2518"}],"up":[{"embeddable":true,"href":"https:\/\/wp.ufpel.edu.br\/geografia\/wp-json\/wp\/v2\/pages\/257"}],"wp:attachment":[{"href":"https:\/\/wp.ufpel.edu.br\/geografia\/wp-json\/wp\/v2\/media?parent=67"}],"curies":[{"name":"wp","href":"https:\/\/api.w.org\/{rel}","templated":true}]}}