{"id":52,"date":"2011-09-01T14:27:29","date_gmt":"2011-09-01T17:27:29","guid":{"rendered":"https:\/\/wp.ufpel.edu.br\/geografia\/"},"modified":"2017-12-15T00:40:34","modified_gmt":"2017-12-15T02:40:34","slug":"labgeotec","status":"publish","type":"page","link":"https:\/\/wp.ufpel.edu.br\/geografia\/laboratorios-de-pesquisa-e-extensao\/labgeotec\/","title":{"rendered":"Laborat\u00f3rio de Geotecnologias Aplicadas \u00e0 Geografia"},"content":{"rendered":"<p style=\"text-align: justify\"><strong>O LABORAT\u00d3RIO DE GEOTECNOLOGIAS APLICADAS \u00c0 GEOGRAFIA<\/strong> conta com 28 computadores em bancadas individualizadas, um Scanner A0 e A3, Bases Cartogr\u00e1ficas Digitais, Imagens de sat\u00e9lite de m\u00e9dia e alta resolu\u00e7\u00e3o espacial, 9 GPS de navega\u00e7\u00e3o, 7 C\u00e2meras Fotogr\u00e1ficas Digitais e softwares livres relacionados \u00e0s geotecnologias (Terraview, Spring, QGis) e tem como meta atender \u00e0 comunidade discente na realiza\u00e7\u00e3o de atividades acad\u00eamicas de gradua\u00e7\u00e3o, p\u00f3s-gradua\u00e7\u00e3o e extens\u00e3o que demandem recursos de Cartografia Digital e Geoprocessamento.<\/p>\n<p style=\"text-align: justify\"><strong>Atividades que se realizam no laborat\u00f3rio:<\/strong><\/p>\n<p style=\"text-align: justify\">1) Apoio as aulas regulares dos Cursos de Geografia (disciplinas de Introdu\u00e7\u00e3o ao SIG, Geoprocessamento, Sensoriamento Remoto, An\u00e1lise e Gerenciamento de Bacias Hidrogr\u00e1ficas e Quantifica\u00e7\u00e3o em Geografia), total ou parcialmente, ministradas no laborat\u00f3rio o que demanda: a) digitaliza\u00e7\u00e3o de cartas topogr\u00e1ficas; b) obten\u00e7\u00e3o e georeferenciamento de imagens de sat\u00e9lite; c) obten\u00e7\u00e3o e manipula\u00e7\u00e3o de dados censit\u00e1rios; d) submiss\u00e3o a teste dos roteiros elaborados para a realiza\u00e7\u00e3o de atividades pr\u00f3prias \u00e0s disciplinas; e) disponibiliza\u00e7\u00e3o por computador de arquivos necess\u00e1rios \u00e1 realiza\u00e7\u00e3o das atividades acad\u00eamicas; f) etc.<\/p>\n<p style=\"text-align: justify\">2) Projetos de Ensino.<\/p>\n<p style=\"text-align: justify\">3) Acompanhamentos extra-classe em apoio a pesquisas de inicia\u00e7\u00e3o cient\u00edfica, trabalhos de conclus\u00e3o de Curso (TCC) e disserta\u00e7\u00f5es de mestrado no que se refere a localiza\u00e7\u00e3o de \u00e1reas de estudo, mapeamento digital, mapas de cobertura, uso e ocupa\u00e7\u00e3o da terra, conhecimentos conceituais em Geotecnologias.<\/p>\n<p style=\"text-align: justify\">4) Atividades de curta dura\u00e7\u00e3o como oficinas ou pr\u00e1ticas dos Cursos de Geografia Licenciatura e Bacharelado.<\/p>\n<p style=\"text-align: justify\">5) Atividades de Extens\u00e3o.<\/p>\n<p style=\"text-align: justify\">6) Socializa\u00e7\u00e3o das geotecnologias atrav\u00e9s de GPS de navega\u00e7\u00e3o, imagens de sat\u00e9lite e softwares de navega\u00e7\u00e3o, em trabalhos de campo realizados tanto com alunos de gradua\u00e7\u00e3o como de p\u00f3s-gradua\u00e7\u00e3o, como um recurso did\u00e1tico para o processo de ensino e aprendizagem, contribuindo, ao mesmo tempo, para a forma\u00e7\u00e3o de uma consci\u00eancia elaborada futura sobre a utiliza\u00e7\u00e3o desse conhecimento.<\/p>\n<p style=\"text-align: justify\"><strong>Coordenadora:<\/strong><br \/>\nProf.\u00aa Dr.\u00aa Erika Collischonn<br \/>\n<strong>T\u00e9cnico em Cartografia:<\/strong><br \/>\n<a href=\"http:\/\/lattes.cnpq.br\/6216559313129867\">Ge\u00f3grafo Dr. Allan de Oliveira de Oliveira<\/a><\/p>\n<p><strong>Endere\u00e7o:\u00a0<\/strong>Laborat\u00f3rio de Geotecnologias Aplicadas \u00e0 Geografia \u2013 Sala 201A \u2013 Instituto de Ci\u00eancias Humanas \u2013 Campus 2 \u2013 Rua Almirante Barroso, 1202, Pelotas-RS.<\/p>\n","protected":false},"excerpt":{"rendered":"<p>O LABORAT\u00d3RIO DE GEOTECNOLOGIAS APLICADAS \u00c0 GEOGRAFIA conta com 28 computadores em bancadas individualizadas, um Scanner A0 e A3, Bases Cartogr\u00e1ficas Digitais, Imagens de sat\u00e9lite de m\u00e9dia e alta resolu\u00e7\u00e3o espacial, 9 GPS de navega\u00e7\u00e3o, 7 C\u00e2meras Fotogr\u00e1ficas Digitais e &hellip; <a href=\"https:\/\/wp.ufpel.edu.br\/geografia\/laboratorios-de-pesquisa-e-extensao\/labgeotec\/\">Continue lendo <span class=\"meta-nav\">&rarr;<\/span><\/a><\/p>\n","protected":false},"author":120,"featured_media":0,"parent":257,"menu_order":0,"comment_status":"closed","ping_status":"closed","template":"","meta":{"footnotes":""},"class_list":["post-52","page","type-page","status-publish","hentry"],"jetpack_sharing_enabled":true,"_links":{"self":[{"href":"https:\/\/wp.ufpel.edu.br\/geografia\/wp-json\/wp\/v2\/pages\/52","targetHints":{"allow":["GET"]}}],"collection":[{"href":"https:\/\/wp.ufpel.edu.br\/geografia\/wp-json\/wp\/v2\/pages"}],"about":[{"href":"https:\/\/wp.ufpel.edu.br\/geografia\/wp-json\/wp\/v2\/types\/page"}],"author":[{"embeddable":true,"href":"https:\/\/wp.ufpel.edu.br\/geografia\/wp-json\/wp\/v2\/users\/120"}],"replies":[{"embeddable":true,"href":"https:\/\/wp.ufpel.edu.br\/geografia\/wp-json\/wp\/v2\/comments?post=52"}],"version-history":[{"count":12,"href":"https:\/\/wp.ufpel.edu.br\/geografia\/wp-json\/wp\/v2\/pages\/52\/revisions"}],"predecessor-version":[{"id":2519,"href":"https:\/\/wp.ufpel.edu.br\/geografia\/wp-json\/wp\/v2\/pages\/52\/revisions\/2519"}],"up":[{"embeddable":true,"href":"https:\/\/wp.ufpel.edu.br\/geografia\/wp-json\/wp\/v2\/pages\/257"}],"wp:attachment":[{"href":"https:\/\/wp.ufpel.edu.br\/geografia\/wp-json\/wp\/v2\/media?parent=52"}],"curies":[{"name":"wp","href":"https:\/\/api.w.org\/{rel}","templated":true}]}}