{"id":3947,"date":"2023-09-27T09:35:57","date_gmt":"2023-09-27T12:35:57","guid":{"rendered":"https:\/\/wp.ufpel.edu.br\/geografia\/?page_id=3947"},"modified":"2023-09-27T09:42:54","modified_gmt":"2023-09-27T12:42:54","slug":"links-uteis","status":"publish","type":"page","link":"https:\/\/wp.ufpel.edu.br\/geografia\/espaco-da-o-aluna-o\/links-uteis\/","title":{"rendered":"Links \u00dateis"},"content":{"rendered":"<p><a href=\"https:\/\/wp.ufpel.edu.br\/cra\/calendarios-academicos\/calendario-academico-2023\/\">Calend\u00e1rio Acad\u00eamico da UFPel 2023<\/a><\/p>\n<p><a href=\"https:\/\/wp.ufpel.edu.br\/cra\/informacoes-academicas\/aproveitamento-de-disciplina\/\">Aproveitamento de Disciplinas<\/a><\/p>\n<p><a href=\"https:\/\/wp.ufpel.edu.br\/cra\/informacoes-academicas\/abono-de-faltas\/\">Sobre as faltas<\/a><\/p>\n<p><a href=\"https:\/\/wp.ufpel.edu.br\/cra\/informacoes-academicas\/quebra-de-pre-requisito-2\/\">Solicitar quebra de pr\u00e9-requisitos\u00a0<\/a><\/p>\n<p><a href=\"https:\/\/wp.ufpel.edu.br\/cra\/informacoes-academicas\/revisao-de-desempenho\/\">Revis\u00e3o de prova\u00a0<\/a><\/p>\n<p><a href=\"https:\/\/wp.ufpel.edu.br\/cra\/informacoes-academicas\/provavel-formando\/\">Prov\u00e1vel Formando\u00a0<\/a><\/p>\n","protected":false},"excerpt":{"rendered":"<p>Calend\u00e1rio Acad\u00eamico da UFPel 2023 Aproveitamento de Disciplinas Sobre as faltas Solicitar quebra de pr\u00e9-requisitos\u00a0 Revis\u00e3o de prova\u00a0 Prov\u00e1vel Formando\u00a0<\/p>\n","protected":false},"author":120,"featured_media":0,"parent":2369,"menu_order":0,"comment_status":"closed","ping_status":"closed","template":"","meta":{"footnotes":""},"class_list":["post-3947","page","type-page","status-publish","hentry"],"jetpack_sharing_enabled":true,"_links":{"self":[{"href":"https:\/\/wp.ufpel.edu.br\/geografia\/wp-json\/wp\/v2\/pages\/3947","targetHints":{"allow":["GET"]}}],"collection":[{"href":"https:\/\/wp.ufpel.edu.br\/geografia\/wp-json\/wp\/v2\/pages"}],"about":[{"href":"https:\/\/wp.ufpel.edu.br\/geografia\/wp-json\/wp\/v2\/types\/page"}],"author":[{"embeddable":true,"href":"https:\/\/wp.ufpel.edu.br\/geografia\/wp-json\/wp\/v2\/users\/120"}],"replies":[{"embeddable":true,"href":"https:\/\/wp.ufpel.edu.br\/geografia\/wp-json\/wp\/v2\/comments?post=3947"}],"version-history":[{"count":2,"href":"https:\/\/wp.ufpel.edu.br\/geografia\/wp-json\/wp\/v2\/pages\/3947\/revisions"}],"predecessor-version":[{"id":3950,"href":"https:\/\/wp.ufpel.edu.br\/geografia\/wp-json\/wp\/v2\/pages\/3947\/revisions\/3950"}],"up":[{"embeddable":true,"href":"https:\/\/wp.ufpel.edu.br\/geografia\/wp-json\/wp\/v2\/pages\/2369"}],"wp:attachment":[{"href":"https:\/\/wp.ufpel.edu.br\/geografia\/wp-json\/wp\/v2\/media?parent=3947"}],"curies":[{"name":"wp","href":"https:\/\/api.w.org\/{rel}","templated":true}]}}