{"id":356,"date":"2012-01-12T11:03:11","date_gmt":"2012-01-12T11:03:11","guid":{"rendered":"https:\/\/wp.ufpel.edu.br\/geografia\/"},"modified":"2023-07-12T10:58:01","modified_gmt":"2023-07-12T13:58:01","slug":"regulamentos-ufpel","status":"publish","type":"page","link":"https:\/\/wp.ufpel.edu.br\/geografia\/espaco-da-o-aluna-o\/regulamentos-ufpel\/","title":{"rendered":"Regulamentos &#8211; UFPel"},"content":{"rendered":"<p><a href=\"https:\/\/wp.ufpel.edu.br\/geografia\/files\/2012\/01\/re_14_20101.pdf\">Regulamento da Gradua\u00e7\u00e3o &#8211; UFPel<\/a><\/p>\n<p><a href=\"https:\/\/wp.ufpel.edu.br\/geografia\/files\/2012\/01\/Manual_normas_UFPel_2006.pdf\">Normas para formata\u00e7\u00e3o de Trabalhos Acad\u00eamicos<\/a><\/p>\n<p>&nbsp;<\/p>\n","protected":false},"excerpt":{"rendered":"<p>Regulamento da Gradua\u00e7\u00e3o &#8211; UFPel Normas para formata\u00e7\u00e3o de Trabalhos Acad\u00eamicos &nbsp;<\/p>\n","protected":false},"author":120,"featured_media":0,"parent":2369,"menu_order":0,"comment_status":"closed","ping_status":"closed","template":"","meta":{"footnotes":""},"class_list":["post-356","page","type-page","status-publish","hentry"],"jetpack_sharing_enabled":true,"_links":{"self":[{"href":"https:\/\/wp.ufpel.edu.br\/geografia\/wp-json\/wp\/v2\/pages\/356","targetHints":{"allow":["GET"]}}],"collection":[{"href":"https:\/\/wp.ufpel.edu.br\/geografia\/wp-json\/wp\/v2\/pages"}],"about":[{"href":"https:\/\/wp.ufpel.edu.br\/geografia\/wp-json\/wp\/v2\/types\/page"}],"author":[{"embeddable":true,"href":"https:\/\/wp.ufpel.edu.br\/geografia\/wp-json\/wp\/v2\/users\/120"}],"replies":[{"embeddable":true,"href":"https:\/\/wp.ufpel.edu.br\/geografia\/wp-json\/wp\/v2\/comments?post=356"}],"version-history":[{"count":17,"href":"https:\/\/wp.ufpel.edu.br\/geografia\/wp-json\/wp\/v2\/pages\/356\/revisions"}],"predecessor-version":[{"id":3906,"href":"https:\/\/wp.ufpel.edu.br\/geografia\/wp-json\/wp\/v2\/pages\/356\/revisions\/3906"}],"up":[{"embeddable":true,"href":"https:\/\/wp.ufpel.edu.br\/geografia\/wp-json\/wp\/v2\/pages\/2369"}],"wp:attachment":[{"href":"https:\/\/wp.ufpel.edu.br\/geografia\/wp-json\/wp\/v2\/media?parent=356"}],"curies":[{"name":"wp","href":"https:\/\/api.w.org\/{rel}","templated":true}]}}