{"id":32,"date":"2011-08-30T17:39:27","date_gmt":"2011-08-30T20:39:27","guid":{"rendered":"https:\/\/wp.ufpel.edu.br\/geografia\/"},"modified":"2017-12-15T00:36:33","modified_gmt":"2017-12-15T02:36:33","slug":"lacea","status":"publish","type":"page","link":"https:\/\/wp.ufpel.edu.br\/geografia\/laboratorios-de-pesquisa-e-extensao\/lacea\/","title":{"rendered":"Laborat\u00f3rio de Cartografia e Estudos Ambientais \u2013 LACEA"},"content":{"rendered":"<p>O Laborat\u00f3rio de Cartografia e Estudos Ambientais \u2013 LACEA desenvolve pesquisas e projetos de extens\u00e3o relacionados ao Ensino da Cartografia e ao Estudo de Sistemas Ambientais, envolvendo alunos de gradua\u00e7\u00e3o e p\u00f3s-gradua\u00e7\u00e3o do Curso de Geografia do Instituto de Ci\u00eancias Humanas, possibilitando a troca de experi\u00eancias entre os discentes os profissionais que atuam nesta \u00e1rea. Atua ainda no aux\u00edlio \u00e0 realiza\u00e7\u00e3o de cursos sobre o uso de novas tecnologias no ensino de Geografia, em especial, os Sistemas de Informa\u00e7\u00e3o Geogr\u00e1fica.<\/p>\n<p><strong>GEOGRAFANDO<\/strong> \u00e9 um peri\u00f3dico para divulga\u00e7\u00e3o da produ\u00e7\u00e3o cient\u00edfica da Geografia e \u00e1reas afins, organizada pelo Laborat\u00f3rio de Cartografia e Estudos Ambientais e pelo Programa de P\u00f3s-Gradua\u00e7\u00e3o em Geografia da Universidade Federal de Pelotas. Visa atender a necessidade de divulgar a produ\u00e7\u00e3o cient\u00edfica em Geografia pautando-se sempre na liberdade de enfoque e na universalidade dos conte\u00fados de pesquisa a que est\u00e1 aberto.<\/p>\n<p>O LACEA tamb\u00e9m desenvolve atividades junto ao Acervo Fotogr\u00e1fico e Cartogr\u00e1fico da Ag\u00eancia da Lagoa Mirim, visando a sua cataloga\u00e7\u00e3o, digitaliza\u00e7\u00e3o e recupera\u00e7\u00e3o\/restaura\u00e7\u00e3o. Estas a\u00e7\u00f5es possibilitam amplo acesso por parte da comunidade acad\u00eamica da UFPEL e demais Institui\u00e7\u00f5es de Ensino Superior e do p\u00fablico em geral na utiliza\u00e7\u00e3o do mesmo como uma importante fonte de pesquisa.<\/p>\n<p>No que se refere \u00e0 Cartografia, destaca-se para o ano de 2011 o desenvolvimento do Projeto de Forma\u00e7\u00e3o Continuada em Cartografia T\u00e1til &#8211; proposta aprovada junto ao MEC no edital em conjunto com a Coordenadoria das Licenciaturas e a PREC.<\/p>\n<p>Ressaltando-se ainda, que a realiza\u00e7\u00e3o de cursos de extens\u00e3o, especialmente na \u00e1rea de Cartografia e Estudos Ambientais, atende solicita\u00e7\u00f5es de outras unidades desta Universidade, da rede p\u00fablica de ensino, estadual e municipal, bem como de outros \u00f3rg\u00e3os p\u00fablicos interessados nesta tem\u00e1tica<\/p>\n<p>No que tange pesquisas na \u00e1rea ambiental, atualmente encontram-se em desenvolvimento investiga\u00e7\u00f5es orientadas para a caracteriza\u00e7\u00e3o geomorfol\u00f3gica e identifica\u00e7\u00e3o das altera\u00e7\u00f5es morfohidrogr\u00e1ficas na Plan\u00edcie Costeira Sul Ga\u00facha, com \u00eanfase \u00e0 Plan\u00edcie Lagunar. Estas pesquisas congregam alunos dos cursos de Bacharelado e Licenciatura em Geografia que s\u00e3o incitados a participar tamb\u00e9m com projetos pr\u00f3prios vinculados ao grupo de pesquisa \u201cGeomorfologia Antropog\u00eanica\u201d, cadastrado no portal de grupos de pesquisa do CNPq e certificado pela Universidade Federal de Pelotas.<\/p>\n<p>Endere\u00e7o: Laborat\u00f3rio de Cartografia e Estudos Ambientais (LACEA) \u2013 Sala 15 \u2013 Ag\u00eancia da Lagoa Mirim, Rua Lobo da Costa, 447.<\/p>\n<p>Professora respons\u00e1vel:<\/p>\n<p><a class=\"alignleft\" title=\"Dr. Adriano Lu\u00eds Heck Simon\" href=\"http:\/\/buscatextual.cnpq.br\/buscatextual\/visualizacv.do?id=K4739402E3\" target=\"_blank\" rel=\"noopener\">Dra. Rosa Elena Noal<br \/>\n<\/a><\/p>\n","protected":false},"excerpt":{"rendered":"<p>O Laborat\u00f3rio de Cartografia e Estudos Ambientais \u2013 LACEA desenvolve pesquisas e projetos de extens\u00e3o relacionados ao Ensino da Cartografia e ao Estudo de Sistemas Ambientais, envolvendo alunos de gradua\u00e7\u00e3o e p\u00f3s-gradua\u00e7\u00e3o do Curso de Geografia do Instituto de Ci\u00eancias &hellip; <a href=\"https:\/\/wp.ufpel.edu.br\/geografia\/laboratorios-de-pesquisa-e-extensao\/lacea\/\">Continue lendo <span class=\"meta-nav\">&rarr;<\/span><\/a><\/p>\n","protected":false},"author":120,"featured_media":0,"parent":257,"menu_order":0,"comment_status":"closed","ping_status":"closed","template":"","meta":{"footnotes":""},"class_list":["post-32","page","type-page","status-publish","hentry"],"jetpack_sharing_enabled":true,"_links":{"self":[{"href":"https:\/\/wp.ufpel.edu.br\/geografia\/wp-json\/wp\/v2\/pages\/32","targetHints":{"allow":["GET"]}}],"collection":[{"href":"https:\/\/wp.ufpel.edu.br\/geografia\/wp-json\/wp\/v2\/pages"}],"about":[{"href":"https:\/\/wp.ufpel.edu.br\/geografia\/wp-json\/wp\/v2\/types\/page"}],"author":[{"embeddable":true,"href":"https:\/\/wp.ufpel.edu.br\/geografia\/wp-json\/wp\/v2\/users\/120"}],"replies":[{"embeddable":true,"href":"https:\/\/wp.ufpel.edu.br\/geografia\/wp-json\/wp\/v2\/comments?post=32"}],"version-history":[{"count":9,"href":"https:\/\/wp.ufpel.edu.br\/geografia\/wp-json\/wp\/v2\/pages\/32\/revisions"}],"predecessor-version":[{"id":2533,"href":"https:\/\/wp.ufpel.edu.br\/geografia\/wp-json\/wp\/v2\/pages\/32\/revisions\/2533"}],"up":[{"embeddable":true,"href":"https:\/\/wp.ufpel.edu.br\/geografia\/wp-json\/wp\/v2\/pages\/257"}],"wp:attachment":[{"href":"https:\/\/wp.ufpel.edu.br\/geografia\/wp-json\/wp\/v2\/media?parent=32"}],"curies":[{"name":"wp","href":"https:\/\/api.w.org\/{rel}","templated":true}]}}