{"id":266,"date":"2011-10-27T13:40:43","date_gmt":"2011-10-27T16:40:43","guid":{"rendered":"https:\/\/wp.ufpel.edu.br\/geografia\/"},"modified":"2017-12-15T00:39:51","modified_gmt":"2017-12-15T02:39:51","slug":"laboratorio-de-ensino-em-cartografia","status":"publish","type":"page","link":"https:\/\/wp.ufpel.edu.br\/geografia\/laboratorios-de-pesquisa-e-extensao\/laboratorio-de-ensino-em-cartografia\/","title":{"rendered":"Laborat\u00f3rio de Ensino em Cartografia"},"content":{"rendered":"<p style=\"text-align: justify\"><strong>O LABORAT\u00d3RIO DE ENSINO EM CARTOGRAFIA<\/strong>, que conta tr\u00eas mapotecas com cartas topogr\u00e1ficas do Rio Grande do Sul, tem como meta atender \u00e0 comunidade discente na realiza\u00e7\u00e3o de atividades acad\u00eamicas de gradua\u00e7\u00e3o, p\u00f3s-gradua\u00e7\u00e3o e extens\u00e3o que demandem recursos relacionados \u00e0 Cartografia.<\/p>\n<p style=\"text-align: justify\"><strong>Atividades que se realizam no laborat\u00f3rio:<\/strong><\/p>\n<p style=\"text-align: justify\">1)\u00a0\u00a0\u00a0 Apoio as aulas regulares dos Cursos de Geografia (disciplinas de Cartografia, Cartografia Tem\u00e1tica, An\u00e1lise e Gerenciamento de Bacias Hidrogr\u00e1ficas, An\u00e1lise e Interpreta\u00e7\u00e3o de Cartas Topogr\u00e1ficas), total ou parcialmente ministradas no laborat\u00f3rio, o que demanda: a) sele\u00e7\u00e3o de cartas topogr\u00e1ficas; b) prepara\u00e7\u00e3o de materiais para aulas pr\u00e1ticas; c) constru\u00e7\u00e3o de documentos cartogr\u00e1ficos; d) etc.<\/p>\n<p style=\"text-align: justify\">2)\u00a0\u00a0\u00a0 Acompanhamentos extra-classe em apoio a pesquisas de inicia\u00e7\u00e3o cient\u00edfica, trabalhos de conclus\u00e3o de Curso (TCC), disserta\u00e7\u00f5es de mestrado no que se refere a localiza\u00e7\u00e3o de \u00e1reas de estudo, caracteriza\u00e7\u00e3o f\u00edsica de \u00e1reas, entre outras.<\/p>\n<p style=\"text-align: justify\">3)\u00a0\u00a0\u00a0 Aux\u00edlio na prepara\u00e7\u00e3o e acompanhamento na realiza\u00e7\u00e3o de oficinas e cursos de curta dura\u00e7\u00e3o.<\/p>\n<p style=\"text-align: justify\"><strong>Coordenadora:<\/strong><br \/>\nProf.\u00aa Dr.\u00aa Rosa Elena Noal<br \/>\n<strong>T\u00e9cnico em Cartografia:<\/strong><br \/>\n<a href=\"http:\/\/lattes.cnpq.br\/6216559313129867\">Ge\u00f3grafo Dr. Allan de Oliveira de Oliveira<\/a><\/p>\n<p style=\"text-align: justify\"><strong>Endere\u00e7o:<\/strong>\u00a0Laborat\u00f3rio de Geotecnologias Aplicadas \u00e0 Geografia \u2013 Sala 101 \u2013 Instituto de Ci\u00eancias Humanas \u2013 Campus 2 \u2013 Rua Almirante Barroso, 1202, Pelotas-RS.<\/p>\n","protected":false},"excerpt":{"rendered":"<p>O LABORAT\u00d3RIO DE ENSINO EM CARTOGRAFIA, que conta tr\u00eas mapotecas com cartas topogr\u00e1ficas do Rio Grande do Sul, tem como meta atender \u00e0 comunidade discente na realiza\u00e7\u00e3o de atividades acad\u00eamicas de gradua\u00e7\u00e3o, p\u00f3s-gradua\u00e7\u00e3o e extens\u00e3o que demandem recursos relacionados \u00e0 &hellip; <a href=\"https:\/\/wp.ufpel.edu.br\/geografia\/laboratorios-de-pesquisa-e-extensao\/laboratorio-de-ensino-em-cartografia\/\">Continue lendo <span class=\"meta-nav\">&rarr;<\/span><\/a><\/p>\n","protected":false},"author":120,"featured_media":0,"parent":257,"menu_order":0,"comment_status":"closed","ping_status":"closed","template":"","meta":{"footnotes":""},"class_list":["post-266","page","type-page","status-publish","hentry"],"jetpack_sharing_enabled":true,"_links":{"self":[{"href":"https:\/\/wp.ufpel.edu.br\/geografia\/wp-json\/wp\/v2\/pages\/266","targetHints":{"allow":["GET"]}}],"collection":[{"href":"https:\/\/wp.ufpel.edu.br\/geografia\/wp-json\/wp\/v2\/pages"}],"about":[{"href":"https:\/\/wp.ufpel.edu.br\/geografia\/wp-json\/wp\/v2\/types\/page"}],"author":[{"embeddable":true,"href":"https:\/\/wp.ufpel.edu.br\/geografia\/wp-json\/wp\/v2\/users\/120"}],"replies":[{"embeddable":true,"href":"https:\/\/wp.ufpel.edu.br\/geografia\/wp-json\/wp\/v2\/comments?post=266"}],"version-history":[{"count":7,"href":"https:\/\/wp.ufpel.edu.br\/geografia\/wp-json\/wp\/v2\/pages\/266\/revisions"}],"predecessor-version":[{"id":2462,"href":"https:\/\/wp.ufpel.edu.br\/geografia\/wp-json\/wp\/v2\/pages\/266\/revisions\/2462"}],"up":[{"embeddable":true,"href":"https:\/\/wp.ufpel.edu.br\/geografia\/wp-json\/wp\/v2\/pages\/257"}],"wp:attachment":[{"href":"https:\/\/wp.ufpel.edu.br\/geografia\/wp-json\/wp\/v2\/media?parent=266"}],"curies":[{"name":"wp","href":"https:\/\/api.w.org\/{rel}","templated":true}]}}