{"id":2492,"date":"2017-12-13T16:00:03","date_gmt":"2017-12-13T18:00:03","guid":{"rendered":"https:\/\/wp.ufpel.edu.br\/geografia\/?page_id=2492"},"modified":"2018-03-14T17:04:05","modified_gmt":"2018-03-14T20:04:05","slug":"centro-academico","status":"publish","type":"page","link":"https:\/\/wp.ufpel.edu.br\/geografia\/centro-academico\/","title":{"rendered":"Centro Acad\u00eamico"},"content":{"rendered":"<div id=\"attachment_2501\" style=\"width: 410px\" class=\"wp-caption alignnone\"><a href=\"https:\/\/www.facebook.com\/CAGeografiaUFPel\" target=\"_blank\" rel=\"noopener\"><img loading=\"lazy\" decoding=\"async\" aria-describedby=\"caption-attachment-2501\" class=\"wp-image-2501 size-medium\" src=\"https:\/\/wp.ufpel.edu.br\/geografia\/files\/2017\/12\/24296556_2029277130682149_6103434237034025888_n-1-400x147.jpg\" alt=\"\" width=\"400\" height=\"147\" srcset=\"https:\/\/wp.ufpel.edu.br\/geografia\/files\/2017\/12\/24296556_2029277130682149_6103434237034025888_n-1-400x147.jpg 400w, https:\/\/wp.ufpel.edu.br\/geografia\/files\/2017\/12\/24296556_2029277130682149_6103434237034025888_n-1-768x281.jpg 768w, https:\/\/wp.ufpel.edu.br\/geografia\/files\/2017\/12\/24296556_2029277130682149_6103434237034025888_n-1-500x183.jpg 500w, https:\/\/wp.ufpel.edu.br\/geografia\/files\/2017\/12\/24296556_2029277130682149_6103434237034025888_n-1.jpg 857w\" sizes=\"auto, (max-width: 400px) 100vw, 400px\" \/><\/a><p id=\"caption-attachment-2501\" class=\"wp-caption-text\">Clique aqui para acessar a p\u00e1gina do CAGEO no Facebook.<\/p><\/div>\n<p><strong>Coordena\u00e7\u00e3o do CAGEO &#8211; Gest\u00e3o Germina<\/strong><\/p>\n<p><a href=\"https:\/\/wp.ufpel.edu.br\/geografia\/files\/2018\/03\/WhatsApp-Image-2018-02-21-at-16.54.06.jpeg\"><img loading=\"lazy\" decoding=\"async\" class=\"aligncenter size-medium wp-image-2566\" src=\"https:\/\/wp.ufpel.edu.br\/geografia\/files\/2018\/03\/WhatsApp-Image-2018-02-21-at-16.54.06-400x357.jpeg\" alt=\"\" width=\"400\" height=\"357\" srcset=\"https:\/\/wp.ufpel.edu.br\/geografia\/files\/2018\/03\/WhatsApp-Image-2018-02-21-at-16.54.06-400x357.jpeg 400w, https:\/\/wp.ufpel.edu.br\/geografia\/files\/2018\/03\/WhatsApp-Image-2018-02-21-at-16.54.06-768x685.jpeg 768w, https:\/\/wp.ufpel.edu.br\/geografia\/files\/2018\/03\/WhatsApp-Image-2018-02-21-at-16.54.06-1024x913.jpeg 1024w, https:\/\/wp.ufpel.edu.br\/geografia\/files\/2018\/03\/WhatsApp-Image-2018-02-21-at-16.54.06-337x300.jpeg 337w, https:\/\/wp.ufpel.edu.br\/geografia\/files\/2018\/03\/WhatsApp-Image-2018-02-21-at-16.54.06.jpeg 1280w\" sizes=\"auto, (max-width: 400px) 100vw, 400px\" \/><\/a><\/p>\n<p>&nbsp;<\/p>\n<p>&nbsp;<\/p>\n<p>&nbsp;<\/p>\n<p>&nbsp;<\/p>\n<p>&nbsp;<\/p>\n<p>&nbsp;<\/p>\n<p>&nbsp;<\/p>\n<p>&nbsp;<\/p>\n<p>&nbsp;<\/p>\n<p>&nbsp;<\/p>\n<p>&nbsp;<\/p>\n<p>&nbsp;<\/p>\n","protected":false},"excerpt":{"rendered":"<p>Coordena\u00e7\u00e3o do CAGEO &#8211; Gest\u00e3o Germina &nbsp; &nbsp; &nbsp; &nbsp; &nbsp; &nbsp; &nbsp; &nbsp; &nbsp; &nbsp; &nbsp; &nbsp;<\/p>\n","protected":false},"author":542,"featured_media":0,"parent":0,"menu_order":3,"comment_status":"closed","ping_status":"closed","template":"","meta":{"footnotes":""},"class_list":["post-2492","page","type-page","status-publish","hentry"],"jetpack_sharing_enabled":true,"_links":{"self":[{"href":"https:\/\/wp.ufpel.edu.br\/geografia\/wp-json\/wp\/v2\/pages\/2492","targetHints":{"allow":["GET"]}}],"collection":[{"href":"https:\/\/wp.ufpel.edu.br\/geografia\/wp-json\/wp\/v2\/pages"}],"about":[{"href":"https:\/\/wp.ufpel.edu.br\/geografia\/wp-json\/wp\/v2\/types\/page"}],"author":[{"embeddable":true,"href":"https:\/\/wp.ufpel.edu.br\/geografia\/wp-json\/wp\/v2\/users\/542"}],"replies":[{"embeddable":true,"href":"https:\/\/wp.ufpel.edu.br\/geografia\/wp-json\/wp\/v2\/comments?post=2492"}],"version-history":[{"count":10,"href":"https:\/\/wp.ufpel.edu.br\/geografia\/wp-json\/wp\/v2\/pages\/2492\/revisions"}],"predecessor-version":[{"id":2568,"href":"https:\/\/wp.ufpel.edu.br\/geografia\/wp-json\/wp\/v2\/pages\/2492\/revisions\/2568"}],"wp:attachment":[{"href":"https:\/\/wp.ufpel.edu.br\/geografia\/wp-json\/wp\/v2\/media?parent=2492"}],"curies":[{"name":"wp","href":"https:\/\/api.w.org\/{rel}","templated":true}]}}