{"id":237,"date":"2011-10-24T16:14:16","date_gmt":"2011-10-24T18:14:16","guid":{"rendered":"https:\/\/wp.ufpel.edu.br\/geografia\/"},"modified":"2025-05-23T08:26:12","modified_gmt":"2025-05-23T11:26:12","slug":"projeto-pedagogico","status":"publish","type":"page","link":"https:\/\/wp.ufpel.edu.br\/geografia\/sobrelicenciatura\/projeto-pedagogico\/","title":{"rendered":"Projetos Pedag\u00f3gicos"},"content":{"rendered":"<p><a href=\"https:\/\/wp.ufpel.edu.br\/geografia\/files\/2025\/05\/PPC_Geografia_Licenciatura_maio2025.pdf\">Projeto Pedag\u00f3gico do Curso de Licenciatura em Geografia &#8211; 2025<\/a><\/p>\n<p><a href=\"https:\/\/wp.ufpel.edu.br\/geografia\/files\/2020\/02\/PPC_Lic_NDE_geografia_final_26_11_v9.pdf\">Projeto Pedag\u00f3gico do Curso de Licenciatura em Geografia &#8211; 2018<\/a><\/p>\n<p><a href=\"https:\/\/wp.ufpel.edu.br\/geografia\/files\/2011\/10\/PPGeografialicenciatural.pdf\">Projeto Pedag\u00f3gico do Curso de Licenciatura em Geografia &#8211; 2006<\/a><\/p>\n<hr \/>\n<p><a href=\"https:\/\/wp.ufpel.edu.br\/geografia\/files\/2023\/07\/PPC_Bacahrelado_2023.pdf\">Projeto Pedag\u00f3gico do Curso de Bacharelado em Geografia &#8211; 2023<\/a><\/p>\n<p><a href=\"https:\/\/wp.ufpel.edu.br\/geografia\/files\/2020\/08\/PPC_v15_14_11_19_REVISADO.pdf\">Projeto Pedag\u00f3gico do Curso de Bacharelado em Geografia &#8211; 2019<\/a><\/p>\n<p><a href=\"https:\/\/wp.ufpel.edu.br\/geografia\/files\/2011\/10\/ppp-geografia-bacharelado-3-de-dezembro.pdf\">Projeto Pedag\u00f3gico do Curso de Bacharelado em Geografia &#8211; 2011<\/a><\/p>\n<p><a href=\"https:\/\/wp.ufpel.edu.br\/geografia\/files\/2011\/10\/PPGeoBachar2009-1.pdf\">Projeto Pedag\u00f3gico do Curso de Bacharelado em Geografia &#8211; 2007\/2010<\/a><\/p>\n<p>&nbsp;<\/p>\n<p>&nbsp;<\/p>\n","protected":false},"excerpt":{"rendered":"<p>Projeto Pedag\u00f3gico do Curso de Licenciatura em Geografia &#8211; 2025 Projeto Pedag\u00f3gico do Curso de Licenciatura em Geografia &#8211; 2018 Projeto Pedag\u00f3gico do Curso de Licenciatura em Geografia &#8211; 2006 Projeto Pedag\u00f3gico do Curso de Bacharelado em Geografia &#8211; 2023 &hellip; <a href=\"https:\/\/wp.ufpel.edu.br\/geografia\/sobrelicenciatura\/projeto-pedagogico\/\">Continue lendo <span class=\"meta-nav\">&rarr;<\/span><\/a><\/p>\n","protected":false},"author":120,"featured_media":0,"parent":2,"menu_order":2,"comment_status":"closed","ping_status":"closed","template":"","meta":{"footnotes":""},"class_list":["post-237","page","type-page","status-publish","hentry"],"jetpack_sharing_enabled":true,"_links":{"self":[{"href":"https:\/\/wp.ufpel.edu.br\/geografia\/wp-json\/wp\/v2\/pages\/237","targetHints":{"allow":["GET"]}}],"collection":[{"href":"https:\/\/wp.ufpel.edu.br\/geografia\/wp-json\/wp\/v2\/pages"}],"about":[{"href":"https:\/\/wp.ufpel.edu.br\/geografia\/wp-json\/wp\/v2\/types\/page"}],"author":[{"embeddable":true,"href":"https:\/\/wp.ufpel.edu.br\/geografia\/wp-json\/wp\/v2\/users\/120"}],"replies":[{"embeddable":true,"href":"https:\/\/wp.ufpel.edu.br\/geografia\/wp-json\/wp\/v2\/comments?post=237"}],"version-history":[{"count":9,"href":"https:\/\/wp.ufpel.edu.br\/geografia\/wp-json\/wp\/v2\/pages\/237\/revisions"}],"predecessor-version":[{"id":4109,"href":"https:\/\/wp.ufpel.edu.br\/geografia\/wp-json\/wp\/v2\/pages\/237\/revisions\/4109"}],"up":[{"embeddable":true,"href":"https:\/\/wp.ufpel.edu.br\/geografia\/wp-json\/wp\/v2\/pages\/2"}],"wp:attachment":[{"href":"https:\/\/wp.ufpel.edu.br\/geografia\/wp-json\/wp\/v2\/media?parent=237"}],"curies":[{"name":"wp","href":"https:\/\/api.w.org\/{rel}","templated":true}]}}