{"id":23,"date":"2011-08-30T17:29:04","date_gmt":"2011-08-30T20:29:04","guid":{"rendered":"https:\/\/wp.ufpel.edu.br\/geografia\/"},"modified":"2026-03-20T17:16:41","modified_gmt":"2026-03-20T20:16:41","slug":"corpodocente","status":"publish","type":"page","link":"https:\/\/wp.ufpel.edu.br\/geografia\/corpodocente\/","title":{"rendered":"Corpo Docente"},"content":{"rendered":"<p><span style=\"font-size: 18pt;\"><strong><span style=\"font-family: 'book antiqua', palatino, serif;\">Professores Efetivos:<\/span><\/strong><\/span><\/p>\n<p>&nbsp;<\/p>\n<hr \/>\n<p style=\"padding-left: 40px;\"><span style=\"font-family: 'book antiqua', palatino, serif; font-size: 12pt;\"><strong><img loading=\"lazy\" decoding=\"async\" class=\"alignleft wp-image-2419\" src=\"https:\/\/wp.ufpel.edu.br\/geografia\/files\/2017\/12\/Adriano-Simon-240x318.jpg\" alt=\"\" width=\"110\" height=\"146\" srcset=\"https:\/\/wp.ufpel.edu.br\/geografia\/files\/2017\/12\/Adriano-Simon-240x318.jpg 240w, https:\/\/wp.ufpel.edu.br\/geografia\/files\/2017\/12\/Adriano-Simon-240x318-226x300.jpg 226w\" sizes=\"auto, (max-width: 110px) 100vw, 110px\" \/>Dr. Adriano Lu\u00eds Heck Simon<\/strong><\/span><br \/>\n<span style=\"font-size: 12pt; font-family: 'book antiqua', palatino, serif;\">\u00c1reas de Atua\u00e7\u00e3o:\u00a0Geomorfologia Antropog\u00eanica; Geodiversidade e Geoconserva\u00e7\u00e3o; Cartografia Geomorfol\u00f3gica e Rela\u00e7\u00f5es Morfodin\u00e2mica x\u00a0Ocupa\u00e7\u00e3o e Uso das Terras<\/span><br \/>\n<span style=\"font-size: 12pt; font-family: 'book antiqua', palatino, serif;\"><a href=\"mailto:adrianosimon@yahoo.com.br\" target=\"_blank\" rel=\"noopener\">E-mail<\/a><\/span><br \/>\n<span style=\"font-size: 12pt; font-family: 'book antiqua', palatino, serif;\"><a href=\"http:\/\/lattes.cnpq.br\/0532593883570233\" target=\"_blank\" rel=\"noopener\">Lattes<\/a><\/span><\/p>\n<hr \/>\n<p style=\"padding-left: 40px;\"><span style=\"font-family: 'book antiqua', palatino, serif; font-size: 12pt;\"><img loading=\"lazy\" decoding=\"async\" class=\"wp-image-3897 alignleft\" src=\"https:\/\/wp.ufpel.edu.br\/geografia\/files\/2023\/07\/IMG_20230610_164306.jpg\" alt=\"\" width=\"109\" height=\"167\" \/><\/span><\/p>\n<p style=\"padding-left: 40px;\"><span style=\"font-family: 'book antiqua', palatino, serif; font-size: 12pt;\"><strong>Dr. Bruno Nunes Batista<\/strong><br \/>\n\u00c1reas de Atua\u00e7\u00e3o: Did\u00e1tica da Geografia; Filosofia da Educa\u00e7\u00e3o; Neoliberalismo<\/span><\/p>\n<p><span style=\"font-family: 'book antiqua', palatino, serif;\"><a href=\"mailto:brunonunes.86@hotmail.com\">E-mail<\/a><\/span><\/p>\n<p><span style=\"font-size: 12pt; font-family: 'book antiqua', palatino, serif;\"><a href=\"http:\/\/buscatextual.cnpq.br\/buscatextual\/visualizacv.do?metodo=apresentar&amp;id=K4292309D6\" target=\"_blank\" rel=\"noopener\">Lattes<\/a><\/span><\/p>\n<p>&nbsp;<\/p>\n<hr \/>\n<p style=\"padding-left: 40px;\"><span style=\"font-size: 12pt; font-family: 'book antiqua', palatino, serif;\"><img loading=\"lazy\" decoding=\"async\" class=\"alignleft wp-image-2504\" src=\"https:\/\/wp.ufpel.edu.br\/geografia\/files\/2017\/12\/Captura-de-Tela-2017-12-12-a\u0300s-20.47.56-1.png\" alt=\"\" width=\"110\" height=\"139\" srcset=\"https:\/\/wp.ufpel.edu.br\/geografia\/files\/2017\/12\/Captura-de-Tela-2017-12-12-a\u0300s-20.47.56-1.png 265w, https:\/\/wp.ufpel.edu.br\/geografia\/files\/2017\/12\/Captura-de-Tela-2017-12-12-a\u0300s-20.47.56-1-237x300.png 237w\" sizes=\"auto, (max-width: 110px) 100vw, 110px\" \/><strong>Dr. C\u00e9sar Augusto Ferrari Martinez<\/strong><\/span><br \/>\n<span style=\"font-size: 12pt; font-family: 'book antiqua', palatino, serif;\">\u00c1reas de Atua\u00e7\u00e3o: Curr\u00edculo, Espa\u00e7os e Tempos da Escola; Geografia da Educa\u00e7\u00e3o (Mobilidade Acad\u00eamica Internacional; Discursos de Escala, Internacionaliza\u00e7\u00e3o da Educa\u00e7\u00e3o Superior).<\/span><br \/>\n<span style=\"font-size: 12pt; font-family: 'book antiqua', palatino, serif;\"><a href=\"mailto:cesarfmartinez@yahoo.com.br\" target=\"_blank\" rel=\"noopener\">E-mail<\/a><\/span><br \/>\n<span style=\"font-size: 12pt; font-family: 'book antiqua', palatino, serif;\"><a href=\"http:\/\/lattes.cnpq.br\/8157847801697960\" target=\"_blank\" rel=\"noopener\">Lattes<\/a><\/span><\/p>\n<hr \/>\n<p style=\"padding-left: 40px;\"><span style=\"font-size: 12pt; font-family: 'book antiqua', palatino, serif;\"><strong><a href=\"https:\/\/wp.ufpel.edu.br\/geografia\/files\/2025\/12\/Perfil-Cristina-de-Moraes.jpeg\"><img loading=\"lazy\" decoding=\"async\" class=\"wp-image-4134 alignleft\" src=\"https:\/\/wp.ufpel.edu.br\/geografia\/files\/2025\/12\/Perfil-Cristina-de-Moraes.jpeg\" alt=\"\" width=\"111\" height=\"144\" \/><\/a><\/strong><\/span><\/p>\n<p style=\"padding-left: 40px;\"><span style=\"font-size: 12pt; font-family: 'book antiqua', palatino, serif;\"><strong>Dra. Cristina de Moraes\u00a0<\/strong><\/span><br \/>\n<span style=\"font-size: 12pt; font-family: 'book antiqua', palatino, serif;\">\u00c1reas de Atua\u00e7\u00e3o: hist\u00f3ria da Geografia e Geografia Humana [sub\u00e1reas: Geografia Pol\u00edtica, Geografia Regional e Geografia Hist\u00f3rica].<\/span><br \/>\n<span style=\"font-size: 12pt; font-family: 'book antiqua', palatino, serif;\"><a href=\"cris2.moraes@gmail.com\" target=\"_blank\" rel=\"noopener\">E-mail<\/a><\/span><br \/>\n<span style=\"font-size: 12pt; font-family: 'book antiqua', palatino, serif;\"><a href=\"http:\/\/lattes.cnpq.br\/4703570602641430\" target=\"_blank\" rel=\"noopener\">Lattes<\/a><\/span><\/p>\n<p>&nbsp;<\/p>\n<hr \/>\n<p style=\"padding-left: 40px;\"><span style=\"font-size: 12pt; font-family: 'book antiqua', palatino, serif;\"><strong>Dra. Edilma Fernandes da Silva\u00a0<\/strong><\/span><br \/>\n<span style=\"font-size: 12pt; font-family: 'book antiqua', palatino, serif;\">\u00c1reas de Atua\u00e7\u00e3o:\u00a0<\/span><br \/>\n<span style=\"font-size: 12pt; font-family: 'book antiqua', palatino, serif;\"><a href=\"col.geografiaufpel@gmail.com\" target=\"_blank\" rel=\"noopener\">E-mail<\/a><\/span><br \/>\n<span style=\"font-size: 12pt; font-family: 'book antiqua', palatino, serif;\"><a href=\"http:\/\/lattes.cnpq.br\" target=\"_blank\" rel=\"noopener\">Lattes<\/a><\/span><\/p>\n<hr \/>\n<p style=\"padding-left: 40px;\"><span style=\"font-size: 12pt; font-family: 'book antiqua', palatino, serif;\"><strong>Dr. Felipe Leindecker Monteblanco\u00a0\u00a0<\/strong><\/span><br \/>\n<span style=\"font-size: 12pt; font-family: 'book antiqua', palatino, serif;\">\u00c1reas de Atua\u00e7\u00e3o: .<\/span><br \/>\n<span style=\"font-size: 12pt; font-family: 'book antiqua', palatino, serif;\"><a href=\"https:\/\/wp.ufpel.edu.br\/geografia\/sobrelicenciatura\/colegiado-dos-cursos-de-geografia\/\" target=\"_blank\" rel=\"noopener\">E-mail<\/a><\/span><br \/>\n<span style=\"font-size: 12pt; font-family: 'book antiqua', palatino, serif;\"><a href=\"http:\/\/lattes.cnpq.br\" target=\"_blank\" rel=\"noopener\">Lattes<\/a><\/span><\/p>\n<p>&nbsp;<\/p>\n<hr \/>\n<p style=\"padding-left: 40px;\"><span style=\"font-family: 'book antiqua', palatino, serif; font-size: 12pt;\"><img loading=\"lazy\" decoding=\"async\" class=\"wp-image-3903 alignleft\" src=\"https:\/\/wp.ufpel.edu.br\/geografia\/files\/2023\/07\/hhh.jpg\" alt=\"\" width=\"112\" height=\"146\" \/><strong>Dra. Gabriela Dambr\u00f3s<\/strong><br \/>\n\u00c1reas de atua\u00e7\u00e3o:\u00a0Ensino de Geografia; Jogos e gamifica\u00e7\u00e3o; TICs aplicadas \u00e0 educa\u00e7\u00e3o.<br \/>\n<\/span><\/p>\n<p><span style=\"font-size: 12pt; font-family: 'book antiqua', palatino, serif;\"><a href=\"gabbydambros@yahoo.com.br\" target=\"_blank\" rel=\"noopener\">E-mail<\/a><\/span><br \/>\n<span style=\"font-size: 12pt; font-family: 'book antiqua', palatino, serif;\"><a href=\"http:\/\/lattes.cnpq.br\/6582930358399642\" target=\"_blank\" rel=\"noopener\">Lattes<\/a><\/span><\/p>\n<p>&nbsp;<\/p>\n<hr \/>\n<p style=\"padding-left: 40px;\"><span style=\"font-family: 'book antiqua', palatino, serif; font-size: 12pt;\"><strong><a href=\"https:\/\/wp.ufpel.edu.br\/geografia\/files\/2025\/12\/unnamed-e1764957371338.png\"><img loading=\"lazy\" decoding=\"async\" class=\"alignnone wp-image-4136 alignleft\" src=\"https:\/\/wp.ufpel.edu.br\/geografia\/files\/2025\/12\/unnamed-e1764957371338.png\" alt=\"\" width=\"111\" height=\"134\" srcset=\"https:\/\/wp.ufpel.edu.br\/geografia\/files\/2025\/12\/unnamed-e1764957371338.png 526w, https:\/\/wp.ufpel.edu.br\/geografia\/files\/2025\/12\/unnamed-e1764957371338-329x400.png 329w, https:\/\/wp.ufpel.edu.br\/geografia\/files\/2025\/12\/unnamed-e1764957371338-247x300.png 247w\" sizes=\"auto, (max-width: 111px) 100vw, 111px\" \/><\/a><\/strong><\/span><span style=\"font-size: 12pt; font-family: 'book antiqua', palatino, serif;\"><strong>Dra. Lara Dalperio Buscioli\u00a0<\/strong><\/span><br \/>\n<span style=\"font-size: 12pt; font-family: 'book antiqua', palatino, serif;\">\u00c1reas de Atua\u00e7\u00e3o: Geografia Humana e Geografia Agr\u00e1ria.<\/span><br \/>\n<span style=\"font-size: 12pt; font-family: 'book antiqua', palatino, serif;\"><a href=\"lara.dalperio@gmail.com\" target=\"_blank\" rel=\"noopener\">E-mail<\/a><\/span><br \/>\n<span style=\"font-size: 12pt; font-family: 'book antiqua', palatino, serif;\"><a href=\"http:\/\/lattes.cnpq.br\/3927267786957976\" target=\"_blank\" rel=\"noopener\">Lattes\u00a0\u00a0<\/a><\/span><\/p>\n<p>&nbsp;<\/p>\n<hr \/>\n<p style=\"padding-left: 40px;\"><span style=\"font-size: 12pt; font-family: 'book antiqua', palatino, serif;\"><a href=\"https:\/\/wp.ufpel.edu.br\/geografia\/files\/2017\/12\/Captura-de-Tela-2017-12-11-a\u0300s-15.21.58.png\"><img loading=\"lazy\" decoding=\"async\" class=\"alignleft wp-image-2440\" src=\"https:\/\/wp.ufpel.edu.br\/geografia\/files\/2017\/12\/Captura-de-Tela-2017-12-11-a\u0300s-15.21.58.png\" alt=\"\" width=\"110\" height=\"145\" \/><\/a><strong>Dra. Maria Regina Caetano Costa<\/strong><\/span><br \/>\n<span style=\"font-size: 12pt; font-family: 'book antiqua', palatino, serif;\">\u00c1reas de Atua\u00e7\u00e3o: Sociologia Rural, com \u00eanfase em Agricultura Familiar, Extens\u00e3o\/ Comunica\u00e7\u00e3o e Juventude Rural.<\/span><br \/>\n<span style=\"font-size: 12pt; font-family: 'book antiqua', palatino, serif;\"><a href=\"mailto:reginna7@yahoo.com.br\" target=\"_blank\" rel=\"noopener\">E-mail<\/a><\/span><br \/>\n<span style=\"font-size: 12pt; font-family: 'book antiqua', palatino, serif;\"><a href=\"http:\/\/lattes.cnpq.br\/1030932974174716\" target=\"_blank\" rel=\"noopener\">Lattes<\/a><\/span><\/p>\n<p>&nbsp;<\/p>\n<hr \/>\n<p style=\"padding-left: 40px;\"><span style=\"font-family: 'book antiqua', palatino, serif; font-size: 12pt;\"><strong><img loading=\"lazy\" decoding=\"async\" class=\"alignleft wp-image-2425\" src=\"https:\/\/wp.ufpel.edu.br\/geografia\/files\/2017\/12\/Mauricio-Meurer-240x318.jpg\" alt=\"\" width=\"110\" height=\"146\" srcset=\"https:\/\/wp.ufpel.edu.br\/geografia\/files\/2017\/12\/Mauricio-Meurer-240x318.jpg 240w, https:\/\/wp.ufpel.edu.br\/geografia\/files\/2017\/12\/Mauricio-Meurer-240x318-226x300.jpg 226w\" sizes=\"auto, (max-width: 110px) 100vw, 110px\" \/><\/strong><\/span><\/p>\n<p style=\"padding-left: 40px;\"><span style=\"font-family: 'book antiqua', palatino, serif; font-size: 12pt;\"><strong>Dr. Maur\u00edcio Meurer<\/strong><\/span><br \/>\n<span style=\"font-family: 'book antiqua', palatino, serif; font-size: 12pt;\">\u00c1reas de Atua\u00e7\u00e3o:\u00a0Geomorfologia, Geomorfologia Fluvial, An\u00e1lise Ambiental,\u00a0Riscos e Processos Geomorfol\u00f3gicos<\/span><br \/>\n<span style=\"font-family: 'book antiqua', palatino, serif; font-size: 12pt;\"><a href=\"mailto:mauriciomeurer@yahoo.com.br\" target=\"_blank\" rel=\"noopener\">E-mail<\/a><\/span><br \/>\n<span style=\"font-family: 'book antiqua', palatino, serif; font-size: 12pt;\"><a href=\"http:\/\/lattes.cnpq.br\/4692042478572187\" target=\"_blank\" rel=\"noopener\">Lattes<\/a><\/span><\/p>\n<p>&nbsp;<\/p>\n<hr \/>\n<p style=\"padding-left: 40px;\"><img loading=\"lazy\" decoding=\"async\" class=\"wp-image-4143 alignleft\" style=\"border-color: #bbbbbb; background: #eeeeee; color: #1b8be0;\" src=\"https:\/\/wp.ufpel.edu.br\/geografia\/files\/2026\/01\/Mauricio-Rizzatti.jpeg\" alt=\"\" width=\"104\" height=\"136\" \/><\/p>\n<p><span style=\"font-size: 12pt; font-family: 'book antiqua', palatino, serif;\"><strong>Dr. Maur\u00edcio Rizzatti\u00a0<\/strong><\/span><br \/>\n<span style=\"font-size: 12pt; font-family: 'book antiqua', palatino, serif;\">\u00c1reas de Atua\u00e7\u00e3o: Cartografia, Cartografia Escolar, Ensino de Geografia, Geoprocessamento, Geotecnologias e (Geo)Tecnologias, Ensino de Geografia F\u00edsica, Teoria das Intelig\u00eancias M\u00faltiplas e Tecnologias da Informa\u00e7\u00e3o e Comunica\u00e7\u00e3o aplicadas \u00e0 Educa\u00e7\u00e3o. .<\/span><br \/>\n<span style=\"font-size: 12pt; font-family: 'book antiqua', palatino, serif;\"><a href=\"geo.mauricio.rizzatti@gmail.com\" target=\"_blank\" rel=\"noopener\">E-mail<\/a><\/span><br \/>\n<span style=\"font-size: 12pt; font-family: 'book antiqua', palatino, serif;\"><a href=\"https:\/\/lattes.cnpq.br\/7984743057289548\" target=\"_blank\" rel=\"noopener\">Lattes<\/a><\/span><\/p>\n<hr \/>\n<p style=\"padding-left: 40px;\"><span style=\"font-family: 'book antiqua', palatino, serif; font-size: 12pt;\"><strong><img loading=\"lazy\" decoding=\"async\" class=\"alignleft wp-image-2426\" src=\"https:\/\/wp.ufpel.edu.br\/geografia\/files\/2017\/12\/Moises-Rehbein-240x318.jpg\" alt=\"\" width=\"110\" height=\"146\" srcset=\"https:\/\/wp.ufpel.edu.br\/geografia\/files\/2017\/12\/Moises-Rehbein-240x318.jpg 240w, https:\/\/wp.ufpel.edu.br\/geografia\/files\/2017\/12\/Moises-Rehbein-240x318-226x300.jpg 226w\" sizes=\"auto, (max-width: 110px) 100vw, 110px\" \/><\/strong><strong>Dr. Mois\u00e9s Ortemar Rehbein<\/strong><\/span><br \/>\n<span style=\"font-family: 'book antiqua', palatino, serif; font-size: 12pt;\">\u00c1reas de Atua\u00e7\u00e3o:\u00a0Geomorfologia Urbana; Cartografia Geomorfol\u00f3gica e Morfodin\u00e2micas do relevo<\/span><br \/>\n<span style=\"font-family: 'book antiqua', palatino, serif; font-size: 12pt;\"><a href=\"mailto:moisesgeoufpel@gmail.com\" target=\"_blank\" rel=\"noopener\">E-mail<\/a><\/span><br \/>\n<span style=\"font-family: 'book antiqua', palatino, serif; font-size: 12pt;\"><a href=\"http:\/\/lattes.cnpq.br\/9410223282785441\" target=\"_blank\" rel=\"noopener\">Lattes<\/a><\/span><\/p>\n<p>&nbsp;<\/p>\n<hr \/>\n<p style=\"padding-left: 40px;\"><span style=\"font-size: 12pt; font-family: 'book antiqua', palatino, serif;\"><strong><a href=\"https:\/\/wp.ufpel.edu.br\/geografia\/files\/2026\/03\/Roberto_Antunes.png\"><img loading=\"lazy\" decoding=\"async\" class=\" wp-image-4149 alignleft\" src=\"https:\/\/wp.ufpel.edu.br\/geografia\/files\/2026\/03\/Roberto_Antunes.png\" alt=\"\" width=\"115\" height=\"152\" \/><\/a>Dr. Roberto Luiz dos Santos Antunes\u00a0<\/strong><\/span><br \/>\n<span style=\"font-size: 12pt; font-family: 'book antiqua', palatino, serif;\">\u00c1reas de Atua\u00e7\u00e3o: Geografia f\u00edsica, Geologia, Sensoriamento Remoto, Topografia, Cartografia, An\u00e1lise ambiental e Geoecologia da paisagem a partir das Geotecnologias. .<\/span><br \/>\n<span style=\"font-size: 12pt; font-family: 'book antiqua', palatino, serif;\"><a href=\"https:\/\/wp.ufpel.edu.br\/geografia\/sobrelicenciatura\/colegiado-dos-cursos-de-geografia\/\" target=\"_blank\" rel=\"noopener\">E-mail<\/a><\/span><br \/>\n<span style=\"font-size: 12pt; font-family: 'book antiqua', palatino, serif;\"><a href=\"http:\/\/lattes.cnpq.br\" target=\"_blank\" rel=\"noopener\">Lattes<\/a><\/span><\/p>\n<hr \/>\n<p style=\"padding-left: 40px;\"><span style=\"font-family: 'book antiqua', palatino, serif; font-size: 12pt;\"><strong><img loading=\"lazy\" decoding=\"async\" class=\"alignleft wp-image-2428\" src=\"https:\/\/wp.ufpel.edu.br\/geografia\/files\/2017\/12\/Rosangela-Spironello-240x318.jpg\" alt=\"\" width=\"110\" height=\"146\" srcset=\"https:\/\/wp.ufpel.edu.br\/geografia\/files\/2017\/12\/Rosangela-Spironello-240x318.jpg 240w, https:\/\/wp.ufpel.edu.br\/geografia\/files\/2017\/12\/Rosangela-Spironello-240x318-226x300.jpg 226w\" sizes=\"auto, (max-width: 110px) 100vw, 110px\" \/><\/strong><strong>Dra. Rosangela Lurdes Spironello\u2028<\/strong><\/span><br \/>\n<span style=\"font-family: 'book antiqua', palatino, serif; font-size: 12pt;\">\u00c1reas de Atua\u00e7\u00e3o: Cartografia,\u00a0\u00a0Uso da Terra, Planejamento ambiental,\u00a0Ensino de Geografia<\/span><br \/>\n<span style=\"font-family: 'book antiqua', palatino, serif; font-size: 12pt;\"><a href=\"mailto:spironello@gmail.com\" target=\"_blank\" rel=\"noopener\">E-mail<\/a><\/span><br \/>\n<span style=\"font-family: 'book antiqua', palatino, serif; font-size: 12pt;\"><a href=\"http:\/\/lattes.cnpq.br\/5122075802019310\" target=\"_blank\" rel=\"noopener\">Lattes<\/a><\/span><\/p>\n<p>&nbsp;<\/p>\n<hr \/>\n<p style=\"padding-left: 40px;\"><span style=\"font-family: 'book antiqua', palatino, serif; font-size: 12pt;\"><strong><a href=\"https:\/\/wp.ufpel.edu.br\/geografia\/files\/2017\/12\/Sidney-Vieira-240x318.jpg\"><img loading=\"lazy\" decoding=\"async\" class=\"alignleft wp-image-2429\" src=\"https:\/\/wp.ufpel.edu.br\/geografia\/files\/2017\/12\/Sidney-Vieira-240x318.jpg\" alt=\"\" width=\"115\" height=\"152\" srcset=\"https:\/\/wp.ufpel.edu.br\/geografia\/files\/2017\/12\/Sidney-Vieira-240x318.jpg 240w, https:\/\/wp.ufpel.edu.br\/geografia\/files\/2017\/12\/Sidney-Vieira-240x318-226x300.jpg 226w\" sizes=\"auto, (max-width: 115px) 100vw, 115px\" \/><\/a>Dr. Sidney Gon\u00e7alves Vieira<\/strong><\/span><br \/>\n<span style=\"font-family: 'book antiqua', palatino, serif; font-size: 12pt;\">\u00c1reas de Atua\u00e7\u00e3o:\u00a0Geografia Urbana, Estudos em Requalifica\u00e7\u00e3o Urbana, Urbanismo Comercial e Geografia Hist\u00f3rica Urbana<\/span><br \/>\n<span style=\"font-family: 'book antiqua', palatino, serif; font-size: 12pt;\"><a href=\"mailto:sid_geo@hotmail.com\" target=\"_blank\" rel=\"noopener\">E-mail<\/a><\/span><br \/>\n<span style=\"font-family: 'book antiqua', palatino, serif; font-size: 12pt;\"><a href=\"http:\/\/lattes.cnpq.br\/9341762649252420\" target=\"_blank\" rel=\"noopener\">Lattes<\/a><\/span><\/p>\n<p>&nbsp;<\/p>\n<hr \/>\n<p style=\"padding-left: 40px;\"><span style=\"font-size: 12pt; font-family: 'book antiqua', palatino, serif;\"><strong>Dra. Simone Barreto Anadon\u00a0<\/strong><\/span><br \/>\n<span style=\"font-size: 12pt; font-family: 'book antiqua', palatino, serif;\">\u00c1reas de Atua\u00e7\u00e3o:\u00a0<\/span><br \/>\n<span style=\"font-size: 12pt; font-family: 'book antiqua', palatino, serif;\"><a href=\"https:\/\/wp.ufpel.edu.br\/geografia\/sobrelicenciatura\/colegiado-dos-cursos-de-geografia\/\" target=\"_blank\" rel=\"noopener\">E-mail<\/a><\/span><br \/>\n<span style=\"font-size: 12pt; font-family: 'book antiqua', palatino, serif;\"><a href=\"http:\/\/lattes.cnpq.br\" target=\"_blank\" rel=\"noopener\">Lattes<\/a><\/span><\/p>\n<p>&nbsp;<\/p>\n","protected":false},"excerpt":{"rendered":"<p>Professores Efetivos: &nbsp; Dr. Adriano Lu\u00eds Heck Simon \u00c1reas de Atua\u00e7\u00e3o:\u00a0Geomorfologia Antropog\u00eanica; Geodiversidade e Geoconserva\u00e7\u00e3o; Cartografia Geomorfol\u00f3gica e Rela\u00e7\u00f5es Morfodin\u00e2mica x\u00a0Ocupa\u00e7\u00e3o e Uso das Terras E-mail Lattes Dr. Bruno Nunes Batista \u00c1reas de Atua\u00e7\u00e3o: Did\u00e1tica da Geografia; Filosofia da Educa\u00e7\u00e3o; &hellip; <a href=\"https:\/\/wp.ufpel.edu.br\/geografia\/corpodocente\/\">Continue lendo <span class=\"meta-nav\">&rarr;<\/span><\/a><\/p>\n","protected":false},"author":120,"featured_media":0,"parent":0,"menu_order":2,"comment_status":"closed","ping_status":"closed","template":"","meta":{"footnotes":""},"class_list":["post-23","page","type-page","status-publish","hentry"],"jetpack_sharing_enabled":true,"_links":{"self":[{"href":"https:\/\/wp.ufpel.edu.br\/geografia\/wp-json\/wp\/v2\/pages\/23","targetHints":{"allow":["GET"]}}],"collection":[{"href":"https:\/\/wp.ufpel.edu.br\/geografia\/wp-json\/wp\/v2\/pages"}],"about":[{"href":"https:\/\/wp.ufpel.edu.br\/geografia\/wp-json\/wp\/v2\/types\/page"}],"author":[{"embeddable":true,"href":"https:\/\/wp.ufpel.edu.br\/geografia\/wp-json\/wp\/v2\/users\/120"}],"replies":[{"embeddable":true,"href":"https:\/\/wp.ufpel.edu.br\/geografia\/wp-json\/wp\/v2\/comments?post=23"}],"version-history":[{"count":4,"href":"https:\/\/wp.ufpel.edu.br\/geografia\/wp-json\/wp\/v2\/pages\/23\/revisions"}],"predecessor-version":[{"id":4150,"href":"https:\/\/wp.ufpel.edu.br\/geografia\/wp-json\/wp\/v2\/pages\/23\/revisions\/4150"}],"wp:attachment":[{"href":"https:\/\/wp.ufpel.edu.br\/geografia\/wp-json\/wp\/v2\/media?parent=23"}],"curies":[{"name":"wp","href":"https:\/\/api.w.org\/{rel}","templated":true}]}}