{"id":146,"date":"2011-09-12T18:01:39","date_gmt":"2011-09-12T21:01:39","guid":{"rendered":"https:\/\/wp.ufpel.edu.br\/geografia\/"},"modified":"2011-09-13T19:27:11","modified_gmt":"2011-09-13T22:27:11","slug":"licenciatura","status":"publish","type":"page","link":"https:\/\/wp.ufpel.edu.br\/geografia\/sobrelicenciatura\/licenciatura\/","title":{"rendered":"Licenciatura"},"content":{"rendered":"<p>O curso de Licenciatura em Geografia da Universidade Federal de  Pelotas foi reconhecido, por interm\u00e9dio da portaria 319 do Minist\u00e9rio da  Educa\u00e7\u00e3o e Cultura, de 17\/05\/1989, publicado no di\u00e1rio oficial, no dia  22\/05\/1989, para atender a demanda de professores de Geografia da cidade  de Pelotas e regi\u00e3o.<br \/>\nA Geografia, reunida em Departamento e Colegiado pr\u00f3prio, come\u00e7a a  ser pensada a partir de um referencial \u00fanico, voltado para a forma\u00e7\u00e3o do  professor de Geografia. O pensamento cr\u00edtico permeia tamb\u00e9m as  altera\u00e7\u00f5es curriculares, comprometendo o curso com a comunidade, por  interm\u00e9dio de uma vis\u00e3o de totalidade que se tem da sociedade.<br \/>\nNo momento atual, n\u00e3o podendo fugir as transforma\u00e7\u00f5es em curso  relativamente \u00e1 educa\u00e7\u00e3o, consubstanciadas na nova Lei de Diretrizes e  Bases da Educa\u00e7\u00e3o (Lei 9394\/96), considera-se adequado uma nova  reestrutura\u00e7\u00e3o, que contemple a nova legisla\u00e7\u00e3o e as transforma\u00e7\u00f5es do  mundo da educa\u00e7\u00e3o que esta procura atender.<\/p>\n","protected":false},"excerpt":{"rendered":"<p>O curso de Licenciatura em Geografia da Universidade Federal de Pelotas foi reconhecido, por interm\u00e9dio da portaria 319 do Minist\u00e9rio da Educa\u00e7\u00e3o e Cultura, de 17\/05\/1989, publicado no di\u00e1rio oficial, no dia 22\/05\/1989, para atender a demanda de professores de &hellip; <a href=\"https:\/\/wp.ufpel.edu.br\/geografia\/sobrelicenciatura\/licenciatura\/\">Continue lendo <span class=\"meta-nav\">&rarr;<\/span><\/a><\/p>\n","protected":false},"author":120,"featured_media":0,"parent":2,"menu_order":0,"comment_status":"closed","ping_status":"open","template":"","meta":{"footnotes":""},"class_list":["post-146","page","type-page","status-publish","hentry"],"jetpack_sharing_enabled":true,"_links":{"self":[{"href":"https:\/\/wp.ufpel.edu.br\/geografia\/wp-json\/wp\/v2\/pages\/146","targetHints":{"allow":["GET"]}}],"collection":[{"href":"https:\/\/wp.ufpel.edu.br\/geografia\/wp-json\/wp\/v2\/pages"}],"about":[{"href":"https:\/\/wp.ufpel.edu.br\/geografia\/wp-json\/wp\/v2\/types\/page"}],"author":[{"embeddable":true,"href":"https:\/\/wp.ufpel.edu.br\/geografia\/wp-json\/wp\/v2\/users\/120"}],"replies":[{"embeddable":true,"href":"https:\/\/wp.ufpel.edu.br\/geografia\/wp-json\/wp\/v2\/comments?post=146"}],"version-history":[{"count":3,"href":"https:\/\/wp.ufpel.edu.br\/geografia\/wp-json\/wp\/v2\/pages\/146\/revisions"}],"predecessor-version":[{"id":4103,"href":"https:\/\/wp.ufpel.edu.br\/geografia\/wp-json\/wp\/v2\/pages\/146\/revisions\/4103"}],"up":[{"embeddable":true,"href":"https:\/\/wp.ufpel.edu.br\/geografia\/wp-json\/wp\/v2\/pages\/2"}],"wp:attachment":[{"href":"https:\/\/wp.ufpel.edu.br\/geografia\/wp-json\/wp\/v2\/media?parent=146"}],"curies":[{"name":"wp","href":"https:\/\/api.w.org\/{rel}","templated":true}]}}