{"id":118,"date":"2011-09-05T17:44:38","date_gmt":"2011-09-05T20:44:38","guid":{"rendered":"https:\/\/wp.ufpel.edu.br\/geografia\/"},"modified":"2017-12-15T00:34:42","modified_gmt":"2017-12-15T02:34:42","slug":"leaa","status":"publish","type":"page","link":"https:\/\/wp.ufpel.edu.br\/geografia\/laboratorios-de-pesquisa-e-extensao\/leaa\/","title":{"rendered":"Laborat\u00f3rio de Estudos Agr\u00e1rios e Ambientais &#8211; LEAA"},"content":{"rendered":"<p>O Laborat\u00f3rio de Estudos Agr\u00e1rios e Ambientais \u2013 LEAA constitui-se em um projeto de Extens\u00e3o Permanente (C\u00f3d. COCEPE\/UFPEL 53006011) que em articula\u00e7\u00e3o com o Grupo de Pesquisa Estudos Agr\u00e1rios e Ambientais, inscrito no Diret\u00f3rio dos Grupos de Pesquisa do CNPq, representa um espa\u00e7o institucional vinculado aos Departamentos de Geografia e de Antropologia e Arqueologia da Universidade Federal de Pelotas, desenvolvendo atividades de pesquisa, ensino e extens\u00e3o voltadas aos estudos rurais e regionais. O grupo de pesquisa do LEAA \u00e9 formado por uma equipe de professores-pesquisadores e alunos bolsistas e orientandos de cursos de gradua\u00e7\u00e3o e p\u00f3s-gradua\u00e7\u00e3o e dedica-se aos estudos sobre a heterogeneidade dos espa\u00e7os rurais, buscando apreender, por um lado, a diversidade na organiza\u00e7\u00e3o s\u00f3cioespacial da agricultura familiar e, por outro, as din\u00e2micas e identidades territoriais, entendendo o desenvolvimento local e regional como resultante das inter-rela\u00e7\u00f5es complexas entre natureza e sociedade, ou seja, que o ambiente natural e as tradi\u00e7\u00f5es culturais encontram-se imbricados na constru\u00e7\u00e3o dos territ\u00f3rios rurais.<\/p>\n<p><strong>Coordenadora:<\/strong><\/p>\n<p><a title=\"Prof. Dr. Ad\u00e3o Jos\u00e9 Vital da Costa\" href=\"http:\/\/lattes.cnpq.br\/8715061533175666\" target=\"_blank\" rel=\"noopener\">Prof\u00aa. Dr.\u00aa Giancarla Salamoni <\/a><\/p>\n<p><strong>Professores:<\/strong><\/p>\n<p><a title=\"Prof. Dr. Ad\u00e3o Jos\u00e9 Vital da Costa\" href=\"http:\/\/lattes.cnpq.br\/8715061533175666\" target=\"_blank\" rel=\"noopener\">Prof. Dr. Ad\u00e3o Jos\u00e9 Vital da Costa<\/a><\/p>\n<p><a href=\"http:\/\/lattes.cnpq.br\/1030932974174716\">Prof\u00aa. Dr\u00aa. Maria Regina Caetano Costa<\/a><\/p>\n<p><a href=\"http:\/\/lattes.cnpq.br\/2945823100984166\">Prof\u00aa. Dr\u00aa. Renata Menasche<\/a><\/p>\n<p>&nbsp;<\/p>\n<p><strong>Endere\u00e7o:<\/strong> Instituto de Ci\u00eancias Humanas &#8211; Rua Alberto Rosa, 154, sala 118. Bairro Porto. Pelotas-RS. CEP: 96010-770<br \/>\nTelefone:(53) 32845523 ramal 206<\/p>\n<p><strong>Home Page:<\/strong> <a href=\"http:\/\/www.ufpel.edu.br\/ich\/leaa\/index.php\">https:\/\/wp.ufpel.edu.br\/leaa<\/a><\/p>\n","protected":false},"excerpt":{"rendered":"<p>O Laborat\u00f3rio de Estudos Agr\u00e1rios e Ambientais \u2013 LEAA constitui-se em um projeto de Extens\u00e3o Permanente (C\u00f3d. COCEPE\/UFPEL 53006011) que em articula\u00e7\u00e3o com o Grupo de Pesquisa Estudos Agr\u00e1rios e Ambientais, inscrito no Diret\u00f3rio dos Grupos de Pesquisa do CNPq, &hellip; <a href=\"https:\/\/wp.ufpel.edu.br\/geografia\/laboratorios-de-pesquisa-e-extensao\/leaa\/\">Continue lendo <span class=\"meta-nav\">&rarr;<\/span><\/a><\/p>\n","protected":false},"author":120,"featured_media":0,"parent":257,"menu_order":0,"comment_status":"closed","ping_status":"closed","template":"","meta":{"footnotes":""},"class_list":["post-118","page","type-page","status-publish","hentry"],"jetpack_sharing_enabled":true,"_links":{"self":[{"href":"https:\/\/wp.ufpel.edu.br\/geografia\/wp-json\/wp\/v2\/pages\/118","targetHints":{"allow":["GET"]}}],"collection":[{"href":"https:\/\/wp.ufpel.edu.br\/geografia\/wp-json\/wp\/v2\/pages"}],"about":[{"href":"https:\/\/wp.ufpel.edu.br\/geografia\/wp-json\/wp\/v2\/types\/page"}],"author":[{"embeddable":true,"href":"https:\/\/wp.ufpel.edu.br\/geografia\/wp-json\/wp\/v2\/users\/120"}],"replies":[{"embeddable":true,"href":"https:\/\/wp.ufpel.edu.br\/geografia\/wp-json\/wp\/v2\/comments?post=118"}],"version-history":[{"count":11,"href":"https:\/\/wp.ufpel.edu.br\/geografia\/wp-json\/wp\/v2\/pages\/118\/revisions"}],"predecessor-version":[{"id":2531,"href":"https:\/\/wp.ufpel.edu.br\/geografia\/wp-json\/wp\/v2\/pages\/118\/revisions\/2531"}],"up":[{"embeddable":true,"href":"https:\/\/wp.ufpel.edu.br\/geografia\/wp-json\/wp\/v2\/pages\/257"}],"wp:attachment":[{"href":"https:\/\/wp.ufpel.edu.br\/geografia\/wp-json\/wp\/v2\/media?parent=118"}],"curies":[{"name":"wp","href":"https:\/\/api.w.org\/{rel}","templated":true}]}}