{"id":857,"date":"2019-05-10T09:51:50","date_gmt":"2019-05-10T12:51:50","guid":{"rendered":"https:\/\/wp.ufpel.edu.br\/gen\/?page_id=857"},"modified":"2019-05-10T16:58:51","modified_gmt":"2019-05-10T19:58:51","slug":"documentos-das-aulas-da-4a-edicao","status":"publish","type":"page","link":"https:\/\/wp.ufpel.edu.br\/gen\/documentos-das-aulas-da-4a-edicao\/","title":{"rendered":"Documentos das aulas da 4a edi\u00e7\u00e3o"},"content":{"rendered":"<p><strong><span style=\"font-size: 12pt\">Disciplina Fundamentos do Valor do Dinheiro no Tempo<\/span><\/strong><\/p>\n<p>&#8211; <a href=\"https:\/\/wp.ufpel.edu.br\/gen\/files\/2019\/05\/Plano-de-ensino-FVDT.docx\">Programa Anal\u00edtico e Ementa de Disciplina da P\u00f3s-Gradua\u00e7\u00e3o<\/a><\/p>\n<p>&#8211; <a href=\"https:\/\/wp.ufpel.edu.br\/gen\/files\/2019\/05\/Formul\u00e1rio-em-FVDT-Edi\u00e7\u00e3o-revista-e-ampliada.xlsx\">Formul\u00e1rio<\/a><\/p>\n<p>&#8211; <a href=\"https:\/\/wp.ufpel.edu.br\/gen\/files\/2019\/05\/C\u00e1lculo-Financeiro-Apostila-de-empr\u00e9stimos-banc\u00e1rios-e-aplica\u00e7\u00f5es-financeiras-2\u00aa-edi\u00e7ao.pdf\">C\u00e1lculo Financeiro &#8211; Apostila de empr\u00e9stimos banc\u00e1rios e aplica\u00e7\u00f5es financeiras (4\u00aa edi\u00e7ao)<\/a><\/p>\n","protected":false},"excerpt":{"rendered":"<p>Disciplina Fundamentos do Valor do Dinheiro no Tempo &#8211; Programa Anal\u00edtico e Ementa de Disciplina da P\u00f3s-Gradua\u00e7\u00e3o &#8211; Formul\u00e1rio &#8211; C\u00e1lculo Financeiro &#8211; Apostila de empr\u00e9stimos banc\u00e1rios e aplica\u00e7\u00f5es financeiras (4\u00aa edi\u00e7ao)<\/p>\n","protected":false},"author":421,"featured_media":0,"parent":0,"menu_order":0,"comment_status":"closed","ping_status":"closed","template":"","meta":{"footnotes":""},"class_list":["post-857","page","type-page","status-publish","hentry"],"_links":{"self":[{"href":"https:\/\/wp.ufpel.edu.br\/gen\/wp-json\/wp\/v2\/pages\/857","targetHints":{"allow":["GET"]}}],"collection":[{"href":"https:\/\/wp.ufpel.edu.br\/gen\/wp-json\/wp\/v2\/pages"}],"about":[{"href":"https:\/\/wp.ufpel.edu.br\/gen\/wp-json\/wp\/v2\/types\/page"}],"author":[{"embeddable":true,"href":"https:\/\/wp.ufpel.edu.br\/gen\/wp-json\/wp\/v2\/users\/421"}],"replies":[{"embeddable":true,"href":"https:\/\/wp.ufpel.edu.br\/gen\/wp-json\/wp\/v2\/comments?post=857"}],"version-history":[{"count":5,"href":"https:\/\/wp.ufpel.edu.br\/gen\/wp-json\/wp\/v2\/pages\/857\/revisions"}],"predecessor-version":[{"id":866,"href":"https:\/\/wp.ufpel.edu.br\/gen\/wp-json\/wp\/v2\/pages\/857\/revisions\/866"}],"wp:attachment":[{"href":"https:\/\/wp.ufpel.edu.br\/gen\/wp-json\/wp\/v2\/media?parent=857"}],"curies":[{"name":"wp","href":"https:\/\/api.w.org\/{rel}","templated":true}]}}