{"id":68,"date":"2013-05-29T22:23:23","date_gmt":"2013-05-30T01:23:23","guid":{"rendered":"https:\/\/wp.ufpel.edu.br\/gen\/?page_id=68"},"modified":"2019-04-08T10:36:08","modified_gmt":"2019-04-08T13:36:08","slug":"contatos","status":"publish","type":"page","link":"https:\/\/wp.ufpel.edu.br\/gen\/contatos\/","title":{"rendered":"Contatos"},"content":{"rendered":"<p><span style=\"font-family: arial, helvetica, sans-serif\"><strong>Prof. Dr. Nilo Valter Karnopp<\/strong><\/span><\/p>\n<p><span style=\"font-family: arial, helvetica, sans-serif\">Coordenador do Curso MBA GEN<\/span><\/p>\n<p><span style=\"font-family: arial, helvetica, sans-serif\">nilo.karnopp@gmail.com\u00a0<\/span><\/p>\n<p>&nbsp;<\/p>\n<p><span style=\"font-family: arial, helvetica, sans-serif\"><strong>E-mail do Curso:\u00a0<\/strong>mbagestaoufpel@gmail.com \/ mbagen@ufpel.edu.br\u00a0<\/span><\/p>\n<p><span style=\"font-family: arial, helvetica, sans-serif\"><strong>Secretaria Acad\u00eamica (Secretaria do Curso de MBA em Gest\u00e3o Estrat\u00e9gica de Neg\u00f3cios)<\/strong><\/span><\/p>\n<p><span style=\"font-family: arial, helvetica, sans-serif\">(53) 3284-3857<\/span><\/p>\n<p><span style=\"font-family: arial, helvetica, sans-serif\"><strong>Faculdade de Administra\u00e7\u00e3o e Turismo (Secretaria Administrativa)<\/strong><\/span><\/p>\n<p><span style=\"font-family: arial, helvetica, sans-serif\">(53) 3284-3850<\/span><\/p>\n<p><span style=\"font-family: arial, helvetica, sans-serif\"><strong>Endere\u00e7o da Secretaria:<\/strong>\u00a0Rua Gomes Carneiro, n\u00ba 01, sala 416 \u2013\u00a0 Campus Porto <\/span><\/p>\n<p><span style=\"font-family: arial, helvetica, sans-serif\">CEP:\u00a096010-610 \u2013 4\u00ba andar<\/span><\/p>\n<p><span style=\"font-family: arial, helvetica, sans-serif\"><strong>Hor\u00e1rio de Atendimento:\u00a0<\/strong>De segunda a sexta-feira, das 8h \u00e0s 22h<\/span><\/p>\n<p><a href=\"https:\/\/wp.ufpel.edu.br\/gen\/files\/2019\/04\/Hor\u00e1rios-Secretaria-Acad\u00eamica-FAT.pdf\">Escala de Trabalho da Secretaria Acad\u00eamica FAT<\/a><\/p>\n<p>&nbsp;<\/p>\n","protected":false},"excerpt":{"rendered":"<p>Prof. Dr. Nilo Valter Karnopp Coordenador do Curso MBA GEN nilo.karnopp@gmail.com\u00a0 &nbsp; E-mail do Curso:\u00a0mbagestaoufpel@gmail.com \/ mbagen@ufpel.edu.br\u00a0 Secretaria Acad\u00eamica (Secretaria do Curso de MBA em Gest\u00e3o Estrat\u00e9gica de Neg\u00f3cios) (53) 3284-3857 Faculdade de Administra\u00e7\u00e3o e Turismo (Secretaria Administrativa) (53) 3284-3850 Endere\u00e7o da Secretaria:\u00a0Rua Gomes Carneiro, n\u00ba 01, sala 416 \u2013\u00a0 Campus Porto CEP:\u00a096010-610 \u2013 4\u00ba [&hellip;]<\/p>\n","protected":false},"author":77,"featured_media":0,"parent":0,"menu_order":10,"comment_status":"closed","ping_status":"closed","template":"","meta":{"footnotes":""},"class_list":["post-68","page","type-page","status-publish","hentry"],"_links":{"self":[{"href":"https:\/\/wp.ufpel.edu.br\/gen\/wp-json\/wp\/v2\/pages\/68","targetHints":{"allow":["GET"]}}],"collection":[{"href":"https:\/\/wp.ufpel.edu.br\/gen\/wp-json\/wp\/v2\/pages"}],"about":[{"href":"https:\/\/wp.ufpel.edu.br\/gen\/wp-json\/wp\/v2\/types\/page"}],"author":[{"embeddable":true,"href":"https:\/\/wp.ufpel.edu.br\/gen\/wp-json\/wp\/v2\/users\/77"}],"replies":[{"embeddable":true,"href":"https:\/\/wp.ufpel.edu.br\/gen\/wp-json\/wp\/v2\/comments?post=68"}],"version-history":[{"count":17,"href":"https:\/\/wp.ufpel.edu.br\/gen\/wp-json\/wp\/v2\/pages\/68\/revisions"}],"predecessor-version":[{"id":823,"href":"https:\/\/wp.ufpel.edu.br\/gen\/wp-json\/wp\/v2\/pages\/68\/revisions\/823"}],"wp:attachment":[{"href":"https:\/\/wp.ufpel.edu.br\/gen\/wp-json\/wp\/v2\/media?parent=68"}],"curies":[{"name":"wp","href":"https:\/\/api.w.org\/{rel}","templated":true}]}}