{"id":6,"date":"2013-05-29T11:49:44","date_gmt":"2013-05-29T14:49:44","guid":{"rendered":"https:\/\/wp.ufpel.edu.br\/gen\/?page_id=6"},"modified":"2018-10-25T12:59:57","modified_gmt":"2018-10-25T15:59:57","slug":"publico-alvo","status":"publish","type":"page","link":"https:\/\/wp.ufpel.edu.br\/gen\/publico-alvo\/","title":{"rendered":"P\u00fablico Alvo"},"content":{"rendered":"<p style=\"text-align: justify\"><span style=\"font-family: arial, helvetica, sans-serif\">O curso \u00e9 destinado a gestores e executivos de empresas, empreendedores, profissionais liberais, portadores de diploma em cursos de bacharelado ou tecnologia reconhecidos pelo Minist\u00e9rio da Educa\u00e7\u00e3o.<\/span><\/p>\n<p style=\"text-align: justify\"><span style=\"font-family: arial, helvetica, sans-serif\">O MBA <span style=\"text-decoration: underline\">N\u00c3O \u00c9<\/span> um simples Curso de Especializa\u00e7\u00e3o ou de complementa\u00e7\u00e3o de estudos. Destina-se a profissionais envolvidos em\u00a0fun\u00e7\u00f5es diretivas h\u00e1 algum tempo, que busquem aprimorar conhecimentos necess\u00e1rios \u00e0 tomada de decis\u00f5es estrat\u00e9gicas. Por essa raz\u00e3o \u00e9 poss\u00edvel que candidatos com pouco ou nenhum dom\u00ednio de \u00e1reas fundamentais, como estat\u00edstica, finan\u00e7as, an\u00e1lise de dados, entre outras, ou com limita\u00e7\u00e3o\u00a0extrema de leitura\u00a0em ingl\u00eas, poder\u00e3o ter alguma dificuldade para acompanhar o curso.<\/span><\/p>\n<p style=\"text-align: justify\"><span style=\"font-family: arial, helvetica, sans-serif\">Sobre os Cursos do Tipo &#8216;MBA&#8217;, no Brasil, assim se manifestam\u00a0o Guia do Estudante e a\u00a0 ANAMBA:<\/span><\/p>\n<p style=\"text-align: justify\"><span style=\"font-family: arial, helvetica, sans-serif\">\u201cMBA. Do ingl\u00eas <em>Master in Business Administration<\/em>, trata-se de uma especializa\u00e7\u00e3o nas \u00e1reas gerencial ou administrativa. Por isso, \u00e9 muito procurado por profissionais que atuam no mundo empresarial. Ideal para quem aprecia estudar, mas apenas assuntos de interesse profissional; quer encaixar os estudos nos intervalos de trabalho; gosta de pesquisar, mas n\u00e3o tem tempo de se dedicar ao assunto; domina o ingl\u00eas; pretende ocupar um cargo de comando em uma grande empresa.\u201c<i><br \/>\n<\/i>(Guia do Estudante. P\u00f3s &amp; MBA. 2013, p. 10).<\/span><\/p>\n<p style=\"text-align: justify\"><span style=\"font-family: arial, helvetica, sans-serif\">\u201cO MBA n\u00e3o \u00e9 uma especializa\u00e7\u00e3o para iniciantes. O programa atende, sobretudo, \u00e0queles que j\u00e1 trabalham e est\u00e3o em processo de ascens\u00e3o na carreira. Alguns MBA&#8217;s, inclusive, exigem que o candidato comprove um tempo m\u00ednimo de experi\u00eancia no mercado ou atuem em algum cargo gerencial ou de dire\u00e7\u00e3o.\u201d (Guia do Estudante. P\u00f3s &amp; MBA. 2013, p. 13).<\/span><\/p>\n<p style=\"text-align: justify\"><span style=\"font-family: arial, helvetica, sans-serif\">\u201cO p\u00fablico alvo dos cursos deve ser constitu\u00eddo por profissionais com forma\u00e7\u00e3o superior conclu\u00edda e experi\u00eancia profissional que possibilite a troca de conhecimentos durante as aulas.\u201d (Padr\u00f5es para credenciamento de cursos de p\u00f3s-gradua\u00e7\u00e3o em Administra\u00e7\u00e3o \u2013 Padr\u00e3o Brasil \u2013 ANAMBA (Associa\u00e7\u00e3o Nacional de MBA).<\/span><\/p>\n","protected":false},"excerpt":{"rendered":"<p>O curso \u00e9 destinado a gestores e executivos de empresas, empreendedores, profissionais liberais, portadores de diploma em cursos de bacharelado ou tecnologia reconhecidos pelo Minist\u00e9rio da Educa\u00e7\u00e3o. O MBA N\u00c3O \u00c9 um simples Curso de Especializa\u00e7\u00e3o ou de complementa\u00e7\u00e3o de estudos. Destina-se a profissionais envolvidos em\u00a0fun\u00e7\u00f5es diretivas h\u00e1 algum tempo, que busquem aprimorar conhecimentos necess\u00e1rios [&hellip;]<\/p>\n","protected":false},"author":77,"featured_media":0,"parent":0,"menu_order":1,"comment_status":"closed","ping_status":"closed","template":"","meta":{"footnotes":""},"class_list":["post-6","page","type-page","status-publish","hentry"],"_links":{"self":[{"href":"https:\/\/wp.ufpel.edu.br\/gen\/wp-json\/wp\/v2\/pages\/6","targetHints":{"allow":["GET"]}}],"collection":[{"href":"https:\/\/wp.ufpel.edu.br\/gen\/wp-json\/wp\/v2\/pages"}],"about":[{"href":"https:\/\/wp.ufpel.edu.br\/gen\/wp-json\/wp\/v2\/types\/page"}],"author":[{"embeddable":true,"href":"https:\/\/wp.ufpel.edu.br\/gen\/wp-json\/wp\/v2\/users\/77"}],"replies":[{"embeddable":true,"href":"https:\/\/wp.ufpel.edu.br\/gen\/wp-json\/wp\/v2\/comments?post=6"}],"version-history":[{"count":14,"href":"https:\/\/wp.ufpel.edu.br\/gen\/wp-json\/wp\/v2\/pages\/6\/revisions"}],"predecessor-version":[{"id":754,"href":"https:\/\/wp.ufpel.edu.br\/gen\/wp-json\/wp\/v2\/pages\/6\/revisions\/754"}],"wp:attachment":[{"href":"https:\/\/wp.ufpel.edu.br\/gen\/wp-json\/wp\/v2\/media?parent=6"}],"curies":[{"name":"wp","href":"https:\/\/api.w.org\/{rel}","templated":true}]}}