{"id":339,"date":"2014-12-12T15:24:48","date_gmt":"2014-12-12T17:24:48","guid":{"rendered":"https:\/\/wp.ufpel.edu.br\/gen\/?page_id=339"},"modified":"2018-10-25T13:03:47","modified_gmt":"2018-10-25T16:03:47","slug":"depoimentos","status":"publish","type":"page","link":"https:\/\/wp.ufpel.edu.br\/gen\/depoimentos\/","title":{"rendered":"Depoimentos"},"content":{"rendered":"<p style=\"text-align: justify\"><span style=\"font-family: arial, helvetica, sans-serif\">&#8220;O MBA em Gest\u00e3o Estrat\u00e9gica de Neg\u00f3cios foi um marco importante na minha carreira profissional, pois tive a oportunidade de participar de uma imers\u00e3o na\u00a0Lisbon Executive Academy (ISEG Lisboa) onde consegui ampliar meus conhecimentos\u00a0nas\u00a0\u00e1reas de Marketing, Estrat\u00e9gia, Finan\u00e7as e Gest\u00e3o. O curso possui um grupo seleto de participantes das mais variadas\u00a0\u00e1reas, todos com um know-how que possibilitam uma intera\u00e7\u00e3o importante entre academia e o mercado. &#8220;<\/span><\/p>\n<div style=\"text-align: justify\"><span style=\"font-family: arial, helvetica, sans-serif\">Fabio Pi\u00f1eiro: Graduado em Marketing e Gest\u00e3o P\u00fablica, com MBA em Marketing Estrat\u00e9gico pela ESPM e P\u00f3s-Graduado em Marketing e Comunica\u00e7\u00e3o pela mesma institui\u00e7\u00e3o \u00e9, s\u00f3cio propriet\u00e1rio da TIME ag\u00eancia de marketing, consultor de marketing de empresas como Outdabox e Birck. \u00c9 professor dos cursos de gradua\u00e7\u00e3o em Marketing e Processos Gerenciais da Faculdade de Tecnologia Senac Pelotas. Atua tamb\u00e9m como\u00a0empreendedor a mais de 10 anos no mercado varejista, a<\/span><span style=\"font-family: arial, helvetica, sans-serif\">luno da Segunda Turma<\/span><\/div>\n<p style=\"text-align: justify\"><span style=\"font-family: arial, helvetica, sans-serif\">&#8220;A participa\u00e7\u00e3o na segunda turma do MBA em Gest\u00e3o Estrat\u00e9gica de Neg\u00f3cios da UFPel representou, para mim, a conclus\u00e3o de um processo de mudan\u00e7a profissional que eu havia iniciado poucos anos antes. Graduada em Jornalismo, eu vinha combinando a atua\u00e7\u00e3o em um jornal com assessoria de imprensa at\u00e9 decidir, em 2013, focar na pequena empresa que minha fam\u00edlia mant\u00e9m h\u00e1 75 anos.\u00a0<\/span><span style=\"font-family: arial, helvetica, sans-serif\">Claro que sigo olhando com mais cuidado para as quest\u00f5es de comunica\u00e7\u00e3o do neg\u00f3cio. Mas o MBA abriu meus horizontes para conceitos e ferramentas que fazem a diferen\u00e7a.\u00a0<\/span><span style=\"font-family: arial, helvetica, sans-serif\">Al\u00e9m disso, \u00e9 preciso destacar que a criteriosa sele\u00e7\u00e3o de alunos comp\u00f4s uma turma diversa, que ampliou muito minha rede de contatos profissionais&#8221;<\/span><\/p>\n<p style=\"text-align: justify\"><span style=\"font-family: arial, helvetica, sans-serif\">Clarisse Coradini de Freitas, empres\u00e1ria em Ca\u00e7apava do Sul<\/span><\/p>\n<p style=\"text-align: justify\"><span style=\"font-family: arial, helvetica, sans-serif\">Aluna da Segunda Turma<\/span><\/p>\n<p style=\"text-align: justify\"><span style=\"font-family: arial, helvetica, sans-serif\">\u201c Eu tive o privil\u00e9gio de participar da primeira turma de MBA de Gest\u00e3o Estrat\u00e9gica de Neg\u00f3cios da UFPEL\u00a0e foi muito proveitoso pelo conte\u00fado apresentado nos m\u00f3dulos e pela troca de experi\u00eancias sob diversos\u00a0pontos de vistas que o mesmo proporcionou entre os professores e os participantes que apresentaram um\u00a0grau de maturidade com forma\u00e7\u00e3o acad\u00eamica e cultural diversas. \u201d<\/span><\/p>\n<p style=\"text-align: justify\"><span style=\"font-family: arial, helvetica, sans-serif\">\u00a0Sandro Zanon Fernandes, consultor de empresas<\/span><\/p>\n<p style=\"text-align: justify\"><span style=\"font-family: arial, helvetica, sans-serif\">Aluno da Primeira Turma<\/span><\/p>\n<p>&nbsp;<\/p>\n<p style=\"text-align: justify\"><span style=\"font-family: arial, helvetica, sans-serif\">&#8220;Ter participado da Primeira Turma do MBA Gest\u00e3o Estrat\u00e9gica de Neg\u00f3cios da UFPEL foi de grande import\u00e2ncia para o meu desenvolvimento profissional.<\/span><\/p>\n<p style=\"text-align: justify\"><span style=\"font-family: arial, helvetica, sans-serif\">\u00a0Aliar o conhecimento da Academia com a vivencia pr\u00e1tica dos alunos, foi sem d\u00favida o grande diferencial do curso!&#8221;<\/span><\/p>\n<p style=\"text-align: justify\"><span style=\"font-family: arial, helvetica, sans-serif\">Jones Raguzoni,\u00a0Gestor Adjunto<\/span><\/p>\n<p style=\"text-align: justify\"><span style=\"font-family: arial, helvetica, sans-serif\">Gerente Comercial<\/span><\/p>\n<p style=\"text-align: justify\"><span style=\"font-family: arial, helvetica, sans-serif\">Aluno da Primeira Turma<\/span><\/p>\n","protected":false},"excerpt":{"rendered":"<p>&#8220;O MBA em Gest\u00e3o Estrat\u00e9gica de Neg\u00f3cios foi um marco importante na minha carreira profissional, pois tive a oportunidade de participar de uma imers\u00e3o na\u00a0Lisbon Executive Academy (ISEG Lisboa) onde consegui ampliar meus conhecimentos\u00a0nas\u00a0\u00e1reas de Marketing, Estrat\u00e9gia, Finan\u00e7as e Gest\u00e3o. O curso possui um grupo seleto de participantes das mais variadas\u00a0\u00e1reas, todos com um know-how [&hellip;]<\/p>\n","protected":false},"author":421,"featured_media":0,"parent":0,"menu_order":0,"comment_status":"closed","ping_status":"closed","template":"","meta":{"footnotes":""},"class_list":["post-339","page","type-page","status-publish","hentry"],"_links":{"self":[{"href":"https:\/\/wp.ufpel.edu.br\/gen\/wp-json\/wp\/v2\/pages\/339","targetHints":{"allow":["GET"]}}],"collection":[{"href":"https:\/\/wp.ufpel.edu.br\/gen\/wp-json\/wp\/v2\/pages"}],"about":[{"href":"https:\/\/wp.ufpel.edu.br\/gen\/wp-json\/wp\/v2\/types\/page"}],"author":[{"embeddable":true,"href":"https:\/\/wp.ufpel.edu.br\/gen\/wp-json\/wp\/v2\/users\/421"}],"replies":[{"embeddable":true,"href":"https:\/\/wp.ufpel.edu.br\/gen\/wp-json\/wp\/v2\/comments?post=339"}],"version-history":[{"count":7,"href":"https:\/\/wp.ufpel.edu.br\/gen\/wp-json\/wp\/v2\/pages\/339\/revisions"}],"predecessor-version":[{"id":755,"href":"https:\/\/wp.ufpel.edu.br\/gen\/wp-json\/wp\/v2\/pages\/339\/revisions\/755"}],"wp:attachment":[{"href":"https:\/\/wp.ufpel.edu.br\/gen\/wp-json\/wp\/v2\/media?parent=339"}],"curies":[{"name":"wp","href":"https:\/\/api.w.org\/{rel}","templated":true}]}}