{"id":303,"date":"2014-09-16T16:48:23","date_gmt":"2014-09-16T19:48:23","guid":{"rendered":"https:\/\/wp.ufpel.edu.br\/gen\/?page_id=303"},"modified":"2018-10-25T14:09:12","modified_gmt":"2018-10-25T17:09:12","slug":"parcerias-internacionais","status":"publish","type":"page","link":"https:\/\/wp.ufpel.edu.br\/gen\/parcerias-internacionais\/","title":{"rendered":"Parcerias internacionais"},"content":{"rendered":"<p style=\"text-align: right\">\u00a0<span style=\"font-family: arial, helvetica, sans-serif\">Viagem de Imers\u00e3o em Lisboa, 2015<\/span><img class=\" wp-image-769 alignright\" src=\"https:\/\/wp.ufpel.edu.br\/gen\/files\/2018\/10\/fotografia-1-200x200.jpg\" alt=\"\" width=\"271\" height=\"271\" \/><\/p>\n<p>&nbsp;<\/p>\n<p>&nbsp;<\/p>\n<p>&nbsp;<\/p>\n<p>&nbsp;<\/p>\n<p>&nbsp;<\/p>\n<p><img class=\"alignnone  wp-image-768\" src=\"https:\/\/wp.ufpel.edu.br\/gen\/files\/2018\/10\/IMG_20150420_104325686-200x200.jpg\" alt=\"\" width=\"264\" height=\"264\" \/><\/p>\n<p><span style=\"font-family: arial, helvetica, sans-serif\">Instituto Superior de Economia e Gest\u00e3o, Universidade de Lisboa, Portugal<\/span><\/p>\n<p>&nbsp;<\/p>\n<p><span style=\"font-family: arial, helvetica, sans-serif\">A FAT UFPel e o curso de MBA possuem parcerias com as seguintes universidades, para fins de mobilidade, pesquisa conjunta, imers\u00e3o entre outras atividades:<\/span><\/p>\n<p><span style=\"font-family: arial, helvetica, sans-serif\"><a href=\"http:\/\/www.ulisboa.pt\/\">Universidade de Lisboa &#8211; Portugal<\/a><\/span><\/p>\n<p><span style=\"font-family: arial, helvetica, sans-serif\"><a href=\"http:\/\/www.uni-bremen.de\/\">Universidade de Bremen &#8211; Alemanha<\/a><\/span><\/p>\n<p><span style=\"font-family: arial, helvetica, sans-serif\"><a href=\"http:\/\/www.uns.edu.ar\/\">Universidad Nacional del Sur &#8211; Argentina<\/a><\/span><\/p>\n<p><span style=\"font-family: arial, helvetica, sans-serif\"><a href=\"https:\/\/wp.ufpel.edu.br\/crinter\/\">A UFPel possui in\u00fameros conv\u00eanios com universidades estrangeiras, cuja lista pode ser encontrada na p\u00e1gina da coordena\u00e7\u00e3o de Rela\u00e7\u00f5es Internacionais &#8211; CRinter.<\/a><\/span><\/p>\n","protected":false},"excerpt":{"rendered":"<p>\u00a0Viagem de Imers\u00e3o em Lisboa, 2015 &nbsp; &nbsp; &nbsp; &nbsp; &nbsp; Instituto Superior de Economia e Gest\u00e3o, Universidade de Lisboa, Portugal &nbsp; A FAT UFPel e o curso de MBA possuem parcerias com as seguintes universidades, para fins de mobilidade, pesquisa conjunta, imers\u00e3o entre outras atividades: Universidade de Lisboa &#8211; Portugal Universidade de Bremen &#8211; [&hellip;]<\/p>\n","protected":false},"author":421,"featured_media":0,"parent":0,"menu_order":0,"comment_status":"closed","ping_status":"closed","template":"","meta":{"footnotes":""},"class_list":["post-303","page","type-page","status-publish","hentry"],"_links":{"self":[{"href":"https:\/\/wp.ufpel.edu.br\/gen\/wp-json\/wp\/v2\/pages\/303","targetHints":{"allow":["GET"]}}],"collection":[{"href":"https:\/\/wp.ufpel.edu.br\/gen\/wp-json\/wp\/v2\/pages"}],"about":[{"href":"https:\/\/wp.ufpel.edu.br\/gen\/wp-json\/wp\/v2\/types\/page"}],"author":[{"embeddable":true,"href":"https:\/\/wp.ufpel.edu.br\/gen\/wp-json\/wp\/v2\/users\/421"}],"replies":[{"embeddable":true,"href":"https:\/\/wp.ufpel.edu.br\/gen\/wp-json\/wp\/v2\/comments?post=303"}],"version-history":[{"count":5,"href":"https:\/\/wp.ufpel.edu.br\/gen\/wp-json\/wp\/v2\/pages\/303\/revisions"}],"predecessor-version":[{"id":770,"href":"https:\/\/wp.ufpel.edu.br\/gen\/wp-json\/wp\/v2\/pages\/303\/revisions\/770"}],"wp:attachment":[{"href":"https:\/\/wp.ufpel.edu.br\/gen\/wp-json\/wp\/v2\/media?parent=303"}],"curies":[{"name":"wp","href":"https:\/\/api.w.org\/{rel}","templated":true}]}}