{"id":294,"date":"2014-09-16T16:22:44","date_gmt":"2014-09-16T19:22:44","guid":{"rendered":"https:\/\/wp.ufpel.edu.br\/gen\/?page_id=294"},"modified":"2018-10-20T18:12:55","modified_gmt":"2018-10-20T21:12:55","slug":"diferenciais-do-curso","status":"publish","type":"page","link":"https:\/\/wp.ufpel.edu.br\/gen\/diferenciais-do-curso\/","title":{"rendered":"Diferenciais do curso"},"content":{"rendered":"<p style=\"text-align: justify\"><img class=\"alignnone size-thumbnail wp-image-641\" src=\"https:\/\/wp.ufpel.edu.br\/gen\/files\/2018\/05\/WhatsApp-Image-2018-05-09-at-21.10.21-212x159.jpeg\" alt=\"\" width=\"200\" height=\"150\" srcset=\"https:\/\/wp.ufpel.edu.br\/gen\/files\/2018\/05\/WhatsApp-Image-2018-05-09-at-21.10.21-212x159.jpeg 212w, https:\/\/wp.ufpel.edu.br\/gen\/files\/2018\/05\/WhatsApp-Image-2018-05-09-at-21.10.21-424x318.jpeg 424w, https:\/\/wp.ufpel.edu.br\/gen\/files\/2018\/05\/WhatsApp-Image-2018-05-09-at-21.10.21-768x576.jpeg 768w, https:\/\/wp.ufpel.edu.br\/gen\/files\/2018\/05\/WhatsApp-Image-2018-05-09-at-21.10.21-400x300.jpeg 400w, https:\/\/wp.ufpel.edu.br\/gen\/files\/2018\/05\/WhatsApp-Image-2018-05-09-at-21.10.21.jpeg 1280w\" sizes=\"(max-width: 200px) 100vw, 200px\" \/><\/p>\n<p style=\"text-align: justify\"><span style=\"font-family: arial, helvetica, sans-serif\">O curso de MBA em Gest\u00e3o estrat\u00e9gica de Neg\u00f3cios da UFPel possui in\u00fameros diferenciais, entre eles podemos destacar:<\/span><\/p>\n<p style=\"text-align: justify\"><span style=\"font-family: arial, helvetica, sans-serif\">&#8211; Curso totalmente gratuito, sem custo nenhum para o aluno, nem de matr\u00edcula e nem mensalidade;<\/span><\/p>\n<p style=\"text-align: justify\"><span style=\"font-family: arial, helvetica, sans-serif\">&#8211; Aulas ministradas no turno inverso ao de trabalho, sempre \u00e0s sextas de noite e s\u00e1bados pela manh\u00e3 (eventualmente tamb\u00e9m s\u00e1bados \u00e0 tarde);<\/span><\/p>\n<p style=\"text-align: justify\"><span style=\"font-family: arial, helvetica, sans-serif\">&#8211; Professores todos com t\u00edtulo de mestrado e\/ou doutorado, nas melhores universidades do Brasil e do exterior;<\/span><\/p>\n<p style=\"text-align: justify\"><span style=\"font-family: arial, helvetica, sans-serif\">&#8211; Professores\u00a0com experi\u00eancia profissional em empresas de grande porte;<\/span><\/p>\n<p style=\"text-align: justify\"><span style=\"font-family: arial, helvetica, sans-serif\">&#8211; Professores convidados de diversas \u00a0universidades do estado do RS;<\/span><\/p>\n<p style=\"text-align: justify\"><span style=\"font-family: arial, helvetica, sans-serif\">&#8211; Curso credenciado junto ao MEC, atendendo \u00e0s novas regulamenta\u00e7\u00f5es para cursos lato sensu;<\/span><\/p>\n<p style=\"text-align: justify\"><span style=\"font-family: arial, helvetica, sans-serif\">&#8211; Conv\u00eanios internacionais e parcerias acad\u00eamicas com universidades estrangeiras.<\/span><\/p>\n<p>&nbsp;<\/p>\n","protected":false},"excerpt":{"rendered":"<p>O curso de MBA em Gest\u00e3o estrat\u00e9gica de Neg\u00f3cios da UFPel possui in\u00fameros diferenciais, entre eles podemos destacar: &#8211; Curso totalmente gratuito, sem custo nenhum para o aluno, nem de matr\u00edcula e nem mensalidade; &#8211; Aulas ministradas no turno inverso ao de trabalho, sempre \u00e0s sextas de noite e s\u00e1bados pela manh\u00e3 (eventualmente tamb\u00e9m s\u00e1bados [&hellip;]<\/p>\n","protected":false},"author":421,"featured_media":0,"parent":0,"menu_order":0,"comment_status":"closed","ping_status":"closed","template":"","meta":{"footnotes":""},"class_list":["post-294","page","type-page","status-publish","hentry"],"_links":{"self":[{"href":"https:\/\/wp.ufpel.edu.br\/gen\/wp-json\/wp\/v2\/pages\/294","targetHints":{"allow":["GET"]}}],"collection":[{"href":"https:\/\/wp.ufpel.edu.br\/gen\/wp-json\/wp\/v2\/pages"}],"about":[{"href":"https:\/\/wp.ufpel.edu.br\/gen\/wp-json\/wp\/v2\/types\/page"}],"author":[{"embeddable":true,"href":"https:\/\/wp.ufpel.edu.br\/gen\/wp-json\/wp\/v2\/users\/421"}],"replies":[{"embeddable":true,"href":"https:\/\/wp.ufpel.edu.br\/gen\/wp-json\/wp\/v2\/comments?post=294"}],"version-history":[{"count":8,"href":"https:\/\/wp.ufpel.edu.br\/gen\/wp-json\/wp\/v2\/pages\/294\/revisions"}],"predecessor-version":[{"id":740,"href":"https:\/\/wp.ufpel.edu.br\/gen\/wp-json\/wp\/v2\/pages\/294\/revisions\/740"}],"wp:attachment":[{"href":"https:\/\/wp.ufpel.edu.br\/gen\/wp-json\/wp\/v2\/media?parent=294"}],"curies":[{"name":"wp","href":"https:\/\/api.w.org\/{rel}","templated":true}]}}