{"id":25,"date":"2013-05-29T11:57:29","date_gmt":"2013-05-29T14:57:29","guid":{"rendered":"https:\/\/wp.ufpel.edu.br\/gen\/?page_id=25"},"modified":"2021-03-31T10:55:21","modified_gmt":"2021-03-31T13:55:21","slug":"documentos","status":"publish","type":"page","link":"https:\/\/wp.ufpel.edu.br\/gen\/documentos\/","title":{"rendered":"Documentos"},"content":{"rendered":"<p>&#8211; <a href=\"https:\/\/wp.ufpel.edu.br\/gen\/files\/2018\/10\/Formulario-de-inscri\u00e7\u00e3o-MBA-GEN-4.doc\" target=\"_blank\" rel=\"noopener noreferrer\">Formul\u00e1rio de inscri\u00e7\u00e3o<\/a><\/p>\n<p>&#8211; <a href=\"https:\/\/wp.ufpel.edu.br\/gen\/files\/2016\/05\/1.-REGIMENTO-MBA-GEN.docx\">Regimento do MBA GEN<\/a><\/p>\n<p>&#8211; <a href=\"https:\/\/wp.ufpel.edu.br\/gen\/files\/2016\/05\/2.-PPC-MBA-GEN-3\u00aa-edi\u00e7\u00e3o.docx\">PPC MBA GEN &#8211; 3\u00aa edi\u00e7\u00e3o<\/a><\/p>\n<p>&#8211; <a href=\"https:\/\/wp.ufpel.edu.br\/gen\/files\/2018\/08\/5.-Regulamento-do-TCC-do-MBA-GEN-3\u00aa-ed-Alterado.docx\">Regulamento do TCC do MBA GEN &#8211;\u00a03\u00aa edi\u00e7\u00e3o &#8211; Alterado<\/a><\/p>\n<p>&#8211; <a href=\"https:\/\/wp.ufpel.edu.br\/gen\/files\/2016\/05\/3.-Estrutura-curricular-3\u00aa-edi\u00e7\u00e3o.xlsx\">Estrutura curricular &#8211;\u00a03\u00aa edi\u00e7\u00e3o<\/a><\/p>\n<p>&#8211; <a href=\"https:\/\/wp.ufpel.edu.br\/gen\/files\/2019\/04\/Estrutura-curricular-MBA-GEN-4\u00aa-edi\u00e7\u00e3o.xlsx\">Estrutura curricular &#8211; 4<sup>a<\/sup> edi\u00e7\u00e3o<\/a><\/p>\n<p>&#8211; <a href=\"https:\/\/wp.ufpel.edu.br\/gen\/files\/2019\/04\/Calend\u00e1rio-MBAGEN-M\u00f3dulo-I.xls\">Calend\u00e1rio de aulas &#8211; 4<sup>a<\/sup> edi\u00e7\u00e3o &#8211; m\u00f3dulo introdut\u00f3rio<\/a><\/p>\n<p>&#8211; <a href=\"https:\/\/wp.ufpel.edu.br\/gen\/documentos-das-aulas-da-4a-edicao\/\">Documentos das aulas da 4<sup>a<\/sup> edi\u00e7\u00e3o<\/a><\/p>\n<p>&#8211; <a href=\"https:\/\/wp.ufpel.edu.br\/bibcp\/files\/2021\/03\/Termo-de-autorizacao-para-inserir-TCC-e-TCCP-nas-bases-de-dados-da-UFPel-Novo.pdf\">Termo de autoriza\u00e7\u00e3o para publica\u00e7\u00e3o dos trabalhos acad\u00eamicos<\/a><\/p>\n<p>&nbsp;<\/p>\n","protected":false},"excerpt":{"rendered":"<p>&#8211; Formul\u00e1rio de inscri\u00e7\u00e3o &#8211; Regimento do MBA GEN &#8211; PPC MBA GEN &#8211; 3\u00aa edi\u00e7\u00e3o &#8211; Regulamento do TCC do MBA GEN &#8211;\u00a03\u00aa edi\u00e7\u00e3o &#8211; Alterado &#8211; Estrutura curricular &#8211;\u00a03\u00aa edi\u00e7\u00e3o &#8211; Estrutura curricular &#8211; 4a edi\u00e7\u00e3o &#8211; Calend\u00e1rio de aulas &#8211; 4a edi\u00e7\u00e3o &#8211; m\u00f3dulo introdut\u00f3rio &#8211; Documentos das aulas da 4a edi\u00e7\u00e3o [&hellip;]<\/p>\n","protected":false},"author":77,"featured_media":0,"parent":0,"menu_order":7,"comment_status":"closed","ping_status":"closed","template":"","meta":{"footnotes":""},"class_list":["post-25","page","type-page","status-publish","hentry"],"_links":{"self":[{"href":"https:\/\/wp.ufpel.edu.br\/gen\/wp-json\/wp\/v2\/pages\/25","targetHints":{"allow":["GET"]}}],"collection":[{"href":"https:\/\/wp.ufpel.edu.br\/gen\/wp-json\/wp\/v2\/pages"}],"about":[{"href":"https:\/\/wp.ufpel.edu.br\/gen\/wp-json\/wp\/v2\/types\/page"}],"author":[{"embeddable":true,"href":"https:\/\/wp.ufpel.edu.br\/gen\/wp-json\/wp\/v2\/users\/77"}],"replies":[{"embeddable":true,"href":"https:\/\/wp.ufpel.edu.br\/gen\/wp-json\/wp\/v2\/comments?post=25"}],"version-history":[{"count":43,"href":"https:\/\/wp.ufpel.edu.br\/gen\/wp-json\/wp\/v2\/pages\/25\/revisions"}],"predecessor-version":[{"id":944,"href":"https:\/\/wp.ufpel.edu.br\/gen\/wp-json\/wp\/v2\/pages\/25\/revisions\/944"}],"wp:attachment":[{"href":"https:\/\/wp.ufpel.edu.br\/gen\/wp-json\/wp\/v2\/media?parent=25"}],"curies":[{"name":"wp","href":"https:\/\/api.w.org\/{rel}","templated":true}]}}