{"id":23,"date":"2013-05-29T11:56:47","date_gmt":"2013-05-29T14:56:47","guid":{"rendered":"https:\/\/wp.ufpel.edu.br\/gen\/?page_id=23"},"modified":"2018-10-26T12:59:18","modified_gmt":"2018-10-26T15:59:18","slug":"funcionamento","status":"publish","type":"page","link":"https:\/\/wp.ufpel.edu.br\/gen\/funcionamento\/","title":{"rendered":"Funcionamento"},"content":{"rendered":"<p style=\"text-align: justify\"><img class=\"wp-image-742 aligncenter\" src=\"https:\/\/wp.ufpel.edu.br\/gen\/files\/2018\/10\/07-Campus-Anglo-200x200.jpg\" alt=\"\" width=\"215\" height=\"215\" \/><\/p>\n<p style=\"text-align: justify\"><span style=\"font-family: arial, helvetica, sans-serif\">O curso foi aprovado pelo Conselho Universit\u00e1rio da UFPel em 23\/Mai\/2013 e autorizado a funcionar conforme Portaria n\u00ba 1242, de 29\/Mai\/2013.\u00a0A sua primeira edi\u00e7\u00e3o\u00a0teve\u00a0in\u00edcio em agosto de 2013 e encerrou\u00a0em 31 de julho de 2015. A segunda edi\u00e7\u00e3o teve in\u00edcio em 01 de mar\u00e7o de 2015 e t\u00e9rmino em 31 de julho de 2016.<\/span><\/p>\n<p style=\"text-align: justify\"><span style=\"font-family: arial, helvetica, sans-serif\">A terceira turma iniciou em agosto de 2016 e encerrou as aulas em dezembro de 2017. Dessa forma a pr\u00f3xima edi\u00e7\u00e3o ser\u00e1 a 4\u00b0 a ser oferecida pela Faculdade de Administra\u00e7\u00e3o e de Turismo, com in\u00edcio das aulas previsto para abril de 2019 e conclus\u00e3o ao final do primeiro semestre letivo de 2020.<\/span><\/p>\n<p style=\"text-align: justify\"><span style=\"font-family: arial, helvetica, sans-serif\">As aulas acontecem \u00e0s sextas feiras \u00e0 noite (das 19:00 h \u00e0s 22:30 h) e s\u00e1bados pela manh\u00e3 (das 08:00 h \u00e0s 12:30 h), na sala de p\u00f3s-gradua\u00e7\u00e3o do 4 andar da FAT (Campus Porto), somando 08 horas semanais. S\u00e3o aulas expositivo-dialogadas com a utiliza\u00e7\u00e3o de recursos multim\u00eddia, dando \u00eanfase a estudo de casos, trabalhos individuais e\/ou em grupo. As aulas ensejar\u00e3o a apresenta\u00e7\u00e3o de conceitos e exemplos, resolu\u00e7\u00e3o de exerc\u00edcios, leituras complementares e artigos, com textos em portugu\u00eas e ingl\u00eas. A participa\u00e7\u00e3o dos alunos garantir\u00e1 a proveitosa troca de experi\u00eancias e conhecimentos trazidos de sua experi\u00eancia profissional.<\/span><\/p>\n<p style=\"text-align: justify\"><span style=\"font-family: arial, helvetica, sans-serif\">O curso \u00e9 100% presencial, exigindo presen\u00e7a m\u00ednima de 75% em cada disciplina, al\u00e9m da obten\u00e7\u00e3o de nota m\u00ednima de 7 para aproveitamento para aprova\u00e7\u00e3o.<\/span><\/p>\n<p style=\"text-align: justify\"><span style=\"font-family: arial, helvetica, sans-serif\">O Campus Porto oferece in\u00fameras comodidades, como cafeteria, restaurante universit\u00e1rio (com custos reduzidos a alunos e servidores), biblioteca com salas de estudo em grupo e individuais, estacionamento, caixas eletr\u00f4nicos, biciclet\u00e1rio, audit\u00f3rios e salas de reuni\u00f5es. O mesmo se localiza na zona do porto da cidade, perto da \u00e1rea central de Pelotas e com f\u00e1cil acesso.<\/span><\/p>\n<p style=\"text-align: justify\"><a href=\"https:\/\/www.google.com.br\/maps\/@-31.7801849,-52.32499,17z\"><span style=\"font-family: arial, helvetica, sans-serif\">Acesse o mapa do campus\u00a0<\/span><\/a><\/p>\n","protected":false},"excerpt":{"rendered":"<p>O curso foi aprovado pelo Conselho Universit\u00e1rio da UFPel em 23\/Mai\/2013 e autorizado a funcionar conforme Portaria n\u00ba 1242, de 29\/Mai\/2013.\u00a0A sua primeira edi\u00e7\u00e3o\u00a0teve\u00a0in\u00edcio em agosto de 2013 e encerrou\u00a0em 31 de julho de 2015. A segunda edi\u00e7\u00e3o teve in\u00edcio em 01 de mar\u00e7o de 2015 e t\u00e9rmino em 31 de julho de 2016. A [&hellip;]<\/p>\n","protected":false},"author":77,"featured_media":0,"parent":0,"menu_order":6,"comment_status":"closed","ping_status":"closed","template":"","meta":{"footnotes":""},"class_list":["post-23","page","type-page","status-publish","hentry"],"_links":{"self":[{"href":"https:\/\/wp.ufpel.edu.br\/gen\/wp-json\/wp\/v2\/pages\/23","targetHints":{"allow":["GET"]}}],"collection":[{"href":"https:\/\/wp.ufpel.edu.br\/gen\/wp-json\/wp\/v2\/pages"}],"about":[{"href":"https:\/\/wp.ufpel.edu.br\/gen\/wp-json\/wp\/v2\/types\/page"}],"author":[{"embeddable":true,"href":"https:\/\/wp.ufpel.edu.br\/gen\/wp-json\/wp\/v2\/users\/77"}],"replies":[{"embeddable":true,"href":"https:\/\/wp.ufpel.edu.br\/gen\/wp-json\/wp\/v2\/comments?post=23"}],"version-history":[{"count":15,"href":"https:\/\/wp.ufpel.edu.br\/gen\/wp-json\/wp\/v2\/pages\/23\/revisions"}],"predecessor-version":[{"id":772,"href":"https:\/\/wp.ufpel.edu.br\/gen\/wp-json\/wp\/v2\/pages\/23\/revisions\/772"}],"wp:attachment":[{"href":"https:\/\/wp.ufpel.edu.br\/gen\/wp-json\/wp\/v2\/media?parent=23"}],"curies":[{"name":"wp","href":"https:\/\/api.w.org\/{rel}","templated":true}]}}