{"id":21,"date":"2013-05-29T11:56:28","date_gmt":"2013-05-29T14:56:28","guid":{"rendered":"https:\/\/wp.ufpel.edu.br\/gen\/?page_id=21"},"modified":"2018-10-25T13:21:05","modified_gmt":"2018-10-25T16:21:05","slug":"criterios-de-avaliacao","status":"publish","type":"page","link":"https:\/\/wp.ufpel.edu.br\/gen\/criterios-de-avaliacao\/","title":{"rendered":"Crit\u00e9rios de Sele\u00e7\u00e3o"},"content":{"rendered":"<p><span style=\"font-family: arial, helvetica, sans-serif\">A sele\u00e7\u00e3o para o MBA \u00e9 realizada por uma Comiss\u00e3o de Avalia\u00e7\u00e3o composta por docentes do curso, com base na an\u00e1lise dos seguintes itens:<\/span><\/p>\n<p><span style=\"font-family: arial, helvetica, sans-serif\">&#8211; Exame do Curr\u00edculum Vitae (lattes ou profissional);<\/span><\/p>\n<p><span style=\"font-family: arial, helvetica, sans-serif\">&#8211; An\u00e1lise do Pr\u00e9-projeto<\/span><\/p>\n<p><span style=\"font-family: arial, helvetica, sans-serif\">&#8211; An\u00e1lise de Carta de Inten\u00e7\u00e3o.<\/span><\/p>\n<p><span style=\"font-family: arial, helvetica, sans-serif\">Maiores detalhes ser\u00e3o divulgados no edital.<\/span><\/p>\n<p>&nbsp;<\/p>\n","protected":false},"excerpt":{"rendered":"<p>A sele\u00e7\u00e3o para o MBA \u00e9 realizada por uma Comiss\u00e3o de Avalia\u00e7\u00e3o composta por docentes do curso, com base na an\u00e1lise dos seguintes itens: &#8211; Exame do Curr\u00edculum Vitae (lattes ou profissional); &#8211; An\u00e1lise do Pr\u00e9-projeto &#8211; An\u00e1lise de Carta de Inten\u00e7\u00e3o. Maiores detalhes ser\u00e3o divulgados no edital. &nbsp;<\/p>\n","protected":false},"author":77,"featured_media":0,"parent":0,"menu_order":5,"comment_status":"closed","ping_status":"closed","template":"","meta":{"footnotes":""},"class_list":["post-21","page","type-page","status-publish","hentry"],"_links":{"self":[{"href":"https:\/\/wp.ufpel.edu.br\/gen\/wp-json\/wp\/v2\/pages\/21","targetHints":{"allow":["GET"]}}],"collection":[{"href":"https:\/\/wp.ufpel.edu.br\/gen\/wp-json\/wp\/v2\/pages"}],"about":[{"href":"https:\/\/wp.ufpel.edu.br\/gen\/wp-json\/wp\/v2\/types\/page"}],"author":[{"embeddable":true,"href":"https:\/\/wp.ufpel.edu.br\/gen\/wp-json\/wp\/v2\/users\/77"}],"replies":[{"embeddable":true,"href":"https:\/\/wp.ufpel.edu.br\/gen\/wp-json\/wp\/v2\/comments?post=21"}],"version-history":[{"count":13,"href":"https:\/\/wp.ufpel.edu.br\/gen\/wp-json\/wp\/v2\/pages\/21\/revisions"}],"predecessor-version":[{"id":760,"href":"https:\/\/wp.ufpel.edu.br\/gen\/wp-json\/wp\/v2\/pages\/21\/revisions\/760"}],"wp:attachment":[{"href":"https:\/\/wp.ufpel.edu.br\/gen\/wp-json\/wp\/v2\/media?parent=21"}],"curies":[{"name":"wp","href":"https:\/\/api.w.org\/{rel}","templated":true}]}}