{"id":12,"date":"2013-05-29T11:52:17","date_gmt":"2013-05-29T14:52:17","guid":{"rendered":"https:\/\/wp.ufpel.edu.br\/gen\/?page_id=12"},"modified":"2016-05-11T16:01:49","modified_gmt":"2016-05-11T19:01:49","slug":"inscricoes","status":"publish","type":"page","link":"https:\/\/wp.ufpel.edu.br\/gen\/inscricoes\/","title":{"rendered":"Inscri\u00e7\u00f5es"},"content":{"rendered":"<p style=\"text-align: justify\">As inscri\u00e7\u00f5es para a sele\u00e7\u00e3o para o Curso de P\u00f3s-Gradua\u00e7\u00e3o Lato Sensu Especializa\u00e7\u00e3o MBA Gest\u00e3o Estrat\u00e9gica de Neg\u00f3cios da UFPel, 3a. Edi\u00e7\u00e3o, estar\u00e3o abertas no per\u00edodo de 16 de maio de 2016 a 15 de junho de 2016, na Secretaria do Curso, na Rua Gomes Carneiro, n. 1 &#8211; Bloco B, 4o. andar &#8211; sala 420 &#8211; Campus Porto &#8211; Pelotas\/RS &#8211; CEP 96010-610.<\/p>\n<p style=\"text-align: justify\">Taxa de inscri\u00e7\u00e3o<\/p>\n<p style=\"text-align: justify\">A taxa de inscri\u00e7\u00e3o ao processo seletivo \u00e9 no valor de R$ 150,00 (cento e cinquenta reais) e dever\u00e1 ser paga mediante GRU (https:\/\/consulta.tesouro.fazenda.gov.br\/gru_novosite\/gru_simples.asp) preenchida com os dados a seguir indicados:<\/p>\n<p style=\"text-align: justify\">Unidade Gestora (UG): 154047<\/p>\n<p style=\"text-align: justify\">Gest\u00e3o: 15264<\/p>\n<p style=\"text-align: justify\">C\u00f3digo de Recolhimento: 28911-6<\/p>\n<p><a href=\"https:\/\/wp.ufpel.edu.br\/gen\/files\/2016\/05\/Edital-de-Sele\u00e7\u00e3o-Aluno-Regular-034-CPG-MBA-Gest\u00e3o-Estrat\u00e9gica-de-Neg\u00f3cios.pdf\">Edital 034\/2016<\/a> &#8211; Sele\u00e7\u00e3o da Terceira Turma do MBA Gest\u00e3o Estrat\u00e9gica de Neg\u00f3cios<\/p>\n<p><a href=\"https:\/\/wp.ufpel.edu.br\/gen\/files\/2016\/05\/Formulario-de-inscri\u00e7\u00e3o-MBA-GEN-3.doc\">Formul\u00e1rio de Inscri\u00e7\u00e3o<\/a><\/p>\n<p>&nbsp;<\/p>\n<p>Maiores informa\u00e7\u00f5es podem ser obtidas junto a Secretaria do Curso:<\/p>\n<p>Secret\u00e1rio: Andr\u00e9 Cruz<\/p>\n<p>Email: mbagestaoufpel@gmail.com<\/p>\n<p>Telefone: (53) 3921.1329<\/p>\n<p>Endere\u00e7o:\u00a0Rua Gomes Carneiro, n. 1 &#8211; Bloco B, 4o. andar &#8211; sala 420 &#8211; Campus Porto &#8211; Pelotas\/RS<\/p>\n<p>&nbsp;<\/p>\n","protected":false},"excerpt":{"rendered":"<p>As inscri\u00e7\u00f5es para a sele\u00e7\u00e3o para o Curso de P\u00f3s-Gradua\u00e7\u00e3o Lato Sensu Especializa\u00e7\u00e3o MBA Gest\u00e3o Estrat\u00e9gica de Neg\u00f3cios da UFPel, 3a. Edi\u00e7\u00e3o, estar\u00e3o abertas no per\u00edodo de 16 de maio de 2016 a 15 de junho de 2016, na Secretaria do Curso, na Rua Gomes Carneiro, n. 1 &#8211; Bloco B, 4o. andar &#8211; sala [&hellip;]<\/p>\n","protected":false},"author":77,"featured_media":0,"parent":0,"menu_order":4,"comment_status":"closed","ping_status":"closed","template":"","meta":{"footnotes":""},"class_list":["post-12","page","type-page","status-publish","hentry"],"_links":{"self":[{"href":"https:\/\/wp.ufpel.edu.br\/gen\/wp-json\/wp\/v2\/pages\/12","targetHints":{"allow":["GET"]}}],"collection":[{"href":"https:\/\/wp.ufpel.edu.br\/gen\/wp-json\/wp\/v2\/pages"}],"about":[{"href":"https:\/\/wp.ufpel.edu.br\/gen\/wp-json\/wp\/v2\/types\/page"}],"author":[{"embeddable":true,"href":"https:\/\/wp.ufpel.edu.br\/gen\/wp-json\/wp\/v2\/users\/77"}],"replies":[{"embeddable":true,"href":"https:\/\/wp.ufpel.edu.br\/gen\/wp-json\/wp\/v2\/comments?post=12"}],"version-history":[{"count":20,"href":"https:\/\/wp.ufpel.edu.br\/gen\/wp-json\/wp\/v2\/pages\/12\/revisions"}],"predecessor-version":[{"id":469,"href":"https:\/\/wp.ufpel.edu.br\/gen\/wp-json\/wp\/v2\/pages\/12\/revisions\/469"}],"wp:attachment":[{"href":"https:\/\/wp.ufpel.edu.br\/gen\/wp-json\/wp\/v2\/media?parent=12"}],"curies":[{"name":"wp","href":"https:\/\/api.w.org\/{rel}","templated":true}]}}