{"id":727,"date":"2014-01-14T09:53:49","date_gmt":"2014-01-14T11:53:49","guid":{"rendered":"https:\/\/wp.ufpel.edu.br\/gegradi\/?page_id=727"},"modified":"2023-05-09T11:57:32","modified_gmt":"2023-05-09T14:57:32","slug":"bolsistas-desligados-do-grupo","status":"publish","type":"page","link":"https:\/\/wp.ufpel.edu.br\/gegradi\/bolsistas-desligados-do-grupo\/","title":{"rendered":"Hist\u00f3rico de integrantes do grupo"},"content":{"rendered":"<div id=\"lista-integrantes-formatada\">\n<h5><span style=\"font-family: verdana, geneva, sans-serif; font-size: 12pt; color: #333333;\">Ex-bolsistas\u00a0<\/span><\/h5>\n<ul>\n<li><span style=\"font-family: verdana, geneva, sans-serif; font-size: 12pt; color: #333333;\"><em><a style=\"color: #333333;\" href=\"http:\/\/lattes.cnpq.br\/0386261510111601\" target=\"_blank\" rel=\"noopener noreferrer\">Aline Tessmer<\/a>;<br \/>\n<\/em><\/span><\/li>\n<li><em><span style=\"font-family: verdana, geneva, sans-serif; font-size: 12pt; color: #333333;\"><a style=\"color: #333333;\" href=\"http:\/\/lattes.cnpq.br\/0832428162458735\" target=\"_blank\" rel=\"noopener noreferrer\">Ana Paula Cl\u00e1udio de freitas<\/a>;<\/span><\/em><\/li>\n<li><em><span style=\"font-family: verdana, geneva, sans-serif;\"><a href=\"http:\/\/lattes.cnpq.br\/7036522229369484\">Anelize Souza Teixeira<\/a>, graduanda em Arquitetura e Urbanismo, bolsista de 2021 at\u00e9 2022.<\/span><\/em><\/li>\n<li><span style=\"font-family: verdana, geneva, sans-serif; font-size: 12pt; color: #333333;\"><em>Amanda Rosa de Carvalho;<\/em><\/span><\/li>\n<li><span style=\"font-family: verdana, geneva, sans-serif; font-size: 12pt; color: #333333;\"><em><a style=\"color: #333333;\" href=\"http:\/\/lattes.cnpq.br\/4186265656626487\" target=\"_blank\" rel=\"noopener noreferrer\">Andressa Pons<\/a>;<\/em><\/span><\/li>\n<li><span style=\"font-family: verdana, geneva, sans-serif; font-size: 12pt; color: #333333;\"><em>Bibiana Rodrigues Cavalcanti;<\/em><\/span><\/li>\n<li><span style=\"font-family: verdana, geneva, sans-serif; font-size: 12pt; color: #333333;\"><em><a style=\"color: #333333;\" href=\"http:\/\/lattes.cnpq.br\/2039747476099416\" target=\"_blank\" rel=\"noopener noreferrer\">Caio Silveira Sica<\/a>;<\/em><\/span><\/li>\n<li><span style=\"font-family: verdana, geneva, sans-serif; font-size: 12pt; color: #333333;\"><em><a style=\"color: #333333;\" href=\"http:\/\/lattes.cnpq.br\/1775289295532661\" target=\"_blank\" rel=\"noopener noreferrer\">Carlos Edy Yano<\/a>;<\/em><\/span><\/li>\n<li><span style=\"font-family: verdana, geneva, sans-serif; font-size: 12pt; color: #333333;\"><em><a style=\"color: #333333;\" href=\"http:\/\/lattes.cnpq.br\/8324811247665807\" target=\"_blank\" rel=\"noopener noreferrer\">Carolina Machado Alves<\/a>;<\/em><\/span><\/li>\n<li><span style=\"font-family: verdana, geneva, sans-serif; font-size: 12pt; color: #333333;\"><em><a style=\"color: #333333;\" href=\"http:\/\/lattes.cnpq.br\/8310672514660034\">Cl\u00e1udia Andriele da Costa Freitas<\/a>,\u00a0graduanda em Arquitetura e Urbanismo, bolsista volunt\u00e1ria de 2016-2018;<\/em><\/span><\/li>\n<li><span style=\"font-family: verdana, geneva, sans-serif; font-size: 12pt; color: #333333;\"><em><a style=\"color: #333333;\" href=\"\/\/lattes.cnpq.br\/7158172139308069\" target=\"_blank\" rel=\"noopener noreferrer\">Cristiane dos Santos Nunes<\/a>;<\/em><\/span><\/li>\n<li><span style=\"font-family: verdana, geneva, sans-serif; font-size: 12pt; color: #333333;\"><em>Eduardo Peixoto de Oliveira;<\/em><\/span><\/li>\n<li><em><span style=\"font-family: verdana, geneva, sans-serif;\">Elisa Montagna,<\/span><\/em> <span style=\"font-family: verdana, geneva, sans-serif; font-size: 12pt; color: #333333;\"><em>graduanda em Arquitetura e Urbanismo, bolsista em 2022;<\/em><\/span><\/li>\n<li><span style=\"font-family: verdana, geneva, sans-serif; font-size: 12pt; color: #333333;\"><em>Fernanda Siebert;<\/em><\/span><\/li>\n<li><span style=\"font-family: verdana, geneva, sans-serif; font-size: 12pt; color: #333333;\"><em>Flavio Bombach;<\/em><\/span><\/li>\n<li><span style=\"font-family: verdana, geneva, sans-serif; font-size: 12pt; color: #333333;\"><em>Francielli Pinz, graduanda em Arquitetura e Urbanismo, bolsista de ensino, de 2014-2015;<\/em><\/span><\/li>\n<li><span style=\"font-family: verdana, geneva, sans-serif; font-size: 12pt; color: #333333;\"><em><a style=\"color: #333333;\" href=\"http:\/\/lattes.cnpq.br\/1845740978277319\">Gabriela Peronti<\/a>,\u00a0graduanda em Arquitetura e Urbanismo, bolsista volunt\u00e1ria de 2014-2016;<\/em><\/span><\/li>\n<li><span style=\"font-family: verdana, geneva, sans-serif; font-size: 12pt; color: #333333;\"><em>Gabriel Martins dos Santos, graduando em Arquitetura e Urbanismo, bolsista de inicia\u00e7\u00e3o cient\u00edfica, de 2016-2017;<\/em><\/span><\/li>\n<li><span style=\"font-family: verdana, geneva, sans-serif; font-size: 12pt; color: #333333;\"><em>Geovana Schneid, graduanda em Arquitetura e Urbanismo, bolsista de extens\u00e3o, de 2013-2015;<\/em><\/span><\/li>\n<li><span style=\"color: #333333; font-family: verdana, geneva, sans-serif; font-size: 12pt;\"><i>Giovana Let\u00edcia Nilen Ledesma,\u00a0<em>graduanda em Arquitetura e Urbanismo, bolsista de extens\u00e3o, de 2013-2015;<\/em><\/i><\/span><\/li>\n<li><span style=\"font-family: verdana, geneva, sans-serif; font-size: 12pt; color: #333333;\"><em>Hector Medina Gomes;<\/em><\/span><\/li>\n<li><span style=\"font-family: verdana, geneva, sans-serif; font-size: 12pt; color: #333333;\"><em>Heitor Fernando Almeida, graduando em Arquitetura e Urbanismo, bolsista de ensino, de 2014-2015;<br \/>\n<\/em><\/span><\/li>\n<li><em><span style=\"font-family: verdana, geneva, sans-serif;\"><a href=\"http:\/\/lattes.cnpq.br\/5460756249414407\">Jennifer Kerolin Silva de Moraes<\/a>, graduanda em Arquitetura e Urbanismo, bolsista de 2020 a 2022;<\/span><\/em><\/li>\n<li><span style=\"font-family: verdana, geneva, sans-serif; font-size: 12pt; color: #333333;\"><em>J\u00e9ssica Esteves;<\/em><\/span><\/li>\n<li><span style=\"font-family: verdana, geneva, sans-serif; font-size: 12pt; color: #333333;\"><em>J\u00e9ssica Helena Peixoto Castro;<\/em><\/span><\/li>\n<li><span style=\"font-family: verdana, geneva, sans-serif; font-size: 12pt; color: #333333;\"><em> Jo\u00e3o Henrique Meira Reichert, graduando em Engenharia da Computa\u00e7\u00e3o, bolsista de pesquisa da Fapergs, de 2014-2015;<\/em><\/span><\/li>\n<li><span style=\"font-family: verdana, geneva, sans-serif; font-size: 12pt; color: #333333;\"><em>Juncris Namaya Junior;<\/em><\/span><\/li>\n<li><span style=\"font-family: verdana, geneva, sans-serif; font-size: 12pt; color: #333333;\"><em>Laisy Reis Vizotto;<\/em><\/span><\/li>\n<li><span style=\"font-family: verdana, geneva, sans-serif; font-size: 12pt; color: #333333;\"><em>Larissa Madeira Pederzolli, graduanda em Arquitetura e Urbanismo, bolsista de inicia\u00e7\u00e3o cient\u00edfica, de 2014-2015;<\/em><\/span><\/li>\n<li><span style=\"font-family: verdana, geneva, sans-serif; font-size: 12pt; color: #333333;\"><em>Let\u00edcia Aguilera;<\/em><\/span><\/li>\n<li><span style=\"font-family: verdana, geneva, sans-serif; font-size: 12pt; color: #333333;\"><em>Let\u00edcia Farias Borges, graduanda em Arquitetura e Urbanismo, bolsista de gradua\u00e7\u00e3o, de 2014-2015;<\/em><\/span><\/li>\n<li><span style=\"font-family: verdana, geneva, sans-serif; font-size: 12pt; color: #333333;\"><em>Lilianni Chaves Nicoletti;<\/em><\/span><\/li>\n<li><span style=\"font-family: verdana, geneva, sans-serif; font-size: 12pt; color: #333333;\"><em><a style=\"color: #333333;\" href=\"http:\/\/lattes.cnpq.br\/5433787771123051\" target=\"_blank\" rel=\"noopener noreferrer\">Lisandro Luiz da Silva<\/a>;<\/em><\/span><\/li>\n<li><span style=\"font-family: verdana, geneva, sans-serif; font-size: 12pt; color: #333333;\"><em>Luciano de Azevedo Telesca Mota;<\/em><\/span><\/li>\n<li><span style=\"font-family: verdana, geneva, sans-serif; font-size: 12pt; color: #333333;\"><em>Mariana Reami Osmar\u00e9, graduanda em Arquitetura e Urbanismo, bolsista de gradua\u00e7\u00e3o, de 2014-2015;<\/em><\/span><\/li>\n<li><span style=\"font-family: verdana, geneva, sans-serif; font-size: 12pt; color: #333333;\"><em>Micheli Ferretti;<\/em><\/span><\/li>\n<li><span style=\"font-family: verdana, geneva, sans-serif; font-size: 12pt; color: #333333;\"><em>Nicole do Nascimento Pereira;<\/em><\/span><\/li>\n<li><span style=\"font-family: verdana, geneva, sans-serif; font-size: 12pt; color: #333333;\"><em>Pamela Quintana Xavier;<\/em><\/span><\/li>\n<li><span style=\"font-family: verdana, geneva, sans-serif; font-size: 12pt; color: #333333;\"><em>Paulo Emilio de Oliveira Marques;<\/em><\/span><\/li>\n<li><span style=\"font-family: verdana, geneva, sans-serif; font-size: 12pt; color: #333333;\"><em>Rafael Faleiro Schulze;<\/em><\/span><\/li>\n<li><span style=\"font-family: verdana, geneva, sans-serif;\"><em><a href=\"http:\/\/lattes.cnpq.br\/7990406338440151\">Ramile Leandro<\/a>, <\/em><\/span><span style=\"font-family: verdana, geneva, sans-serif; font-size: 12pt; color: #333333;\"><em><span style=\"font-family: verdana, geneva, sans-serif;\">gradu<\/span>anda em Arquitetura e Urbanismo, bolsista de 2019-2020;<\/em><\/span><\/li>\n<li><span style=\"font-family: verdana, geneva, sans-serif; font-size: 12pt; color: #333333;\"><em>R\u00e9gis do Amaral Maia;<\/em><\/span><\/li>\n<li><em><span style=\"font-family: verdana, geneva, sans-serif;\"><a href=\"http:\/\/lattes.cnpq.br\/5080972148377584\">Rithiele Gon\u00e7alves Ara\u00fajo<\/a>, <\/span><\/em><span style=\"font-family: verdana, geneva, sans-serif; font-size: 12pt; color: #333333;\"><em><span style=\"font-family: verdana, geneva, sans-serif;\">gr<\/span>aduanda em Arquitetura e Urbanismo, bolsista de 2021-2022;<\/em><\/span><\/li>\n<li><span style=\"font-family: verdana, geneva, sans-serif; font-size: 12pt; color: #333333;\"><em>Rute Ricken de Medeiros;<\/em><\/span><\/li>\n<li><span style=\"font-family: verdana, geneva, sans-serif; font-size: 12pt; color: #333333;\"><em>Silvia Vargas Vasconcelos de Escobar;<\/em><\/span><\/li>\n<li><em><span style=\"font-family: verdana, geneva, sans-serif;\"><span style=\"background-color: #ffffff; color: #000000;\"><a style=\"background-color: #ffffff; color: #000000;\" href=\"http:\/\/lattes.cnpq.br\/6109679960431944\" target=\"_blank\" rel=\"noopener noreferrer\"><span style=\"color: #333333;\">Stefani Curth Goulart<\/span><\/a><\/span><span style=\"color: #333333;\">, graduanda em Arquitetura e Urbanismo, bolsista volunt\u00e1ria em 2017 e bolsista de inicia\u00e7\u00e3o cient\u00edfica em 2018;<\/span><\/span><\/em><\/li>\n<li><span style=\"font-family: verdana, geneva, sans-serif; font-size: 12pt; color: #333333;\"><em>Vanessa Cardoso;<\/em><\/span><\/li>\n<li><span style=\"font-family: verdana, geneva, sans-serif; font-size: 12pt; color: #333333;\"><em>Victor Hugo Barros;<\/em><\/span><\/li>\n<li><span style=\"font-family: verdana, geneva, sans-serif; font-size: 12pt; color: #333333;\"><em><a style=\"color: #333333;\" href=\"http:\/\/lattes.cnpq.br\/9472657316217507\">Wagner Franco de Oliveira J\u00fanior<\/a>,\u00a0graduando em Arquitetura e Urbanismo, bolsista volunt\u00e1rio de 2015-2016.<\/em><\/span><\/li>\n<\/ul>\n<p><span style=\"font-family: verdana, geneva, sans-serif; font-size: 12pt; color: #333333;\">Lista parcial, desde 2010.<\/span><\/p>\n<h5><span style=\"font-family: verdana, geneva, sans-serif; font-size: 12pt; color: #333333;\">Ex-Colaboradores<\/span><\/h5>\n<ul>\n<li><span style=\"font-family: verdana, geneva, sans-serif; color: #333333;\">Ana Cristina Rodrigues da Silva;<\/span><\/li>\n<li><span style=\"font-family: verdana, geneva, sans-serif; color: #333333;\">Edemar Dias Xavier Junior;<\/span><\/li>\n<li><span style=\"font-family: verdana, geneva, sans-serif; color: #333333;\">Gustavo Alcantara Brod;<\/span><\/li>\n<li><span style=\"font-family: verdana, geneva, sans-serif; color: #333333;\">Olga Maria Almeida da Silva;<\/span><\/li>\n<li><span style=\"font-family: verdana, geneva, sans-serif; color: #333333;\">Renata Azevedo Requi\u00e3o;<\/span><\/li>\n<li><span style=\"font-family: verdana, geneva, sans-serif; color: #333333;\">Thales Serra Negra Teodoro;<\/span><\/li>\n<li><span style=\"font-family: verdana, geneva, sans-serif; color: #333333;\">Vanessa da Silva Cardoso.<\/span><\/li>\n<\/ul>\n<h5><span style=\"font-family: verdana, geneva, sans-serif; font-size: 12pt; color: #333333;\">Ex-Mestrandos<\/span><\/h5>\n<ul>\n<li><span style=\"color: #333333; font-family: verdana, geneva, sans-serif; font-size: 12pt;\"><em>\u00a0Cristiane dos Santos Nunes, Mestranda em Arquitetura e Urbanismo, Arquiteta e Urbanista, em 2016;<\/em><\/span><\/li>\n<li><span style=\"color: #333333; font-family: verdana, geneva, sans-serif; font-size: 12pt;\"><em>\u00a0Ju\u00e7ara Silva, Mestranda em Arquitetura e Urbanismo, em 2016;<\/em><\/span><\/li>\n<li><span style=\"color: #333333; font-family: verdana, geneva, sans-serif; font-size: 12pt;\"><em>Tatiane Nogueira, Mestranda em Arquitetura e Urbanismo, Arquiteta e Urbanista, em 2016. <\/em><\/span><\/li>\n<\/ul>\n<h5><span style=\"font-family: verdana, geneva, sans-serif; font-size: 12pt; color: #333333;\">Ex Funcion\u00e1ria do grupo<\/span><\/h5>\n<ul>\n<li><span style=\"font-family: verdana, geneva, sans-serif; font-size: 12pt; color: #333333;\"><em><a class=\"lattes\" style=\"color: #333333;\" href=\"http:\/\/lattes.cnpq.br\/1837005544785546\" target=\"_blank\" rel=\"noopener noreferrer\">Catharina Beatriz dos Santos Motta<\/a><\/em><\/span><br \/>\n<span style=\"font-family: verdana, geneva, sans-serif; font-size: 12pt; color: #333333;\"><i>Licenciada em Educa\u00e7\u00e3o Art\u00edstica, Especialista em Express\u00e3o Gr\u00e1fica, T\u00e9cnica Administrativa da UFPel, se aposentou em janeiro de 2019<\/i><\/span><\/li>\n<\/ul>\n<\/div>\n","protected":false},"excerpt":{"rendered":"<p>Ex-bolsistas\u00a0 Aline Tessmer; Ana Paula Cl\u00e1udio de freitas; Anelize Souza Teixeira, graduanda em Arquitetura e Urbanismo, bolsista de 2021 at\u00e9 2022. Amanda Rosa de Carvalho; Andressa Pons; Bibiana Rodrigues Cavalcanti; Caio Silveira Sica; Carlos Edy Yano; Carolina Machado Alves; Cl\u00e1udia Andriele da Costa Freitas,\u00a0graduanda em Arquitetura e Urbanismo, bolsista volunt\u00e1ria de 2016-2018; Cristiane dos Santos [&hellip;]<\/p>\n","protected":false},"author":263,"featured_media":0,"parent":0,"menu_order":0,"comment_status":"closed","ping_status":"closed","template":"","meta":{"footnotes":""},"class_list":["post-727","page","type-page","status-publish","hentry"],"jetpack_sharing_enabled":true,"_links":{"self":[{"href":"https:\/\/wp.ufpel.edu.br\/gegradi\/wp-json\/wp\/v2\/pages\/727","targetHints":{"allow":["GET"]}}],"collection":[{"href":"https:\/\/wp.ufpel.edu.br\/gegradi\/wp-json\/wp\/v2\/pages"}],"about":[{"href":"https:\/\/wp.ufpel.edu.br\/gegradi\/wp-json\/wp\/v2\/types\/page"}],"author":[{"embeddable":true,"href":"https:\/\/wp.ufpel.edu.br\/gegradi\/wp-json\/wp\/v2\/users\/263"}],"replies":[{"embeddable":true,"href":"https:\/\/wp.ufpel.edu.br\/gegradi\/wp-json\/wp\/v2\/comments?post=727"}],"version-history":[{"count":68,"href":"https:\/\/wp.ufpel.edu.br\/gegradi\/wp-json\/wp\/v2\/pages\/727\/revisions"}],"predecessor-version":[{"id":4213,"href":"https:\/\/wp.ufpel.edu.br\/gegradi\/wp-json\/wp\/v2\/pages\/727\/revisions\/4213"}],"wp:attachment":[{"href":"https:\/\/wp.ufpel.edu.br\/gegradi\/wp-json\/wp\/v2\/media?parent=727"}],"curies":[{"name":"wp","href":"https:\/\/api.w.org\/{rel}","templated":true}]}}