{"id":490,"date":"2013-08-21T10:29:20","date_gmt":"2013-08-21T13:29:20","guid":{"rendered":"https:\/\/wp.ufpel.edu.br\/gegradi\/?page_id=490"},"modified":"2023-06-16T17:11:17","modified_gmt":"2023-06-16T20:11:17","slug":"inicio","status":"publish","type":"page","link":"https:\/\/wp.ufpel.edu.br\/gegradi\/inicio\/","title":{"rendered":"GEGRADI"},"content":{"rendered":"<p style=\"text-align: center;\"><span style=\"color: #333333;\"><strong>Grupo de Estudos de Ensino \/ Aprendizagem de Representa\u00e7\u00e3o Gr\u00e1fica e Digital<\/strong><\/span><\/p>\n<p style=\"text-align: center;\"><span style=\"font-size: 12pt; color: #333333;\"><strong>E-mail : \u00a0\u00a0Gegradi@gmail.com\u00a0<\/strong><\/span><\/p>\n<p style=\"text-align: center;\"><span style=\"color: #333333;\"><strong><a style=\"color: #333333;\" href=\"https:\/\/instagram.com\/gegradi\" target=\"_blank\" rel=\"noopener\">Instagram: @Gegradi\u00a0\u00a0<\/a><\/strong><\/span><\/p>\n<p style=\"text-align: center;\"><span style=\"color: #333333;\"><strong><a style=\"color: #333333;\" href=\"https:\/\/www.facebook.com\/gregradi.ufpel\" target=\"_blank\" rel=\"noopener\">Facebook: GEGRADI.UFPEL\u00a0\u00a0<\/a><\/strong><\/span><\/p>\n<p style=\"text-align: center;\"><span style=\"color: #333333;\"><strong><a style=\"color: #333333;\" href=\"https:\/\/www.linkedin.com\/groups\/14005280\/\" target=\"_blank\" rel=\"noopener\">LindekIn: Gegradi<\/a><\/strong><\/span><\/p>\n","protected":false},"excerpt":{"rendered":"<p>Grupo de Estudos de Ensino \/ Aprendizagem de Representa\u00e7\u00e3o Gr\u00e1fica e Digital E-mail : \u00a0\u00a0Gegradi@gmail.com\u00a0 Instagram: @Gegradi\u00a0\u00a0 Facebook: GEGRADI.UFPEL\u00a0\u00a0 LindekIn: Gegradi<\/p>\n","protected":false},"author":263,"featured_media":0,"parent":0,"menu_order":2,"comment_status":"closed","ping_status":"closed","template":"","meta":{"footnotes":""},"class_list":["post-490","page","type-page","status-publish","hentry"],"jetpack_sharing_enabled":true,"_links":{"self":[{"href":"https:\/\/wp.ufpel.edu.br\/gegradi\/wp-json\/wp\/v2\/pages\/490","targetHints":{"allow":["GET"]}}],"collection":[{"href":"https:\/\/wp.ufpel.edu.br\/gegradi\/wp-json\/wp\/v2\/pages"}],"about":[{"href":"https:\/\/wp.ufpel.edu.br\/gegradi\/wp-json\/wp\/v2\/types\/page"}],"author":[{"embeddable":true,"href":"https:\/\/wp.ufpel.edu.br\/gegradi\/wp-json\/wp\/v2\/users\/263"}],"replies":[{"embeddable":true,"href":"https:\/\/wp.ufpel.edu.br\/gegradi\/wp-json\/wp\/v2\/comments?post=490"}],"version-history":[{"count":50,"href":"https:\/\/wp.ufpel.edu.br\/gegradi\/wp-json\/wp\/v2\/pages\/490\/revisions"}],"predecessor-version":[{"id":4240,"href":"https:\/\/wp.ufpel.edu.br\/gegradi\/wp-json\/wp\/v2\/pages\/490\/revisions\/4240"}],"wp:attachment":[{"href":"https:\/\/wp.ufpel.edu.br\/gegradi\/wp-json\/wp\/v2\/media?parent=490"}],"curies":[{"name":"wp","href":"https:\/\/api.w.org\/{rel}","templated":true}]}}