{"id":3123,"date":"2021-06-07T14:42:47","date_gmt":"2021-06-07T17:42:47","guid":{"rendered":"https:\/\/wp.ufpel.edu.br\/gegradi\/?page_id=3123"},"modified":"2021-07-18T13:34:34","modified_gmt":"2021-07-18T16:34:34","slug":"sociotic","status":"publish","type":"page","link":"https:\/\/wp.ufpel.edu.br\/gegradi\/sociotic\/","title":{"rendered":"Sociotic"},"content":{"rendered":"<p><img class=\"alignleft wp-image-3163 size-full\" src=\"https:\/\/wp.ufpel.edu.br\/gegradi\/files\/2021\/06\/Imagem-sociotic_color-.png\" alt=\"\" width=\"984\" height=\"320\" srcset=\"https:\/\/wp.ufpel.edu.br\/gegradi\/files\/2021\/06\/Imagem-sociotic_color-.png 984w, https:\/\/wp.ufpel.edu.br\/gegradi\/files\/2021\/06\/Imagem-sociotic_color--400x130.png 400w, https:\/\/wp.ufpel.edu.br\/gegradi\/files\/2021\/06\/Imagem-sociotic_color--768x250.png 768w\" sizes=\"(max-width: 984px) 100vw, 984px\" \/><\/p>\n<p>&nbsp;<\/p>\n<div id=\"lista-integrantes-formatada\">\n<p style=\"text-align: justify\">O projeto Morar.TS envolve um grupo de oito universidades brasileiras, buscando o desenvolvimento de Tecnologias Sociais (TS) para constru\u00e7\u00e3o, recupera\u00e7\u00e3o, manuten\u00e7\u00e3o e uso sustent\u00e1vel de moradias, especialmente de interesse social, bem como para a solu\u00e7\u00e3o de problemas em \u00e1reas de risco ambiental (Chamada P\u00fablica MCT\/MCIDADES\/FINEP\/AT &#8211; SANEAMENTO AMBIENTAL E HABITA\u00c7\u00c3O &#8211; 06\/2010 ).<br \/>\nAcesse o projeto <em><a href=\"http:\/\/www.mom.arq.ufmg.br\/mom\/27_finep\/index.php\" target=\"_blank\" rel=\"noopener\">REDE MORAR_TS.<\/a><br \/>\n<\/em>Acesse o <a href=\"https:\/\/wp.ufpel.edu.br\/naurb\/pesquisa-e-extensao\/\" target=\"_blank\" rel=\"noopener\"><em>NAURB.<\/em><\/a><\/p>\n<ul>\n<li><span class=\"collapseomatic noarrow\" id=\"id69e1b740cac67\"  tabindex=\"0\" title=\"&lt;strong&gt;Descri\u00e7\u00e3o&lt;\/strong&gt;\"    ><strong>Descri\u00e7\u00e3o<\/strong><\/span><div id=\"target-id69e1b740cac67\" class=\"collapseomatic_content \">\nTrata-se de uma rede de pesquisa, apoiada pela Financiadora de Estudos e Projetos (FINEP), da qual participam oito equipes de diferentes institui\u00e7\u00f5es (UFRGS, UFAL, USP, UFCG, UFRJ, FIOCRUZ, UFPel, UFMG), cujo objetivo \u00e9 o desenvolvimento de tecnologias sociais para recupera\u00e7\u00e3o, constru\u00e7\u00e3o, manuten\u00e7\u00e3o e uso sustent\u00e1vel de moradias, especialmente em habita\u00e7\u00f5es de interesse social, e para a redu\u00e7\u00e3o de riscos ambientais.<br \/>\n<\/div><\/li>\n<li><span class=\"collapseomatic noarrow\" id=\"id69e1b740cad53\"  tabindex=\"0\" title=\"&lt;strong&gt;Subprojetos&lt;\/strong&gt;\"    ><strong>Subprojetos<\/strong><\/span><div id=\"target-id69e1b740cad53\" class=\"collapseomatic_content \">\nA UFPel participa de todos os subprojetos da rede, os quais s\u00e3o:<br \/>\nSUB 1 \u2013 gest\u00e3o da rede;<br \/>\nSUB 2 \u2013 proposi\u00e7\u00e3o para uma abordagem de TS nas pol\u00edticas p\u00fablicas de HIS;<br \/>\nSUB 3 \u2013 desenvolvimento de diretrizes de projeto para produ\u00e7\u00e3o da moradia com incorpora\u00e7\u00e3o de TS; e<br \/>\nSUB 4 \u2013 desenvolvimento de estrat\u00e9gias para uso, manuten\u00e7\u00e3o e recupera\u00e7\u00e3o de moradias com incorpora\u00e7\u00e3o de TS.<br \/>\n<\/div><\/li>\n<li><span class=\"collapseomatic noarrow\" id=\"id69e1b740cada5\"  tabindex=\"0\" title=\"&lt;strong&gt;SOCIOTICs&lt;\/strong&gt;\"    ><strong>SOCIOTICs<\/strong><\/span><div id=\"target-id69e1b740cada5\" class=\"collapseomatic_content \">\nSOCIOTICs: Tecnologia de Informa\u00e7\u00e3o e Comunica\u00e7\u00e3o no apoio de Tecnologias Sociais<br \/>\nIntegram a equipe pesquisadores dos Grupos NAURB, GEGRADI e GECON, todos da FAURB\/UFPel<br \/>\n<strong>Integrantes:<\/strong><br \/>\nLuiz Carlos Pinto da Silva Filho\/UFRGS (coordenador geral da Rede);<br \/>\nNirce Saffer Medvedovski \u2013 Coordenadora da Equipe UFPel. NAURB.\u00a0 <\/div><\/li>\n<\/ul>\n<\/div>\n","protected":false},"excerpt":{"rendered":"<p>&nbsp; O projeto Morar.TS envolve um grupo de oito universidades brasileiras, buscando o desenvolvimento de Tecnologias Sociais (TS) para constru\u00e7\u00e3o, recupera\u00e7\u00e3o, manuten\u00e7\u00e3o e uso sustent\u00e1vel de moradias, especialmente de interesse social, bem como para a solu\u00e7\u00e3o de problemas em \u00e1reas de risco ambiental (Chamada P\u00fablica MCT\/MCIDADES\/FINEP\/AT &#8211; SANEAMENTO AMBIENTAL E HABITA\u00c7\u00c3O &#8211; 06\/2010 ). Acesse [&hellip;]<\/p>\n","protected":false},"author":263,"featured_media":0,"parent":0,"menu_order":0,"comment_status":"closed","ping_status":"closed","template":"","meta":{"footnotes":""},"class_list":["post-3123","page","type-page","status-publish","hentry"],"jetpack_sharing_enabled":true,"_links":{"self":[{"href":"https:\/\/wp.ufpel.edu.br\/gegradi\/wp-json\/wp\/v2\/pages\/3123","targetHints":{"allow":["GET"]}}],"collection":[{"href":"https:\/\/wp.ufpel.edu.br\/gegradi\/wp-json\/wp\/v2\/pages"}],"about":[{"href":"https:\/\/wp.ufpel.edu.br\/gegradi\/wp-json\/wp\/v2\/types\/page"}],"author":[{"embeddable":true,"href":"https:\/\/wp.ufpel.edu.br\/gegradi\/wp-json\/wp\/v2\/users\/263"}],"replies":[{"embeddable":true,"href":"https:\/\/wp.ufpel.edu.br\/gegradi\/wp-json\/wp\/v2\/comments?post=3123"}],"version-history":[{"count":38,"href":"https:\/\/wp.ufpel.edu.br\/gegradi\/wp-json\/wp\/v2\/pages\/3123\/revisions"}],"predecessor-version":[{"id":3394,"href":"https:\/\/wp.ufpel.edu.br\/gegradi\/wp-json\/wp\/v2\/pages\/3123\/revisions\/3394"}],"wp:attachment":[{"href":"https:\/\/wp.ufpel.edu.br\/gegradi\/wp-json\/wp\/v2\/media?parent=3123"}],"curies":[{"name":"wp","href":"https:\/\/api.w.org\/{rel}","templated":true}]}}