{"id":11,"date":"2013-05-21T11:55:38","date_gmt":"2013-05-21T14:55:38","guid":{"rendered":"https:\/\/wp.ufpel.edu.br\/gegradi\/?page_id=11"},"modified":"2025-01-29T08:32:53","modified_gmt":"2025-01-29T11:32:53","slug":"especializacao","status":"publish","type":"page","link":"https:\/\/wp.ufpel.edu.br\/gegradi\/especializacao\/","title":{"rendered":"Curso de Especializa\u00e7\u00e3o em Gr\u00e1fica Digital"},"content":{"rendered":"<p style=\"text-align: justify;\"><span style=\"font-family: verdana, geneva, sans-serif; font-size: 10pt;\">O Curso de Especializa\u00e7\u00e3o em Gr\u00e1fica Digital, oferecido pela Universidade Federal de Pelotas, tem a proposta de promover o estudo, a apropria\u00e7\u00e3o e a aplica\u00e7\u00e3o das tecnologias de representa\u00e7\u00e3o gr\u00e1fica digitais nas diferentes \u00e1reas do conhecimento. \u00c9 oferecido anualmente, desde 1999, e ao longo de suas edi\u00e7\u00f5es tem incrementado a forma\u00e7\u00e3o de profissionais liberais, em especial arquitetos, artistas e designers, contribuindo, principalmente, para a forma\u00e7\u00e3o docente na \u00e1rea de representa\u00e7\u00e3o gr\u00e1fica e digital.<\/span><\/p>\n<p style=\"text-align: justify;\"><span style=\"font-family: verdana, geneva, sans-serif; font-size: 10pt;\">Curso reformulado\u00a0em 2002 a partir do curso de &#8220;Especializa\u00e7\u00e3o em Desenho: dos tra\u00e7ados convencionais \u00e0 computa\u00e7\u00e3o gr\u00e1fica&#8221;, que estava sendo editado desde 1999 pelo Departamento de Desenho T\u00e9cnico e Gr\u00e1fica Computacional. O ingresso de novas turmas \u00e9 anual.<\/span><\/p>\n<p style=\"text-align: justify;\"><span style=\"font-family: verdana, geneva, sans-serif; font-size: 10pt;\">O curso destina-se aos graduados que buscam avan\u00e7ar no reconhecimento das tecnologias inform\u00e1ticas e digitais para a representa\u00e7\u00e3o gr\u00e1fica da forma e da apar\u00eancia de objetos concretos ou idealizados. A proposta \u00e9 aberta aos profissionais oriundos das diversas \u00e1reas de forma\u00e7\u00e3o, tendo em vista as possibilidades que a Gr\u00e1fica Digital vem demonstrando em potencializar processos de comunica\u00e7\u00e3o e compreens\u00e3o de todo o tipo de informa\u00e7\u00e3o.<\/span><\/p>\n<p style=\"text-align: justify;\"><span style=\"font-family: verdana, geneva, sans-serif; font-size: 10pt;\">As atividades do curso s\u00e3o norteadas por projetos de pesquisa, ensino e extens\u00e3o. Particularmente o Projeto Modela Pelotas, que est\u00e1 em sua terceira edi\u00e7\u00e3o, incentiva a ado\u00e7\u00e3o de elementos da arquitetura da cidade de Pelotas, especialmente aquela de valor hist\u00f3rico e patrimonial reconhecido, como refer\u00eancia para a gera\u00e7\u00e3o de modelos digitais tridimensionais, possibilitando a conex\u00e3o com outras \u00e1reas como a Hist\u00f3ria e o Turismo. Projetos de produ\u00e7\u00e3o de materiais did\u00e1ticos em formato digital t\u00eam promovido o reconhecimento da \u00e1rea para potencializar processos de ensino\/aprendizagem, especialmente para a modalidade a dist\u00e2ncia. Atrav\u00e9s destes projetos a produ\u00e7\u00e3o do Curso tem tido a cont\u00ednua oportunidade de ser discutida e visualizada em f\u00f3runs cient\u00edficos de proje\u00e7\u00e3o nacional e internacional.<\/span><\/p>\n<p><span style=\"font-family: verdana, geneva, sans-serif; font-size: 10pt;\">A comunidade do curso est\u00e1 aberta para contribui\u00e7\u00f5es, participe!<\/span><\/p>\n<p><span style=\"background-color: #ffffff; font-family: verdana, geneva, sans-serif; font-size: 10pt;\"><strong><a style=\"background-color: #ffffff;\" href=\"https:\/\/wp.ufpel.edu.br\/posgd\/\">Acesse a P\u00e1gina do Curso: Especializa\u00e7\u00e3o em Gr\u00e1fica Digital<\/a><\/strong><\/span><\/p>\n<p><strong><span style=\"font-family: verdana, geneva, sans-serif; font-size: 10pt;\">Coordenadora: Dra. T\u00e1ssia Borges de Vasconselos<\/span><br \/>\n<\/strong><\/p>\n<p>&nbsp;<\/p>\n","protected":false},"excerpt":{"rendered":"<p>O Curso de Especializa\u00e7\u00e3o em Gr\u00e1fica Digital, oferecido pela Universidade Federal de Pelotas, tem a proposta de promover o estudo, a apropria\u00e7\u00e3o e a aplica\u00e7\u00e3o das tecnologias de representa\u00e7\u00e3o gr\u00e1fica digitais nas diferentes \u00e1reas do conhecimento. \u00c9 oferecido anualmente, desde 1999, e ao longo de suas edi\u00e7\u00f5es tem incrementado a forma\u00e7\u00e3o de profissionais liberais, em [&hellip;]<\/p>\n","protected":false},"author":263,"featured_media":0,"parent":0,"menu_order":3,"comment_status":"closed","ping_status":"closed","template":"","meta":{"footnotes":""},"class_list":["post-11","page","type-page","status-publish","hentry"],"jetpack_sharing_enabled":true,"_links":{"self":[{"href":"https:\/\/wp.ufpel.edu.br\/gegradi\/wp-json\/wp\/v2\/pages\/11","targetHints":{"allow":["GET"]}}],"collection":[{"href":"https:\/\/wp.ufpel.edu.br\/gegradi\/wp-json\/wp\/v2\/pages"}],"about":[{"href":"https:\/\/wp.ufpel.edu.br\/gegradi\/wp-json\/wp\/v2\/types\/page"}],"author":[{"embeddable":true,"href":"https:\/\/wp.ufpel.edu.br\/gegradi\/wp-json\/wp\/v2\/users\/263"}],"replies":[{"embeddable":true,"href":"https:\/\/wp.ufpel.edu.br\/gegradi\/wp-json\/wp\/v2\/comments?post=11"}],"version-history":[{"count":52,"href":"https:\/\/wp.ufpel.edu.br\/gegradi\/wp-json\/wp\/v2\/pages\/11\/revisions"}],"predecessor-version":[{"id":4582,"href":"https:\/\/wp.ufpel.edu.br\/gegradi\/wp-json\/wp\/v2\/pages\/11\/revisions\/4582"}],"wp:attachment":[{"href":"https:\/\/wp.ufpel.edu.br\/gegradi\/wp-json\/wp\/v2\/media?parent=11"}],"curies":[{"name":"wp","href":"https:\/\/api.w.org\/{rel}","templated":true}]}}