{"id":52,"date":"2020-02-28T21:40:52","date_gmt":"2020-02-29T00:40:52","guid":{"rendered":"https:\/\/wp.ufpel.edu.br\/geemai\/?page_id=52"},"modified":"2020-02-28T22:32:37","modified_gmt":"2020-02-29T01:32:37","slug":"i-alfamatsul","status":"publish","type":"page","link":"https:\/\/wp.ufpel.edu.br\/geemai\/alfamatsul\/i-alfamatsul\/","title":{"rendered":"I ALFAMATSUL &#8211; 2019 &#8211; FURG"},"content":{"rendered":"<h2><img loading=\"lazy\" decoding=\"async\" class=\"alignnone size-medium wp-image-60\" src=\"https:\/\/wp.ufpel.edu.br\/geemai\/files\/2020\/02\/cartaz-400x208.jpg\" alt=\"\" width=\"400\" height=\"208\" srcset=\"https:\/\/wp.ufpel.edu.br\/geemai\/files\/2020\/02\/cartaz-400x208.jpg 400w, https:\/\/wp.ufpel.edu.br\/geemai\/files\/2020\/02\/cartaz.jpg 702w\" sizes=\"auto, (max-width: 400px) 100vw, 400px\" \/><\/h2>\n<h2>I Encontro de Alfabetiza\u00e7\u00e3o Matem\u00e1tica do extremo sul ga\u00facho (<a href=\"https:\/\/wp.ufpel.edu.br\/geemai\/files\/2020\/02\/Final-Alfamat-2020-1.pdf\">ANAIS DO EVENTO<\/a>)<\/h2>\n<div class=\"ds_evento\">\n<p>8 e 9 de novembro de 2019<br \/>\nCidade do Rio Grande &#8211; Rio Grande do Sul<\/p>\n<p>Institui\u00e7\u00f5es parceiras<br \/>\nUniversidade Federal do Rio Grande &#8211; FURG<br \/>\nUniversidade Federal de Pelotas &#8211; UFPel<br \/>\nUniversidade Federal do Pampa &#8211; UNIPAMPA<br \/>\nInstituto Federal Sul-Rio-grandense &#8211; IFSUL<\/p>\n<p>Comit\u00ea Executivo<br \/>\nJo\u00e3o Alberto da Silva &#8211; FURG<br \/>\nAnt\u00f4nio Maur\u00edcio Medeiros Alves &#8211; UFPel<br \/>\nMarta Pozzobon &#8211; UNIPAMPA<br \/>\nVinicius Carvalho Beck &#8211; IFSul<\/p>\n<p>Formas de apresenta\u00e7\u00e3o dos trabalhos<\/p>\n<p>Os modos de apresenta\u00e7\u00e3o dos trabalhos inspiram-se na pr\u00e1tica que a FURG vem adotando j\u00e1 h\u00e1 algum tempo para a forma\u00e7\u00e3o de professores: as rodas de conversa. Essas rodas t\u00eam a inten\u00e7\u00e3o de uma forma\u00e7\u00e3o acad\u00eamico-profissional na composi\u00e7\u00e3o de uma comunidade aprendente. A escrita como pot\u00eancia de si e de melhora da pr\u00e1tica pedag\u00f3gica \u00e9 uma aposta. As rodas de conversa que propomos trazem a ideia das cirandas, as quais temos aprendido com a querida e estimada colega Professora Maria do Carmo Galiazzi . Ela e seus colaboradores nos ensinam que &#8220;a ciranda em nossa cultura funde diferentes linguagens e aciona inst\u00e2ncias racionais e sens\u00edveis de seus participantes, constituindo-se em uma manifesta\u00e7\u00e3o de congra\u00e7amento e alegria individual e coletiva que tem ra\u00edzes portuguesas [&#8230;] Na cultura brasileira, muito presente na brincadeira de crian\u00e7as, tem conte\u00fado socioafetivo e express\u00e3o simb\u00f3lica que favorecem o desenvolvimento f\u00edsico, emocional e intelectual dos participantes. \u00c9 uma dan\u00e7a democr\u00e1tica que n\u00e3o estabelece hierarquia. N\u00e3o tem solista&#8221; (GALIAZI, 2013, p. 158).<br \/>\nAssim, as cirandas giram e trazem um aspecto l\u00fadico e din\u00e2mico para a forma\u00e7\u00e3o. As rodas de conversa deste evento girar\u00e3o na medida em que os participantes ser\u00e3o organizados em grupos com seis participantes, aproximadamente, que, ainda, ser\u00e3o organizados em duplas. Com o fim dos prazos de submiss\u00e3o dos trabalhos, todos os participantes receber\u00e3o a informa\u00e7\u00e3o da sala que participar\u00e3o e de quem ser\u00e3o os seus colegas de ciranda. N\u00e3o \u00e9 preciso desidentificar os trabalhos. Pelo contr\u00e1rio, queremos nos conhecer. Todos poder\u00e3o e dever\u00e3o ler os trabalhos dos colegas, mas, em especial, as duplas dever\u00e3o ler o trabalho do colega e devolver antes do evento. A apresenta\u00e7\u00e3o deve se sustentar na oralidade do relato e na conta\u00e7\u00e3o da hist\u00f3ria. Sugerimos que n\u00e3o sejam usados recursos visuais muito complexos. A ideia \u00e9 que possamos falar e conversar com tranquilidade, de modo que a expectativa \u00e9 que cada trabalho seja discutido por meia hora em fala livre e espont\u00e2nea. H\u00e1 de se superar a timidez e praticar a escuta amorosa e acolhedora da exposi\u00e7\u00e3o do outro. H\u00e1 templates dispon\u00edveis para orientar a escrita.<\/p>\n<p>Datas importantes<\/p>\n<p>Envio dos trabalhos: at\u00e9 09 de setembro<br \/>\n1\u00aa rodada de leitura das duplas: entre 20 de setembro e 12 de outubro<br \/>\nCirandas: 8 e 9 de novembro<br \/>\nEnvio da vers\u00e3o final para publica\u00e7\u00e3o em anais: 30 de novembro<span style=\"color: #004000;font-family: Arial,Verdana,sans-serif\">s<\/span><\/p>\n<p><strong>Os <em>templates<\/em> para envio de trabalho est\u00e3o dispon\u00edveis para download a seguir:<\/strong><\/p>\n<p><a href=\"https:\/\/wp.ufpel.edu.br\/geemai\/files\/2020\/02\/Template-II-RP.doc\">Relato de Pesquisa<\/a><\/p>\n<p><a href=\"https:\/\/wp.ufpel.edu.br\/geemai\/files\/2020\/02\/Template-I-RE.doc\">Relato de Experi\u00eancia<\/a><\/p>\n<p>&nbsp;<\/p>\n<p><strong>Investimento<\/strong><br \/>\nProfessores que j\u00e1 participam do Programa de Alfabetiza\u00e7\u00e3o Matem\u00e1tica do GEEMAI: gratuito<br \/>\nAcad\u00eamicos de gradua\u00e7\u00e3o: R$ 30,00<br \/>\nProfessores da Educa\u00e7\u00e3o B\u00e1sica nas redes municipal e estadual: R$ 30,00<br \/>\nAcad\u00eamicos de p\u00f3s-gradua\u00e7\u00e3o: R$ 50,00<br \/>\nDemais participantes: R$ 70,00<\/p>\n<p><strong>Dados para realiza\u00e7\u00e3o do dep\u00f3sito IDENTIFICADO:<\/strong><br \/>\nBanco do Brasil<br \/>\nTha\u00eds Dalto\u00e9<br \/>\nAg\u00eancia: 0423-5<br \/>\nConta: 23.301-3<\/p>\n<p>Conta poupan\u00e7a<br \/>\nVaria\u00e7\u00e3o: 51<\/p>\n<p>Refer\u00eancias<\/p>\n<p>GALIAZZI, M. C.. Cirandar: rodas de investiga\u00e7\u00e3o desde a escola. 1. ed. S\u00e3o Leopoldo: Oikos, 2013.<\/p>\n<p>Mais informa\u00e7\u00f5es podem ser obtidas pelas redes sociais do evento:<br \/>\n@alfamatsul ou pelo email geemai.furg@gmail.com<\/p>\n<p>Site do evento: <a href=\"https:\/\/sinsc.furg.br\/detalheseventos\/1035\">https:\/\/sinsc.furg.br\/detalheseventos\/1035\u00a0<\/a><\/p>\n<p>&nbsp;<\/p>\n<\/div>\n","protected":false},"excerpt":{"rendered":"<p>I Encontro de Alfabetiza\u00e7\u00e3o Matem\u00e1tica do extremo sul ga\u00facho (ANAIS DO EVENTO) 8 e 9 de novembro de 2019 Cidade do Rio Grande &#8211; Rio Grande do Sul Institui\u00e7\u00f5es parceiras Universidade Federal do Rio Grande &#8211; FURG Universidade Federal de Pelotas &#8211; UFPel Universidade Federal do Pampa &#8211; UNIPAMPA Instituto Federal Sul-Rio-grandense &#8211; IFSUL Comit\u00ea &hellip; <\/p>\n<p><a class=\"more-link btn\" href=\"https:\/\/wp.ufpel.edu.br\/geemai\/alfamatsul\/i-alfamatsul\/\">Continue lendo<\/a><\/p>\n","protected":false},"author":481,"featured_media":0,"parent":50,"menu_order":0,"comment_status":"closed","ping_status":"closed","template":"","meta":{"footnotes":""},"class_list":["post-52","page","type-page","status-publish","hentry","nodate","item-wrap"],"_links":{"self":[{"href":"https:\/\/wp.ufpel.edu.br\/geemai\/wp-json\/wp\/v2\/pages\/52","targetHints":{"allow":["GET"]}}],"collection":[{"href":"https:\/\/wp.ufpel.edu.br\/geemai\/wp-json\/wp\/v2\/pages"}],"about":[{"href":"https:\/\/wp.ufpel.edu.br\/geemai\/wp-json\/wp\/v2\/types\/page"}],"author":[{"embeddable":true,"href":"https:\/\/wp.ufpel.edu.br\/geemai\/wp-json\/wp\/v2\/users\/481"}],"replies":[{"embeddable":true,"href":"https:\/\/wp.ufpel.edu.br\/geemai\/wp-json\/wp\/v2\/comments?post=52"}],"version-history":[{"count":6,"href":"https:\/\/wp.ufpel.edu.br\/geemai\/wp-json\/wp\/v2\/pages\/52\/revisions"}],"predecessor-version":[{"id":78,"href":"https:\/\/wp.ufpel.edu.br\/geemai\/wp-json\/wp\/v2\/pages\/52\/revisions\/78"}],"up":[{"embeddable":true,"href":"https:\/\/wp.ufpel.edu.br\/geemai\/wp-json\/wp\/v2\/pages\/50"}],"wp:attachment":[{"href":"https:\/\/wp.ufpel.edu.br\/geemai\/wp-json\/wp\/v2\/media?parent=52"}],"curies":[{"name":"wp","href":"https:\/\/api.w.org\/{rel}","templated":true}]}}